{"id":5525,"date":"2025-10-12T12:28:22","date_gmt":"2025-10-12T10:28:22","guid":{"rendered":"https:\/\/vitamin.coredesign.hu\/?product=bioco-c-vitamin-junior-citrom-izu-italpor-75-adag"},"modified":"2026-01-08T23:26:16","modified_gmt":"2026-01-08T22:26:16","slug":"bioco-c-vitamin-junior-citrom-izu-italpor-75-adag","status":"publish","type":"product","link":"https:\/\/vitamin.coredesign.hu\/?product=bioco-c-vitamin-junior-citrom-izu-italpor-75-adag","title":{"rendered":"BioCo C-vitamin Junior citrom \u00edz\u0171 italpor \u2013 75 adag"},"content":{"rendered":"<p>&nbsp;<\/p>\n<div id=\"lt-accessibility-devtools\" aria-hidden=\"true\"><\/div>\n<p>Kifejezetten gyermekek sz\u00e1m\u00e1ra k\u00e9sz\u00fclt, adagonk\u00e9nt 500 mg C-vitamint tartalmaz\u00f3 italpor, m\u00e1r 3 \u00e9ves kort\u00f3l adhat\u00f3. K\u00fcl\u00f6n\u00f6sen aj\u00e1nlott, ha a gyermek nehezen boldogul a hagyom\u00e1nyos tablett\u00e1kkal, r\u00e1g\u00f3tablett\u00e1kkal.<\/p>\n<h2>BioCo C-vitamin Junior italpor<\/h2>\n<p>A C-vitaminos italpor term\u00e9szetes citromarom\u00e1val k\u00e9sz\u00fclt, elkeverhet\u0151 langyos (nem forr\u00f3) te\u00e1ban, gy\u00fcm\u00f6lcsl\u00e9ben vagy melegebb id\u0151szakban sima v\u00edzben. Kisgyermekek sz\u00e1m\u00e1ra k\u00e9sz\u00fclt, akiknek gondot okozhat a hagyom\u00e1nyos tablett\u00e1k, kapszul\u00e1k lenyel\u00e9se, de azoknak a feln\u0151tteknek is ide\u00e1lis v\u00e1laszt\u00e1s, akik nyel\u00e9si neh\u00e9zs\u00e9ggel k\u00fcszk\u00f6dnek, p\u00e9ld\u00e1ul az id\u0151sebb koroszt\u00e1lynak.<\/p>\n<p>A C-vitamin folyamatos p\u00f3tl\u00e1sra fontos odafigyelni, mert az emberi szervezet nem k\u00e9pes el\u0151\u00e1ll\u00edtani. N\u00e9lk\u00fcl\u00f6zhetetlen t\u00f6bbek k\u00f6z\u00f6tt az immunrendszer \u00e9s az idegrendszer megfelel\u0151 m\u0171k\u00f6d\u00e9s\u00e9hez, a stressz, a kif\u00e1rad\u00e1s cs\u00f6kkent\u00e9s\u00e9hez, az erek v\u00e9delm\u00e9hez, valamint a vas felsz\u00edv\u00f3d\u00e1s\u00e1hoz. Antioxid\u00e1nsk\u00e9nt v\u00e9di a sejteket a k\u00e1rosod\u00e1st\u00f3l, n\u00f6veli a fert\u0151z\u00e9sekkel, betegs\u00e9gekkel szembeni ellen\u00e1ll\u00f3 k\u00e9pess\u00e9get.<\/p>\n<p>A BioCo k\u00e9sz\u00edtm\u00e9nye adagonk\u00e9nt 500 mg C-vitamint tartalmaz. Az italpor gyorsan old\u00f3d\u00f3, k\u00f6nnyen elk\u00e9sz\u00edthet\u0151. Mivel a C-vitamin \u00e9rz\u00e9keny a magas h\u0151m\u00e9rs\u00e9kletre, ez\u00e9rt forr\u00f3 folyad\u00e9kban nem szabad elkeverni.<\/p>\n<h3>Mikor aj\u00e1nlott a BioCo JUNIOR C-vitamin italpor 500 mg?<\/h3>\n<ul>\n<li>a napi sz\u00fcks\u00e9ges C-vitamin p\u00f3tl\u00e1s\u00e1ra 3 \u00e9v feletti gyerekeknek<\/li>\n<li>vitaminp\u00f3tl\u00e1shoz a nyel\u00e9si neh\u00e9zs\u00e9ggel k\u00fczd\u0151 feln\u0151tteknek<\/li>\n<li>fokozott C-vitamin-sz\u00fcks\u00e9glet eset\u00e9n<\/li>\n<li>az immunrendszer megfelel\u0151 m\u0171k\u00f6d\u00e9s\u00e9nek t\u00e1mogat\u00e1s\u00e1ra<\/li>\n<li>a fert\u0151z\u00e9sekkel, betegs\u00e9gekkel szembeni ellen\u00e1ll\u00f3 k\u00e9pess\u00e9g n\u00f6vel\u00e9s\u00e9re<\/li>\n<li>betegs\u00e9g eset\u00e9n a gy\u00f3gyul\u00e1si folyamatok felgyors\u00edt\u00e1s\u00e1ra<\/li>\n<li>a f\u00e1radts\u00e1g \u00e9s a kif\u00e1rad\u00e1s cs\u00f6kkent\u00e9s\u00e9re<\/li>\n<li>a sejtek oxidat\u00edv stresszel szembeni v\u00e9delm\u00e9re<\/li>\n<li>az idegrendszer kiegyens\u00falyozott m\u0171k\u00f6d\u00e9s\u00e9nek el\u0151seg\u00edt\u00e9s\u00e9re<\/li>\n<\/ul>\n<h3>Hat\u00f3anyagok 1 adag italporban (1,4 g):<\/h3>\n<ul>\n<li>C-vitamin 500 mg (625 NRV%*)<\/li>\n<\/ul>\n<p>*NRV%: Vitaminok \u00e9s \u00e1sv\u00e1nyi anyagok napi beviteli referencia\u00e9rt\u00e9ke %-ban (feln\u0151ttek eset\u00e9ben)<\/p>\n<h3>\u00d6sszetev\u0151k:<\/h3>\n<p>Maltodextrin; L-aszkorbinsav; \u00e9tkez\u00e9si sav (citromsav); citrom\u00edz\u0171 term\u00e9szetes aroma; \u00e9des\u00edt\u0151szer (szukral\u00f3z).<\/p>\n<h3>Felhaszn\u00e1l\u00e1si javaslat:<\/h3>\n<p>A BioCo JUNIOR C-vitamin k\u00e9sz\u00edtm\u00e9ny napi aj\u00e1nlott adagja 3 \u00e9v feletti gyerekeknek 1 adag italpor. 2 dl v\u00edzben, gy\u00fcm\u00f6lcsl\u00e9ben vagy te\u00e1ban kell feloldani. 1 adag italpor egy csapott adagol\u00f3kan\u00e1lnak felel meg, az adagol\u00f3kan\u00e1l nagyobbik, 2,5 ml jelz\u00e9s\u0171 v\u00e9g\u00e9vel m\u00e9rve.<\/p>\n","protected":false},"excerpt":{"rendered":"<p>Kifejezetten gyermekek sz\u00e1m\u00e1ra k\u00e9sz\u00fclt, adagonk\u00e9nt 500 mg C-vitamint tartalmaz\u00f3 italpor, m\u00e1r 3 \u00e9ves kort\u00f3l adhat\u00f3. K\u00fcl\u00f6n\u00f6sen aj\u00e1nlott, ha a gyermek nehezen boldogul a hagyom\u00e1nyos tablett\u00e1kkal, r\u00e1g\u00f3tablett\u00e1kkal.<\/p>\n","protected":false},"featured_media":5526,"comment_status":"closed","ping_status":"open","template":"","meta":[],"product_cat":[60],"product_tag":[],"class_list":{"0":"post-5525","1":"product","2":"type-product","3":"status-publish","4":"has-post-thumbnail","6":"product_brand-bioco","7":"product_cat-vitaminok","9":"first","10":"instock","11":"purchasable","12":"product-type-simple"},"_links":{"self":[{"href":"https:\/\/vitamin.coredesign.hu\/index.php?rest_route=\/wp\/v2\/product\/5525","targetHints":{"allow":["GET"]}}],"collection":[{"href":"https:\/\/vitamin.coredesign.hu\/index.php?rest_route=\/wp\/v2\/product"}],"about":[{"href":"https:\/\/vitamin.coredesign.hu\/index.php?rest_route=\/wp\/v2\/types\/product"}],"replies":[{"embeddable":true,"href":"https:\/\/vitamin.coredesign.hu\/index.php?rest_route=%2Fwp%2Fv2%2Fcomments&post=5525"}],"wp:featuredmedia":[{"embeddable":true,"href":"https:\/\/vitamin.coredesign.hu\/index.php?rest_route=\/wp\/v2\/media\/5526"}],"wp:attachment":[{"href":"https:\/\/vitamin.coredesign.hu\/index.php?rest_route=%2Fwp%2Fv2%2Fmedia&parent=5525"}],"wp:term":[{"taxonomy":"product_cat","embeddable":true,"href":"https:\/\/vitamin.coredesign.hu\/index.php?rest_route=%2Fwp%2Fv2%2Fproduct_cat&post=5525"},{"taxonomy":"product_tag","embeddable":true,"href":"https:\/\/vitamin.coredesign.hu\/index.php?rest_route=%2Fwp%2Fv2%2Fproduct_tag&post=5525"}],"curies":[{"name":"wp","href":"https:\/\/api.w.org\/{rel}","templated":true}]}}