{"id":5520,"date":"2025-10-12T12:28:22","date_gmt":"2025-10-12T10:28:22","guid":{"rendered":"https:\/\/vitamin.coredesign.hu\/?product=bioco-mega-b-b-vitamin-komplex-filmtabletta-60db"},"modified":"2026-01-08T23:26:14","modified_gmt":"2026-01-08T22:26:14","slug":"bioco-mega-b-b-vitamin-komplex-filmtabletta-60db","status":"publish","type":"product","link":"https:\/\/vitamin.coredesign.hu\/?product=bioco-mega-b-b-vitamin-komplex-filmtabletta-60db","title":{"rendered":"BioCo MEGA B B-vitamin Komplex filmtabletta \u2013 60db"},"content":{"rendered":"<p>&nbsp;<\/p>\n<div id=\"lt-accessibility-devtools\" aria-hidden=\"true\"><\/div>\n<p>A k\u00e9sz\u00edtm\u00e9ny magas d\u00f3zisban, komplex form\u00e1ban tartalmazza a l\u00e9tfontoss\u00e1g\u00fa B-vitaminokat, k\u00f6zt\u00fck a folsavat kiz\u00e1r\u00f3lag bioakt\u00edv fol\u00e1t form\u00e1ban. A tablett\u00e1k sz\u00ednez\u00e9kmentes nyel\u00e9sk\u00f6nny\u00edt\u0151 bevonattal vannak ell\u00e1tva.<\/p>\n<h2>BioCo MEGA B B-vitamin Komplex filmtabletta<\/h2>\n<p>A B-vitaminok felsz\u00edv\u00f3d\u00e1sa \u00e9s hat\u00e9konys\u00e1ga egy\u00fctt a legjobb, ez\u00e9rt \u00e9rdemes komplex form\u00e1ban, egyszerre p\u00f3tolni. Mivel a B-vitaminok v\u00edzben old\u00f3dnak \u00e9s nem rakt\u00e1roz\u00f3dnak a szervezetben, fontos odafigyelni a rendszeres vitaminbevitelre.<\/p>\n<p>A B-vitaminok kiemelt szerepet j\u00e1tszanak az idegrendszer megfelel\u0151 m\u0171k\u00f6d\u00e9s\u00e9ben, sz\u00fcks\u00e9g van r\u00e1juk az anyagcsere-folyamatokhoz, az energiatermel\u00e9shez, a norm\u00e1l em\u00e9szt\u00e9shez, a hormon\u00e1lis egyens\u00falyhoz, tov\u00e1bb\u00e1 a b\u0151r, a haj \u00e9s a k\u00f6rm\u00f6k eg\u00e9szs\u00e9g\u00e9nek \u00e1llapot\u00e1ra is befoly\u00e1ssal vannak. Hi\u00e1nyuk cs\u00f6kkenti a stresszt\u0171r\u0151 k\u00e9pess\u00e9get, f\u00e1rad\u00e9konys\u00e1got, gyomor- \u00e9s b\u00e9lrendszeri probl\u00e9m\u00e1kat, pszich\u00e9s zavarokat is okozhat.<\/p>\n<p>A BioCo B-vitamin k\u00e9sz\u00edtm\u00e9nye komplexen tartalmazza az \u00f6sszes l\u00e9tfontoss\u00e1g\u00fa B-vitamint, magas d\u00f3zisban, \u00edgy kiemelt hat\u00e9konys\u00e1g\u00fa. A folsav bioakt\u00edv fol\u00e1t form\u00e1ban tal\u00e1lhat\u00f3 meg benne. Glut\u00e9nmentes, lakt\u00f3zmentes, veg\u00e1n term\u00e9k.<\/p>\n<h3>Mikor aj\u00e1nlott a BioCo MEGA-B B-vitamin Komplex filmtabletta?<\/h3>\n<ul>\n<li>a napi sz\u00fcks\u00e9ges B-vitaminok p\u00f3tl\u00e1s\u00e1ra, fokozott vitaminsz\u00fcks\u00e9glet eset\u00e9n is<\/li>\n<li>a hormonrendszer, az idegrendszer \u00e9s az immunrendszer megfelel\u0151 m\u0171k\u00f6d\u00e9s\u00e9hez<\/li>\n<li>a stresszt\u0171r\u0151 k\u00e9pess\u00e9g n\u00f6vel\u00e9s\u00e9hez<\/li>\n<li>a mem\u00f3ria, a koncentr\u00e1ci\u00f3 jav\u00edt\u00e1s\u00e1hoz<\/li>\n<li>a kimer\u00fclts\u00e9g, a f\u00e1rad\u00e9konys\u00e1g cs\u00f6kkent\u00e9s\u00e9hez<\/li>\n<li>alv\u00e1sprobl\u00e9m\u00e1k megel\u0151z\u00e9s\u00e9hez \u00e9s kezel\u00e9s\u00e9hez<\/li>\n<li>gyomor- \u00e9s b\u00e9lrendszeri zavarok eset\u00e9n<\/li>\n<li>b\u0151rprobl\u00e9m\u00e1kn\u00e1l, fokozott hajhull\u00e1sn\u00e1l, t\u00f6r\u00e9keny k\u00f6rm\u00f6kn\u00e9l<\/li>\n<\/ul>\n<h3>Hat\u00f3anyagok 1 tablett\u00e1ban:<\/h3>\n<ul>\n<li>B1-vitamin (tiamin) 50 mg (4545 NRV%*)<\/li>\n<li>B2-vitamin (riboflavin) 40 mg (2857 NRV%*)<\/li>\n<li>B3-vitamin (niacin) 50 mg (313 NRV%*)<\/li>\n<li>B5-vitamin (pantot\u00e9nsav) 50 mg (833 NRV%*)<\/li>\n<li>B6-vitamin (piridoxin) 20 mg (1429 NRV%*)<\/li>\n<li>B12-vitamin (cianokobalamin) 50 \u03bcg (2000 NRV%*)<\/li>\n<li>Folsav (B9-vitamin) kalcium-L-metil-fol\u00e1tb\u00f3l 400 \u03bcg (200 NRV%*)<\/li>\n<li>Biotin (B7-vitamin) 50 \u03bcg (100 NRV%*)<\/li>\n<li>Kolin 50 mg<\/li>\n<\/ul>\n<p>*NRV%: Vitaminok \u00e9s \u00e1sv\u00e1nyi anyagok napi beviteli referencia\u00e9rt\u00e9ke %-ban (feln\u0151ttek eset\u00e9ben)<\/p>\n<h3>\u00d6sszetev\u0151k:<\/h3>\n<p>T\u00f6megn\u00f6vel\u0151 szer (mikrokrist\u00e1lyos cellul\u00f3z); kolin-bitartar\u00e1t; f\u00e9nyez\u0151anyagok (zs\u00edrsavak, polivinil- alkohol, polietil\u00e9nglikol); tiamin-mononitr\u00e1t; kalcium-D-pantoten\u00e1t; nikotinamid; riboflavin; piridoxin-hidroklorid; csom\u00f3sod\u00e1st g\u00e1tl\u00f3 (szil\u00edcium-dioxid); kalcium-L-metil-fol\u00e1t; cianokobalamin; D-biotin.<\/p>\n<h3>Felhaszn\u00e1l\u00e1si javaslat:<\/h3>\n<p>A BioCo MEGA-B B-vitamin Komplex k\u00e9sz\u00edtm\u00e9ny napi aj\u00e1nlott adagja 1 tabletta, b\u0151 folyad\u00e9kkal kell lenyelni.<\/p>\n","protected":false},"excerpt":{"rendered":"<p>A k\u00e9sz\u00edtm\u00e9ny magas d\u00f3zisban, komplex form\u00e1ban tartalmazza a l\u00e9tfontoss\u00e1g\u00fa B-vitaminokat, k\u00f6zt\u00fck a folsavat kiz\u00e1r\u00f3lag bioakt\u00edv fol\u00e1t form\u00e1ban. A tablett\u00e1k sz\u00ednez\u00e9kmentes nyel\u00e9sk\u00f6nny\u00edt\u0151 bevonattal vannak ell\u00e1tva.<\/p>\n","protected":false},"featured_media":5521,"comment_status":"closed","ping_status":"open","template":"","meta":[],"product_cat":[60],"product_tag":[],"class_list":{"0":"post-5520","1":"product","2":"type-product","3":"status-publish","4":"has-post-thumbnail","6":"product_brand-bioco","7":"product_cat-vitaminok","9":"first","10":"instock","11":"purchasable","12":"product-type-simple"},"_links":{"self":[{"href":"https:\/\/vitamin.coredesign.hu\/index.php?rest_route=\/wp\/v2\/product\/5520","targetHints":{"allow":["GET"]}}],"collection":[{"href":"https:\/\/vitamin.coredesign.hu\/index.php?rest_route=\/wp\/v2\/product"}],"about":[{"href":"https:\/\/vitamin.coredesign.hu\/index.php?rest_route=\/wp\/v2\/types\/product"}],"replies":[{"embeddable":true,"href":"https:\/\/vitamin.coredesign.hu\/index.php?rest_route=%2Fwp%2Fv2%2Fcomments&post=5520"}],"wp:featuredmedia":[{"embeddable":true,"href":"https:\/\/vitamin.coredesign.hu\/index.php?rest_route=\/wp\/v2\/media\/5521"}],"wp:attachment":[{"href":"https:\/\/vitamin.coredesign.hu\/index.php?rest_route=%2Fwp%2Fv2%2Fmedia&parent=5520"}],"wp:term":[{"taxonomy":"product_cat","embeddable":true,"href":"https:\/\/vitamin.coredesign.hu\/index.php?rest_route=%2Fwp%2Fv2%2Fproduct_cat&post=5520"},{"taxonomy":"product_tag","embeddable":true,"href":"https:\/\/vitamin.coredesign.hu\/index.php?rest_route=%2Fwp%2Fv2%2Fproduct_tag&post=5520"}],"curies":[{"name":"wp","href":"https:\/\/api.w.org\/{rel}","templated":true}]}}