{"id":5518,"date":"2025-10-12T12:28:22","date_gmt":"2025-10-12T10:28:22","guid":{"rendered":"https:\/\/vitamin.coredesign.hu\/?product=bioco-kapormag-kivonat-tabletta-krommal-60db"},"modified":"2026-01-08T23:26:12","modified_gmt":"2026-01-08T22:26:12","slug":"bioco-kapormag-kivonat-tabletta-krommal-60db","status":"publish","type":"product","link":"https:\/\/vitamin.coredesign.hu\/?product=bioco-kapormag-kivonat-tabletta-krommal-60db","title":{"rendered":"BioCo kapormag kivonat tabletta kr\u00f3mmal \u2013 60db"},"content":{"rendered":"<p>&nbsp;<\/p>\n<div id=\"lt-accessibility-devtools\" aria-hidden=\"true\"><\/div>\n<p>Kapormagkivonatot \u00e9s kr\u00f3mot tartalmaz\u00f3 k\u00e9sz\u00edtm\u00e9ny. K\u00fcl\u00f6n\u00f6sen aj\u00e1nlott cukorbetegs\u00e9g, inzulinrezisztencia eset\u00e9n, valamint em\u00e9szt\u00e9si probl\u00e9m\u00e1kra, fogy\u00f3k\u00far\u00e1n\u00e1l a t\u00fals\u00faly k\u00f6nnyebb lead\u00e1s\u00e1nak t\u00e1mogat\u00e1s\u00e1ra.<\/p>\n<h2>BioCo kapormag kivonat tabletta kr\u00f3mmal<\/h2>\n<p>A kapormagban l\u00e9v\u0151 n\u00f6v\u00e9nyi vegy\u00fcletek term\u00e9szetes \u00faton fokozz\u00e1k a hasny\u00e1lmirigy m\u0171k\u00f6d\u00e9s\u00e9t, j\u00f3t\u00e9kony hat\u00e1ssal b\u00edrnak az inzulintermel\u00e9sre, a v\u00e9rcukorszint optimaliz\u00e1l\u00e1s\u00e1ra. Kivezetik a lerak\u00f3dott salakanyagokat, m\u00e9reganyagokat, megsz\u00fcntetik a folyad\u00e9k-visszatart\u00e1st, serkentik az anyagcser\u00e9t. Ezzel a megfelel\u0151 em\u00e9szt\u00e9st \u00e9s a t\u00fals\u00faly lead\u00e1s\u00e1t is nagym\u00e9rt\u00e9kben el\u0151seg\u00edtik.<\/p>\n<p>A kr\u00f3m p\u00f3tl\u00e1sa kiemelten fontos a cukorbetegek, inzulinrezisztenci\u00e1sok sz\u00e1m\u00e1ra, mert jelent\u0151s szerepe van norm\u00e1l v\u00e9rcukorszint fenntart\u00e1s\u00e1ban. Hi\u00e1nya befoly\u00e1solja az anyagcser\u00e9t, az energiatermel\u00e9st; f\u00e1rad\u00e9konys\u00e1g, koncentr\u00e1l\u00e1si probl\u00e9m\u00e1k, illetve gyakori \u00e9hs\u00e9g\u00e9rzet jelentkezhet.<\/p>\n<p>A BioCo k\u00e9sz\u00edtm\u00e9ny\u00e9ben 1 tabletta kivonattartalma megfelel 3000 mg kapormag\u0151rlem\u00e9nynek. A tabletta nem tartalmaz mesters\u00e9ges sz\u00ednez\u00e9keket vagy \u00e1llati eredet\u0171 \u00f6sszetev\u0151ket, veg\u00e1nok is szedhetik.<\/p>\n<h3>Mikor aj\u00e1nlott a BioCo Kapormag kivonat kr\u00f3mmal?<\/h3>\n<ul>\n<li>magas vagy ingadoz\u00f3 v\u00e9rcukorszintn\u00e9l<\/li>\n<li>cukorbetegs\u00e9gn\u00e9l<\/li>\n<li>inzulinrezisztencia eset\u00e9n<\/li>\n<li>metabolikus szindr\u00f3m\u00e1n\u00e1l<\/li>\n<li>t\u00fals\u00falyn\u00e1l, neh\u00e9zkes fogy\u00e1sn\u00e1l<\/li>\n<li>gyakori \u00e9hs\u00e9g\u00e9rzetn\u00e9l<\/li>\n<li>em\u00e9szt\u00e9si probl\u00e9m\u00e1kn\u00e1l<\/li>\n<li>haspuffad\u00e1sra, felf\u00fav\u00f3d\u00e1sra, g\u00f6rcs\u00f6kre<\/li>\n<li>lass\u00fa anyagcser\u00e9re<\/li>\n<li>magas koleszterinszintre<\/li>\n<li>m\u00e9regtelen\u00edt\u00e9shez, l\u00fagos\u00edt\u00e1shoz<\/li>\n<\/ul>\n<h3>Hat\u00f3anyagok 1 tablett\u00e1ban:<\/h3>\n<ul>\n<li>Kr\u00f3m 120 \u03bcg (300 NRV%*)<\/li>\n<li>Kapormagkivonat 300 mg<\/li>\n<\/ul>\n<p>*NRV%: Vitaminok \u00e9s \u00e1sv\u00e1nyi anyagok napi beviteli referencia\u00e9rt\u00e9ke %-ban (feln\u0151ttek eset\u00e9ben)<\/p>\n<h3>\u00d6sszetev\u0151k:<\/h3>\n<p>Kapormagkivonat (300 mg\/tabletta); t\u00f6megn\u00f6vel\u0151 szer (mikrokrist\u00e1lyos cellul\u00f3z); maltodextrin; f\u00e9nyez\u0151anyag (zs\u00edrsavak); csom\u00f3sod\u00e1st g\u00e1tl\u00f3k (talkum, szil\u00edcium-dioxid); kr\u00f3m(III)-pikolin\u00e1t.<\/p>\n<h3>Felhaszn\u00e1l\u00e1si javaslat:<\/h3>\n<p>A BioCo Kapormag kivonat kr\u00f3mmal k\u00e9sz\u00edtm\u00e9ny napi aj\u00e1nlott adagja 1 tabletta, b\u0151 folyad\u00e9kkal kell lenyelni.<\/p>\n<p><strong>Figyelmeztet\u00e9s:<\/strong>\u00a0A term\u00e9k fogyaszt\u00e1sa terhes, szoptat\u00f3 vagy teherbe esni sz\u00e1nd\u00e9koz\u00f3 n\u0151knek nem aj\u00e1nlott.<\/p>\n","protected":false},"excerpt":{"rendered":"<p>Kapormagkivonatot \u00e9s kr\u00f3mot tartalmaz\u00f3 k\u00e9sz\u00edtm\u00e9ny. K\u00fcl\u00f6n\u00f6sen aj\u00e1nlott cukorbetegs\u00e9g, inzulinrezisztencia eset\u00e9n, valamint em\u00e9szt\u00e9si probl\u00e9m\u00e1kra, fogy\u00f3k\u00far\u00e1n\u00e1l a t\u00fals\u00faly k\u00f6nnyebb lead\u00e1s\u00e1nak t\u00e1mogat\u00e1s\u00e1ra.<\/p>\n","protected":false},"featured_media":5519,"comment_status":"closed","ping_status":"open","template":"","meta":[],"product_cat":[61],"product_tag":[],"class_list":{"0":"post-5518","1":"product","2":"type-product","3":"status-publish","4":"has-post-thumbnail","6":"product_brand-bioco","7":"product_cat-etrend-kiegeszitok","9":"first","10":"instock","11":"purchasable","12":"product-type-simple"},"_links":{"self":[{"href":"https:\/\/vitamin.coredesign.hu\/index.php?rest_route=\/wp\/v2\/product\/5518","targetHints":{"allow":["GET"]}}],"collection":[{"href":"https:\/\/vitamin.coredesign.hu\/index.php?rest_route=\/wp\/v2\/product"}],"about":[{"href":"https:\/\/vitamin.coredesign.hu\/index.php?rest_route=\/wp\/v2\/types\/product"}],"replies":[{"embeddable":true,"href":"https:\/\/vitamin.coredesign.hu\/index.php?rest_route=%2Fwp%2Fv2%2Fcomments&post=5518"}],"wp:featuredmedia":[{"embeddable":true,"href":"https:\/\/vitamin.coredesign.hu\/index.php?rest_route=\/wp\/v2\/media\/5519"}],"wp:attachment":[{"href":"https:\/\/vitamin.coredesign.hu\/index.php?rest_route=%2Fwp%2Fv2%2Fmedia&parent=5518"}],"wp:term":[{"taxonomy":"product_cat","embeddable":true,"href":"https:\/\/vitamin.coredesign.hu\/index.php?rest_route=%2Fwp%2Fv2%2Fproduct_cat&post=5518"},{"taxonomy":"product_tag","embeddable":true,"href":"https:\/\/vitamin.coredesign.hu\/index.php?rest_route=%2Fwp%2Fv2%2Fproduct_tag&post=5518"}],"curies":[{"name":"wp","href":"https:\/\/api.w.org\/{rel}","templated":true}]}}