{"id":5516,"date":"2025-10-12T12:28:22","date_gmt":"2025-10-12T10:28:22","guid":{"rendered":"https:\/\/vitamin.coredesign.hu\/?product=bioco-kurkuma-komplex-kapszula-60db"},"modified":"2026-01-08T23:26:11","modified_gmt":"2026-01-08T22:26:11","slug":"bioco-kurkuma-komplex-kapszula-60db","status":"publish","type":"product","link":"https:\/\/vitamin.coredesign.hu\/?product=bioco-kurkuma-komplex-kapszula-60db","title":{"rendered":"BioCo Kurkuma Komplex kapszula \u2013 60db"},"content":{"rendered":"<p>&nbsp;<\/p>\n<div id=\"lt-accessibility-devtools\" aria-hidden=\"true\"><\/div>\n<p>H\u00e1romf\u00e9le kurkuminoid-vegy\u00fcletet tartalmaz\u00f3 komplex k\u00e9sz\u00edtm\u00e9ny szabadalmaztatott BioPerine\u00ae feketebors-kivonattal. Gyullad\u00e1scs\u00f6kkent\u0151 \u00e9s f\u00e1jdalomcsillap\u00edt\u00f3 hat\u00e1s\u00e1val els\u0151sorban \u00edz\u00fcleti \u00e9s reumatikus panaszokra aj\u00e1nlott.<\/p>\n<h2>BioCo Kurkuma Komplex kapszula<\/h2>\n<p>A kurkum\u00e1ban l\u00e9v\u0151 n\u00f6v\u00e9nyi hat\u00f3anyagok igen er\u0151s gyullad\u00e1scs\u00f6kkent\u0151, f\u00e1jdalomcsillap\u00edt\u00f3 hat\u00e1s\u00faak. Leggyakrabban \u00edz\u00fcleti gyullad\u00e1sra, reumatikus panaszokra alkalmazz\u00e1k, mert gyorsan cs\u00f6kkenti a f\u00e1jdalmat, a merevs\u00e9get, jav\u00edtja a mozgathat\u00f3s\u00e1got. Gyullad\u00e1sos b\u00e9lbetegs\u00e9gek, p\u00e9ld\u00e1ul IBS, Chron-betegs\u00e9g vagy b\u00e9lhurut eset\u00e9n is nagyon eredm\u00e9nyes.<\/p>\n<p>A k\u00e9sz\u00edtm\u00e9ny magas koncentr\u00e1ci\u00f3ban \u00e9s komplexen tartalmazza a kurkuma \u00e9rt\u00e9kes hat\u00f3anyagait. H\u00e1romf\u00e9le kurkuminoid-vegy\u00fclet tal\u00e1lhat\u00f3 benne: kurkumin, demetoxi-kurkumin, bisdemetoxi-kurkumin. Felsz\u00edv\u00f3d\u00e1s\u00e1t \u00e9s hat\u00e9konys\u00e1g\u00e1t jelent\u0151sen fokozza a szabadalommal rendelkez\u0151\u00a0BioPerine\u00ae feketebors-kivonat, amely min. 95%-os tisztas\u00e1gban koncentr\u00e1lja a fekete bors piperin hat\u00f3anyag\u00e1t.<\/p>\n<p>A BioCo kapszul\u00e1ja v\u00edztiszta, n\u00f6v\u00e9nyi \u00f6sszet\u00e9tel\u0171, sz\u00ednez\u00e9kmentes, glut\u00e9nmentes, lakt\u00f3zmentes, veg\u00e1n term\u00e9k.<\/p>\n<h3>Mikor aj\u00e1nlott a BioCo Kurkuma komplex kapszula?<\/h3>\n<ul>\n<li>gyullad\u00e1scs\u00f6kkent\u00e9sre, f\u00e1jdalomcsillap\u00edt\u00e1sra<\/li>\n<li>\u00edz\u00fcleti gyullad\u00e1sra, merevs\u00e9gre<\/li>\n<li>porckop\u00e1sos \u00edz\u00fcleti f\u00e1jdalomra<\/li>\n<li>\u00fcl\u0151- vagy \u00e1ll\u00f3munka miatti \u00edz\u00fcleti probl\u00e9m\u00e1kra<\/li>\n<li>reum\u00e1s panaszokra<\/li>\n<li>\u00f6d\u00e9m\u00e1k cs\u00f6kkent\u00e9s\u00e9re<\/li>\n<li>gyullad\u00e1sos b\u00e9lbetegs\u00e9gekre<\/li>\n<\/ul>\n<h3>Hat\u00f3anyagok 1 kapszul\u00e1ban:<\/h3>\n<ul>\n<li>Kurkumagy\u00f6k\u00e9r-kivonat 221 mg<br \/>\n95% \u00f6sszes kurkuminoid-tartalomra standardiz\u00e1lt kivonat, amelyb\u0151l:<br \/>\nkurkumin 70-85% 154,7-187,85 mg<br \/>\ndemetoxi-kurkumin 15-25% 33,15-55,25 mg<br \/>\nbisdemetoxi-kurkumin 2-8% 4,42-17,68 mg<\/li>\n<li>Feketebors-kivonat (BioPiperine\u00ae) 5 mg<br \/>\namelyb\u0151l piperin 4,75 mg<\/li>\n<\/ul>\n<h3>\u00d6sszetev\u0151k:<\/h3>\n<p>Kurkumagy\u00f6k\u00e9r-kivonat; t\u00f6megn\u00f6vel\u0151 szer (mikrokrist\u00e1lyos cellul\u00f3z); hidroxipropil-metil-cellul\u00f3z (kapszulah\u00e9j); csom\u00f3sod\u00e1st g\u00e1tl\u00f3k (zs\u00edrsavak magn\u00e9ziums\u00f3i, szil\u00edcium-dioxid); feketebors-kivonat (BioPerine\u00ae).<\/p>\n<h3>Felhaszn\u00e1l\u00e1si javaslat:<\/h3>\n<p>A BioCo Kurkuma komplex k\u00e9sz\u00edtm\u00e9ny napi aj\u00e1nlott adagja 1 kapszula, \u00e9tkez\u00e9s ut\u00e1n kell b\u0151 folyad\u00e9kkal lenyelni.<\/p>\n<p><strong>Figyelmeztet\u00e9s:<\/strong>\u00a0Epehajt\u00f3 hat\u00e1sa miatt epek\u00f6ves betegeknek nem javasolt. V\u00e9ralvad\u00e1sg\u00e1tl\u00f3 gy\u00f3gyszereket szed\u0151kn\u00e9l fokozhatja a v\u00e9rz\u00e9sek kock\u00e1zat\u00e1t. Terhesek nem szedhetik, az esetleges m\u00e9h\u00f6sszeh\u00faz\u00f3 hat\u00e1s miatt.<\/p>\n","protected":false},"excerpt":{"rendered":"<p>H\u00e1romf\u00e9le kurkuminoid-vegy\u00fcletet tartalmaz\u00f3 komplex k\u00e9sz\u00edtm\u00e9ny szabadalmaztatott BioPerine\u00ae feketebors-kivonattal. Gyullad\u00e1scs\u00f6kkent\u0151 \u00e9s f\u00e1jdalomcsillap\u00edt\u00f3 hat\u00e1s\u00e1val els\u0151sorban \u00edz\u00fcleti \u00e9s reumatikus panaszokra aj\u00e1nlott.<\/p>\n","protected":false},"featured_media":5517,"comment_status":"closed","ping_status":"open","template":"","meta":[],"product_cat":[61],"product_tag":[],"class_list":{"0":"post-5516","1":"product","2":"type-product","3":"status-publish","4":"has-post-thumbnail","6":"product_brand-bioco","7":"product_cat-etrend-kiegeszitok","9":"first","10":"instock","11":"purchasable","12":"product-type-simple"},"_links":{"self":[{"href":"https:\/\/vitamin.coredesign.hu\/index.php?rest_route=\/wp\/v2\/product\/5516","targetHints":{"allow":["GET"]}}],"collection":[{"href":"https:\/\/vitamin.coredesign.hu\/index.php?rest_route=\/wp\/v2\/product"}],"about":[{"href":"https:\/\/vitamin.coredesign.hu\/index.php?rest_route=\/wp\/v2\/types\/product"}],"replies":[{"embeddable":true,"href":"https:\/\/vitamin.coredesign.hu\/index.php?rest_route=%2Fwp%2Fv2%2Fcomments&post=5516"}],"wp:featuredmedia":[{"embeddable":true,"href":"https:\/\/vitamin.coredesign.hu\/index.php?rest_route=\/wp\/v2\/media\/5517"}],"wp:attachment":[{"href":"https:\/\/vitamin.coredesign.hu\/index.php?rest_route=%2Fwp%2Fv2%2Fmedia&parent=5516"}],"wp:term":[{"taxonomy":"product_cat","embeddable":true,"href":"https:\/\/vitamin.coredesign.hu\/index.php?rest_route=%2Fwp%2Fv2%2Fproduct_cat&post=5516"},{"taxonomy":"product_tag","embeddable":true,"href":"https:\/\/vitamin.coredesign.hu\/index.php?rest_route=%2Fwp%2Fv2%2Fproduct_tag&post=5516"}],"curies":[{"name":"wp","href":"https:\/\/api.w.org\/{rel}","templated":true}]}}