{"id":5512,"date":"2025-10-12T12:28:22","date_gmt":"2025-10-12T10:28:22","guid":{"rendered":"https:\/\/vitamin.coredesign.hu\/?product=bioco-100-vegan-bioaktiv-b12-vitamin-1000mg-tabletta-90db"},"modified":"2026-01-08T23:26:09","modified_gmt":"2026-01-08T22:26:09","slug":"bioco-100-vegan-bioaktiv-b12-vitamin-1000mg-tabletta-90db","status":"publish","type":"product","link":"https:\/\/vitamin.coredesign.hu\/?product=bioco-100-vegan-bioaktiv-b12-vitamin-1000mg-tabletta-90db","title":{"rendered":"BioCo 100% VEGAN Bioakt\u00edv B12-vitamin 1000mg tabletta \u2013 90db"},"content":{"rendered":"<p>&nbsp;<\/p>\n<div id=\"lt-accessibility-devtools\" aria-hidden=\"true\"><\/div>\n<p>Rendk\u00edv\u00fcl magas d\u00f3zis\u00fa B12-vitamint tartalmaz\u00f3 veg\u00e1n k\u00e9sz\u00edtm\u00e9ny. Mivel a B12-vitamin term\u00e9szetes form\u00e1ban csak \u00e1llati eredet\u0171 t\u00e1pl\u00e1l\u00e9kokban fordul el\u0151, veg\u00e1nok, veget\u00e1ri\u00e1nusok sz\u00e1m\u00e1ra k\u00fcl\u00f6n\u00f6sen fontos a p\u00f3tl\u00e1sa.<\/p>\n<h2>BioCo 100% VEGAN Bioakt\u00edv B12-vitamin 1000mg tabletta<\/h2>\n<p>A BioCo 100% VEGAN term\u00e9kcsal\u00e1d a min\u0151s\u00e9g garanci\u00e1ja a veg\u00e1n \u00e9letm\u00f3dot k\u00f6vet\u0151k sz\u00e1m\u00e1ra. A term\u00e9kekbe ker\u00fcl\u0151 valamennyi \u00f6sszetev\u0151t kiemelt gondoss\u00e1ggal v\u00e1logatt\u00e1k \u00e9s ellen\u0151rizt\u00e9k, amit a veg\u00e1n fogyaszt\u00f3k 100%-os biztons\u00e1ggal v\u00e1laszthatnak.<\/p>\n<p>A B-vitaminok kiemelt szerepet j\u00e1tszanak az idegrendszer megfelel\u0151 m\u0171k\u00f6d\u00e9s\u00e9ben. A B12-vitamin els\u0151sorban a szellemi teljes\u00edt\u0151k\u00e9pess\u00e9g, a mem\u00f3ria, az energiaszint \u00e9s a viselked\u00e9si zavarok ter\u00fclet\u00e9n fejti ki hat\u00e1s\u00e1t. V\u00edzold\u00e9kony vitamink\u00e9nt hamar ki\u00fcr\u00fcl a szervezetb\u0151l, ez\u00e9rt fontos a folyamatos p\u00f3tl\u00e1sa. Hi\u00e1nya t\u00f6bbek k\u00f6z\u00f6tt kimer\u00fclts\u00e9get, zavarts\u00e1got, er\u0151s sz\u00e9d\u00fcl\u00e9st, v\u00e9rszeg\u00e9nys\u00e9get, testi \u00e9s szellemi leroml\u00e1st okozhat.<\/p>\n<p>A BioCo k\u00e9sz\u00edtm\u00e9nye bioakt\u00edv, azonnal hasznosul\u00f3 metilkobalamin form\u00e1ban tartalmazza a B12-vitamint, rendk\u00edv\u00fcl magas d\u00f3zisban, a napi beviteli referencia\u00e9rt\u00e9k 40\u00a0000%-\u00e1ban.<\/p>\n<h3>Mikor aj\u00e1nlott a BioCo 100% VEGAN Bioakt\u00edv B12-vitamin tabletta?<\/h3>\n<ul>\n<li>veget\u00e1ri\u00e1nus vagy veg\u00e1n \u00e9trend eset\u00e9n<\/li>\n<li>stresszes \u00e9letviteln\u00e9l<\/li>\n<li>gyakori f\u00e1radts\u00e1g\u00e9rzetn\u00e9l, kimer\u00fclts\u00e9gn\u00e9l<\/li>\n<li>zsibbad\u00f3 kezek, l\u00e1bak eset\u00e9n<\/li>\n<li>egyens\u00falyprobl\u00e9m\u00e1kn\u00e1l, er\u0151s sz\u00e9d\u00fcl\u00e9sn\u00e9l<\/li>\n<li>alv\u00e1szavarokn\u00e1l<\/li>\n<li>gyomor- \u00e9s b\u00e9lgyullad\u00e1sn\u00e1l, felsz\u00edv\u00f3d\u00e1si zavarokn\u00e1l<\/li>\n<li>mem\u00f3riaroml\u00e1sn\u00e1l, koncentr\u00e1l\u00e1si neh\u00e9zs\u00e9gekn\u00e9l<\/li>\n<li>v\u00e9rszeg\u00e9nys\u00e9gn\u00e9l<\/li>\n<li>depresszi\u00f3s t\u00fcnetekn\u00e9l<\/li>\n<li>tanul\u00f3knak, szellemi munk\u00e1t v\u00e9gz\u0151knek<\/li>\n<li>az id\u0151sebb koroszt\u00e1lynak<\/li>\n<\/ul>\n<h3>Hat\u00f3anyagok 1 tablett\u00e1ban:<\/h3>\n<ul>\n<li>B12-vitamin (bioakt\u00edv metilkobalamin form\u00e1ban) 1000 \u00b5g (40 000 NRV%*)<\/li>\n<\/ul>\n<p>*NRV%: Vitaminok \u00e9s \u00e1sv\u00e1nyi anyagok napi beviteli referencia\u00e9rt\u00e9ke %-ban (feln\u0151ttek eset\u00e9ben)<\/p>\n<h3>\u00d6sszetev\u0151k:<\/h3>\n<p>T\u00f6megn\u00f6vel\u0151 szer (mikrokrist\u00e1lyos cellul\u00f3z); maltodextrin; f\u00e9nyez\u0151anyag (zs\u00edrsavak); metilkobalamin.<\/p>\n<h3>Felhaszn\u00e1l\u00e1si javaslat:<\/h3>\n<p>A BioCo 100% VEGAN Bioakt\u00edv B12-vitamin k\u00e9sz\u00edtm\u00e9ny napi aj\u00e1nlott adagja 1 tabletta, b\u0151 folyad\u00e9kkal kell lenyelni.<\/p>\n","protected":false},"excerpt":{"rendered":"<p>Rendk\u00edv\u00fcl magas d\u00f3zis\u00fa B12-vitamint tartalmaz\u00f3 veg\u00e1n k\u00e9sz\u00edtm\u00e9ny. Mivel a B12-vitamin term\u00e9szetes form\u00e1ban csak \u00e1llati eredet\u0171 t\u00e1pl\u00e1l\u00e9kokban fordul el\u0151, veg\u00e1nok, veget\u00e1ri\u00e1nusok sz\u00e1m\u00e1ra k\u00fcl\u00f6n\u00f6sen fontos a p\u00f3tl\u00e1sa.<\/p>\n","protected":false},"featured_media":5513,"comment_status":"closed","ping_status":"open","template":"","meta":[],"product_cat":[60],"product_tag":[],"class_list":{"0":"post-5512","1":"product","2":"type-product","3":"status-publish","4":"has-post-thumbnail","6":"product_brand-bioco","7":"product_cat-vitaminok","9":"first","10":"instock","11":"purchasable","12":"product-type-simple"},"_links":{"self":[{"href":"https:\/\/vitamin.coredesign.hu\/index.php?rest_route=\/wp\/v2\/product\/5512","targetHints":{"allow":["GET"]}}],"collection":[{"href":"https:\/\/vitamin.coredesign.hu\/index.php?rest_route=\/wp\/v2\/product"}],"about":[{"href":"https:\/\/vitamin.coredesign.hu\/index.php?rest_route=\/wp\/v2\/types\/product"}],"replies":[{"embeddable":true,"href":"https:\/\/vitamin.coredesign.hu\/index.php?rest_route=%2Fwp%2Fv2%2Fcomments&post=5512"}],"wp:featuredmedia":[{"embeddable":true,"href":"https:\/\/vitamin.coredesign.hu\/index.php?rest_route=\/wp\/v2\/media\/5513"}],"wp:attachment":[{"href":"https:\/\/vitamin.coredesign.hu\/index.php?rest_route=%2Fwp%2Fv2%2Fmedia&parent=5512"}],"wp:term":[{"taxonomy":"product_cat","embeddable":true,"href":"https:\/\/vitamin.coredesign.hu\/index.php?rest_route=%2Fwp%2Fv2%2Fproduct_cat&post=5512"},{"taxonomy":"product_tag","embeddable":true,"href":"https:\/\/vitamin.coredesign.hu\/index.php?rest_route=%2Fwp%2Fv2%2Fproduct_tag&post=5512"}],"curies":[{"name":"wp","href":"https:\/\/api.w.org\/{rel}","templated":true}]}}