{"id":5508,"date":"2025-10-12T12:28:22","date_gmt":"2025-10-12T10:28:22","guid":{"rendered":"https:\/\/vitamin.coredesign.hu\/?product=bioco-msmc-vitamin-italpor-750mg750mg-75-adag"},"modified":"2026-01-08T23:26:07","modified_gmt":"2026-01-08T22:26:07","slug":"bioco-msmc-vitamin-italpor-750mg750mg-75-adag","status":"publish","type":"product","link":"https:\/\/vitamin.coredesign.hu\/?product=bioco-msmc-vitamin-italpor-750mg750mg-75-adag","title":{"rendered":"BioCo MSM+C-vitamin italpor 750mg+750mg \u2013 75 adag"},"content":{"rendered":"<p>&nbsp;<\/p>\n<div id=\"lt-accessibility-devtools\" aria-hidden=\"true\"><\/div>\n<p>MSM-t (metil-szulfonil-met\u00e1nt) \u00e9s C-vitamint tartalmaz\u00f3 italpor term\u00e9szetes citromarom\u00e1val \u00edzes\u00edtve. \u00cdz\u00fcleti gyullad\u00e1sra, mozg\u00e1sszervi panaszokra, porckop\u00e1sra aj\u00e1nlott els\u0151sorban, k\u00fcl\u00f6n\u00f6sen nyel\u00e9si neh\u00e9zs\u00e9ggel k\u00fczd\u0151k sz\u00e1m\u00e1ra.<\/p>\n<h2>BioCo MSM+C-vitamin italpor 750mg+750mg<\/h2>\n<p>Az MSM (metil-szulfonil-met\u00e1n) egy szerves k\u00e9nvegy\u00fclet, amely term\u00e9szetes form\u00e1ban a szervezetben is megtal\u00e1lhat\u00f3. Gyullad\u00e1scs\u00f6kkent\u0151, f\u00e1jdalomcsillap\u00edt\u00f3 hat\u00e1s\u00e1val jelent\u0151sen enyh\u00edti az \u00edz\u00fcleti \u00e9s izomf\u00e1jdalmat, oldja a merevs\u00e9get, n\u00f6veli a terhelhet\u0151s\u00e9g\u00fcket, megk\u00f6nny\u00edti a mozg\u00e1st. A porcok rugalmass\u00e1g\u00e1nak meg\u0151rz\u00e9s\u00e9ben is kiemelt szerepe van, g\u00e1tolja a kop\u00e1st, a k\u00e1rosod\u00e1st.<\/p>\n<p>Az MSM hat\u00e1ssal van belek ny\u00e1lkah\u00e1rty\u00e1j\u00e1nak \u00e1llapot\u00e1ra, a hisztaminlebont\u00e1sra is, ez\u00e9rt IBS vagy allergia eset\u00e9n \u00e9rdemes odafigyelni a p\u00f3tl\u00e1s\u00e1ra. A C-vitamin immuner\u0151s\u00edt\u0151 hat\u00e1sa mellett serkenti a kollag\u00e9nk\u00e9pz\u0151d\u00e9st, ezzel er\u0151s\u00edti a porcokat \u00e9s a csontokat, a f\u00e1rad\u00e9konys\u00e1got is cs\u00f6kkenti.<\/p>\n<p>A BioCo k\u00e9sz\u00edtm\u00e9nye term\u00e9szetes arom\u00e1val \u00edzes\u00edtett, citrom\u00edz\u0171 instant italpor, k\u00f6nnyen elk\u00e9sz\u00edthet\u0151. Adagonk\u00e9nt 750 mg MSM-t \u00e9s 750 mg C-vitamint tartalmaz. K\u00fcl\u00f6n\u00f6sen aj\u00e1nlott azok sz\u00e1m\u00e1ra, akik nyel\u00e9si neh\u00e9zs\u00e9ggel k\u00fczdenek, \u00e9s gondot okoz nekik a tablett\u00e1k, kapszul\u00e1k lenyel\u00e9se.<\/p>\n<h3>Mikor aj\u00e1nlott a BioCo MSM + C-vitamin italpor?<\/h3>\n<ul>\n<li>\u00edz\u00fcleti gyullad\u00e1sra, \u00edz\u00fcleti f\u00e1jdalomra<\/li>\n<li>a porcok \u00e9s az \u00ednszalagok rugalmass\u00e1g\u00e1nak meg\u0151rz\u00e9s\u00e9re<\/li>\n<li>izomf\u00e1jdalmak, izomg\u00f6rcs\u00f6k ellen<\/li>\n<li>lass\u00fa sebgy\u00f3gyul\u00e1sn\u00e1l, er\u0151s hegk\u00e9pz\u0151d\u00e9sn\u00e9l<\/li>\n<li>gyomor- \u00e9s b\u00e9lrendszeri panaszokn\u00e1l<\/li>\n<li>l\u00e9g\u00fati \u00e9s \u00e9telallergi\u00e1k, asztma eset\u00e9n<\/li>\n<li>a b\u0151r, a haj \u00e9s a k\u00f6rm\u00f6k sz\u00e9ps\u00e9g\u00e9nek, er\u0151ss\u00e9g\u00e9nek fenntart\u00e1s\u00e1ra<\/li>\n<li>az immunrendszer megfelel\u0151 m\u0171k\u00f6d\u00e9s\u00e9nek t\u00e1mogat\u00e1s\u00e1ra<\/li>\n<li>a fert\u0151z\u00e9sekkel szembeni ellen\u00e1ll\u00f3 k\u00e9pess\u00e9g n\u00f6vel\u00e9s\u00e9re<\/li>\n<li>a f\u00e1radts\u00e1g \u00e9s a kif\u00e1rad\u00e1s cs\u00f6kkent\u00e9s\u00e9re<\/li>\n<li>a sejtek oxidat\u00edv stresszel szembeni v\u00e9delm\u00e9re<\/li>\n<li>az idegrendszer kiegyens\u00falyozott m\u0171k\u00f6d\u00e9s\u00e9nek el\u0151seg\u00edt\u00e9s\u00e9re<\/li>\n<\/ul>\n<h3>Hat\u00f3anyagok 1 adag italporban (1660 mg):<\/h3>\n<ul>\n<li>C-vitamin 750 mg (937,5 NRV%*)<\/li>\n<li>MSM 750 mg<br \/>\namelyb\u0151l k\u00e9n 255 mg<\/li>\n<\/ul>\n<p>*NRV%: Vitaminok \u00e9s \u00e1sv\u00e1nyi anyagok napi beviteli referencia\u00e9rt\u00e9ke %-ban (feln\u0151ttek eset\u00e9ben)<\/p>\n<h3>\u00d6sszetev\u0151k:<\/h3>\n<p>Metil-szulfonil-met\u00e1n (MSM); L-aszkorbinsav; citrom\u00edz\u0171 term\u00e9szetes aroma; \u00e9tkez\u00e9si sav (citromsav); \u00e9des\u00edt\u0151szer (szukral\u00f3z).<\/p>\n<h3>Felhaszn\u00e1l\u00e1si javaslat:<\/h3>\n<p>A BioCo MSM + C-vitamin k\u00e9sz\u00edtm\u00e9ny napi aj\u00e1nlott adagja 1-2 adag italpor. 1 adag italport 2 dl v\u00edzben, gy\u00fcm\u00f6lcsl\u00e9ben vagy langyos te\u00e1ban kell elkeverni. 1 adag italpor egy v\u00edzszintesen csapott adagol\u00f3kan\u00e1lnak felel meg, az adagol\u00f3kan\u00e1l nagyobbik, 2,5 ml jelz\u00e9s\u0171 v\u00e9g\u00e9vel m\u00e9rve.<\/p>\n<p>A C-vitamin \u00e9rz\u00e9keny a magas h\u0151m\u00e9rs\u00e9kletre, ez\u00e9rt ne tegye az italport forr\u00f3 te\u00e1ba! Felold\u00e1s ut\u00e1n r\u00f6vid id\u0151n bel\u00fcl fogyassza el.<\/p>\n<p><strong>T\u00e1rol\u00e1s:<\/strong>\u00a0Az italpor \u00e9rz\u00e9keny a p\u00e1ratartalomra, ez\u00e9rt minden haszn\u00e1lat ut\u00e1n gondosan z\u00e1rja vissza a term\u00e9k kupakj\u00e1t. A k\u00e9sz\u00edtm\u00e9nyt tartsa gyermekekt\u0151l elz\u00e1rva, sz\u00e1raz helyen, napf\u00e9nyt\u0151l v\u00e9dve, szobah\u0151m\u00e9rs\u00e9kleten (15-25 \u2070C k\u00f6z\u00f6tt).<\/p>\n","protected":false},"excerpt":{"rendered":"<p>MSM-t (metil-szulfonil-met\u00e1nt) \u00e9s C-vitamint tartalmaz\u00f3 italpor term\u00e9szetes citromarom\u00e1val \u00edzes\u00edtve. \u00cdz\u00fcleti gyullad\u00e1sra, mozg\u00e1sszervi panaszokra, porckop\u00e1sra aj\u00e1nlott els\u0151sorban, k\u00fcl\u00f6n\u00f6sen nyel\u00e9si neh\u00e9zs\u00e9ggel k\u00fczd\u0151k sz\u00e1m\u00e1ra.<\/p>\n","protected":false},"featured_media":5509,"comment_status":"closed","ping_status":"open","template":"","meta":[],"product_cat":[60],"product_tag":[],"class_list":{"0":"post-5508","1":"product","2":"type-product","3":"status-publish","4":"has-post-thumbnail","6":"product_brand-bioco","7":"product_cat-vitaminok","9":"first","10":"instock","11":"purchasable","12":"product-type-simple"},"_links":{"self":[{"href":"https:\/\/vitamin.coredesign.hu\/index.php?rest_route=\/wp\/v2\/product\/5508","targetHints":{"allow":["GET"]}}],"collection":[{"href":"https:\/\/vitamin.coredesign.hu\/index.php?rest_route=\/wp\/v2\/product"}],"about":[{"href":"https:\/\/vitamin.coredesign.hu\/index.php?rest_route=\/wp\/v2\/types\/product"}],"replies":[{"embeddable":true,"href":"https:\/\/vitamin.coredesign.hu\/index.php?rest_route=%2Fwp%2Fv2%2Fcomments&post=5508"}],"wp:featuredmedia":[{"embeddable":true,"href":"https:\/\/vitamin.coredesign.hu\/index.php?rest_route=\/wp\/v2\/media\/5509"}],"wp:attachment":[{"href":"https:\/\/vitamin.coredesign.hu\/index.php?rest_route=%2Fwp%2Fv2%2Fmedia&parent=5508"}],"wp:term":[{"taxonomy":"product_cat","embeddable":true,"href":"https:\/\/vitamin.coredesign.hu\/index.php?rest_route=%2Fwp%2Fv2%2Fproduct_cat&post=5508"},{"taxonomy":"product_tag","embeddable":true,"href":"https:\/\/vitamin.coredesign.hu\/index.php?rest_route=%2Fwp%2Fv2%2Fproduct_tag&post=5508"}],"curies":[{"name":"wp","href":"https:\/\/api.w.org\/{rel}","templated":true}]}}