{"id":5506,"date":"2025-10-12T12:28:22","date_gmt":"2025-10-12T10:28:22","guid":{"rendered":"https:\/\/vitamin.coredesign.hu\/?product=bioco-q10-vizzel-elegyedo-50mg-kapszula-30db"},"modified":"2026-01-08T23:26:06","modified_gmt":"2026-01-08T22:26:06","slug":"bioco-q10-vizzel-elegyedo-50mg-kapszula-30db","status":"publish","type":"product","link":"https:\/\/vitamin.coredesign.hu\/?product=bioco-q10-vizzel-elegyedo-50mg-kapszula-30db","title":{"rendered":"BioCo Q10 V\u00edzzel elegyed\u0151 50mg kapszula \u2013 30db"},"content":{"rendered":"<p>&nbsp;<\/p>\n<div id=\"lt-accessibility-devtools\" aria-hidden=\"true\"><\/div>\n<p>Speci\u00e1lis technol\u00f3gi\u00e1val k\u00e9sz\u00fclt, v\u00edzold\u00e9kony Q10 koenzimet, B1-vitamint \u00e9s antioxid\u00e1nsokat tartalmaz\u00f3 k\u00e9sz\u00edtm\u00e9ny. K\u00fcl\u00f6n\u00f6sen aj\u00e1nlott magas v\u00e9rnyom\u00e1s, sz\u00edv- \u00e9s \u00e9rrendszeri probl\u00e9m\u00e1k, f\u00e1rad\u00e9konys\u00e1g, kimer\u00fclts\u00e9g eset\u00e9n.<\/p>\n<h2>BioCo Q10 V\u00edzzel elegyed\u0151 50mg kapszula<\/h2>\n<p>A k\u00e9sz\u00edtm\u00e9ny speci\u00e1lis BioCo transzportemulzi\u00f3s technol\u00f3gi\u00e1val k\u00e9sz\u00fclt, amellyel a zs\u00edrban old\u00f3d\u00f3 hat\u00f3anyagokat, mint amilyen a Q10 koenzim, az E-vitamin \u00e9s a b\u00e9ta-karotin v\u00edzben old\u00f3d\u00f3v\u00e1 alak\u00edtott\u00e1k \u00e1t. Ezzel megn\u0151tt a hat\u00f3anyagok felsz\u00edv\u00f3d\u00e1sa, hasznosul\u00e1sa, r\u00e1ad\u00e1sul elker\u00fclhet\u0151 a t\u00faladagol\u00e1s, m\u00e9rgez\u00e9s vesz\u00e9lye is.<\/p>\n<p>A Q10 koenzim a sejtek energiatermel\u00e9s\u00e9ben j\u00e1tszik kiemelt szerepet; min\u00e9l magasabb a sejtek Q10-szintje, ann\u00e1l t\u00f6bb energi\u00e1t k\u00e9pesek el\u0151\u00e1ll\u00edtani. A Q10 koenzim n\u00f6veli a szellemi \u00e9s fizikai teljes\u00edtm\u00e9nyt, er\u0151s\u00edti a sz\u00edvet, az ereket, jav\u00edtja az agyi funkci\u00f3kat, lass\u00edtja az \u00f6reged\u00e9si folyamatokat. Az \u00e9letkor el\u0151rehaladt\u00e1val egyre kevesebb termel\u0151dik bel\u0151le a szervezetben, p\u00f3tl\u00e1sa hozz\u00e1j\u00e1rulhat t\u00f6bbf\u00e9le eg\u00e9szs\u00e9g\u00fcgyi probl\u00e9ma \u00e9s betegs\u00e9g megel\u0151z\u00e9s\u00e9hez.<\/p>\n<p>A BioCo k\u00e9sz\u00edtm\u00e9nye a v\u00edzold\u00e9kony Q10 koenzim mellett immuner\u0151s\u00edt\u0151, \u00e9rv\u00e9d\u0151 C-vitamint, antioxid\u00e1ns hat\u00e1s\u00fa E-vitamint, szel\u00e9nt, b\u00e9ta-karotint, valamint mem\u00f3riaserkent\u0151, az idegk\u00e1rosod\u00e1st\u00f3l v\u00e9d\u0151 B1-vitamint is tartalmaz.<\/p>\n<h3>Mikor aj\u00e1nlott a BioCo V\u00edzzel elegyed\u0151 Q10 + B1-vitamin kapszula?<\/h3>\n<ul>\n<li>sz\u00edv- \u00e9s \u00e9rrendszeri betegs\u00e9gekre val\u00f3 hajlamn\u00e1l<\/li>\n<li>megl\u00e9v\u0151 sz\u00edv- \u00e9s \u00e9rrendszeri probl\u00e9m\u00e1kn\u00e1l<\/li>\n<li>magas vagy ingadoz\u00f3 v\u00e9rnyom\u00e1sra<\/li>\n<li>f\u00e1rad\u00e9konys\u00e1g, kimer\u00fclts\u00e9g eset\u00e9n<\/li>\n<li>gyakori izomg\u00f6rcs\u00f6kre, izomf\u00e1jdalmakra<\/li>\n<li>stresszes \u00e9letviteln\u00e9l<\/li>\n<li>akt\u00edv \u00e9letm\u00f3dot folytat\u00f3knak, rendszeresen sportol\u00f3knak<\/li>\n<li>neh\u00e9z fizikai munk\u00e1t v\u00e9gz\u0151knek<\/li>\n<li>fokozott szellemi ig\u00e9nybev\u00e9telkor<\/li>\n<li>30 \u00e9ves kor felett a megfelel\u0151 enzimszint fenntart\u00e1s\u00e1ra<\/li>\n<li>id\u0151sebb korban a Q10 koenzim megfelel\u0151 p\u00f3tl\u00e1s\u00e1ra<\/li>\n<\/ul>\n<h3>Hat\u00f3anyagok 1 kapszul\u00e1ban:<\/h3>\n<ul>\n<li>B1-vitamin 1,1 mg (100 NRV%*)<\/li>\n<li>C-vitamin 60 mg (75 NRV%*)<\/li>\n<li>E-vitamin 10 mg (83,3 NRV%*)<\/li>\n<li>B\u00e9ta-karotin 2 mg<\/li>\n<li>Szel\u00e9n 55 \u00b5g (100 NRV%*)<\/li>\n<li>Koenzim Q10 (v\u00edzzel elegyed\u0151, emulzi\u00f3s form\u00e1ban) 50 mg<\/li>\n<\/ul>\n<p>*NRV%: Vitaminok \u00e9s \u00e1sv\u00e1nyi anyagok napi beviteli referencia\u00e9rt\u00e9ke %-ban (feln\u0151ttek eset\u00e9ben)<\/p>\n<h3>\u00d6sszetev\u0151k:<\/h3>\n<p>T\u00f6megn\u00f6vel\u0151 szer (mikrokrist\u00e1lyos cellul\u00f3z); zselatin kapszulah\u00e9j; emulge\u00e1l\u00f3szer (polioxi-etil\u00e9n-szorbitan-monoole\u00e1t); csom\u00f3sod\u00e1st g\u00e1tl\u00f3k (szil\u00edcium-dioxid, talkum, zs\u00edrsavak magn\u00e9ziums\u00f3i); L-aszkorbinsav; koenzim Q10; m\u00f3dos\u00edtott \u00e9tkez\u00e9si kem\u00e9ny\u00edt\u0151; DL-alfa-tokoferil-acet\u00e1t; b\u00e9ta-karotin; bors\u00f3kem\u00e9ny\u00edt\u0151; tiamin-mononitr\u00e1t; n\u00e1trium-szelenit.<\/p>\n<h3>Felhaszn\u00e1l\u00e1si javaslat:<\/h3>\n<p>A BioCo V\u00edzzel elegyed\u0151 Q10 + B1-vitamin k\u00e9sz\u00edtm\u00e9ny napi aj\u00e1nlott adagja 1 kapszula, reggelenk\u00e9nt b\u0151 folyad\u00e9kkal kell lenyelni. Veget\u00e1ri\u00e1nusok sz\u00e9tnyithatj\u00e1k a kapszula h\u00e9j\u00e1t, \u00e9s a tartalm\u00e1t 1,5-2 dl testmeleg v\u00edzben feloldva fogyaszthatj\u00e1k.<\/p>\n","protected":false},"excerpt":{"rendered":"<p>Speci\u00e1lis technol\u00f3gi\u00e1val k\u00e9sz\u00fclt, v\u00edzold\u00e9kony Q10 koenzimet, B1-vitamint \u00e9s antioxid\u00e1nsokat tartalmaz\u00f3 k\u00e9sz\u00edtm\u00e9ny. K\u00fcl\u00f6n\u00f6sen aj\u00e1nlott magas v\u00e9rnyom\u00e1s, sz\u00edv- \u00e9s \u00e9rrendszeri probl\u00e9m\u00e1k, f\u00e1rad\u00e9konys\u00e1g, kimer\u00fclts\u00e9g eset\u00e9n.<\/p>\n","protected":false},"featured_media":5507,"comment_status":"closed","ping_status":"open","template":"","meta":[],"product_cat":[61],"product_tag":[],"class_list":{"0":"post-5506","1":"product","2":"type-product","3":"status-publish","4":"has-post-thumbnail","6":"product_brand-bioco","7":"product_cat-etrend-kiegeszitok","9":"first","10":"instock","11":"purchasable","12":"product-type-simple"},"_links":{"self":[{"href":"https:\/\/vitamin.coredesign.hu\/index.php?rest_route=\/wp\/v2\/product\/5506","targetHints":{"allow":["GET"]}}],"collection":[{"href":"https:\/\/vitamin.coredesign.hu\/index.php?rest_route=\/wp\/v2\/product"}],"about":[{"href":"https:\/\/vitamin.coredesign.hu\/index.php?rest_route=\/wp\/v2\/types\/product"}],"replies":[{"embeddable":true,"href":"https:\/\/vitamin.coredesign.hu\/index.php?rest_route=%2Fwp%2Fv2%2Fcomments&post=5506"}],"wp:featuredmedia":[{"embeddable":true,"href":"https:\/\/vitamin.coredesign.hu\/index.php?rest_route=\/wp\/v2\/media\/5507"}],"wp:attachment":[{"href":"https:\/\/vitamin.coredesign.hu\/index.php?rest_route=%2Fwp%2Fv2%2Fmedia&parent=5506"}],"wp:term":[{"taxonomy":"product_cat","embeddable":true,"href":"https:\/\/vitamin.coredesign.hu\/index.php?rest_route=%2Fwp%2Fv2%2Fproduct_cat&post=5506"},{"taxonomy":"product_tag","embeddable":true,"href":"https:\/\/vitamin.coredesign.hu\/index.php?rest_route=%2Fwp%2Fv2%2Fproduct_tag&post=5506"}],"curies":[{"name":"wp","href":"https:\/\/api.w.org\/{rel}","templated":true}]}}