{"id":5504,"date":"2025-10-12T12:28:22","date_gmt":"2025-10-12T10:28:22","guid":{"rendered":"https:\/\/vitamin.coredesign.hu\/?product=bioco-mikronizalt-diozmin-heszperidin-filmtabletta-60db"},"modified":"2026-01-08T23:26:05","modified_gmt":"2026-01-08T22:26:05","slug":"bioco-mikronizalt-diozmin-heszperidin-filmtabletta-60db","status":"publish","type":"product","link":"https:\/\/vitamin.coredesign.hu\/?product=bioco-mikronizalt-diozmin-heszperidin-filmtabletta-60db","title":{"rendered":"BioCo Mikroniz\u00e1lt Diozmin + Heszperidin filmtabletta \u2013 60db"},"content":{"rendered":"<p>&nbsp;<\/p>\n<div id=\"lt-accessibility-devtools\" aria-hidden=\"true\"><\/div>\n<p>Diozmint, heszperidint, C-vitamint, csal\u00e1nlev\u00e9l- \u00e9s sz\u0151l\u0151magkivonatot tartalmaz\u00f3 k\u00e9sz\u00edtm\u00e9ny. Kifejezetten a l\u00e1bak t\u00falterhel\u00e9se, visszerek, l\u00e1bg\u00f6rcs\u00f6k, l\u00e1bdagad\u00e1s, neh\u00e9zl\u00e1b-\u00e9rz\u00e9s, \u00f6d\u00e9ma eset\u00e9n aj\u00e1nlott.<\/p>\n<h2>BioCo Mikroniz\u00e1lt Diozmin + Heszperidin filmtabletta<\/h2>\n<p>A diozmin \u00e9s a heszperidin citrusf\u00e9l\u00e9kb\u0151l kivont n\u00f6v\u00e9nyi vegy\u00fcletek, flavonoidok. Kiemelten seg\u00edtik a megfelel\u0151 v\u00e9rkering\u00e9st, rugalmasan tartj\u00e1k az ereket, er\u0151s\u00edtik a v\u00e9n\u00e1k fal\u00e1t, cs\u00f6kkentik az erek \u00e1tereszt\u0151 k\u00e9pess\u00e9g\u00e9t. Jelent\u0151sen cs\u00f6kkenthetik, illetve meg is sz\u00fcntethetik a l\u00e1bak v\u00e9n\u00e1s el\u00e9gtelens\u00e9ggel j\u00e1r\u00f3 t\u00fcneteit.<\/p>\n<p>A k\u00e9sz\u00edtm\u00e9nyben az ereket er\u0151s\u00edt\u0151, a kollag\u00e9ntermel\u00e9st serkent\u0151 C-vitamin is tal\u00e1lhat\u00f3, valamint csal\u00e1nlev\u00e9l, amely er\u0151s v\u00e9rtisz\u00edt\u00f3 hat\u00e1s\u00fa, az ereket is rugalmasan \u00e9s tiszt\u00e1n tartja, megakad\u00e1lyozhatja az \u00e9rfalakon a lerak\u00f3d\u00e1sokat. A sz\u0151l\u0151mag jav\u00edtja a v\u00e9r\u00e1raml\u00e1st, meger\u0151s\u00edti a b\u0151rben l\u00e9v\u0151 kollag\u00e9nt.<\/p>\n<p>A BioCo tablett\u00e1j\u00e1ban a diozmin \u00e9s a heszperidin narancsb\u00f3l kivont mikroniz\u00e1lt elj\u00e1r\u00e1ssal k\u00e9sz\u00fclt, rendk\u00edv\u00fcl kis molekulam\u00e9ret\u0171ek, ez\u00e9rt k\u00fcl\u00f6n\u00f6sen j\u00f3 a felsz\u00edv\u00f3d\u00e1suk \u00e9s hasznosul\u00e1suk a szervezetben. A k\u00e9sz\u00edtm\u00e9ny nem tartalmaz \u00e1llati eredet\u0171 \u00f6sszetev\u0151ket, veg\u00e1nok is szedhetik.<\/p>\n<h3>Mikor aj\u00e1nlott a BioCo Mikroniz\u00e1lt Diozmin + Heszperidin filmtabletta?<\/h3>\n<ul>\n<li>\u00e1ll\u00f3- vagy \u00fcl\u0151munka miatt ig\u00e9nybe vett l\u00e1bakra<\/li>\n<li>jelent\u0151s t\u00fals\u00faly vagy terhess\u00e9g miatt terhelt l\u00e1bakra<\/li>\n<li>id\u0151skori v\u00e9nagyenges\u00e9gre<\/li>\n<li>l\u00e1bdagad\u00e1sra, l\u00e1bfesz\u00fcl\u00e9sre<\/li>\n<li>neh\u00e9zl\u00e1b-\u00e9rz\u00e9s eset\u00e9n<\/li>\n<li>\u00f6d\u00e9m\u00e1k megjelen\u00e9sekor<\/li>\n<li>\u00e9jszakai l\u00e1bg\u00f6rcs\u00f6kre<\/li>\n<li>sepr\u0171v\u00e9n\u00e1k, visszerek ellen<\/li>\n<li>elsz\u00ednez\u0151d\u00f6tt b\u0151rre, pigmentfoltokra<\/li>\n<li>viszket\u0151, sz\u00e1raz b\u0151rre, ekc\u00e9m\u00e1s t\u00fcnetekre<\/li>\n<\/ul>\n<h3>Hat\u00f3anyagok 1 tablett\u00e1ban:<\/h3>\n<ul>\n<li>Mikroniz\u00e1lt diozmin 450 mg<\/li>\n<li>Mikroniz\u00e1lt heszperidin 50 mg<\/li>\n<li>Csal\u00e1nlev\u00e9l-kivonat 100 mg<\/li>\n<li>Sz\u0151l\u0151magkivonat 50 mg<\/li>\n<li>C-vitamin 90 mg (112,5 NRV%*)<\/li>\n<\/ul>\n<p>*NRV%: Vitaminok \u00e9s \u00e1sv\u00e1nyi anyagok napi beviteli referencia\u00e9rt\u00e9ke %-ban (feln\u0151ttek eset\u00e9ben)<\/p>\n<h3>\u00d6sszetev\u0151k:<\/h3>\n<p>narancsb\u00f3l kivont mikroniz\u00e1lt diozmin \u00e9s heszperidin flavonoidok; f\u00e9nyez\u0151 anyag (zs\u00edrsavak); t\u00f6megn\u00f6vel\u0151 szer (izomalt); csal\u00e1nlev\u00e9l kivonat; L-aszkorbinsav; sz\u0151l\u0151mag kivonat; csom\u00f3sod\u00e1st g\u00e1tl\u00f3k (talkum, szil\u00edcium-dioxid); sz\u00ednez\u00e9kek (riboflavin, tit\u00e1n-dioxid; vas-oxid).<\/p>\n<ul>\n<li>\u00daj, sz\u00ednez\u00e9kmentes NYEL\u00c9SK\u00d6NNY\u00cdT\u0150 bevonattal!<\/li>\n<li>tit\u00e1n-dioxid mentes<\/li>\n<\/ul>\n<h3>Felhaszn\u00e1l\u00e1si javaslat:<\/h3>\n<p>A BioCo Mikroniz\u00e1lt Diozmin + Heszperidin k\u00e9sz\u00edtm\u00e9ny napi aj\u00e1nlott adagja 1 filmtabletta, b\u0151 folyad\u00e9kkal kell lenyelni.<\/p>\n","protected":false},"excerpt":{"rendered":"<p>Diozmint, heszperidint, C-vitamint, csal\u00e1nlev\u00e9l- \u00e9s sz\u0151l\u0151magkivonatot tartalmaz\u00f3 k\u00e9sz\u00edtm\u00e9ny. Kifejezetten a l\u00e1bak t\u00falterhel\u00e9se, visszerek, l\u00e1bg\u00f6rcs\u00f6k, l\u00e1bdagad\u00e1s, neh\u00e9zl\u00e1b-\u00e9rz\u00e9s, \u00f6d\u00e9ma eset\u00e9n aj\u00e1nlott.<\/p>\n","protected":false},"featured_media":5505,"comment_status":"closed","ping_status":"open","template":"","meta":[],"product_cat":[61],"product_tag":[],"class_list":{"0":"post-5504","1":"product","2":"type-product","3":"status-publish","4":"has-post-thumbnail","6":"product_brand-bioco","7":"product_cat-etrend-kiegeszitok","9":"first","10":"instock","11":"purchasable","12":"product-type-simple"},"_links":{"self":[{"href":"https:\/\/vitamin.coredesign.hu\/index.php?rest_route=\/wp\/v2\/product\/5504","targetHints":{"allow":["GET"]}}],"collection":[{"href":"https:\/\/vitamin.coredesign.hu\/index.php?rest_route=\/wp\/v2\/product"}],"about":[{"href":"https:\/\/vitamin.coredesign.hu\/index.php?rest_route=\/wp\/v2\/types\/product"}],"replies":[{"embeddable":true,"href":"https:\/\/vitamin.coredesign.hu\/index.php?rest_route=%2Fwp%2Fv2%2Fcomments&post=5504"}],"wp:featuredmedia":[{"embeddable":true,"href":"https:\/\/vitamin.coredesign.hu\/index.php?rest_route=\/wp\/v2\/media\/5505"}],"wp:attachment":[{"href":"https:\/\/vitamin.coredesign.hu\/index.php?rest_route=%2Fwp%2Fv2%2Fmedia&parent=5504"}],"wp:term":[{"taxonomy":"product_cat","embeddable":true,"href":"https:\/\/vitamin.coredesign.hu\/index.php?rest_route=%2Fwp%2Fv2%2Fproduct_cat&post=5504"},{"taxonomy":"product_tag","embeddable":true,"href":"https:\/\/vitamin.coredesign.hu\/index.php?rest_route=%2Fwp%2Fv2%2Fproduct_tag&post=5504"}],"curies":[{"name":"wp","href":"https:\/\/api.w.org\/{rel}","templated":true}]}}