{"id":5502,"date":"2025-10-12T12:28:22","date_gmt":"2025-10-12T10:28:22","guid":{"rendered":"https:\/\/vitamin.coredesign.hu\/?product=bioco-jo-ejszakat-tabletta-60db"},"modified":"2026-01-08T23:26:04","modified_gmt":"2026-01-08T22:26:04","slug":"bioco-jo-ejszakat-tabletta-60db","status":"publish","type":"product","link":"https:\/\/vitamin.coredesign.hu\/?product=bioco-jo-ejszakat-tabletta-60db","title":{"rendered":"BioCo J\u00f3 \u00e9jszak\u00e1t tabletta \u2013 60db"},"content":{"rendered":"<p>&nbsp;<\/p>\n<div id=\"lt-accessibility-devtools\" aria-hidden=\"true\"><\/div>\n<p>Valeri\u00e1na, golgotavir\u00e1g \u00e9s koml\u00f3 kivonat\u00e1t tartalmaz\u00f3 k\u00e9sz\u00edtm\u00e9ny. Term\u00e9szetes nyugtat\u00f3 \u00e9s altat\u00f3 hat\u00e1s\u00fa gy\u00f3gyn\u00f6v\u00e9nyek, amelyek el\u0151seg\u00edtik a stressz, a szorong\u00e1s cs\u00f6kkent\u00e9s\u00e9t, valamint a pihentet\u0151, m\u00e9ly alv\u00e1st.<\/p>\n<h2>BioCo J\u00f3 \u00e9jszak\u00e1t tabletta<\/h2>\n<p>A valeri\u00e1na (macskagy\u00f6k\u00e9r) kiv\u00e1l\u00f3 fesz\u00fclts\u00e9gold\u00f3 \u00e9s altat\u00f3 hat\u00e1s\u00fa gy\u00f3gyn\u00f6v\u00e9ny, lenyugtatja az idegrendszert, az izmokat. Term\u00e9szetes \u00faton seg\u00edti el\u0151 a k\u00f6nny\u0171 elalv\u00e1st, az \u00e9jszakai zavartalan pihen\u00e9st. Nagy el\u0151nye a szintetikus gy\u00f3gyszerekkel szemben, hogy nem okoz f\u00fcgg\u0151s\u00e9get, sem elvon\u00e1si t\u00fcneteket.<\/p>\n<p>A golgotavir\u00e1g \u00e9s a koml\u00f3 remek\u00fcl kieg\u00e9sz\u00edti a valeri\u00e1na hat\u00e1s\u00e1t: cs\u00f6kkentik a szorong\u00e1st, az idegess\u00e9get, jav\u00edtj\u00e1k a k\u00f6z\u00e9rzetet, a hangulatot, hozz\u00e1j\u00e1rulnak a nyugodt, m\u00e9ly alv\u00e1shoz. Az idegi eredet\u0171 fejf\u00e1j\u00e1st, a refluxos t\u00fcneteket, valamint a gyomor- \u00e9s b\u00e9lpanaszokat, a g\u00f6rcs\u00f6ket, a hasmen\u00e9st vagy sz\u00e9kreked\u00e9st is kezelik.<\/p>\n<p>A BioCo k\u00e9sz\u00edtm\u00e9nye maxim\u00e1lis hat\u00f3anyag-mennyis\u00e9gben tartalmazza a n\u00f6v\u00e9nyi kivonatokat! Mentes a mesters\u00e9ges sz\u00ednez\u00e9kekt\u0151l \u00e9s \u00e1llati eredet\u0171 \u00f6sszetev\u0151kt\u0151l. A napi adag, 2 tabletta kivonata megfelel 1500 mg valeri\u00e1na, 800 mg golgotavir\u00e1g, illetve 800 mg koml\u00f3 sz\u00e1raz n\u00f6v\u00e9nyi \u0151rlem\u00e9ny\u00e9nek.<\/p>\n<h3>Mikor aj\u00e1nlott a BioCo J\u00f3 \u00e9jszak\u00e1t! tabletta?<\/h3>\n<ul>\n<li>a stressz cs\u00f6kkent\u00e9s\u00e9re<\/li>\n<li>neh\u00e9z elalv\u00e1sra<\/li>\n<li>gyakori felriad\u00e1sra az \u00e9jszaka folyam\u00e1n<\/li>\n<li>kialvatlans\u00e1g eset\u00e9n<\/li>\n<li>horkol\u00e1sra, fogcsikorgat\u00e1sra<\/li>\n<li>alvaj\u00e1r\u00e1sra, r\u00e9m\u00e1lmokra<\/li>\n<li>idegi eredet\u0171 fejf\u00e1j\u00e1sra, gyomor- \u00e9s b\u00e9lpanaszokra<\/li>\n<li>depresszi\u00f3s vagy p\u00e1nikt\u00fcnetekre<\/li>\n<\/ul>\n<h3>Hat\u00f3anyagok 2 tablett\u00e1ban:<\/h3>\n<ul>\n<li>Valeriana (macskagy\u00f6k\u00e9r) kivonata 150 mg<\/li>\n<li>Golgotavir\u00e1g-kivonat 80 mg<\/li>\n<li>Koml\u00f3kivonat 80 mg<\/li>\n<\/ul>\n<h3>\u00d6sszetev\u0151k:<\/h3>\n<p>t\u00f6megn\u00f6vel\u0151 szer (mikrokrist\u00e1lyos cellul\u00f3z); Valeriana officinalis L. gy\u00f6k\u00e9r (macskagy\u00f6k\u00e9r) kivonat (75 mg\/tabletta); golgotavir\u00e1g kivonat (40 mg\/tabletta); koml\u00f3 kivonat (40 mg\/tabletta); f\u00e9nyez\u0151 anyag (zs\u00edrsavak); csom\u00f3sod\u00e1st g\u00e1tl\u00f3 (szil\u00edcium-dioxid).<\/p>\n<ul>\n<li>\u00daj, sz\u00ednez\u00e9kmentes NYEL\u00c9SK\u00d6NNY\u00cdT\u0150 bevonattal!<\/li>\n<li>tit\u00e1n-dioxid mentes<\/li>\n<\/ul>\n<h3>Felhaszn\u00e1l\u00e1si javaslat:<\/h3>\n<p>A BioCo J\u00f3 \u00e9jszak\u00e1t! k\u00e9sz\u00edtm\u00e9ny napi aj\u00e1nlott adagja 2 tabletta, alv\u00e1s el\u0151tt kell b\u0151 folyad\u00e9kkal bevenni.<\/p>\n","protected":false},"excerpt":{"rendered":"<p>Valeri\u00e1na, golgotavir\u00e1g \u00e9s koml\u00f3 kivonat\u00e1t tartalmaz\u00f3 k\u00e9sz\u00edtm\u00e9ny. Term\u00e9szetes nyugtat\u00f3 \u00e9s altat\u00f3 hat\u00e1s\u00fa gy\u00f3gyn\u00f6v\u00e9nyek, amelyek el\u0151seg\u00edtik a stressz, a szorong\u00e1s cs\u00f6kkent\u00e9s\u00e9t, valamint a pihentet\u0151, m\u00e9ly alv\u00e1st.<\/p>\n","protected":false},"featured_media":5503,"comment_status":"closed","ping_status":"open","template":"","meta":[],"product_cat":[61],"product_tag":[],"class_list":{"0":"post-5502","1":"product","2":"type-product","3":"status-publish","4":"has-post-thumbnail","6":"product_brand-bioco","7":"product_cat-etrend-kiegeszitok","9":"first","10":"instock","11":"purchasable","12":"product-type-simple"},"_links":{"self":[{"href":"https:\/\/vitamin.coredesign.hu\/index.php?rest_route=\/wp\/v2\/product\/5502","targetHints":{"allow":["GET"]}}],"collection":[{"href":"https:\/\/vitamin.coredesign.hu\/index.php?rest_route=\/wp\/v2\/product"}],"about":[{"href":"https:\/\/vitamin.coredesign.hu\/index.php?rest_route=\/wp\/v2\/types\/product"}],"replies":[{"embeddable":true,"href":"https:\/\/vitamin.coredesign.hu\/index.php?rest_route=%2Fwp%2Fv2%2Fcomments&post=5502"}],"wp:featuredmedia":[{"embeddable":true,"href":"https:\/\/vitamin.coredesign.hu\/index.php?rest_route=\/wp\/v2\/media\/5503"}],"wp:attachment":[{"href":"https:\/\/vitamin.coredesign.hu\/index.php?rest_route=%2Fwp%2Fv2%2Fmedia&parent=5502"}],"wp:term":[{"taxonomy":"product_cat","embeddable":true,"href":"https:\/\/vitamin.coredesign.hu\/index.php?rest_route=%2Fwp%2Fv2%2Fproduct_cat&post=5502"},{"taxonomy":"product_tag","embeddable":true,"href":"https:\/\/vitamin.coredesign.hu\/index.php?rest_route=%2Fwp%2Fv2%2Fproduct_tag&post=5502"}],"curies":[{"name":"wp","href":"https:\/\/api.w.org\/{rel}","templated":true}]}}