{"id":5499,"date":"2025-10-12T12:28:22","date_gmt":"2025-10-12T10:28:22","guid":{"rendered":"https:\/\/vitamin.coredesign.hu\/?product=bioco-tozegafonya-extra-tabletta-60db"},"modified":"2026-01-08T23:26:03","modified_gmt":"2026-01-08T22:26:03","slug":"bioco-tozegafonya-extra-tabletta-60db","status":"publish","type":"product","link":"https:\/\/vitamin.coredesign.hu\/?product=bioco-tozegafonya-extra-tabletta-60db","title":{"rendered":"BioCo t\u0151zeg\u00e1fonya extra tabletta \u2013 60db"},"content":{"rendered":"<p>&nbsp;<\/p>\n<div id=\"lt-accessibility-devtools\" aria-hidden=\"true\"><\/div>\n<p>Magas d\u00f3zis\u00fa, tablett\u00e1nk\u00e9nt 500 mg t\u0151zeg\u00e1fonya-kivonatot tartalmaz\u00f3 k\u00e9sz\u00edtm\u00e9ny keser\u0171naranccsal \u00e9s C-vitaminnal. Felf\u00e1z\u00e1s, h\u00fagy\u00fati fert\u0151z\u00e9s eset\u00e9n aj\u00e1nlott a t\u00fcnetek cs\u00f6kkent\u00e9s\u00e9re, illetve visszat\u00e9r\u0151 fert\u0151z\u00e9sek megel\u0151z\u00e9sre.<\/p>\n<h2>BioCo t\u0151zeg\u00e1fonya extra tabletta<\/h2>\n<p>Azok sz\u00e1m\u00e1ra, akik gyakran felf\u00e1znak, visszat\u00e9r\u0151 h\u00fagy\u00fati fert\u0151z\u00e9st\u0151l szenvednek, a t\u0151zeg\u00e1fonya k\u00faraszer\u0171 fogyaszt\u00e1sa nagyon hasznos lehet. Ez a gy\u00f3gyn\u00f6v\u00e9ny olyan vegy\u00fcleteket tartalmaz, amelyek megg\u00e1tolj\u00e1k a k\u00f3rokoz\u00f3k megtapad\u00e1s\u00e1t a h\u00fagyutakban, cs\u00f6kkentik a f\u00e1jdalmat, a gyullad\u00e1st, felgyors\u00edtj\u00e1k a gy\u00f3gyul\u00e1si folyamatot.<\/p>\n<p>A t\u0151zeg\u00e1fonya gy\u00f3gyszeres kezel\u00e9s, antibiotikum szed\u00e9se mellett is alkalmazhat\u00f3. Nemcsak a m\u00e1r kialakult gyullad\u00e1s, fert\u0151z\u00e9s t\u00fcneteinek enyh\u00edt\u00e9s\u00e9re aj\u00e1nlott, de megel\u0151z\u00e9sre is \u00e9rdemes fogyasztani. A tablett\u00e1ban a t\u0151zeg\u00e1fonya mellett immuner\u0151s\u00edt\u0151, a fert\u0151z\u00e9sekkel szembeni ellen\u00e1ll\u00f3 k\u00e9pess\u00e9get n\u00f6vel\u0151 C-vitamin \u00e9s keser\u0171narancs is tal\u00e1lhat\u00f3.<\/p>\n<p>A BioCo k\u00e9sz\u00edtm\u00e9nye magas d\u00f3zis\u00fa, tablett\u00e1nk\u00e9nt 500 mg t\u0151zeg\u00e1fonya-kivonatot tartalmaz, amely megfelel 5000 mg sz\u00e1r\u00edtott t\u0151zeg\u00e1fonya \u0151rlem\u00e9ny\u00e9nek.<\/p>\n<h3>Mikor aj\u00e1nlott a BioCo T\u0151zeg\u00e1fonya EXTRA tabletta?<\/h3>\n<ul>\n<li>h\u00f3lyaggyullad\u00e1s eset\u00e9n<\/li>\n<li>coli okozta h\u00fagy\u00fati fert\u0151z\u00e9sre<\/li>\n<li>visszat\u00e9r\u0151 h\u00fagy\u00fati fert\u0151z\u00e9sek megel\u0151z\u00e9s\u00e9re<\/li>\n<li>gyakori vizel\u00e9s ingern\u00e9l<\/li>\n<li>f\u00e1jdalmas vizel\u00e9sn\u00e9l<\/li>\n<li>inkontinenci\u00e1n\u00e1l<\/li>\n<li>kat\u00e9terez\u00e9sn\u00e9l (a fert\u0151z\u00e9sek megel\u0151z\u00e9s\u00e9re)<\/li>\n<\/ul>\n<h3>Hat\u00f3anyagok 1 tablett\u00e1ban:<\/h3>\n<ul>\n<li>T\u0151zeg\u00e1fonya-kivonat 500 mg<\/li>\n<li>Citrus-bioflavonoidok 20 mg<br \/>\namelyb\u0151l heszperidin min. 18 mg<\/li>\n<li>C-vitamin 20 mg (25 NRV%*)<\/li>\n<\/ul>\n<p>*NRV%: Vitaminok \u00e9s \u00e1sv\u00e1nyi anyagok napi beviteli referencia\u00e9rt\u00e9ke %-ban (feln\u0151ttek eset\u00e9ben)<\/p>\n<h3>\u00d6sszetev\u0151k:<\/h3>\n<p>T\u0151zeg\u00e1fonya-kivonat (500 mg\/tabletta); f\u00e9nyez\u0151anyag (zs\u00edrsavak); keser\u0171narancs-kivonat (26 mg\/tabletta); L-aszkorbinsav; csom\u00f3sod\u00e1st g\u00e1tl\u00f3 (szil\u00edcium-dioxid).<\/p>\n<h3>Felhaszn\u00e1l\u00e1si javaslat:<\/h3>\n<p>A BioCo T\u0151zeg\u00e1fonya EXTRA k\u00e9sz\u00edtm\u00e9ny napi aj\u00e1nlott adagja 1-2 tabletta, b\u0151 folyad\u00e9kkal kell lenyelni.<\/p>\n","protected":false},"excerpt":{"rendered":"<p>Magas d\u00f3zis\u00fa, tablett\u00e1nk\u00e9nt 500 mg t\u0151zeg\u00e1fonya-kivonatot tartalmaz\u00f3 k\u00e9sz\u00edtm\u00e9ny keser\u0171naranccsal \u00e9s C-vitaminnal. Felf\u00e1z\u00e1s, h\u00fagy\u00fati fert\u0151z\u00e9s eset\u00e9n aj\u00e1nlott a t\u00fcnetek cs\u00f6kkent\u00e9s\u00e9re, illetve visszat\u00e9r\u0151 fert\u0151z\u00e9sek megel\u0151z\u00e9sre.<\/p>\n","protected":false},"featured_media":5500,"comment_status":"closed","ping_status":"open","template":"","meta":[],"product_cat":[61],"product_tag":[],"class_list":{"0":"post-5499","1":"product","2":"type-product","3":"status-publish","4":"has-post-thumbnail","6":"product_brand-bioco","7":"product_cat-etrend-kiegeszitok","9":"first","10":"instock","11":"purchasable","12":"product-type-simple"},"_links":{"self":[{"href":"https:\/\/vitamin.coredesign.hu\/index.php?rest_route=\/wp\/v2\/product\/5499","targetHints":{"allow":["GET"]}}],"collection":[{"href":"https:\/\/vitamin.coredesign.hu\/index.php?rest_route=\/wp\/v2\/product"}],"about":[{"href":"https:\/\/vitamin.coredesign.hu\/index.php?rest_route=\/wp\/v2\/types\/product"}],"replies":[{"embeddable":true,"href":"https:\/\/vitamin.coredesign.hu\/index.php?rest_route=%2Fwp%2Fv2%2Fcomments&post=5499"}],"wp:featuredmedia":[{"embeddable":true,"href":"https:\/\/vitamin.coredesign.hu\/index.php?rest_route=\/wp\/v2\/media\/5500"}],"wp:attachment":[{"href":"https:\/\/vitamin.coredesign.hu\/index.php?rest_route=%2Fwp%2Fv2%2Fmedia&parent=5499"}],"wp:term":[{"taxonomy":"product_cat","embeddable":true,"href":"https:\/\/vitamin.coredesign.hu\/index.php?rest_route=%2Fwp%2Fv2%2Fproduct_cat&post=5499"},{"taxonomy":"product_tag","embeddable":true,"href":"https:\/\/vitamin.coredesign.hu\/index.php?rest_route=%2Fwp%2Fv2%2Fproduct_tag&post=5499"}],"curies":[{"name":"wp","href":"https:\/\/api.w.org\/{rel}","templated":true}]}}