{"id":5497,"date":"2025-10-12T12:28:22","date_gmt":"2025-10-12T10:28:22","guid":{"rendered":"https:\/\/vitamin.coredesign.hu\/?product=bioco-200-vitality-multivitamin-dupla-filmtabletta-100db"},"modified":"2026-01-08T23:26:02","modified_gmt":"2026-01-08T22:26:02","slug":"bioco-200-vitality-multivitamin-dupla-filmtabletta-100db","status":"publish","type":"product","link":"https:\/\/vitamin.coredesign.hu\/?product=bioco-200-vitality-multivitamin-dupla-filmtabletta-100db","title":{"rendered":"BioCo 200% Vitality Multivitamin Dupla filmtabletta \u2013 100db"},"content":{"rendered":"<p>&nbsp;<\/p>\n<div id=\"lt-accessibility-devtools\" aria-hidden=\"true\"><\/div>\n<p>Minden vitaminb\u00f3l a napi sz\u00fcks\u00e9ges referencia\u00e9rt\u00e9k 200%-\u00e1t tartalmaz\u00f3 multivitamin-k\u00e9sz\u00edtm\u00e9ny. Extra hat\u00e9kony vitaminp\u00f3tl\u00e1st, immunt\u00e1mogat\u00e1st biztos\u00edt, a tablett\u00e1kban 13-f\u00e9le vitamin \u00e9s 10-f\u00e9le \u00e1sv\u00e1nyi anyag tal\u00e1lhat\u00f3.<\/p>\n<h2>BioCo 200% Vitality Multivitamin Dupla filmtabletta<\/h2>\n<p>A k\u00e9sz\u00edtm\u00e9ny minden fontos vitamint \u00e9s \u00e1sv\u00e1nyi anyagot tartalmaz, amelyek sz\u00fcks\u00e9gesek az immunrendszer \u00e9s az idegrendszer megfelel\u0151 m\u0171k\u00f6d\u00e9s\u00e9hez, a hi\u00e1nybetegs\u00e9gek megel\u0151z\u00e9s\u00e9hez, a kiegyens\u00falyozott k\u00f6z\u00e9rzethez, a csontok, a porcok \u00e9s az \u00edz\u00fcletek er\u0151ss\u00e9g\u00e9hez, a fert\u0151z\u00e9sekkel szembeni ellen\u00e1ll\u00f3 k\u00e9pess\u00e9g, valamint az er\u0151nl\u00e9t \u00e9s a teljes\u00edt\u0151k\u00e9pess\u00e9g n\u00f6vel\u00e9s\u00e9hez. Dupla vitaminmennyis\u00e9gben!<\/p>\n<p>K\u00fcl\u00f6n\u00f6sen aj\u00e1nlott fokozott vitamin- \u00e9s \u00e1sv\u00e1nyianyag-sz\u00fcks\u00e9gletkor, p\u00e9ld\u00e1ul betegs\u00e9g, m\u0171t\u00e9t ut\u00e1ni l\u00e1badoz\u00e1skor, legyeng\u00fclt immunrendszer t\u00e1mogat\u00e1s\u00e1ra, gyakori betegesked\u00e9s, visszat\u00e9r\u0151 fert\u0151z\u00e9sek vagy felsz\u00edv\u00f3d\u00e1si zavarok eset\u00e9n.<\/p>\n<p>A BioCo k\u00e9sz\u00edtm\u00e9nye 13-f\u00e9le vitamint \u00e9s 10-f\u00e9le \u00e1sv\u00e1nyi anyagot tartalmaz, amelyek t\u00f6bbs\u00e9ge kiv\u00e1l\u00f3 hasznosul\u00e1s\u00fa szerves form\u00e1ban van jelen. A magn\u00e9zium krist\u00e1lytiszta tengerv\u00edzb\u0151l nyert. Glut\u00e9nmentes, lakt\u00f3zmentes, tit\u00e1n-dioxid-mentes term\u00e9k.<\/p>\n<h3>Mikor aj\u00e1nlott a BioCo 200% Multivitamin DUPLA filmtabletta?<\/h3>\n<ul>\n<li>fokozott vitaminsz\u00fcks\u00e9glet eset\u00e9n<\/li>\n<li>\u00e1ltal\u00e1nos vitaminhi\u00e1ny megel\u0151z\u00e9s\u00e9re \u00e9s kezel\u00e9s\u00e9re<\/li>\n<li>\u00e1sv\u00e1nyianyag- \u00e9s nyomelemp\u00f3tl\u00e1sra<\/li>\n<li>gyakori betegesked\u00e9sn\u00e9l<\/li>\n<li>visszat\u00e9r\u0151 fert\u0151z\u00e9sekn\u00e9l<\/li>\n<li>j\u00e1rv\u00e1nyos id\u0151szakban megel\u0151z\u00e9s\u00e9re<\/li>\n<li>az immunrendszer megfelel\u0151 m\u0171k\u00f6d\u00e9s\u00e9nek t\u00e1mogat\u00e1sra<\/li>\n<li>a fert\u0151z\u00e9sekkel, betegs\u00e9gekkel szembeni v\u00e9dekez\u0151k\u00e9pess\u00e9g n\u00f6vel\u00e9s\u00e9re<\/li>\n<li>betegs\u00e9g, m\u0171t\u00e9t ut\u00e1ni l\u00e1badoz\u00e1s id\u0151szak\u00e1ban<\/li>\n<li>kimer\u00fclts\u00e9g, f\u00e1rad\u00e9konys\u00e1g ellen<\/li>\n<li>felsz\u00edv\u00f3d\u00e1si zavarokn\u00e1l<\/li>\n<\/ul>\n<h3>Hat\u00f3anyagok 1 tablett\u00e1ban:<\/h3>\n<ul>\n<li>A-vitamin 1600 \u03bcg RE** 200 NRV%*<\/li>\n<li>B1-vitamin\u00a0(tiamin) 2,2 mg 200 NRV%*<\/li>\n<li>B2-vitamin\u00a0(riboflavin) 2,8 mg 200 NRV%*<\/li>\n<li>B3-vitamin\u00a0(niacin) 32 mg 200 NRV%*<\/li>\n<li>B5-vitamin\u00a0(pantot\u00e9nsav) 12 mg 200 NRV%*<\/li>\n<li>B6-vitamin\u00a0(piridoxin) 2,8 mg 200 NRV%*<\/li>\n<li>B12-vitamin 5\u00a0\u03bcg 200 NRV%*<\/li>\n<li>Folsav 400\u00a0\u03bcg 200 NRV%*<\/li>\n<li>Biotin 100\u00a0\u03bcg 200 NRV%*<\/li>\n<li>C-vitamin 160 mg 200 NRV%*<\/li>\n<li>D3-vitamin 10\u00a0\u03bcg 200 NRV%*<\/li>\n<li>E-vitamin 24 mg 200 NRV%*<\/li>\n<li>K1-vitamin 150\u00a0\u03bcg 200 NRV%*<\/li>\n<li>Kalcium 200 mg 25 NRV%*<\/li>\n<li>Foszfor 155 mg 22,1 NRV%*<\/li>\n<li>Magn\u00e9zium\u00a0(tengerv\u00edzb\u0151l nyert) 100 mg 26,7 NRV%*<\/li>\n<li>Vas\u00a0(szerves form\u00e1ban) 7 mg 50 NRV%*<\/li>\n<li>Cink\u00a0(szerves form\u00e1ban) 15 mg 150 NRV%*<\/li>\n<li>R\u00e9z\u00a0(szerves form\u00e1ban) 1 mg 100 NRV%*<\/li>\n<li>Mang\u00e1n 2 mg 100 NRV%*<\/li>\n<li>Szel\u00e9n\u00a0(szerves form\u00e1ban) 55 \u03bcg 100 NRV%*<\/li>\n<li>Kr\u00f3m\u00a0(szerves form\u00e1ban) 40\u00a0\u03bcg 100 NRV%*<\/li>\n<li>J\u00f3d 100\u00a0\u03bcg 66,7 NRV%*<\/li>\n<\/ul>\n<p>*NRV%: Vitaminok \u00e9s \u00e1sv\u00e1nyi anyagok napi beviteli referencia\u00e9rt\u00e9ke %-ban (feln\u0151ttek eset\u00e9ben)<\/p>\n<p>**RE = Retinol Ekvivalens<\/p>\n<h3>\u00d6sszetev\u0151k:<\/h3>\n<p>Kalcium ortofoszforsavval alkotott s\u00f3i; tengerv\u00edzb\u0151l nyert magn\u00e9zium-hidroxid; L-aszkorbinsav; cink-citr\u00e1t; f\u00e9nyez\u0151anyagok (zs\u00edrsavak, polivinil-alkohol, polietil\u00e9nglikol); DL-alfa-tokoferil-acet\u00e1t; nikotinamid; vas(II)-fumar\u00e1t; t\u00f6megn\u00f6vel\u0151 szer (mikrokrist\u00e1lyos cellul\u00f3z);<br \/>\nkalcium-D-pantoten\u00e1t; csom\u00f3sod\u00e1st g\u00e1tl\u00f3k (szil\u00edcium- dioxid, zs\u00edrsavak magn\u00e9ziums\u00f3i); r\u00e9z(II)-gl\u00fckon\u00e1t; mang\u00e1n-szulf\u00e1t; piridoxin-hidroklorid; sz\u00ednez\u00e9kek (vas-oxidok); riboflavin; tiamin-mononitr\u00e1t; retinil-acet\u00e1t; pteroilmonoglutaminsav (folsav); kr\u00f3m(III)-pikolin\u00e1t; fitomenadion; k\u00e1lium-jod\u00e1t; L-szelenometionin; D-biotin; kolekalciferol; cianokobalamin.<\/p>\n<h3>Felhaszn\u00e1l\u00e1si javaslat:<\/h3>\n<p>A BioCo 200% Multivitamin DUPLA k\u00e9sz\u00edtm\u00e9ny napi aj\u00e1nlott adagja 1 tabletta, b\u0151 folyad\u00e9kkal kell lenyelni.<\/p>\n<h2>Figyelmeztet\u00e9s:<\/h2>\n<p>K-vitamin tartalma miatt a term\u00e9k fogyaszt\u00e1sa kumarin t\u00edpus\u00fa v\u00e9ralvad\u00e1sg\u00e1tl\u00f3t szed\u0151 egy\u00e9neknek nem javasolt. Az \u00e9trend-kieg\u00e9sz\u00edt\u0151 fogyaszt\u00e1sa nem helyettes\u00edti a kiegyens\u00falyozott, v\u00e1ltozatos, vegyes \u00e9trendet \u00e9s az eg\u00e9szs\u00e9ges \u00e9letm\u00f3dot. A k\u00e9sz\u00edtm\u00e9nyt tartsa gyermekekt\u0151l elz\u00e1rva! A napi aj\u00e1nlott mennyis\u00e9get ne l\u00e9pje t\u00fal! Ne szedje a k\u00e9sz\u00edtm\u00e9nyt, ha az \u00f6sszetev\u0151k b\u00e1rmelyik\u00e9re \u00e9rz\u00e9keny vagy allergi\u00e1s!<\/p>\n","protected":false},"excerpt":{"rendered":"<p>Minden vitaminb\u00f3l a napi sz\u00fcks\u00e9ges referencia\u00e9rt\u00e9k 200%-\u00e1t tartalmaz\u00f3 multivitamin-k\u00e9sz\u00edtm\u00e9ny. Extra hat\u00e9kony vitaminp\u00f3tl\u00e1st, immunt\u00e1mogat\u00e1st biztos\u00edt, a tablett\u00e1kban 13-f\u00e9le vitamin \u00e9s 10-f\u00e9le \u00e1sv\u00e1nyi anyag tal\u00e1lhat\u00f3.<\/p>\n","protected":false},"featured_media":5498,"comment_status":"closed","ping_status":"open","template":"","meta":[],"product_cat":[60],"product_tag":[],"class_list":{"0":"post-5497","1":"product","2":"type-product","3":"status-publish","4":"has-post-thumbnail","6":"product_brand-bioco","7":"product_cat-vitaminok","9":"first","10":"instock","11":"purchasable","12":"product-type-simple"},"_links":{"self":[{"href":"https:\/\/vitamin.coredesign.hu\/index.php?rest_route=\/wp\/v2\/product\/5497","targetHints":{"allow":["GET"]}}],"collection":[{"href":"https:\/\/vitamin.coredesign.hu\/index.php?rest_route=\/wp\/v2\/product"}],"about":[{"href":"https:\/\/vitamin.coredesign.hu\/index.php?rest_route=\/wp\/v2\/types\/product"}],"replies":[{"embeddable":true,"href":"https:\/\/vitamin.coredesign.hu\/index.php?rest_route=%2Fwp%2Fv2%2Fcomments&post=5497"}],"wp:featuredmedia":[{"embeddable":true,"href":"https:\/\/vitamin.coredesign.hu\/index.php?rest_route=\/wp\/v2\/media\/5498"}],"wp:attachment":[{"href":"https:\/\/vitamin.coredesign.hu\/index.php?rest_route=%2Fwp%2Fv2%2Fmedia&parent=5497"}],"wp:term":[{"taxonomy":"product_cat","embeddable":true,"href":"https:\/\/vitamin.coredesign.hu\/index.php?rest_route=%2Fwp%2Fv2%2Fproduct_cat&post=5497"},{"taxonomy":"product_tag","embeddable":true,"href":"https:\/\/vitamin.coredesign.hu\/index.php?rest_route=%2Fwp%2Fv2%2Fproduct_tag&post=5497"}],"curies":[{"name":"wp","href":"https:\/\/api.w.org\/{rel}","templated":true}]}}