{"id":5495,"date":"2025-10-12T12:28:22","date_gmt":"2025-10-12T10:28:22","guid":{"rendered":"https:\/\/vitamin.coredesign.hu\/?product=bioco-100-vegan-alga-kalcium-tengeri-magnezium-filmtabletta-60db"},"modified":"2026-01-08T23:26:01","modified_gmt":"2026-01-08T22:26:01","slug":"bioco-100-vegan-alga-kalcium-tengeri-magnezium-filmtabletta-60db","status":"publish","type":"product","link":"https:\/\/vitamin.coredesign.hu\/?product=bioco-100-vegan-alga-kalcium-tengeri-magnezium-filmtabletta-60db","title":{"rendered":"BioCo 100% VEGAN Alga Kalcium &#038; Tengeri Magn\u00e9zium filmtabletta \u2013 60db"},"content":{"rendered":"<p>&nbsp;<\/p>\n<div id=\"lt-accessibility-devtools\" aria-hidden=\"true\"><\/div>\n<p>Algaeredet\u0171 kalciumot, tengeri magn\u00e9ziumot, tov\u00e1bb\u00e1 7 \u00e1sv\u00e1nyi anyagot \u00e9s nyomelemet tartalmaz\u00f3 veg\u00e1n k\u00e9sz\u00edtm\u00e9ny. K\u00fcl\u00f6n\u00f6sen aj\u00e1nlott gyakori izomg\u00f6rcs\u00f6k, v\u00e9rnyom\u00e1sprobl\u00e9m\u00e1k, gyorsan roml\u00f3 fogak, illetve t\u00f6r\u00e9keny csontok eset\u00e9n.<\/p>\n<h2>BioCo 100% VEGAN Alga Kalcium &amp; Tengeri Magn\u00e9zium filmtabletta<\/h2>\n<p>A BioCo 100% VEGAN term\u00e9kcsal\u00e1d a min\u0151s\u00e9g garanci\u00e1ja a veg\u00e1n \u00e9letm\u00f3dot k\u00f6vet\u0151k sz\u00e1m\u00e1ra. A term\u00e9kekbe ker\u00fcl\u0151 valamennyi \u00f6sszetev\u0151t kiemelt gondoss\u00e1ggal v\u00e1logatt\u00e1k \u00e9s ellen\u0151rizt\u00e9k, amit a veg\u00e1n fogyaszt\u00f3k 100%-os biztons\u00e1ggal v\u00e1laszthatnak.<\/p>\n<p>A kalcium \u00e9s a magn\u00e9zium a csontok sz\u00e1m\u00e1ra a k\u00e9t legfontosabb \u00e1sv\u00e1nyi anyag, megfelel\u0151 p\u00f3tl\u00e1suk jelent\u0151sen cs\u00f6kkentheti a csontritkul\u00e1s kialakul\u00e1s\u00e1nak kock\u00e1zat\u00e1t. Az izmok \u00e9s az idegek eg\u00e9szs\u00e9ges m\u0171k\u00f6d\u00e9s\u00e9ben is kiemelt szerep\u00fck van, hi\u00e1nyuk eset\u00e9n k\u00e1rosodnak az izom- \u00e9s idegsejtek, gyakori izomg\u00f6rcs\u00f6k, v\u00e9gtagzsibbad\u00e1sok, sz\u00edvprobl\u00e9m\u00e1k l\u00e9phetnek fel.<\/p>\n<p>A BioCo k\u00e9sz\u00edtm\u00e9nye az algaeredet\u0171 kalcium \u00e9s a tengeri magn\u00e9zium mellett 7 tov\u00e1bbi n\u00e9lk\u00fcl\u00f6zhetetlen \u00e1sv\u00e1nyi anyagot \u00e9s nyomelemet tartalmaz. 100%-ban veg\u00e1n term\u00e9k!<\/p>\n<h3>Mikor aj\u00e1nlott a BioCo 100% VEGAN Alga Kalcium &amp; Tengeri Magn\u00e9zium filmtabletta?<\/h3>\n<ul>\n<li>term\u00e9szetes forr\u00e1s\u00fa kalcium- \u00e9s magn\u00e9ziump\u00f3tl\u00e1sra<\/li>\n<li>gyakori izomg\u00f6rcs\u00f6kre, v\u00e9gtagzsibbad\u00e1sokra<\/li>\n<li>magas vagy ingadoz\u00f3 v\u00e9rnyom\u00e1sra<\/li>\n<li>sz\u00edv- \u00e9s \u00e9rrendszeri probl\u00e9m\u00e1kra, megel\u0151z\u00e9sre<\/li>\n<li>csonter\u0151s\u00edt\u00e9sre, a csontritkul\u00e1s megel\u0151z\u00e9s\u00e9re<\/li>\n<li>gyorsan szuvasod\u00f3 fogakra<\/li>\n<li>f\u00e1rad\u00e9konys\u00e1g, kimer\u00fclts\u00e9g eset\u00e9n<\/li>\n<li>szorong\u00e1sra, stresszre<\/li>\n<li>feh\u00e9r foltos, t\u00f6redez\u0151 k\u00f6rm\u00f6kre<\/li>\n<\/ul>\n<h3>Hat\u00f3anyagok 2 tablett\u00e1ban:<\/h3>\n<ul>\n<li>Kalcium (algaeredet\u0171) 400 mg\u00a050 NRV%*<\/li>\n<li>Magn\u00e9zium (tengeri eredet\u0171) 200 mg 53,3 NRV%*<\/li>\n<li>Vas (szerves form\u00e1ban) 28 mg 200 NRV%*<\/li>\n<li>Cink (szerves form\u00e1ban) 10 mg 100 NRV%*<\/li>\n<li>R\u00e9z (szerves form\u00e1ban) 1000 \u03bcg 100 NRV%*<\/li>\n<li>Mang\u00e1n 2 mg 100 NRV%*<\/li>\n<li>Szel\u00e9n (szerves form\u00e1ban) 55 \u03bcg 100 NRV%*<\/li>\n<li>Kr\u00f3m (szerves form\u00e1ban) 40 \u03bcg 100 NRV%*<\/li>\n<li>J\u00f3d 150 \u03bcg 100 NRV%*<\/li>\n<\/ul>\n<p>*NRV%: Vitaminok \u00e9s \u00e1sv\u00e1nyi anyagok napi beviteli referencia\u00e9rt\u00e9ke %-ban (feln\u0151ttek eset\u00e9ben)<\/p>\n<h3>\u00d6sszetev\u0151k:<\/h3>\n<p>Tengeri alga (Lithothamnion calcareum); tengeri eredet\u0171 magn\u00e9zium-hidroxid; vas(II)-gl\u00fckon\u00e1t; f\u00e9nyez\u0151 anyag (zs\u00edrsavak, polivinil-alkohol, polietil\u00e9nglikol); cink-citr\u00e1t; r\u00e9z(II)-gl\u00fckon\u00e1t; mang\u00e1n-szulf\u00e1t; kr\u00f3m(III)-pikolin\u00e1t; k\u00e1lium-jod\u00e1t; L-szeleno-metionin.<\/p>\n<ul>\n<li>\u00daj, sz\u00ednez\u00e9kmentes NYEL\u00c9SK\u00d6NNY\u00cdT\u0150 bevonattal!<\/li>\n<li>tit\u00e1n-dioxid mentes<\/li>\n<\/ul>\n<h3>Felhaszn\u00e1l\u00e1si javaslat:<\/h3>\n<p>A BioCo 100% VEGAN Alga Kalcium &amp; Tengeri Magn\u00e9zium k\u00e9sz\u00edtm\u00e9ny napi aj\u00e1nlott adagja 2 tabletta, b\u0151 folyad\u00e9kkal kell lenyelni.<\/p>\n","protected":false},"excerpt":{"rendered":"<p>Algaeredet\u0171 kalciumot, tengeri magn\u00e9ziumot, tov\u00e1bb\u00e1 7 \u00e1sv\u00e1nyi anyagot \u00e9s nyomelemet tartalmaz\u00f3 veg\u00e1n k\u00e9sz\u00edtm\u00e9ny. K\u00fcl\u00f6n\u00f6sen aj\u00e1nlott gyakori izomg\u00f6rcs\u00f6k, v\u00e9rnyom\u00e1sprobl\u00e9m\u00e1k, gyorsan roml\u00f3 fogak, illetve t\u00f6r\u00e9keny csontok eset\u00e9n.<\/p>\n","protected":false},"featured_media":5496,"comment_status":"closed","ping_status":"open","template":"","meta":[],"product_cat":[73],"product_tag":[],"class_list":{"0":"post-5495","1":"product","2":"type-product","3":"status-publish","4":"has-post-thumbnail","6":"product_brand-bioco","7":"product_cat-arvanyi-anyagok","9":"first","10":"instock","11":"purchasable","12":"product-type-simple"},"_links":{"self":[{"href":"https:\/\/vitamin.coredesign.hu\/index.php?rest_route=\/wp\/v2\/product\/5495","targetHints":{"allow":["GET"]}}],"collection":[{"href":"https:\/\/vitamin.coredesign.hu\/index.php?rest_route=\/wp\/v2\/product"}],"about":[{"href":"https:\/\/vitamin.coredesign.hu\/index.php?rest_route=\/wp\/v2\/types\/product"}],"replies":[{"embeddable":true,"href":"https:\/\/vitamin.coredesign.hu\/index.php?rest_route=%2Fwp%2Fv2%2Fcomments&post=5495"}],"wp:featuredmedia":[{"embeddable":true,"href":"https:\/\/vitamin.coredesign.hu\/index.php?rest_route=\/wp\/v2\/media\/5496"}],"wp:attachment":[{"href":"https:\/\/vitamin.coredesign.hu\/index.php?rest_route=%2Fwp%2Fv2%2Fmedia&parent=5495"}],"wp:term":[{"taxonomy":"product_cat","embeddable":true,"href":"https:\/\/vitamin.coredesign.hu\/index.php?rest_route=%2Fwp%2Fv2%2Fproduct_cat&post=5495"},{"taxonomy":"product_tag","embeddable":true,"href":"https:\/\/vitamin.coredesign.hu\/index.php?rest_route=%2Fwp%2Fv2%2Fproduct_tag&post=5495"}],"curies":[{"name":"wp","href":"https:\/\/api.w.org\/{rel}","templated":true}]}}