{"id":5493,"date":"2025-10-12T12:27:45","date_gmt":"2025-10-12T10:27:45","guid":{"rendered":"https:\/\/vitamin.coredesign.hu\/?product=bioco-vadgesztenye-tabletta-80db"},"modified":"2026-01-08T23:25:55","modified_gmt":"2026-01-08T22:25:55","slug":"bioco-vadgesztenye-tabletta-80db","status":"publish","type":"product","link":"https:\/\/vitamin.coredesign.hu\/?product=bioco-vadgesztenye-tabletta-80db","title":{"rendered":"BioCo vadgesztenye tabletta \u2013 80db"},"content":{"rendered":"<p>&nbsp;<\/p>\n<div id=\"lt-accessibility-devtools\" aria-hidden=\"true\"><\/div>\n<p>Vadgesztenye- \u00e9s csal\u00e1nlev\u00e9l-kivonatot, valamint C-vitamint tartalmaz\u00f3 k\u00e9sz\u00edtm\u00e9ny. Els\u0151sorban a\u00a0\u00a0 l\u00e1bak fokozott terhel\u00e9se eset\u00e9n aj\u00e1nlott, a neh\u00e9zl\u00e1b-\u00e9rz\u00e9s enyh\u00edt\u00e9s\u00e9re, a visszerek cs\u00f6kkent\u00e9s\u00e9re, a kering\u00e9s jav\u00edt\u00e1s\u00e1ra.<\/p>\n<h2>BioCo vadgesztenye tabletta<\/h2>\n<p>A vadgeszteny\u00e9ben tal\u00e1lhat\u00f3 eszcinvegy\u00fclet er\u0151s gyullad\u00e1scs\u00f6kkent\u0151, \u00e9rstabiliz\u00e1l\u00f3 hat\u00e1s\u00fa. Cs\u00f6kkenti az \u00e9rfalak t\u00f6r\u00e9kenys\u00e9g\u00e9t, jav\u00edtja a v\u00e9n\u00e1s \u00e1raml\u00e1st. Az egyik leghat\u00e9konyabb gy\u00f3gyn\u00f6v\u00e9ny visszeres, duzzadt, elnehez\u00fclt l\u00e1bakra. Enyh\u00edti a neh\u00e9zl\u00e1b-\u00e9rz\u00e9st, cs\u00f6kkenti a kellemetlen h\u00faz\u00f3, fesz\u00edt\u0151 \u00e9rz\u00e9st, k\u00f6nnyebb mozg\u00e1st biztos\u00edt.<\/p>\n<p>Azok sz\u00e1m\u00e1ra aj\u00e1nlott els\u0151sorban, akiknek a l\u00e1ba fokozott terhel\u00e9snek van kit\u00e9ve, p\u00e9ld\u00e1ul \u00e1ll\u00f3- vagy \u00fcl\u0151munk\u00e1t v\u00e9geznek, jelent\u0151s t\u00fals\u00fallyal rendelkeznek, neh\u00e9z fizikai munka vagy akt\u00edv sporttev\u00e9kenys\u00e9g sor\u00e1n terhelik a l\u00e1bukat.<\/p>\n<p>A BioCo k\u00e9sz\u00edtm\u00e9nye eszcinben gazdag vadgesztenye-kivonatot, \u00e9rv\u00e9d\u0151, a kollag\u00e9ntermel\u00e9st serkent\u0151 C-vitamint is tartalmaz, tov\u00e1bb\u00e1 csal\u00e1nlevelet, amely er\u0151s v\u00e9rtisz\u00edt\u00f3 hat\u00e1s\u00fa, rugalmasan \u00e9s tiszt\u00e1n tartja az ereket, megakad\u00e1lyozhatja az \u00e9rfalakon a lerak\u00f3d\u00e1sokat. A tabletta mentes a mesters\u00e9ges sz\u00ednez\u00e9kekt\u0151l \u00e9s az \u00e1llati eredet\u0171 \u00f6sszetev\u0151kt\u0151l.<\/p>\n<h3>Mikor aj\u00e1nlott a BioCo Vadgesztenye tabletta?<\/h3>\n<ul>\n<li>\u00e1ll\u00f3- vagy \u00fcl\u0151munka miatt ig\u00e9nybe vett l\u00e1bakra<\/li>\n<li>jelent\u0151s t\u00fals\u00faly okozta terhel\u00e9sre<\/li>\n<li>visszeres, hajsz\u00e1leres, sepr\u0171v\u00e9n\u00e1s panaszokra<\/li>\n<li>bedagadt l\u00e1bakra, l\u00e1bfesz\u00fcl\u00e9sre<\/li>\n<li>neh\u00e9zl\u00e1b-\u00e9rz\u00e9s eset\u00e9n<\/li>\n<li>l\u00e1bfek\u00e9lyre, l\u00e1bg\u00f6rcs\u00f6kre<\/li>\n<li>\u00edz\u00fcleti gyullad\u00e1sra<\/li>\n<li>kering\u00e9si zavarokra<\/li>\n<li>\u00f6d\u00e9m\u00e1sod\u00e1sra<\/li>\n<li>id\u0151skori v\u00e9nagyenges\u00e9gre<\/li>\n<li>elsz\u00ednez\u0151d\u00f6tt b\u0151rre, pigmentfoltokra<\/li>\n<\/ul>\n<h3>Hat\u00f3anyagok 1 tablett\u00e1ban:<\/h3>\n<ul>\n<li>C-vitamin 80 mg (100 NRV%*)<\/li>\n<li>Vadgesztenye-kivonat 200 mg<br \/>\nebb\u0151l eszcintartalom 40 mg<\/li>\n<li>Csal\u00e1nlev\u00e9l-kivonat 100 mg<\/li>\n<\/ul>\n<p>*NRV%: Vitaminok \u00e9s \u00e1sv\u00e1nyi anyagok napi beviteli referencia\u00e9rt\u00e9ke %-ban (feln\u0151ttek eset\u00e9ben)<\/p>\n<h3>\u00d6sszetev\u0151k:<\/h3>\n<p>T\u00f6megn\u00f6vel\u0151 szer (mikrokrist\u00e1lyos cellul\u00f3z); maltodextrin; vadgesztenye-kivonat (200 mg\/tabletta); csal\u00e1nlev\u00e9l-kivonat (100 mg\/tabletta); L-aszkorbinsav; f\u00e9nyez\u0151anyag (zs\u00edrsavak); csom\u00f3sod\u00e1st g\u00e1tl\u00f3 (szil\u00edcium-dioxid).<\/p>\n<h3>Felhaszn\u00e1l\u00e1si javaslat:<\/h3>\n<p>A BioCo Vadgesztenye k\u00e9sz\u00edtm\u00e9ny napi aj\u00e1nlott adagja 1-tabletta, b\u0151 folyad\u00e9kkal kell lenyelni.<\/p>\n","protected":false},"excerpt":{"rendered":"<p>Vadgesztenye- \u00e9s csal\u00e1nlev\u00e9l-kivonatot, valamint C-vitamint tartalmaz\u00f3 k\u00e9sz\u00edtm\u00e9ny. Els\u0151sorban a\u00a0\u00a0 l\u00e1bak fokozott terhel\u00e9se eset\u00e9n aj\u00e1nlott, a neh\u00e9zl\u00e1b-\u00e9rz\u00e9s enyh\u00edt\u00e9s\u00e9re, a visszerek cs\u00f6kkent\u00e9s\u00e9re, a kering\u00e9s jav\u00edt\u00e1s\u00e1ra.<\/p>\n","protected":false},"featured_media":5494,"comment_status":"closed","ping_status":"open","template":"","meta":[],"product_cat":[61],"product_tag":[],"class_list":{"0":"post-5493","1":"product","2":"type-product","3":"status-publish","4":"has-post-thumbnail","6":"product_brand-bioco","7":"product_cat-etrend-kiegeszitok","9":"first","10":"instock","11":"purchasable","12":"product-type-simple"},"_links":{"self":[{"href":"https:\/\/vitamin.coredesign.hu\/index.php?rest_route=\/wp\/v2\/product\/5493","targetHints":{"allow":["GET"]}}],"collection":[{"href":"https:\/\/vitamin.coredesign.hu\/index.php?rest_route=\/wp\/v2\/product"}],"about":[{"href":"https:\/\/vitamin.coredesign.hu\/index.php?rest_route=\/wp\/v2\/types\/product"}],"replies":[{"embeddable":true,"href":"https:\/\/vitamin.coredesign.hu\/index.php?rest_route=%2Fwp%2Fv2%2Fcomments&post=5493"}],"wp:featuredmedia":[{"embeddable":true,"href":"https:\/\/vitamin.coredesign.hu\/index.php?rest_route=\/wp\/v2\/media\/5494"}],"wp:attachment":[{"href":"https:\/\/vitamin.coredesign.hu\/index.php?rest_route=%2Fwp%2Fv2%2Fmedia&parent=5493"}],"wp:term":[{"taxonomy":"product_cat","embeddable":true,"href":"https:\/\/vitamin.coredesign.hu\/index.php?rest_route=%2Fwp%2Fv2%2Fproduct_cat&post=5493"},{"taxonomy":"product_tag","embeddable":true,"href":"https:\/\/vitamin.coredesign.hu\/index.php?rest_route=%2Fwp%2Fv2%2Fproduct_tag&post=5493"}],"curies":[{"name":"wp","href":"https:\/\/api.w.org\/{rel}","templated":true}]}}