{"id":5491,"date":"2025-10-12T12:27:45","date_gmt":"2025-10-12T10:27:45","guid":{"rendered":"https:\/\/vitamin.coredesign.hu\/?product=bioco-szerves-magnezium-stop-b6-vitamin-60db"},"modified":"2026-01-08T23:48:39","modified_gmt":"2026-01-08T22:48:39","slug":"bioco-szerves-magnezium-stop-b6-vitamin-60db","status":"publish","type":"product","link":"https:\/\/vitamin.coredesign.hu\/?product=bioco-szerves-magnezium-stop-b6-vitamin-60db","title":{"rendered":"BioCo szerves magn\u00e9zium STOP B6-vitamin \u2013 60db"},"content":{"rendered":"<p>&nbsp;<\/p>\n<div id=\"lt-accessibility-devtools\" aria-hidden=\"true\"><\/div>\n<p>Kiz\u00e1r\u00f3lag szerves k\u00f6t\u00e9s\u0171 magn\u00e9ziumot tartalmaz\u00f3 k\u00e9sz\u00edtm\u00e9ny, B6-vitamin n\u00e9lk\u00fcl. Az idegrendszer \u00e9s az izmok megfelel\u0151 m\u0171k\u00f6d\u00e9s\u00e9nek t\u00e1mogat\u00e1s\u00e1ra, a csontok \u00e9s a fogak er\u0151ss\u00e9g\u00e9nek megtart\u00e1s\u00e1ra aj\u00e1nlott a szed\u00e9se.<\/p>\n<h2>BioCo szerves magn\u00e9zium STOP B6-vitamin<\/h2>\n<p>A magn\u00e9zium rendszeres p\u00f3tl\u00e1sa n\u00e9lk\u00fcl\u00f6zhetetlen az idegrendszer \u00e9s az izmok megfelel\u0151 m\u0171k\u00f6d\u00e9s\u00e9hez, k\u00f6zt\u00fck a sz\u00edvizom eg\u00e9szs\u00e9ges m\u0171k\u00f6d\u00e9s\u00e9hez is. Ha hossz\u00fat\u00e1von kev\u00e9s magn\u00e9ziumhoz jut a szervezet, az k\u00f6nnyen sz\u00edvprobl\u00e9m\u00e1khoz, gyakori izomg\u00f6rcs\u00f6kh\u00f6z, viselked\u00e9szavarokhoz, szorong\u00e1shoz, depresszi\u00f3hoz vagy alv\u00e1szavarokhoz vezethet.<\/p>\n<p>A magn\u00e9ziumbevitelre k\u00fcl\u00f6n\u00f6sen \u00fcgyelnie kell azoknak, akik fokozott stresszben \u00e9lnek, akt\u00edvan sportolnak, neh\u00e9z fizikai munk\u00e1t v\u00e9geznek, esetleg cukorbetegek, de terhess\u00e9g, szoptat\u00e1s alatt, illetve id\u0151sebb korban is megn\u00f6vekedhet a szervezet magn\u00e9ziumig\u00e9nye.<\/p>\n<p>A BioCo k\u00e9sz\u00edtm\u00e9nye kiz\u00e1r\u00f3lag szerves k\u00f6t\u00e9s\u0171, j\u00f3l hasznosul\u00f3 magn\u00e9zium-citr\u00e1tot tartalmaz, mentes a szervetlen vegy\u00fcletekt\u0151l, mint p\u00e9ld\u00e1ul a magn\u00e9zium-karbon\u00e1t vagy a magn\u00e9zium-oxid. Nincs benne B6-vitamin, ez\u00e9rt ide\u00e1lis v\u00e1laszt\u00e1s azok sz\u00e1m\u00e1ra, akik csak a magn\u00e9ziumot p\u00f3toln\u00e1k.<\/p>\n<h3>Mikor aj\u00e1nlott a BioCo szerves magn\u00e9zium STOP B6-vitamin?<\/h3>\n<ul>\n<li>a napi sz\u00fcks\u00e9ges magn\u00e9ziump\u00f3tl\u00e1shoz<\/li>\n<li>stresszes \u00e9letvitel eset\u00e9n<\/li>\n<li>megterhel\u0151 szellemi \u00e9s fizikai munkav\u00e9gz\u00e9sn\u00e9l<\/li>\n<li>gyakori izomg\u00f6rcs\u00f6kre, izomf\u00e1jdalmakra<\/li>\n<li>szapora sz\u00edvver\u00e9s, sz\u00edvritmuszavar jelentkez\u00e9s\u00e9n\u00e9l<\/li>\n<li>f\u00e1rad\u00e9konys\u00e1g, kimer\u00fclts\u00e9g eset\u00e9n<\/li>\n<li>roml\u00f3 koncentr\u00e1ci\u00f3n\u00e1l<\/li>\n<li>alv\u00e1sprobl\u00e9m\u00e1kn\u00e1l<\/li>\n<li>gyakori fejf\u00e1j\u00e1s, sz\u00e9d\u00fcl\u00e9s eset\u00e9n<\/li>\n<li>viselked\u00e9szavarokn\u00e1l<\/li>\n<li>lehangolts\u00e1gn\u00e1l, depresszi\u00f3n\u00e1l<\/li>\n<\/ul>\n<h3>Hat\u00f3anyagok 1 tablett\u00e1ban:<\/h3>\n<ul>\n<li>Magn\u00e9zium 100 mg (26,7 NRV%*)<\/li>\n<\/ul>\n<p>*NRV%: Vitaminok \u00e9s \u00e1sv\u00e1nyi anyagok napi beviteli referencia\u00e9rt\u00e9ke %-ban (feln\u0151ttek eset\u00e9ben)<\/p>\n<h3>\u00d6sszetev\u0151k:<\/h3>\n<p>Magn\u00e9zium-citr\u00e1t; t\u00f6megn\u00f6vel\u0151 szer (izomalt); f\u00e9nyez\u0151anyag (sztearinsav).<\/p>\n<h3>Felhaszn\u00e1l\u00e1si javaslat:<\/h3>\n<p>A BioCo szerves magn\u00e9zium STOP B6-vitamin k\u00e9sz\u00edtm\u00e9ny napi aj\u00e1nlott adagja 1-3 tabletta, b\u0151 folyad\u00e9kkal kell lenyelni.<\/p>\n","protected":false},"excerpt":{"rendered":"<p>Kiz\u00e1r\u00f3lag szerves k\u00f6t\u00e9s\u0171 magn\u00e9ziumot tartalmaz\u00f3 k\u00e9sz\u00edtm\u00e9ny, B6-vitamin n\u00e9lk\u00fcl. Az idegrendszer \u00e9s az izmok megfelel\u0151 m\u0171k\u00f6d\u00e9s\u00e9nek t\u00e1mogat\u00e1s\u00e1ra, a csontok \u00e9s a fogak er\u0151ss\u00e9g\u00e9nek megtart\u00e1s\u00e1ra aj\u00e1nlott a szed\u00e9se.<\/p>\n","protected":false},"featured_media":5492,"comment_status":"closed","ping_status":"closed","template":"","meta":[],"product_cat":[73,60],"product_tag":[],"class_list":{"0":"post-5491","1":"product","2":"type-product","3":"status-publish","4":"has-post-thumbnail","6":"product_brand-bioco","7":"product_cat-arvanyi-anyagok","8":"product_cat-vitaminok","10":"first","11":"instock","12":"purchasable","13":"product-type-simple"},"_links":{"self":[{"href":"https:\/\/vitamin.coredesign.hu\/index.php?rest_route=\/wp\/v2\/product\/5491","targetHints":{"allow":["GET"]}}],"collection":[{"href":"https:\/\/vitamin.coredesign.hu\/index.php?rest_route=\/wp\/v2\/product"}],"about":[{"href":"https:\/\/vitamin.coredesign.hu\/index.php?rest_route=\/wp\/v2\/types\/product"}],"replies":[{"embeddable":true,"href":"https:\/\/vitamin.coredesign.hu\/index.php?rest_route=%2Fwp%2Fv2%2Fcomments&post=5491"}],"wp:featuredmedia":[{"embeddable":true,"href":"https:\/\/vitamin.coredesign.hu\/index.php?rest_route=\/wp\/v2\/media\/5492"}],"wp:attachment":[{"href":"https:\/\/vitamin.coredesign.hu\/index.php?rest_route=%2Fwp%2Fv2%2Fmedia&parent=5491"}],"wp:term":[{"taxonomy":"product_cat","embeddable":true,"href":"https:\/\/vitamin.coredesign.hu\/index.php?rest_route=%2Fwp%2Fv2%2Fproduct_cat&post=5491"},{"taxonomy":"product_tag","embeddable":true,"href":"https:\/\/vitamin.coredesign.hu\/index.php?rest_route=%2Fwp%2Fv2%2Fproduct_tag&post=5491"}],"curies":[{"name":"wp","href":"https:\/\/api.w.org\/{rel}","templated":true}]}}