{"id":5489,"date":"2025-10-12T12:27:45","date_gmt":"2025-10-12T10:27:45","guid":{"rendered":"https:\/\/vitamin.coredesign.hu\/?product=bioco-ananasz-papaya-megapack-kivonat-100db"},"modified":"2026-01-08T23:25:53","modified_gmt":"2026-01-08T22:25:53","slug":"bioco-ananasz-papaya-megapack-kivonat-100db","status":"publish","type":"product","link":"https:\/\/vitamin.coredesign.hu\/?product=bioco-ananasz-papaya-megapack-kivonat-100db","title":{"rendered":"BioCo Anan\u00e1sz Papaya Megapack kivonat \u2013 100db"},"content":{"rendered":"<p>&nbsp;<\/p>\n<div id=\"lt-accessibility-devtools\" aria-hidden=\"true\"><\/div>\n<p>Anan\u00e1szt, papay\u00e1t, keser\u0171 narancsot, valamint kr\u00f3mot, cinket \u00e9s j\u00f3dot tartalmaz\u00f3 k\u00e9sz\u00edtm\u00e9ny, nagy kiszerel\u00e9s\u0171 MEGAPACK tablettacsomagban. K\u00fcl\u00f6n\u00f6sen aj\u00e1nlott fogy\u00f3k\u00far\u00e1s \u00e9trend kieg\u00e9sz\u00edt\u00e9s\u00e9re, a t\u00fals\u00faly lead\u00e1s\u00e1nak el\u0151seg\u00edt\u00e9s\u00e9re.<\/p>\n<h2>BioCo anan\u00e1sz papaya megapack<\/h2>\n<p>Az anan\u00e1sz \u00e9s a papaya olyan speci\u00e1lis feh\u00e9rjebont\u00f3 enzimeket tartalmaznak, amelyek rendk\u00edv\u00fcl gyorsan lebontj\u00e1k a feh\u00e9rj\u00e9ket, ler\u00f6vid\u00edtik az em\u00e9szt\u00e9s idej\u00e9t, ezzel jelent\u0151sen cs\u00f6kkentik a zs\u00edrok lerak\u00f3d\u00e1s\u00e1t. Az em\u00e9szt\u00e9sre is kifejezetten j\u00f3t\u00e9kony hat\u00e1ssal vannak; tiszt\u00edtj\u00e1k a b\u00e9lfalakat, helyre\u00e1ll\u00edtj\u00e1k a b\u00e9lfl\u00f3ra egyens\u00faly\u00e1t, ez\u00e9rt IBS, reflux vagy gyakori puffad\u00e1s, felf\u00fav\u00f3d\u00e1s eset\u00e9n is aj\u00e1nlott a fogyaszt\u00e1suk.<\/p>\n<p>Az anyagcsere-serkent\u0151 gy\u00fcm\u00f6lcskivonatok mellett a k\u00e9sz\u00edtm\u00e9ny kr\u00f3mot is tartalmaz, amely cs\u00f6kkenti az \u00e9tv\u00e1gyat, az \u00e9dess\u00e9g ut\u00e1ni v\u00e1gyat, normaliz\u00e1lja a v\u00e9rcukorszintet, fokozza a zs\u00edr\u00e9get\u00e9st. A fogy\u00e1ssal j\u00e1r\u00f3 izomveszt\u00e9st is megel\u0151zheti.<\/p>\n<p>A BioCo k\u00e9sz\u00edtm\u00e9nye nem tartalmaz mesters\u00e9ges sz\u00ednez\u00e9ket, sem \u00e1llati eredet\u0171 \u00f6sszetev\u0151ket, ez\u00e9rt veg\u00e1nok is szedhetik. A csomag nagy kiszerel\u00e9s\u0171, 100 db tablett\u00e1t tartalmaz.<\/p>\n<h3>Mikor aj\u00e1nlott a BioCo Anan\u00e1sz kivonat papay\u00e1val MEGAPACK?<\/h3>\n<ul>\n<li>fogy\u00f3k\u00far\u00e1s \u00e9trend kieg\u00e9sz\u00edt\u00e9s\u00e9re<\/li>\n<li>a zs\u00edr\u00e9get\u00e9s, tests\u00falycs\u00f6kkent\u00e9s el\u0151seg\u00edt\u00e9s\u00e9re<\/li>\n<li>lass\u00fa anyagcsere serkent\u00e9s\u00e9re<\/li>\n<li>narancsb\u0151r cs\u00f6kkent\u00e9s\u00e9re<\/li>\n<li>em\u00e9szt\u00e9si panaszok megsz\u00fcntet\u00e9s\u00e9re<\/li>\n<li>gyomor\u00e9g\u00e9sre, gyomorfek\u00e9lyre<\/li>\n<li>haspuffad\u00e1sra, b\u00e9lgyullad\u00e1sra<\/li>\n<li>elh\u00faz\u00f3d\u00f3 sz\u00e9kreked\u00e9s, hasmen\u00e9s eset\u00e9n<\/li>\n<li>refluxos, IBS-es panaszokra<\/li>\n<\/ul>\n<h3>Hat\u00f3anyagok 2 tablett\u00e1ban:<\/h3>\n<ul>\n<li>Anan\u00e1szkivonat 300 mg<\/li>\n<li>Papayalev\u00e9l-kivonat 200 mg<\/li>\n<li>Keser\u0171narancs-kivonat 66,68 mg<\/li>\n<li>\u2013 amelyb\u0151l szinefrin 20 mg<\/li>\n<li>Szerves k\u00f6t\u00e9s\u0171 cink 10 mg\u00a0100 NRV%*<\/li>\n<li>Szerves k\u00f6t\u00e9s\u0171 kr\u00f3m 80 \u00b5g\u00a0200 NRV%*<\/li>\n<li>J\u00f3d 150 \u00b5g\u00a0100 NRV%*<\/li>\n<\/ul>\n<p>*NRV%: Vitaminok \u00e9s \u00e1sv\u00e1nyi anyagok napi beviteli referencia\u00e9rt\u00e9ke %-ban (feln\u0151ttek eset\u00e9ben)<\/p>\n<h3>\u00d6sszetev\u0151k:<\/h3>\n<p>T\u00f6megn\u00f6vel\u0151 szer (mikrokrist\u00e1lyos cellul\u00f3z); maltodextrin; anan\u00e1szgy\u00fcm\u00f6lcs-kivonat (150 mg\/tabletta); papayalev\u00e9l-kivonat (100 mg\/tabletta); f\u00e9nyez\u0151anyag (sztearinsav); keser\u0171narancsterm\u00e9s-kivonat (Citrus aurantium) 33,34 mg\/tabletta; csom\u00f3sod\u00e1st g\u00e1tl\u00f3k (szil\u00edcium-dioxid); cink-citr\u00e1t; kr\u00f3m(III)-pikolin\u00e1t; k\u00e1lium-jod\u00e1t.<\/p>\n<h3>Felhaszn\u00e1l\u00e1si javaslat:<\/h3>\n<p>A BioCo Anan\u00e1sz kivonat papay\u00e1val MEGAPACK k\u00e9sz\u00edtm\u00e9ny napi aj\u00e1nlott adagja 2 tabletta, \u00e9tkez\u00e9s ut\u00e1n, b\u0151 folyad\u00e9kkal kell lenyelni.<\/p>\n","protected":false},"excerpt":{"rendered":"<p>Anan\u00e1szt, papay\u00e1t, keser\u0171 narancsot, valamint kr\u00f3mot, cinket \u00e9s j\u00f3dot tartalmaz\u00f3 k\u00e9sz\u00edtm\u00e9ny, nagy kiszerel\u00e9s\u0171 MEGAPACK tablettacsomagban. K\u00fcl\u00f6n\u00f6sen aj\u00e1nlott fogy\u00f3k\u00far\u00e1s \u00e9trend kieg\u00e9sz\u00edt\u00e9s\u00e9re, a t\u00fals\u00faly lead\u00e1s\u00e1nak el\u0151seg\u00edt\u00e9s\u00e9re.<\/p>\n","protected":false},"featured_media":5490,"comment_status":"closed","ping_status":"open","template":"","meta":[],"product_cat":[61],"product_tag":[],"class_list":{"0":"post-5489","1":"product","2":"type-product","3":"status-publish","4":"has-post-thumbnail","6":"product_brand-bioco","7":"product_cat-etrend-kiegeszitok","9":"first","10":"instock","11":"purchasable","12":"product-type-simple"},"_links":{"self":[{"href":"https:\/\/vitamin.coredesign.hu\/index.php?rest_route=\/wp\/v2\/product\/5489","targetHints":{"allow":["GET"]}}],"collection":[{"href":"https:\/\/vitamin.coredesign.hu\/index.php?rest_route=\/wp\/v2\/product"}],"about":[{"href":"https:\/\/vitamin.coredesign.hu\/index.php?rest_route=\/wp\/v2\/types\/product"}],"replies":[{"embeddable":true,"href":"https:\/\/vitamin.coredesign.hu\/index.php?rest_route=%2Fwp%2Fv2%2Fcomments&post=5489"}],"wp:featuredmedia":[{"embeddable":true,"href":"https:\/\/vitamin.coredesign.hu\/index.php?rest_route=\/wp\/v2\/media\/5490"}],"wp:attachment":[{"href":"https:\/\/vitamin.coredesign.hu\/index.php?rest_route=%2Fwp%2Fv2%2Fmedia&parent=5489"}],"wp:term":[{"taxonomy":"product_cat","embeddable":true,"href":"https:\/\/vitamin.coredesign.hu\/index.php?rest_route=%2Fwp%2Fv2%2Fproduct_cat&post=5489"},{"taxonomy":"product_tag","embeddable":true,"href":"https:\/\/vitamin.coredesign.hu\/index.php?rest_route=%2Fwp%2Fv2%2Fproduct_tag&post=5489"}],"curies":[{"name":"wp","href":"https:\/\/api.w.org\/{rel}","templated":true}]}}