{"id":5487,"date":"2025-10-12T12:27:45","date_gmt":"2025-10-12T10:27:45","guid":{"rendered":"https:\/\/vitamin.coredesign.hu\/?product=bioco-granatalma-tabletta-80db"},"modified":"2026-01-08T23:25:52","modified_gmt":"2026-01-08T22:25:52","slug":"bioco-granatalma-tabletta-80db","status":"publish","type":"product","link":"https:\/\/vitamin.coredesign.hu\/?product=bioco-granatalma-tabletta-80db","title":{"rendered":"BioCo gr\u00e1n\u00e1talma tabletta \u2013 80db"},"content":{"rendered":"<p>&nbsp;<\/p>\n<div id=\"lt-accessibility-devtools\" aria-hidden=\"true\"><\/div>\n<p>Gr\u00e1n\u00e1talma-kivonatot, rezveratrolt, C-vitamint \u00e9s B-vitaminokat tartalmaz\u00f3 k\u00e9sz\u00edtm\u00e9ny. Magas v\u00e9rnyom\u00e1s, magas koleszterinszint, valamint sz\u00edv- \u00e9s \u00e9rrendszeri betegs\u00e9gekre val\u00f3 hajlam eset\u00e9n k\u00fcl\u00f6n\u00f6sen aj\u00e1nlott.<\/p>\n<h2>BioCo gr\u00e1n\u00e1talma kivonat vitaminokkal<\/h2>\n<p>A gr\u00e1n\u00e1talma rengeteg \u00e9rt\u00e9kes flavonoidot tartalmaz. Ezek antioxid\u00e1ns hat\u00e1s\u00fa n\u00f6v\u00e9nyi vegy\u00fcletek, amelyek megk\u00f6tik a szervezetben gyullad\u00e1sokat, sejtk\u00e1rosod\u00e1st okoz\u00f3 szabadgy\u00f6k\u00f6ket. Sokf\u00e9le betegs\u00e9g kialakul\u00e1s\u00e1nak kock\u00e1zat\u00e1t cs\u00f6kkenthetik; kiemelten v\u00e9dik a sz\u00edv- \u00e9s \u00e9rrendszert, n\u00f6velik a fert\u0151z\u00e9sekkel szembeni v\u00e9dekez\u0151k\u00e9pess\u00e9get.<\/p>\n<p>A gr\u00e1n\u00e1talma fogyaszt\u00e1sa nagyon hasznos lehet magas v\u00e9rnyom\u00e1s, magas koleszterinszint, \u00e9relmeszesed\u00e9s eset\u00e9n, mert hat\u00f3anyagai term\u00e9szetes \u00faton normaliz\u00e1lj\u00e1k a v\u00e9rnyom\u00e1st, cs\u00f6kkentik a k\u00e1ros koleszterint, tiszt\u00e1n tartj\u00e1k az ereket. Az idegrendszerre is j\u00f3t\u00e9kony hat\u00e1s\u00fa, n\u00f6veli a teljes\u00edt\u0151k\u00e9pess\u00e9get, \u00e9l\u00e9nk\u00edti a mem\u00f3ri\u00e1t, a koncentr\u00e1ci\u00f3t.<\/p>\n<p>A BioCo k\u00e9sz\u00edtm\u00e9ny a gr\u00e1n\u00e1talma-kivonat mellett a sz\u00edvet \u00e9s az ereket er\u0151s\u00edt\u0151 rezveratrolt, immunserkent\u0151 C-vitamint, v\u00e9rk\u00e9pz\u0151, idegv\u00e9d\u0151 folsavat \u00e9s tov\u00e1bbi energiz\u00e1l\u00f3 B-vitaminokat is tartalmaz. Mentes a mesters\u00e9ges sz\u00ednez\u00e9kekt\u0151l, \u00e1llati eredet\u0171 \u00f6sszetev\u0151kt\u0151l.<\/p>\n<h3>Mikor aj\u00e1nlott a BioCo Gr\u00e1n\u00e1talma kivonat vitaminokkal?<\/h3>\n<ul>\n<li>magas v\u00e9rnyom\u00e1sra<\/li>\n<li>magas koleszterinszintre<\/li>\n<li>\u00e9relmeszesed\u00e9sre<\/li>\n<li>sz\u00edv- \u00e9s \u00e9rrendszeri hajlam eset\u00e9n<\/li>\n<li>f\u00e1rad\u00e9konys\u00e1gra, kimer\u00fclts\u00e9gre<\/li>\n<li>a mem\u00f3ria \u00e9s a koncentr\u00e1ci\u00f3 serkent\u00e9s\u00e9re<\/li>\n<li>az immunrendszer megfelel\u0151 m\u0171k\u00f6d\u00e9s\u00e9nek t\u00e1mogat\u00e1s\u00e1ra<\/li>\n<li>visszat\u00e9r\u0151 fert\u0151z\u00e9sek, gyakori betegesked\u00e9s eset\u00e9n<\/li>\n<li>term\u00e9szetes gyullad\u00e1scs\u00f6kkent\u0151k\u00e9nt<\/li>\n<li>a b\u0151r rugalmass\u00e1g\u00e1nak meg\u0151rz\u00e9s\u00e9re<\/li>\n<\/ul>\n<h3>Hat\u00f3anyagok 2 tablett\u00e1ban:<\/h3>\n<ul>\n<li>Gr\u00e1n\u00e1talma-kivonat 600 mg<br \/>\nebb\u0151l ellagsavtartalom 240 mg<\/li>\n<li>Rezveratrol 10 mg<\/li>\n<li>B1-vitamin (tiamin) 1,1 mg (100 NRV%*)<\/li>\n<li>B2-vitamin (riboflavin) 1,4 mg (100 NRV%*)<\/li>\n<li>Folsav 200 \u03bcg (100 NRV%*)<\/li>\n<li>C-vitamin 80 mg (100 NRV%*)<\/li>\n<\/ul>\n<p>*NRV%: Vitaminok \u00e9s \u00e1sv\u00e1nyi anyagok napi beviteli referencia\u00e9rt\u00e9ke %-ban (feln\u0151ttek eset\u00e9ben)<\/p>\n<h3>\u00d6sszetev\u0151k:<\/h3>\n<p>Gr\u00e1n\u00e1talma-kivonat (300 mg\/tabletta); t\u00f6megn\u00f6vel\u0151 szer (mikrokrist\u00e1lyos cellul\u00f3z); maltodextrin; L-aszkorbinsav; f\u00e9nyez\u0151anyag (zs\u00edrsavak); csom\u00f3sod\u00e1st g\u00e1tl\u00f3 (talkum, szil\u00edcium-dioxid); rezveratrol (5 mg\/tabletta); riboflavin; tiamin-mononitr\u00e1t; folsav (pteroilmonoglutaminsav).<\/p>\n<h3>Felhaszn\u00e1l\u00e1si javaslat:<\/h3>\n<p>A BioCo Gr\u00e1n\u00e1talma kivonat vitaminokkal k\u00e9sz\u00edtm\u00e9ny napi aj\u00e1nlott adagja 2 tabletta, b\u0151 folyad\u00e9kkal kell lenyelni.<\/p>\n","protected":false},"excerpt":{"rendered":"<p>Gr\u00e1n\u00e1talma-kivonatot, rezveratrolt, C-vitamint \u00e9s B-vitaminokat tartalmaz\u00f3 k\u00e9sz\u00edtm\u00e9ny. Magas v\u00e9rnyom\u00e1s, magas koleszterinszint, valamint sz\u00edv- \u00e9s \u00e9rrendszeri betegs\u00e9gekre val\u00f3 hajlam eset\u00e9n k\u00fcl\u00f6n\u00f6sen aj\u00e1nlott.<\/p>\n","protected":false},"featured_media":5488,"comment_status":"closed","ping_status":"open","template":"","meta":[],"product_cat":[61],"product_tag":[],"class_list":{"0":"post-5487","1":"product","2":"type-product","3":"status-publish","4":"has-post-thumbnail","6":"product_brand-bioco","7":"product_cat-etrend-kiegeszitok","9":"first","10":"instock","11":"purchasable","12":"product-type-simple"},"_links":{"self":[{"href":"https:\/\/vitamin.coredesign.hu\/index.php?rest_route=\/wp\/v2\/product\/5487","targetHints":{"allow":["GET"]}}],"collection":[{"href":"https:\/\/vitamin.coredesign.hu\/index.php?rest_route=\/wp\/v2\/product"}],"about":[{"href":"https:\/\/vitamin.coredesign.hu\/index.php?rest_route=\/wp\/v2\/types\/product"}],"replies":[{"embeddable":true,"href":"https:\/\/vitamin.coredesign.hu\/index.php?rest_route=%2Fwp%2Fv2%2Fcomments&post=5487"}],"wp:featuredmedia":[{"embeddable":true,"href":"https:\/\/vitamin.coredesign.hu\/index.php?rest_route=\/wp\/v2\/media\/5488"}],"wp:attachment":[{"href":"https:\/\/vitamin.coredesign.hu\/index.php?rest_route=%2Fwp%2Fv2%2Fmedia&parent=5487"}],"wp:term":[{"taxonomy":"product_cat","embeddable":true,"href":"https:\/\/vitamin.coredesign.hu\/index.php?rest_route=%2Fwp%2Fv2%2Fproduct_cat&post=5487"},{"taxonomy":"product_tag","embeddable":true,"href":"https:\/\/vitamin.coredesign.hu\/index.php?rest_route=%2Fwp%2Fv2%2Fproduct_tag&post=5487"}],"curies":[{"name":"wp","href":"https:\/\/api.w.org\/{rel}","templated":true}]}}