{"id":5484,"date":"2025-10-12T12:27:45","date_gmt":"2025-10-12T10:27:45","guid":{"rendered":"https:\/\/vitamin.coredesign.hu\/?product=bioco-szepseg-extra-tabletta-60db"},"modified":"2026-01-08T23:25:51","modified_gmt":"2026-01-08T22:25:51","slug":"bioco-szepseg-extra-tabletta-60db","status":"publish","type":"product","link":"https:\/\/vitamin.coredesign.hu\/?product=bioco-szepseg-extra-tabletta-60db","title":{"rendered":"BioCo sz\u00e9ps\u00e9g extra tabletta \u2013 60db"},"content":{"rendered":"<p>&nbsp;<\/p>\n<div id=\"lt-accessibility-devtools\" aria-hidden=\"true\"><\/div>\n<p>Hialuronsavat, kollag\u00e9nt, sz\u0151l\u0151magkivonatot, valamint vitaminokat \u00e9s \u00e1sv\u00e1nyi anyagokat tartalmaz\u00f3 komplex k\u00e9sz\u00edtm\u00e9ny. Hat\u00f3anyagai hozz\u00e1j\u00e1rulnak a b\u0151r, a haj \u00e9s a k\u00f6rm\u00f6k eg\u00e9szs\u00e9g\u00e9nek helyre\u00e1ll\u00edt\u00e1s\u00e1hoz \u00e9s fenntart\u00e1s\u00e1hoz.<\/p>\n<h2>BioCo sz\u00e9ps\u00e9g extra tabletta<\/h2>\n<p>A sz\u00e9ps\u00e9gvitamin \u00fagy lett \u00f6ssze\u00e1ll\u00edtva, hogy tartalmazza mindazokat a fontos vitaminokat \u00e9s \u00e1sv\u00e1nyi anyagokat, amelyek sz\u00fcks\u00e9gesek a b\u0151r, a haj \u00e9s a k\u00f6rm\u00f6k eg\u00e9szs\u00e9g\u00e9nek helyre\u00e1ll\u00edt\u00e1s\u00e1hoz, fenntart\u00e1s\u00e1hoz. Kollag\u00e9n \u00e9s hialuronsav is tal\u00e1lhat\u00f3 benne, amelyek extra hidrat\u00e1l\u00e1st \u00e9s rugalmass\u00e1got biztos\u00edtanak a sz\u00f6veteknek.<\/p>\n<p>A kollag\u00e9n \u00e9s a hialuronsav term\u00e9szetes \u00faton is termel\u0151dik a szervezetben, de a kor el\u0151rehaladt\u00e1val egyre kisebb mennyis\u00e9gben, ez\u00e9rt cs\u00f6kken a b\u0151r nedvess\u00e9gtartalma, elvesz\u00edti rugalmass\u00e1g\u00e1t, r\u00e1ncosodni, foltosodni kezd. A haj \u00e9s a k\u00f6rm\u00f6k is t\u00f6r\u00e9kenyebb\u00e9, s\u00e9r\u00fcl\u00e9kenyebb\u00e9 v\u00e1lnak. A kollag\u00e9n \u00e9s a hialuronsav p\u00f3tl\u00e1s\u00e1val lass\u00edthat\u00f3k ezek az \u00f6reged\u00e9si folyamatok.<\/p>\n<p>A BioCo tablett\u00e1ja sz\u0151l\u0151magkivonatot is tartalmaz, amely fokozza a term\u00e9szetes kollag\u00e9ntermel\u0151d\u00e9st, rugalmasan tartja a b\u0151rt, k\u00e9slelteti a r\u00e1ncok kialakul\u00e1s\u00e1t. A k\u00e9sz\u00edtm\u00e9ny k\u00faraszer\u0171 fogyaszt\u00e1sa aj\u00e1nlott.<\/p>\n<h3>Mikor aj\u00e1nlott a BioCo Sz\u00e9ps\u00e9g EXTRA tabletta?<\/h3>\n<ul>\n<li>a b\u0151r, a haj \u00e9s a k\u00f6rm\u00f6k hidrat\u00e1l\u00e1s\u00e1ra, t\u00e1pl\u00e1l\u00e1s\u00e1ra<\/li>\n<li>megereszkedett b\u0151rre<\/li>\n<li>megl\u00e9v\u0151 r\u00e1ncok halv\u00e1ny\u00edt\u00e1s\u00e1ra<\/li>\n<li>laza k\u00f6t\u0151sz\u00f6vetekre<\/li>\n<li>hegek, stri\u00e1k \u00e1llapot\u00e1nak jav\u00edt\u00e1s\u00e1ra<\/li>\n<li>b\u0151rfoltokra, m\u00e1jfoltokra<\/li>\n<li>pattan\u00e1sos, gyulladt vagy kisz\u00e1radt, irrit\u00e1lt b\u0151rre<\/li>\n<li>fokozott hajhull\u00e1sra<\/li>\n<li>elv\u00e9konyod\u00f3 vagy t\u00f6redez\u0151 hajra<\/li>\n<li>korai \u0151sz\u00fcl\u00e9sre<\/li>\n<li>tart\u00e1s n\u00e9lk\u00fcli, gyenge hajra<\/li>\n<li>korp\u00e1sod\u00e1sra, zs\u00edros fejb\u0151rre<\/li>\n<li>t\u00f6redez\u0151, gyenge k\u00f6rm\u00f6kre<\/li>\n<\/ul>\n<h3>Hat\u00f3anyagok 2 tablett\u00e1ban:<\/h3>\n<ul>\n<li>A-vitamin 800 \u00b5g (100 NRV%*)<\/li>\n<li>B1-vitamin (tiamin) 2,2 mg (200 NRV%*)<\/li>\n<li>B2-vitamin (riboflavin) 2,8 mg (200 NRV%*)<\/li>\n<li>B3-vitamin (niacin) 24 mg (150 NRV%*)<\/li>\n<li>B5-vitamin (pantot\u00e9nsav) 24 mg (400 NRV%*)<\/li>\n<li>B6-vitamin (piridoxin) 1,4 mg (100 NRV%*)<\/li>\n<li>B12-vitamin (cianokobalamin) 2,5 \u00b5g (100 NRV%*)<\/li>\n<li>Biotin 200 \u00b5g (400 NRV%*)<\/li>\n<li>C-vitamin 80 mg (100 NRV%*)<\/li>\n<li>Cink 20 mg (200 NRV%*)<\/li>\n<li>Szel\u00e9n 55 \u00b5g (100 NRV%*)<\/li>\n<li>R\u00e9z 1000 \u00b5g (100 NRV%*)<\/li>\n<li>Hialuronsav 10 mg<\/li>\n<li>Kollag\u00e9n 100 mg<\/li>\n<li>Sz\u0151l\u0151magkivonat 100 mg<\/li>\n<li>\u2013 amelyb\u0151l proantocianidok 95 mg<\/li>\n<\/ul>\n<p>*NRV%: Vitaminok \u00e9s \u00e1sv\u00e1nyi anyagok napi beviteli referencia\u00e9rt\u00e9ke %-ban (feln\u0151ttek eset\u00e9ben)<\/p>\n<h3>\u00d6sszetev\u0151k:<\/h3>\n<p>T\u00f6megn\u00f6vel\u0151 szer (mikrokrist\u00e1lyos cellul\u00f3z); maltodextrin; kollag\u00e9n (haleredet\u0171); sz\u0151l\u0151magkivonat; L-aszkorbinsav; f\u00e9nyez\u0151anyag (sztearinsav); csom\u00f3sod\u00e1st g\u00e1tl\u00f3k (talkum, szil\u00edcium-dioxid); cink-citr\u00e1t; kalcium-D-pantoten\u00e1t; nikotinsavamid; n\u00e1trium-hialuron\u00e1t; r\u00e9z-gl\u00fckon\u00e1t; riboflavin; tiamin-mononitr\u00e1t; szachar\u00f3z; piridoxin-hidroklorid; zselatin; retinil-acet\u00e1t; m\u00f3dos\u00edtott \u00e9tkez\u00e9si kem\u00e9ny\u00edt\u0151; D-biotin; n\u00e1trium-szelenit; cianokobalamin.<\/p>\n<h3>Felhaszn\u00e1l\u00e1si javaslat:<\/h3>\n<p>A BioCo Sz\u00e9ps\u00e9g EXTRA k\u00e9sz\u00edtm\u00e9ny napi aj\u00e1nlott adagja 2 tabletta, b\u0151 folyad\u00e9kkel kell lenyelni.<\/p>\n","protected":false},"excerpt":{"rendered":"<p>Hialuronsavat, kollag\u00e9nt, sz\u0151l\u0151magkivonatot, valamint vitaminokat \u00e9s \u00e1sv\u00e1nyi anyagokat tartalmaz\u00f3 komplex k\u00e9sz\u00edtm\u00e9ny. Hat\u00f3anyagai hozz\u00e1j\u00e1rulnak a b\u0151r, a haj \u00e9s a k\u00f6rm\u00f6k eg\u00e9szs\u00e9g\u00e9nek helyre\u00e1ll\u00edt\u00e1s\u00e1hoz \u00e9s fenntart\u00e1s\u00e1hoz.<\/p>\n","protected":false},"featured_media":5485,"comment_status":"closed","ping_status":"open","template":"","meta":[],"product_cat":[80],"product_tag":[],"class_list":{"0":"post-5484","1":"product","2":"type-product","3":"status-publish","4":"has-post-thumbnail","6":"product_brand-bioco","7":"product_cat-kozmetikumok","9":"first","10":"instock","11":"purchasable","12":"product-type-simple"},"_links":{"self":[{"href":"https:\/\/vitamin.coredesign.hu\/index.php?rest_route=\/wp\/v2\/product\/5484","targetHints":{"allow":["GET"]}}],"collection":[{"href":"https:\/\/vitamin.coredesign.hu\/index.php?rest_route=\/wp\/v2\/product"}],"about":[{"href":"https:\/\/vitamin.coredesign.hu\/index.php?rest_route=\/wp\/v2\/types\/product"}],"replies":[{"embeddable":true,"href":"https:\/\/vitamin.coredesign.hu\/index.php?rest_route=%2Fwp%2Fv2%2Fcomments&post=5484"}],"wp:featuredmedia":[{"embeddable":true,"href":"https:\/\/vitamin.coredesign.hu\/index.php?rest_route=\/wp\/v2\/media\/5485"}],"wp:attachment":[{"href":"https:\/\/vitamin.coredesign.hu\/index.php?rest_route=%2Fwp%2Fv2%2Fmedia&parent=5484"}],"wp:term":[{"taxonomy":"product_cat","embeddable":true,"href":"https:\/\/vitamin.coredesign.hu\/index.php?rest_route=%2Fwp%2Fv2%2Fproduct_cat&post=5484"},{"taxonomy":"product_tag","embeddable":true,"href":"https:\/\/vitamin.coredesign.hu\/index.php?rest_route=%2Fwp%2Fv2%2Fproduct_tag&post=5484"}],"curies":[{"name":"wp","href":"https:\/\/api.w.org\/{rel}","templated":true}]}}