{"id":5480,"date":"2025-10-12T12:27:45","date_gmt":"2025-10-12T10:27:45","guid":{"rendered":"https:\/\/vitamin.coredesign.hu\/?product=bioco-magnezium-biszglicinat-bioaktiv-b6-megapack-90db"},"modified":"2026-01-08T23:25:49","modified_gmt":"2026-01-08T22:25:49","slug":"bioco-magnezium-biszglicinat-bioaktiv-b6-megapack-90db","status":"publish","type":"product","link":"https:\/\/vitamin.coredesign.hu\/?product=bioco-magnezium-biszglicinat-bioaktiv-b6-megapack-90db","title":{"rendered":"BioCo Magn\u00e9zium-biszglicin\u00e1t + bioakt\u00edv B6 Megapack \u2013 90db"},"content":{"rendered":"<p>&nbsp;<\/p>\n<div id=\"lt-accessibility-devtools\" aria-hidden=\"true\"><\/div>\n<p>\u00daj t\u00edpus\u00fa, teljesen reag\u00e1lt szerves magn\u00e9zium-biszglicin\u00e1tot \u00e9s bioakt\u00edv B6-vitamint tartalmaz\u00f3 k\u00e9sz\u00edtm\u00e9ny nagy kiszerel\u00e9s\u0171, MEGAPACK tablettacsomagban. Gyomork\u00edm\u00e9l\u0151, mentes a magn\u00e9zium-oxidt\u00f3l!<\/p>\n<h2>BioCo Magn\u00e9zium-biszglicin\u00e1t + bioakt\u00edv B6 Megapack<\/h2>\n<p>Ez a magn\u00e9ziumk\u00e9sz\u00edtm\u00e9ny azok sz\u00e1m\u00e1ra is megfelel\u0151 v\u00e1laszt\u00e1s, akikn\u00e9l a hagyom\u00e1nyos magn\u00e9ziumk\u00e9sz\u00edtm\u00e9nyek em\u00e9szt\u00e9si panaszokat, gyomor\u00e9g\u00e9st vagy hasmen\u00e9st okoznak. \u00daj t\u00edpus\u00fa, teljesen reag\u00e1lt (fully reacted), azaz a gy\u00e1rt\u00e1s sor\u00e1n keletkez\u0151 oxig\u00e9ngy\u00f6k\u00f6kt\u0151l teljesen megtiszt\u00edtott szerves magn\u00e9zium-biszglicin\u00e1tot tartalmaz. Nem okoz kellemetlen mell\u00e9khat\u00e1sokat, mint a szervetlen magn\u00e9ziumformul\u00e1k.<\/p>\n<p>A magn\u00e9zium rendszeres p\u00f3tl\u00e1sa n\u00e9lk\u00fcl\u00f6zhetetlen az idegrendszer \u00e9s az izmok megfelel\u0151 m\u0171k\u00f6d\u00e9s\u00e9hez, k\u00f6zt\u00fck a sz\u00edvizom eg\u00e9szs\u00e9ges m\u0171k\u00f6d\u00e9s\u00e9hez is. Ha hossz\u00fat\u00e1von kev\u00e9s magn\u00e9ziumhoz jut a szervezet, az k\u00f6nnyen sz\u00edvprobl\u00e9m\u00e1khoz, gyakori izomg\u00f6rcs\u00f6kh\u00f6z, viselked\u00e9szavarokhoz, szorong\u00e1shoz, depresszi\u00f3hoz vagy alv\u00e1szavarokhoz vezethet.<\/p>\n<p>A BioCo k\u00e9sz\u00edtm\u00e9nye a magn\u00e9zium-biszglicin\u00e1t mellett bioakt\u00edv B6-vitamint is tartalmaz, amely azonnali hasznosul\u00e1s\u00fa. Glut\u00e9nmentes, lakt\u00f3zmentes, sz\u00ednez\u00e9kmentes, veg\u00e1n term\u00e9k.<\/p>\n<h3>Mikor aj\u00e1nlott a BioCo Magn\u00e9zium-biszglicin\u00e1t + bioakt\u00edv B6 MEGAPACK?<\/h3>\n<ul>\n<li>a napi sz\u00fcks\u00e9ges magn\u00e9ziump\u00f3tl\u00e1shoz<\/li>\n<li>stresszes \u00e9letvitel eset\u00e9n<\/li>\n<li>megterhel\u0151 szellemi \u00e9s fizikai munkav\u00e9gz\u00e9sn\u00e9l<\/li>\n<li>gyakori izomg\u00f6rcs\u00f6kre, izomf\u00e1jdalmakra<\/li>\n<li>szapora sz\u00edvver\u00e9s, sz\u00edvritmuszavar jelentkez\u00e9s\u00e9n\u00e9l<\/li>\n<li>f\u00e1rad\u00e9konys\u00e1g, kimer\u00fclts\u00e9g eset\u00e9n<\/li>\n<li>roml\u00f3 koncentr\u00e1ci\u00f3n\u00e1l<\/li>\n<li>alv\u00e1sprobl\u00e9m\u00e1kn\u00e1l<\/li>\n<li>gyakori fejf\u00e1j\u00e1s, sz\u00e9d\u00fcl\u00e9s eset\u00e9n<\/li>\n<li>viselked\u00e9szavarokn\u00e1l<\/li>\n<li>lehangolts\u00e1gn\u00e1l, depresszi\u00f3n\u00e1l<\/li>\n<li>fogy\u00f3k\u00far\u00e1z\u00f3knak, speci\u00e1lis di\u00e9t\u00e1t tart\u00f3knak<\/li>\n<li>a v\u00e1rand\u00f3ss\u00e1g \u00e9s a szoptat\u00e1s id\u0151szak\u00e1ban<\/li>\n<\/ul>\n<h3>Hat\u00f3anyagok 1 tablett\u00e1ban:<\/h3>\n<ul>\n<li>Magn\u00e9zium-biszglicin\u00e1t (fullyreacted) 750 mg<br \/>\namelyb\u0151l magn\u00e9zium 75 mg (20 NRV%*)<\/li>\n<li>B6-vitamin (bioakt\u00edv piridox\u00e1l-5-foszf\u00e1t form\u00e1ban) 0,7 mg (50 NRV%*)<\/li>\n<\/ul>\n<p>*NRV%: Vitaminok \u00e9s \u00e1sv\u00e1nyi anyagok napi beviteli referencia\u00e9rt\u00e9ke %-ban (feln\u0151ttek eset\u00e9ben)<\/p>\n<h3>\u00d6sszetev\u0151k:<\/h3>\n<p>Magn\u00e9zium-biszglicin\u00e1t (fully reacted\/teljesen reag\u00e1lt form\u00e1ban); t\u00f6megn\u00f6vel\u0151 szer (mikrokrist\u00e1lyos cellul\u00f3z); f\u00e9nyez\u0151anyagok (zs\u00edrsavak); csom\u00f3sod\u00e1st g\u00e1tl\u00f3 anyag (szil\u00edcium-dioxid); piridox\u00e1l-5-foszf\u00e1t.<\/p>\n<h3>Felhaszn\u00e1l\u00e1si javaslat:<\/h3>\n<p>A BioCo Magn\u00e9zium-biszglicin\u00e1t + bioakt\u00edv B6 MEGAPACK k\u00e9sz\u00edtm\u00e9ny napi aj\u00e1nlott adagja 1-2 tabletta, \u00e9tkez\u00e9sek ut\u00e1n kell b\u0151 folyad\u00e9kkal lenyelni, id\u0151ben elosztva.<\/p>\n","protected":false},"excerpt":{"rendered":"<p>\u00daj t\u00edpus\u00fa, teljesen reag\u00e1lt szerves magn\u00e9zium-biszglicin\u00e1tot \u00e9s bioakt\u00edv B6-vitamint tartalmaz\u00f3 k\u00e9sz\u00edtm\u00e9ny nagy kiszerel\u00e9s\u0171, MEGAPACK tablettacsomagban. Gyomork\u00edm\u00e9l\u0151, mentes a magn\u00e9zium-oxidt\u00f3l!<\/p>\n","protected":false},"featured_media":5481,"comment_status":"closed","ping_status":"open","template":"","meta":[],"product_cat":[73],"product_tag":[],"class_list":{"0":"post-5480","1":"product","2":"type-product","3":"status-publish","4":"has-post-thumbnail","6":"product_brand-bioco","7":"product_cat-arvanyi-anyagok","9":"first","10":"instock","11":"purchasable","12":"product-type-simple"},"_links":{"self":[{"href":"https:\/\/vitamin.coredesign.hu\/index.php?rest_route=\/wp\/v2\/product\/5480","targetHints":{"allow":["GET"]}}],"collection":[{"href":"https:\/\/vitamin.coredesign.hu\/index.php?rest_route=\/wp\/v2\/product"}],"about":[{"href":"https:\/\/vitamin.coredesign.hu\/index.php?rest_route=\/wp\/v2\/types\/product"}],"replies":[{"embeddable":true,"href":"https:\/\/vitamin.coredesign.hu\/index.php?rest_route=%2Fwp%2Fv2%2Fcomments&post=5480"}],"wp:featuredmedia":[{"embeddable":true,"href":"https:\/\/vitamin.coredesign.hu\/index.php?rest_route=\/wp\/v2\/media\/5481"}],"wp:attachment":[{"href":"https:\/\/vitamin.coredesign.hu\/index.php?rest_route=%2Fwp%2Fv2%2Fmedia&parent=5480"}],"wp:term":[{"taxonomy":"product_cat","embeddable":true,"href":"https:\/\/vitamin.coredesign.hu\/index.php?rest_route=%2Fwp%2Fv2%2Fproduct_cat&post=5480"},{"taxonomy":"product_tag","embeddable":true,"href":"https:\/\/vitamin.coredesign.hu\/index.php?rest_route=%2Fwp%2Fv2%2Fproduct_tag&post=5480"}],"curies":[{"name":"wp","href":"https:\/\/api.w.org\/{rel}","templated":true}]}}