{"id":5476,"date":"2025-10-12T12:27:45","date_gmt":"2025-10-12T10:27:45","guid":{"rendered":"https:\/\/vitamin.coredesign.hu\/?product=bioco-ginzeng-tabletta-60db"},"modified":"2026-01-08T23:25:47","modified_gmt":"2026-01-08T22:25:47","slug":"bioco-ginzeng-tabletta-60db","status":"publish","type":"product","link":"https:\/\/vitamin.coredesign.hu\/?product=bioco-ginzeng-tabletta-60db","title":{"rendered":"BioCo ginzeng tabletta \u2013 60db"},"content":{"rendered":"<p>&nbsp;<\/p>\n<div id=\"lt-accessibility-devtools\" aria-hidden=\"true\"><\/div>\n<p>Panax ginseng gy\u00f6ker\u00e9nek kivonat\u00e1t tartalmaz\u00f3 k\u00e9sz\u00edtm\u00e9ny. Els\u0151sorban a ment\u00e1lis teljes\u00edtm\u00e9ny jav\u00edt\u00e1s\u00e1ra, koncentr\u00e1l\u00e1si \u00e9s mem\u00f3riazavarokra, a stressz, a f\u00e1radts\u00e1g cs\u00f6kkent\u00e9s\u00e9re aj\u00e1nlott a szed\u00e9se.<\/p>\n<h2>BioCo ginzeng kivonat<\/h2>\n<p>A ginzeng egy adaptog\u00e9n gy\u00f3gyn\u00f6v\u00e9ny, kiegyenl\u00edti a szervek m\u0171k\u00f6d\u00e9s\u00e9t. Ahol alulm\u0171k\u00f6d\u00e9s van, ott serkent\u0151 hat\u00e1s\u00fa, ahol t\u00falm\u0171k\u00f6d\u00e9s, ott cs\u00f6kkent\u0151. Nagyon hasznos fokozott stressz, szorong\u00e1s \u00e9s fesz\u00fclts\u00e9g eset\u00e9n, mert jelent\u0151sen megn\u00f6veli a szervezet stresszt\u0171r\u0151 k\u00e9pess\u00e9g\u00e9t.<\/p>\n<p>A ginzeng term\u00e9szetes \u00faton energiz\u00e1l, cs\u00f6kkenti a f\u00e1radts\u00e1got, kimer\u00fclts\u00e9get, n\u00f6veli a szellemi \u00e9s fizikai teljes\u00edtm\u00e9nyt. \u00c9l\u00e9nk\u00edti a mem\u00f3ri\u00e1t, a koncentr\u00e1ci\u00f3t, a kreativit\u00e1st, r\u00e1ad\u00e1sk\u00e9nt az endorfintermel\u00e9sre is hat\u00e1ssal van, ezzel jav\u00edtja a k\u00f6z\u00e9rzetet. Hozz\u00e1j\u00e1rul az immunrendszer megfelel\u0151 m\u0171k\u00f6d\u00e9s\u00e9hez, v\u00e9di a sz\u00edvet, az ereket, normaliz\u00e1lja a koleszterinszintet, a v\u00e9rcukorszintet. Kiv\u00e1l\u00f3 term\u00e9szetes libid\u00f3serkent\u0151 f\u00e9rfiak \u00e9s n\u0151k sz\u00e1m\u00e1ra is.<\/p>\n<p>A BioCo k\u00e9sz\u00edtm\u00e9nye a n\u00f6v\u00e9nyi \u0151rlem\u00e9nyekkel szemben koncentr\u00e1lt kivonat form\u00e1j\u00e1ban tartalmazza a panax ginsenget. A tablett\u00e1k nagy d\u00f3zisban tartalmazz\u00e1k f\u0151 hat\u00f3anyag\u00e1t, a ginsenosidokat. Sz\u00ednez\u00e9kmentes, veg\u00e1n term\u00e9k.<\/p>\n<h3>Mikor aj\u00e1nlott a BioCo Ginzeng kivonat tabletta?<\/h3>\n<ul>\n<li>nagy fesz\u00fclts\u00e9ggel j\u00e1r\u00f3 stresszes \u00e9letviteln\u00e9l<\/li>\n<li>gyakori szorong\u00e1sra, fesz\u00fclts\u00e9gre<\/li>\n<li>fokozott szellemi vagy fizikai ig\u00e9nybev\u00e9teln\u00e9l<\/li>\n<li>f\u00e1radts\u00e1g, kimer\u00fclts\u00e9g eset\u00e9n<\/li>\n<li>koncentr\u00e1ci\u00f3s \u00e9s mem\u00f3riazavarokn\u00e1l<\/li>\n<li>alv\u00e1sprobl\u00e9m\u00e1kn\u00e1l<\/li>\n<li>az immunrendszer megfelel\u0151 m\u0171k\u00f6d\u00e9s\u00e9nek t\u00e1mogat\u00e1s\u00e1ra<\/li>\n<li>magas v\u00e9rcukorszintre<\/li>\n<li>magas koleszterinszintre<\/li>\n<li>potencian\u00f6vel\u00e9sre, a libid\u00f3 helyre\u00e1ll\u00edt\u00e1s\u00e1ra<\/li>\n<\/ul>\n<h3>Hat\u00f3anyagok 1 tablett\u00e1ban:<\/h3>\n<ul>\n<li>Panax ginseng gy\u00f6ker\u00e9nek kivonata 266,67 mg<br \/>\namelyb\u0151l ginsenosid tartalom 8 mg<\/li>\n<\/ul>\n<h3>\u00d6sszetev\u0151k:<\/h3>\n<p>T\u00f6megn\u00f6vel\u0151 szer (mikrokrist\u00e1lyos cellul\u00f3z); panax ginseng gy\u00f6ker\u00e9nek kivonata (266,67 mg\/tabletta); maltodextrin; f\u00e9nyez\u0151anyag (zs\u00edrsavak); csom\u00f3sod\u00e1st g\u00e1tl\u00f3k (talkum, szil\u00edcium-dioxid).<\/p>\n<h3>Felhaszn\u00e1l\u00e1si javaslat:<\/h3>\n<p>A BioCo Ginzeng kivonat k\u00e9sz\u00edtm\u00e9ny napi aj\u00e1nlott adagja 1 tabletta, b\u0151 folyad\u00e9kkal kell lenyelni.<\/p>\n<p><strong>Figyelmeztet\u00e9s:<\/strong>\u00a0Fogyaszt\u00e1sa gyermekeknek, terhes n\u0151knek, szoptat\u00f3s any\u00e1knak, magas v\u00e9rnyom\u00e1sban szenved\u0151knek, sz\u00edvbetegeknek nem javasolt.<\/p>\n","protected":false},"excerpt":{"rendered":"<p>Panax ginseng gy\u00f6ker\u00e9nek kivonat\u00e1t tartalmaz\u00f3 k\u00e9sz\u00edtm\u00e9ny. Els\u0151sorban a ment\u00e1lis teljes\u00edtm\u00e9ny jav\u00edt\u00e1s\u00e1ra, koncentr\u00e1l\u00e1si \u00e9s mem\u00f3riazavarokra, a stressz, a f\u00e1radts\u00e1g cs\u00f6kkent\u00e9s\u00e9re aj\u00e1nlott a szed\u00e9se.<\/p>\n","protected":false},"featured_media":5477,"comment_status":"closed","ping_status":"open","template":"","meta":[],"product_cat":[61],"product_tag":[],"class_list":{"0":"post-5476","1":"product","2":"type-product","3":"status-publish","4":"has-post-thumbnail","6":"product_brand-bioco","7":"product_cat-etrend-kiegeszitok","9":"first","10":"instock","11":"purchasable","12":"product-type-simple"},"_links":{"self":[{"href":"https:\/\/vitamin.coredesign.hu\/index.php?rest_route=\/wp\/v2\/product\/5476","targetHints":{"allow":["GET"]}}],"collection":[{"href":"https:\/\/vitamin.coredesign.hu\/index.php?rest_route=\/wp\/v2\/product"}],"about":[{"href":"https:\/\/vitamin.coredesign.hu\/index.php?rest_route=\/wp\/v2\/types\/product"}],"replies":[{"embeddable":true,"href":"https:\/\/vitamin.coredesign.hu\/index.php?rest_route=%2Fwp%2Fv2%2Fcomments&post=5476"}],"wp:featuredmedia":[{"embeddable":true,"href":"https:\/\/vitamin.coredesign.hu\/index.php?rest_route=\/wp\/v2\/media\/5477"}],"wp:attachment":[{"href":"https:\/\/vitamin.coredesign.hu\/index.php?rest_route=%2Fwp%2Fv2%2Fmedia&parent=5476"}],"wp:term":[{"taxonomy":"product_cat","embeddable":true,"href":"https:\/\/vitamin.coredesign.hu\/index.php?rest_route=%2Fwp%2Fv2%2Fproduct_cat&post=5476"},{"taxonomy":"product_tag","embeddable":true,"href":"https:\/\/vitamin.coredesign.hu\/index.php?rest_route=%2Fwp%2Fv2%2Fproduct_tag&post=5476"}],"curies":[{"name":"wp","href":"https:\/\/api.w.org\/{rel}","templated":true}]}}