{"id":5471,"date":"2025-10-12T12:27:45","date_gmt":"2025-10-12T10:27:45","guid":{"rendered":"https:\/\/vitamin.coredesign.hu\/?product=bioco-rutin-50mg-100mg-c-vitamin-tabletta-90db"},"modified":"2026-01-08T23:25:45","modified_gmt":"2026-01-08T22:25:45","slug":"bioco-rutin-50mg-100mg-c-vitamin-tabletta-90db","status":"publish","type":"product","link":"https:\/\/vitamin.coredesign.hu\/?product=bioco-rutin-50mg-100mg-c-vitamin-tabletta-90db","title":{"rendered":"BioCo Rutin 50mg + 100mg C-vitamin tabletta \u2013 90db"},"content":{"rendered":"<p>&nbsp;<\/p>\n<div id=\"lt-accessibility-devtools\" aria-hidden=\"true\"><\/div>\n<p>Rutint \u00e9s C-vitamint (aszkorbinsavat) tartalmaz\u00f3 k\u00e9sz\u00edtm\u00e9ny. K\u00fcl\u00f6n\u00f6sen aj\u00e1nlott \u00e9rprobl\u00e9m\u00e1k eset\u00e9n, visszerekre, gyakori \u00ednyv\u00e9rz\u00e9sre, orrv\u00e9rz\u00e9sre, valamint rendszeresen doh\u00e1nyz\u00f3knak, fogamz\u00e1sg\u00e1tl\u00f3 tablett\u00e1t szed\u0151 n\u0151knek.<\/p>\n<h2>BioCo Rutin + C-vitamin tabletta<\/h2>\n<p>A rutin egy term\u00e9szetes vegy\u00fclet, a bioflavonoidok k\u00f6z\u00e9 tartozik, t\u00f6bbf\u00e9le \u00e9lelmiszerben megtal\u00e1lhat\u00f3, p\u00e9ld\u00e1ul a citrusf\u00e9l\u00e9kben. Er\u0151s antioxid\u00e1ns \u00e9s gyullad\u00e1scs\u00f6kkent\u0151 hat\u00e1s\u00fa, p\u00f3tl\u00e1sa kiemelten hasznos az \u00e9rfalak er\u0151s\u00edt\u00e9s\u00e9re, a v\u00e9rkering\u00e9s jav\u00edt\u00e1s\u00e1ra, a koleszterinszint cs\u00f6kkent\u00e9s\u00e9re, valamint az \u00edz\u00fcleti gyullad\u00e1s t\u00fcneteinek enyh\u00edt\u00e9s\u00e9re.<\/p>\n<p>A rutin a C-vitamin felsz\u00edv\u00f3d\u00e1s\u00e1t is el\u0151seg\u00edti, fokozza j\u00f3t\u00e9kony hat\u00e1s\u00e1t. Hozz\u00e1j\u00e1rul az elasztin \u00e9s a kollag\u00e9n termel\u0151d\u00e9s\u00e9hez, amelyek n\u00e9lk\u00fcl\u00f6zhetetlenek az erek rugalmass\u00e1g\u00e1nak meg\u0151rz\u00e9s\u00e9ben. A v\u00e9rr\u00f6g\u00f6k kialakul\u00e1s\u00e1nak megel\u0151z\u00e9s\u00e9hez is hozz\u00e1j\u00e1rul, nagym\u00e9rt\u00e9kben cs\u00f6kkentheti a stroke, az infarktus, a tromb\u00f3zis kock\u00e1zat\u00e1t.<\/p>\n<p>A BioCo Rutin + C-vitamin tablett\u00e1ja nem tartalmaz mesters\u00e9ges sz\u00ednez\u00e9ket, sem \u00e1llati eredet\u0171 \u00f6sszetev\u0151ket. Veg\u00e1nok is szedhetik.<\/p>\n<h3>Mikor aj\u00e1nlott a BioCo Rutin + C-vitamin tabletta?<\/h3>\n<ul>\n<li>hajsz\u00e1leres, visszeres, sepr\u0171v\u00e9n\u00e1s panaszokra<\/li>\n<li>bev\u00e9rz\u00e9sekre, v\u00e9ral\u00e1fut\u00e1sokra<\/li>\n<li>\u00ednygyullad\u00e1sra, gyakori \u00edny-, illetve orrv\u00e9rz\u00e9sre<\/li>\n<li>lass\u00fa sebgy\u00f3gyul\u00e1sra<\/li>\n<li>v\u00e9rkering\u00e9si probl\u00e9m\u00e1kra<\/li>\n<li>a sz\u00edv \u00e9s az \u00e9rrendszer eg\u00e9szs\u00e9g\u00e9nek t\u00e1mogat\u00e1s\u00e1ra<\/li>\n<li>er\u0151s fizikai megterhel\u00e9sn\u00e9l<\/li>\n<li>s\u00e9r\u00fcl\u00e9keny b\u0151rre<\/li>\n<li>magas koleszterinszintre<\/li>\n<li>\u00edz\u00fcleti gyullad\u00e1sra<\/li>\n<li>rendszeresen doh\u00e1nyz\u00f3knak<\/li>\n<li>fogamz\u00e1sg\u00e1tl\u00f3 gy\u00f3gyszert szed\u0151knek<\/li>\n<li>a napi sz\u00fcks\u00e9ges C-vitamin-p\u00f3tl\u00e1sra<\/li>\n<\/ul>\n<h3>Hat\u00f3anyagok 1 tablett\u00e1ban:<\/h3>\n<ul>\n<li>Rutin 50 mg<\/li>\n<li>C-vitamin 100 mg (125 NRV%*)<\/li>\n<\/ul>\n<p>*NRV%: Vitaminok \u00e9s \u00e1sv\u00e1nyi anyagok napi beviteli referencia\u00e9rt\u00e9ke %-ban (feln\u0151ttek eset\u00e9ben)<\/p>\n<h3>\u00d6sszetev\u0151k:<\/h3>\n<p>L-aszkorbinsav; rutin (50 mg\/tabletta); t\u00f6megn\u00f6vel\u0151 szer (mikrokrist\u00e1lyos cellul\u00f3z); maltodextrin; f\u00e9nyez\u0151anyag (zs\u00edrsavak); csom\u00f3sod\u00e1st g\u00e1tl\u00f3 (szil\u00edcium-dioxid).<\/p>\n<h3>Felhaszn\u00e1l\u00e1si javaslat:<\/h3>\n<p>A BioCo Rutin + C-vitamin k\u00e9sz\u00edtm\u00e9ny napi aj\u00e1nlott adagja 1 tabletta, b\u0151 folyad\u00e9kkal kell lenyelni.<\/p>\n","protected":false},"excerpt":{"rendered":"<p>Rutint \u00e9s C-vitamint (aszkorbinsavat) tartalmaz\u00f3 k\u00e9sz\u00edtm\u00e9ny. K\u00fcl\u00f6n\u00f6sen aj\u00e1nlott \u00e9rprobl\u00e9m\u00e1k eset\u00e9n, visszerekre, gyakori \u00ednyv\u00e9rz\u00e9sre, orrv\u00e9rz\u00e9sre, valamint rendszeresen doh\u00e1nyz\u00f3knak, fogamz\u00e1sg\u00e1tl\u00f3 tablett\u00e1t szed\u0151 n\u0151knek.<\/p>\n","protected":false},"featured_media":0,"comment_status":"closed","ping_status":"open","template":"","meta":[],"product_cat":[60],"product_tag":[],"class_list":{"0":"post-5471","1":"product","2":"type-product","3":"status-publish","5":"product_brand-bioco","6":"product_cat-vitaminok","8":"first","9":"instock","10":"purchasable","11":"product-type-simple"},"_links":{"self":[{"href":"https:\/\/vitamin.coredesign.hu\/index.php?rest_route=\/wp\/v2\/product\/5471","targetHints":{"allow":["GET"]}}],"collection":[{"href":"https:\/\/vitamin.coredesign.hu\/index.php?rest_route=\/wp\/v2\/product"}],"about":[{"href":"https:\/\/vitamin.coredesign.hu\/index.php?rest_route=\/wp\/v2\/types\/product"}],"replies":[{"embeddable":true,"href":"https:\/\/vitamin.coredesign.hu\/index.php?rest_route=%2Fwp%2Fv2%2Fcomments&post=5471"}],"wp:attachment":[{"href":"https:\/\/vitamin.coredesign.hu\/index.php?rest_route=%2Fwp%2Fv2%2Fmedia&parent=5471"}],"wp:term":[{"taxonomy":"product_cat","embeddable":true,"href":"https:\/\/vitamin.coredesign.hu\/index.php?rest_route=%2Fwp%2Fv2%2Fproduct_cat&post=5471"},{"taxonomy":"product_tag","embeddable":true,"href":"https:\/\/vitamin.coredesign.hu\/index.php?rest_route=%2Fwp%2Fv2%2Fproduct_tag&post=5471"}],"curies":[{"name":"wp","href":"https:\/\/api.w.org\/{rel}","templated":true}]}}