{"id":5467,"date":"2025-10-12T12:27:45","date_gmt":"2025-10-12T10:27:45","guid":{"rendered":"https:\/\/vitamin.coredesign.hu\/?product=bioco-pecsetviaszgomba-kivonat-tabletta-60db"},"modified":"2026-01-08T23:25:43","modified_gmt":"2026-01-08T22:25:43","slug":"bioco-pecsetviaszgomba-kivonat-tabletta-60db","status":"publish","type":"product","link":"https:\/\/vitamin.coredesign.hu\/?product=bioco-pecsetviaszgomba-kivonat-tabletta-60db","title":{"rendered":"BioCo Pecs\u00e9tviaszgomba kivonat tabletta \u2013 60db"},"content":{"rendered":"<p>&nbsp;<\/p>\n<div id=\"lt-accessibility-devtools\" aria-hidden=\"true\"><\/div>\n<p>Pecs\u00e9tviaszgomba (reishi, ganoderma) kivonat\u00e1t tartalmaz\u00f3 k\u00e9sz\u00edtm\u00e9ny. Els\u0151sorban az immunrendszer megfelel\u0151 m\u0171k\u00f6d\u00e9s\u00e9nek t\u00e1mogat\u00e1s\u00e1ra, legyeng\u00fclt szervezet feler\u0151s\u00edt\u00e9s\u00e9re, valamint a szellemi \u00e9s fizikai er\u0151nl\u00e9t n\u00f6vel\u00e9s\u00e9re aj\u00e1nlott.<\/p>\n<h2>BioCo Pecs\u00e9tviasz gomba kivonat tabletta<\/h2>\n<p>A pecs\u00e9tviaszgomba (reishi, ganoderma) az egyik legkeresettebb gy\u00f3gygomba, mert \u00e9rt\u00e9kes hat\u00f3anyagai nemcsak egy-egy szervre hatnak, hanem a szervezet eg\u00e9sz\u00e9re. Sokr\u00e9t\u0171 hat\u00e1s\u00e1t speci\u00e1lis poliszacharidjainak k\u00f6sz\u00f6nheti, amelyek serkentik az immunrendszert, n\u00f6velik az ellen\u00e1ll\u00f3 k\u00e9pess\u00e9g\u00e9t a fert\u0151z\u00e9sekkel, k\u00f3rokoz\u00f3kkal, gyullad\u00e1sokkal szemben.<\/p>\n<p>A pecs\u00e9tviaszgomba jav\u00edtja a v\u00e9rkering\u00e9st, cs\u00f6kkenti a magas v\u00e9rnyom\u00e1st \u00e9s a k\u00e1ros koleszterin szintj\u00e9t, ezzel hozz\u00e1j\u00e1rul a sz\u00edv \u00e9s az \u00e9rrendszer eg\u00e9szs\u00e9g\u00e9nek meg\u0151rz\u00e9s\u00e9hez. Refluxosok, b\u00e9lgyullad\u00e1sban szenved\u0151k sz\u00e1m\u00e1ra is hasznos lehet, mert szab\u00e1lyozza a gyomorsav termel\u0151d\u00e9s\u00e9t, helyre\u00e1ll\u00edtja az em\u00e9szt\u00e9st, a s\u00e9r\u00fclt b\u00e9lfl\u00f3r\u00e1t. Hat\u00e1ssal van a hisztaminlebont\u00e1sra, ezzel az allergi\u00e1s \u00e9s asztm\u00e1s t\u00fcneteket is enyh\u00edtheti.<\/p>\n<p>A BioCo k\u00e9sz\u00edtm\u00e9nye nem a pecs\u00e9tviaszgomba por\u00edtott \u0151rlem\u00e9ny\u00e9t, hanem annak magas poliszacharid-koncentr\u00e1ci\u00f3j\u00fa (30%) kivonat\u00e1t tartalmazza. Sz\u00ednez\u00e9kmentes, veg\u00e1n term\u00e9k.<\/p>\n<h3>Mikor aj\u00e1nlott a BioCo Pecs\u00e9tviaszgomba kivonat tabletta?<\/h3>\n<ul>\n<li>az immunrendszer megfelel\u0151 m\u0171k\u00f6d\u00e9s\u00e9nek t\u00e1mogat\u00e1s\u00e1ra<\/li>\n<li>legyeng\u00fclt szervezet feler\u0151s\u00edt\u00e9s\u00e9re<\/li>\n<li>j\u00e1rv\u00e1nyos id\u0151szakban a v\u00e9dekez\u0151k\u00e9pess\u00e9g n\u00f6vel\u00e9s\u00e9re<\/li>\n<li>f\u00e1rad\u00e9konys\u00e1g, gyenges\u00e9g eset\u00e9n<\/li>\n<li>sz\u00edv- \u00e9s \u00e9rrendszeri probl\u00e9m\u00e1kn\u00e1l<\/li>\n<li>magas v\u00e9rnyom\u00e1sra, kering\u00e9si zavarokra<\/li>\n<li>m\u00e1jk\u00e1rosod\u00e1sra, hepatitis kieg\u00e9sz\u00edt\u0151 kezel\u00e9s\u00e9re<\/li>\n<li>m\u00e9regtelen\u00edt\u00e9sre, a neh\u00e9zf\u00e9mek kivezet\u00e9s\u00e9re<\/li>\n<li>t\u00fcd\u0151bajokra, asztm\u00e1soknak, allergi\u00e1soknak<\/li>\n<li>sug\u00e1r- \u00e9s mell\u00e9khat\u00e1sainak cs\u00f6kkent\u00e9s\u00e9re<\/li>\n<\/ul>\n<h3>Hat\u00f3anyagok 2 tablett\u00e1ban:<\/h3>\n<ul>\n<li>Ganoderma lucidum (pecs\u00e9tviaszgomba) kivonata 400 mg<br \/>\nebb\u0151l poliszacharidok 120 mg<\/li>\n<\/ul>\n<h3>\u00d6sszetev\u0151k:<\/h3>\n<p>Ganoderma lucidum (pecs\u00e9tviaszgomba\/reishi) gomba kivonata (200 mg\/tabletta); t\u00f6megn\u00f6vel\u0151 szer (mikrokrist\u00e1lyos cellul\u00f3z); csom\u00f3sod\u00e1st g\u00e1tl\u00f3k (talkum, szil\u00edcium-dioxid).<\/p>\n<h3>Felhaszn\u00e1l\u00e1si javaslat:<\/h3>\n<p>A BioCo Pecs\u00e9tviaszgomba kivonat k\u00e9sz\u00edtm\u00e9ny napi aj\u00e1nlott adagja 2 tabletta, b\u0151 folyad\u00e9kkal kell lenyelni.<\/p>\n","protected":false},"excerpt":{"rendered":"<p>Pecs\u00e9tviaszgomba (reishi, ganoderma) kivonat\u00e1t tartalmaz\u00f3 k\u00e9sz\u00edtm\u00e9ny. Els\u0151sorban az immunrendszer megfelel\u0151 m\u0171k\u00f6d\u00e9s\u00e9nek t\u00e1mogat\u00e1s\u00e1ra, legyeng\u00fclt szervezet feler\u0151s\u00edt\u00e9s\u00e9re, valamint a szellemi \u00e9s fizikai er\u0151nl\u00e9t n\u00f6vel\u00e9s\u00e9re aj\u00e1nlott.<\/p>\n","protected":false},"featured_media":5468,"comment_status":"closed","ping_status":"open","template":"","meta":[],"product_cat":[63],"product_tag":[],"class_list":{"0":"post-5467","1":"product","2":"type-product","3":"status-publish","4":"has-post-thumbnail","6":"product_brand-bioco","7":"product_cat-gyogygombak","9":"first","10":"instock","11":"purchasable","12":"product-type-simple"},"_links":{"self":[{"href":"https:\/\/vitamin.coredesign.hu\/index.php?rest_route=\/wp\/v2\/product\/5467","targetHints":{"allow":["GET"]}}],"collection":[{"href":"https:\/\/vitamin.coredesign.hu\/index.php?rest_route=\/wp\/v2\/product"}],"about":[{"href":"https:\/\/vitamin.coredesign.hu\/index.php?rest_route=\/wp\/v2\/types\/product"}],"replies":[{"embeddable":true,"href":"https:\/\/vitamin.coredesign.hu\/index.php?rest_route=%2Fwp%2Fv2%2Fcomments&post=5467"}],"wp:featuredmedia":[{"embeddable":true,"href":"https:\/\/vitamin.coredesign.hu\/index.php?rest_route=\/wp\/v2\/media\/5468"}],"wp:attachment":[{"href":"https:\/\/vitamin.coredesign.hu\/index.php?rest_route=%2Fwp%2Fv2%2Fmedia&parent=5467"}],"wp:term":[{"taxonomy":"product_cat","embeddable":true,"href":"https:\/\/vitamin.coredesign.hu\/index.php?rest_route=%2Fwp%2Fv2%2Fproduct_cat&post=5467"},{"taxonomy":"product_tag","embeddable":true,"href":"https:\/\/vitamin.coredesign.hu\/index.php?rest_route=%2Fwp%2Fv2%2Fproduct_tag&post=5467"}],"curies":[{"name":"wp","href":"https:\/\/api.w.org\/{rel}","templated":true}]}}