{"id":5463,"date":"2025-10-12T12:27:45","date_gmt":"2025-10-12T10:27:45","guid":{"rendered":"https:\/\/vitamin.coredesign.hu\/?product=bioco-valeriana-max-tabletta-60db"},"modified":"2026-01-08T23:25:41","modified_gmt":"2026-01-08T22:25:41","slug":"bioco-valeriana-max-tabletta-60db","status":"publish","type":"product","link":"https:\/\/vitamin.coredesign.hu\/?product=bioco-valeriana-max-tabletta-60db","title":{"rendered":"BioCo Valeriana Max tabletta \u2013 60db"},"content":{"rendered":"<p>&nbsp;<\/p>\n<div id=\"lt-accessibility-devtools\" aria-hidden=\"true\"><\/div>\n<p>Maxim\u00e1lis hat\u00f3anyag-mennyis\u00e9g\u0171 valeri\u00e1n\u00e1t (macskagy\u00f6keret) tartalmaz\u00f3 k\u00e9sz\u00edtm\u00e9ny. Azok sz\u00e1m\u00e1ra aj\u00e1nlott, akik a sok stressz, a nagyfok\u00fa fesz\u00fclts\u00e9g \u00e9s szorong\u00e1s miatt nehezen alszanak el, nem tudj\u00e1k kipihenni magukat.<\/p>\n<h2>BioCo Valeriana Max tabletta<\/h2>\n<p>A valeri\u00e1na (macskagy\u00f6k\u00e9r) stresszold\u00f3 \u00e9s altat\u00f3 hat\u00e1s\u00fa gy\u00f3gyn\u00f6v\u00e9ny. Term\u00e9szetes n\u00f6v\u00e9nyi vegy\u00fcleteivel seg\u00edti el\u0151 a szorong\u00e1s, a fesz\u00fclts\u00e9g old\u00e1s\u00e1t, a k\u00f6nny\u0171 elalv\u00e1st, valamint az \u00e9jszakai zavartalan, nyugodt alv\u00e1st. A szintetikus gy\u00f3gyszerekkel ellent\u00e9tben szed\u00e9se nem okoz f\u00fcgg\u0151s\u00e9get, abbahagy\u00e1sa pedig nem j\u00e1r elvon\u00e1si t\u00fcnetekkel.<\/p>\n<p>A valeri\u00e1na els\u0151sorban azok sz\u00e1m\u00e1ra jelent seg\u00edts\u00e9get, akik fokozott stresszben \u00e9lnek, gyakran fesz\u00fcltek, idegesek vagy ingerl\u00e9kenyek, \u00e9s emiatt rosszul alszanak. A valeri\u00e1na az idegei eredet\u0171 gyomorpanaszokat \u00e9s sz\u00edvpanaszokat is jelent\u0151sen cs\u00f6kkentheti.<\/p>\n<p>A BioCo k\u00e9sz\u00edtm\u00e9nye maxim\u00e1lis hat\u00f3anyag-mennyis\u00e9gben tartalmazza a valeri\u00e1na kivonat\u00e1t. Tablett\u00e1nk\u00e9nt 300 mg valeri\u00e1nakivonatot tartalmaz, amely 3000 mg sz\u00e1raz n\u00f6v\u00e9nyi \u0151rlem\u00e9ny mennyis\u00e9g\u00e9nek felel meg. A tabletta mentes a mesters\u00e9ges sz\u00ednez\u00e9kekt\u0151l \u00e9s az \u00e1llati eredet\u0171 \u00f6sszetev\u0151kt\u0151l.<\/p>\n<h3>Mikor aj\u00e1nlott a BioCo Valeriana MAX tabletta?<\/h3>\n<ul>\n<li>fokozott stressz, szorong\u00e1s cs\u00f6kkent\u00e9s\u00e9re<\/li>\n<li>neh\u00e9z elalv\u00e1sra<\/li>\n<li>gyakori felriad\u00e1sra az \u00e9jszaka folyam\u00e1n<\/li>\n<li>kialvatlans\u00e1g eset\u00e9n<\/li>\n<li>horkol\u00e1sra, fogcsikorgat\u00e1sra<\/li>\n<li>alvaj\u00e1r\u00e1sra, r\u00e9m\u00e1lmokra<\/li>\n<li>idegi eredet\u0171 gyomorpanaszokra \u00e9s sz\u00edvpanaszokra<\/li>\n<li>depresszi\u00f3s vagy p\u00e1nikt\u00fcnetekre<\/li>\n<\/ul>\n<h3>Hat\u00f3anyagok 1 tablett\u00e1ban:<\/h3>\n<ul>\n<li>Valeriana (macskagy\u00f6k\u00e9r) kivonata 300 mg<\/li>\n<\/ul>\n<h3>\u00d6sszetev\u0151k:<\/h3>\n<p>Valeriana officinalis L. gy\u00f6ker\u00e9nek kivonata 300 mg\/tabletta; t\u00f6megn\u00f6vel\u0151 szer (mikrokrist\u00e1lyos cellul\u00f3z); maltodextrin; f\u00e9nyez\u0151anyag (zs\u00edrsavak); csom\u00f3sod\u00e1st g\u00e1tl\u00f3 (szil\u00edcium-dioxid).<\/p>\n<h3>Felhaszn\u00e1l\u00e1si javaslat:<\/h3>\n<p>A BioCo Valeriana MAX k\u00e9sz\u00edtm\u00e9ny napi aj\u00e1nlott adagja 1 tabletta, alv\u00e1s el\u0151tt f\u00e9l \u00f3r\u00e1val kell b\u0151 folyad\u00e9kkal bevenni.<\/p>\n<p><strong>Figyelmeztet\u00e9s:<\/strong>\u00a0G\u00e9pj\u00e1rm\u0171 vezet\u00e9sekor alkalmaz\u00e1sakor fokozott k\u00f6r\u00fcltekint\u00e9st ig\u00e9nyel. A macskagy\u00f6k\u00e9r fokozhatja a barbitur\u00e1tok, alkohol \u00e9s benzodiazepinek szedat\u00edv hat\u00e1s\u00e1t.<\/p>\n","protected":false},"excerpt":{"rendered":"<p>Maxim\u00e1lis hat\u00f3anyag-mennyis\u00e9g\u0171 valeri\u00e1n\u00e1t (macskagy\u00f6keret) tartalmaz\u00f3 k\u00e9sz\u00edtm\u00e9ny. Azok sz\u00e1m\u00e1ra aj\u00e1nlott, akik a sok stressz, a nagyfok\u00fa fesz\u00fclts\u00e9g \u00e9s szorong\u00e1s miatt nehezen alszanak el, nem tudj\u00e1k kipihenni magukat.<\/p>\n","protected":false},"featured_media":5464,"comment_status":"closed","ping_status":"open","template":"","meta":[],"product_cat":[61],"product_tag":[],"class_list":{"0":"post-5463","1":"product","2":"type-product","3":"status-publish","4":"has-post-thumbnail","6":"product_brand-bioco","7":"product_cat-etrend-kiegeszitok","9":"first","10":"instock","11":"purchasable","12":"product-type-simple"},"_links":{"self":[{"href":"https:\/\/vitamin.coredesign.hu\/index.php?rest_route=\/wp\/v2\/product\/5463","targetHints":{"allow":["GET"]}}],"collection":[{"href":"https:\/\/vitamin.coredesign.hu\/index.php?rest_route=\/wp\/v2\/product"}],"about":[{"href":"https:\/\/vitamin.coredesign.hu\/index.php?rest_route=\/wp\/v2\/types\/product"}],"replies":[{"embeddable":true,"href":"https:\/\/vitamin.coredesign.hu\/index.php?rest_route=%2Fwp%2Fv2%2Fcomments&post=5463"}],"wp:featuredmedia":[{"embeddable":true,"href":"https:\/\/vitamin.coredesign.hu\/index.php?rest_route=\/wp\/v2\/media\/5464"}],"wp:attachment":[{"href":"https:\/\/vitamin.coredesign.hu\/index.php?rest_route=%2Fwp%2Fv2%2Fmedia&parent=5463"}],"wp:term":[{"taxonomy":"product_cat","embeddable":true,"href":"https:\/\/vitamin.coredesign.hu\/index.php?rest_route=%2Fwp%2Fv2%2Fproduct_cat&post=5463"},{"taxonomy":"product_tag","embeddable":true,"href":"https:\/\/vitamin.coredesign.hu\/index.php?rest_route=%2Fwp%2Fv2%2Fproduct_tag&post=5463"}],"curies":[{"name":"wp","href":"https:\/\/api.w.org\/{rel}","templated":true}]}}