{"id":5457,"date":"2025-10-12T12:27:45","date_gmt":"2025-10-12T10:27:45","guid":{"rendered":"https:\/\/vitamin.coredesign.hu\/?product=bioco-halolaj-1000mg-kapszula-100db"},"modified":"2026-01-08T23:25:38","modified_gmt":"2026-01-08T22:25:38","slug":"bioco-halolaj-1000mg-kapszula-100db","status":"publish","type":"product","link":"https:\/\/vitamin.coredesign.hu\/?product=bioco-halolaj-1000mg-kapszula-100db","title":{"rendered":"BioCo Halolaj 1000mg kapszula \u2013 100db"},"content":{"rendered":"<p>&nbsp;<\/p>\n<div id=\"lt-accessibility-devtools\" aria-hidden=\"true\"><\/div>\n<p>Omega zs\u00edrsavakban gazdag halolajat \u00e9s term\u00e9szetes E-vitamint tartalmaz\u00f3 k\u00e9sz\u00edtm\u00e9ny magas EPA- \u00e9s DHA-tartalommal, nagy kiszerel\u00e9s\u0171 MEGAPACK kapszulacsomagban. Sz\u00edv- \u00e9s \u00e9rrendszeri betegs\u00e9gekre val\u00f3 hajlamn\u00e1l, \u00edz\u00fcleti gyullad\u00e1sn\u00e1l, l\u00e1t\u00e1sroml\u00e1sn\u00e1l k\u00fcl\u00f6n\u00f6sen aj\u00e1nlott.<\/p>\n<h2>BioCo Halolaj 1000mg kapszula<\/h2>\n<p>A halolaj rengeteg \u00e9rt\u00e9kes omega-3 zs\u00edrsavat tartalmaz, amelyek jelent\u0151sen cs\u00f6kkenthetik a sz\u00edv- \u00e9s \u00e9rrendszeri probl\u00e9m\u00e1k kialakul\u00e1s\u00e1nak kock\u00e1zat\u00e1t. Tiszt\u00edtj\u00e1k az ereket, cs\u00f6kkentik a k\u00e1ros koleszterin szintj\u00e9t, g\u00e1tolj\u00e1k a gyullad\u00e1sokat, serkent\u0151leg hatnak az agym\u0171k\u00f6d\u00e9sre, tov\u00e1bb\u00e1 a l\u00e1t\u00e1st is jav\u00edtj\u00e1k.<\/p>\n<p>Az omega-3 zs\u00edrsavak k\u00f6z\u00fcl az EPA (eikozapenta\u00e9nsav) \u00e9s a DHA (dokozahexa\u00e9nsav) p\u00f3tl\u00e1sa k\u00fcl\u00f6n\u00f6sen hasznos lehet, mert seg\u00edtik a sz\u00edv \u00e9s az agy megfelel\u0151 m\u0171k\u00f6d\u00e9s\u00e9t, az eg\u00e9szs\u00e9ges l\u00e1t\u00e1s hossz\u00fat\u00e1v\u00fa fenntart\u00e1s\u00e1t. A kedvez\u0151 hat\u00e1s napi 250 mg EPA- \u00e9s DHA-bevitellel \u00e9rhet\u0151 el.<\/p>\n<p>A BioCo k\u00e9sz\u00edtm\u00e9nye a halolaj mellett term\u00e9szetes E-vitamint is tartalmaz, amely a leger\u0151sebb antioxid\u00e1nsok k\u00f6z\u00e9p tartozik. Megk\u00f6ti a gyullad\u00e1st, sejtk\u00e1rosod\u00e1st okoz\u00f3 szabadgy\u00f6k\u00f6ket a szervezetben. A MEGAPACK 100 db kapszul\u00e1t tartalmaz.<\/p>\n<h3>Mikor aj\u00e1nlott a BioCo Halolaj 1000 mg MEGAPACK?<\/h3>\n<ul>\n<li>sz\u00edv- \u00e9s \u00e9rrendszeri betegs\u00e9gekre val\u00f3 hajlamn\u00e1l<\/li>\n<li>megl\u00e9v\u0151 sz\u00edv- \u00e9s \u00e9rrendszeri panaszokra<\/li>\n<li>magas koleszterinszintre, magas v\u00e9rnyom\u00e1sra<\/li>\n<li>\u00e9relmeszesed\u00e9sre, \u00e9rsz\u0171k\u00fcletre<\/li>\n<li>\u00edz\u00fcleti gyullad\u00e1sra<\/li>\n<li>kering\u00e9si zavarokra<\/li>\n<li>l\u00e1t\u00e1sroml\u00e1sra, illetve l\u00e1t\u00e1sroml\u00e1s megel\u0151z\u00e9s\u00e9re<\/li>\n<li>szorong\u00e1sra, depresszi\u00f3ra<\/li>\n<li>roml\u00f3 mem\u00f3ri\u00e1ra, koncentr\u00e1l\u00f3k\u00e9pess\u00e9gre<\/li>\n<\/ul>\n<h3>Hat\u00f3anyagok 1 kapszul\u00e1ban:<\/h3>\n<ul>\n<li>E-vitamin 6 mg (50 NRV%*)<\/li>\n<li>Halolaj 1000 mg<\/li>\n<li>\u2013 ebb\u0151l EPA 180 mg<\/li>\n<li>\u2013 ebb\u0151l DHA 120 mg<\/li>\n<\/ul>\n<p>*NRV%: Vitaminok \u00e9s \u00e1sv\u00e1nyi anyagok napi beviteli referencia\u00e9rt\u00e9ke %-ban (feln\u0151ttek eset\u00e9ben)<\/p>\n<h3>\u00d6sszetev\u0151k:<\/h3>\n<p>Halolaj\u00a0(1000 mg\/kapszula);\u00a0zselatin; nedves\u00edt\u0151szer (glicerin); D-alfa-tokoferol.<\/p>\n<h3>Felhaszn\u00e1l\u00e1si javaslat:<\/h3>\n<p>A BioCo Halolaj 1000 mg MEGAPACK k\u00e9sz\u00edtm\u00e9ny napi aj\u00e1nlott adagja 1-2 tabletta, b\u0151 folyad\u00e9kkal kell lenyelni.<\/p>\n","protected":false},"excerpt":{"rendered":"<p>Omega zs\u00edrsavakban gazdag halolajat \u00e9s term\u00e9szetes E-vitamint tartalmaz\u00f3 k\u00e9sz\u00edtm\u00e9ny magas EPA- \u00e9s DHA-tartalommal, nagy kiszerel\u00e9s\u0171 MEGAPACK kapszulacsomagban. Sz\u00edv- \u00e9s \u00e9rrendszeri betegs\u00e9gekre val\u00f3 hajlamn\u00e1l, \u00edz\u00fcleti gyullad\u00e1sn\u00e1l, l\u00e1t\u00e1sroml\u00e1sn\u00e1l k\u00fcl\u00f6n\u00f6sen aj\u00e1nlott.<\/p>\n","protected":false},"featured_media":5458,"comment_status":"closed","ping_status":"open","template":"","meta":[],"product_cat":[61],"product_tag":[],"class_list":{"0":"post-5457","1":"product","2":"type-product","3":"status-publish","4":"has-post-thumbnail","6":"product_brand-bioco","7":"product_cat-etrend-kiegeszitok","9":"first","10":"instock","11":"purchasable","12":"product-type-simple"},"_links":{"self":[{"href":"https:\/\/vitamin.coredesign.hu\/index.php?rest_route=\/wp\/v2\/product\/5457","targetHints":{"allow":["GET"]}}],"collection":[{"href":"https:\/\/vitamin.coredesign.hu\/index.php?rest_route=\/wp\/v2\/product"}],"about":[{"href":"https:\/\/vitamin.coredesign.hu\/index.php?rest_route=\/wp\/v2\/types\/product"}],"replies":[{"embeddable":true,"href":"https:\/\/vitamin.coredesign.hu\/index.php?rest_route=%2Fwp%2Fv2%2Fcomments&post=5457"}],"wp:featuredmedia":[{"embeddable":true,"href":"https:\/\/vitamin.coredesign.hu\/index.php?rest_route=\/wp\/v2\/media\/5458"}],"wp:attachment":[{"href":"https:\/\/vitamin.coredesign.hu\/index.php?rest_route=%2Fwp%2Fv2%2Fmedia&parent=5457"}],"wp:term":[{"taxonomy":"product_cat","embeddable":true,"href":"https:\/\/vitamin.coredesign.hu\/index.php?rest_route=%2Fwp%2Fv2%2Fproduct_cat&post=5457"},{"taxonomy":"product_tag","embeddable":true,"href":"https:\/\/vitamin.coredesign.hu\/index.php?rest_route=%2Fwp%2Fv2%2Fproduct_tag&post=5457"}],"curies":[{"name":"wp","href":"https:\/\/api.w.org\/{rel}","templated":true}]}}