{"id":5454,"date":"2025-10-12T12:27:02","date_gmt":"2025-10-12T10:27:02","guid":{"rendered":"https:\/\/vitamin.coredesign.hu\/?product=bioco-hyaluronsav-kollagen-kapszula-30db"},"modified":"2026-01-08T23:25:32","modified_gmt":"2026-01-08T22:25:32","slug":"bioco-hyaluronsav-kollagen-kapszula-30db","status":"publish","type":"product","link":"https:\/\/vitamin.coredesign.hu\/?product=bioco-hyaluronsav-kollagen-kapszula-30db","title":{"rendered":"BioCo Hyaluronsav + Kollag\u00e9n kapszula \u2013 30db"},"content":{"rendered":"<p>&nbsp;<\/p>\n<div id=\"lt-accessibility-devtools\" aria-hidden=\"true\"><\/div>\n<p>Kapszul\u00e1nk\u00e9nt 30 mg hialuronsavat \u00e9s 140 mg kollag\u00e9nt tartalmaz\u00f3 k\u00e9sz\u00edtm\u00e9ny. A b\u0151r hidrat\u00e1lts\u00e1g\u00e1nak, rugalmass\u00e1g\u00e1nak meg\u0151rz\u00e9s\u00e9re, a haj \u00e9s a k\u00f6rm\u00f6k, valamint a porcok \u00e9s az \u00edz\u00fcletek eg\u00e9szs\u00e9g\u00e9nek t\u00e1mogat\u00e1s\u00e1ra aj\u00e1nlott.<\/p>\n<h2>BioCo Hyaluronsav + Kollag\u00e9n kapszula<\/h2>\n<p>A kollag\u00e9n \u00e9s a hialuronsav a szervezetben is termel\u0151dik term\u00e9szetes \u00faton, azonban m\u00e1r a 30-as \u00e9let\u00e9vekt\u0151l cs\u00f6kkenni kezd a mennyis\u00e9g\u00fck. Ezzel cs\u00f6kken a b\u0151r nedvess\u00e9gtartalma, feszess\u00e9ge is, megereszkedik, r\u00e1ncosodni, foltosodni kezd. A haj \u00e9s a k\u00f6rm\u00f6k is t\u00f6r\u00e9kenyebb\u00e9, s\u00e9r\u00fcl\u00e9kenyebb\u00e9 v\u00e1lnak. Gyeng\u00fclnek az \u00edz\u00fcletek \u00e9s a porcok, ami a mozg\u00e1sra is kihat.<\/p>\n<p>A kollag\u00e9n \u00e9s a hialuronsav p\u00f3tl\u00e1s\u00e1val lass\u00edthat\u00f3k az \u00f6reged\u00e9si folyamatok. A kollag\u00e9n zselatinszer\u0171 \u00e1llag\u00e1val rugalmasan, fiatalosan tartja a sz\u00f6veteket, a hialuronsav pedig rendk\u00edv\u00fcl nagy v\u00edzmegk\u00f6t\u0151 k\u00e9pess\u00e9g\u00e9vel felt\u00f6lti a megfelel\u0151 nedvess\u00e9gtartalommal.<\/p>\n<p>A BioCo k\u00e9sz\u00edtm\u00e9nye kapszul\u00e1nk\u00e9nt 30 mg hialuronsavat \u00e9s 140 mg kollag\u00e9nt tartalmaz, napi 1-2 kapszula fogyaszt\u00e1s\u00e1val p\u00f3tolhat\u00f3 a szervezet sz\u00e1m\u00e1ra sz\u00fcks\u00e9ges mennyis\u00e9g.<\/p>\n<h3>Mikor aj\u00e1nlott a BioCo Hialuronsav + kollag\u00e9n kapszula?<\/h3>\n<ul>\n<li>megereszkedett, rugalmass\u00e1g\u00e1t vesz\u00edtett b\u0151rre<\/li>\n<li>megl\u00e9v\u0151 r\u00e1ncok halv\u00e1ny\u00edt\u00e1s\u00e1ra<\/li>\n<li>laza k\u00f6t\u0151sz\u00f6vetekre, narancsb\u0151rre<\/li>\n<li>stri\u00e1k, hegek \u00e1llapot\u00e1nak jav\u00edt\u00e1s\u00e1ra<\/li>\n<li>\u00edz\u00fcleti f\u00e1jdalomra, merevs\u00e9gre, porckop\u00e1sra<\/li>\n<li>izomle\u00e9p\u00fcl\u00e9s ellen<\/li>\n<li>t\u00f6redez\u0151, gyenge k\u00f6rm\u00f6kre<\/li>\n<li>fokozott hajhull\u00e1sra, s\u00e9r\u00fclt hajra<\/li>\n<li>megterhel\u0151 fizikai munkav\u00e9gz\u00e9sn\u00e9l<\/li>\n<li>t\u00fals\u00faly miatt terhelt \u00edz\u00fcletekre<\/li>\n<li>l\u00e1t\u00e1sroml\u00e1sra, szemm\u0171t\u00e9t ut\u00e1ni regener\u00e1ci\u00f3ra<\/li>\n<\/ul>\n<h3>Hat\u00f3anyagok 1 kapszul\u00e1ban:<\/h3>\n<ul>\n<li>Hialuronsav 30 mg<\/li>\n<li>Kollag\u00e9n 140 mg<\/li>\n<\/ul>\n<h3>\u00d6sszetev\u0151k:<\/h3>\n<p>Sz\u00f3jaolaj; zselatin kapszulah\u00e9j; nedves\u00edt\u0151szer (glicerin); kollag\u00e9n; n\u00e1trium-hialuron\u00e1t; f\u00e9nyez\u0151anyag (feh\u00e9r m\u00e9hviasz); emulge\u00e1l\u00f3szer (lecitin); sz\u00ednez\u00e9k (vas-oxid); antioxid\u00e1ns (d-alfa-tokoferol).<\/p>\n<h3>Felhaszn\u00e1l\u00e1si javaslat:<\/h3>\n<p>A BioCo Hialuronsav + kollag\u00e9n k\u00e9sz\u00edtm\u00e9ny napi aj\u00e1nlott adagja 1-2 tabletta, b\u0151 folyad\u00e9kkel kell lenyelni.<\/p>\n","protected":false},"excerpt":{"rendered":"<p>Kapszul\u00e1nk\u00e9nt 30 mg hialuronsavat \u00e9s 140 mg kollag\u00e9nt tartalmaz\u00f3 k\u00e9sz\u00edtm\u00e9ny. A b\u0151r hidrat\u00e1lts\u00e1g\u00e1nak, rugalmass\u00e1g\u00e1nak meg\u0151rz\u00e9s\u00e9re, a haj \u00e9s a k\u00f6rm\u00f6k, valamint a porcok \u00e9s az \u00edz\u00fcletek eg\u00e9szs\u00e9g\u00e9nek t\u00e1mogat\u00e1s\u00e1ra aj\u00e1nlott.<\/p>\n","protected":false},"featured_media":5455,"comment_status":"closed","ping_status":"open","template":"","meta":[],"product_cat":[61],"product_tag":[],"class_list":{"0":"post-5454","1":"product","2":"type-product","3":"status-publish","4":"has-post-thumbnail","6":"product_brand-bioco","7":"product_cat-etrend-kiegeszitok","9":"first","10":"instock","11":"purchasable","12":"product-type-simple"},"_links":{"self":[{"href":"https:\/\/vitamin.coredesign.hu\/index.php?rest_route=\/wp\/v2\/product\/5454","targetHints":{"allow":["GET"]}}],"collection":[{"href":"https:\/\/vitamin.coredesign.hu\/index.php?rest_route=\/wp\/v2\/product"}],"about":[{"href":"https:\/\/vitamin.coredesign.hu\/index.php?rest_route=\/wp\/v2\/types\/product"}],"replies":[{"embeddable":true,"href":"https:\/\/vitamin.coredesign.hu\/index.php?rest_route=%2Fwp%2Fv2%2Fcomments&post=5454"}],"wp:featuredmedia":[{"embeddable":true,"href":"https:\/\/vitamin.coredesign.hu\/index.php?rest_route=\/wp\/v2\/media\/5455"}],"wp:attachment":[{"href":"https:\/\/vitamin.coredesign.hu\/index.php?rest_route=%2Fwp%2Fv2%2Fmedia&parent=5454"}],"wp:term":[{"taxonomy":"product_cat","embeddable":true,"href":"https:\/\/vitamin.coredesign.hu\/index.php?rest_route=%2Fwp%2Fv2%2Fproduct_cat&post=5454"},{"taxonomy":"product_tag","embeddable":true,"href":"https:\/\/vitamin.coredesign.hu\/index.php?rest_route=%2Fwp%2Fv2%2Fproduct_tag&post=5454"}],"curies":[{"name":"wp","href":"https:\/\/api.w.org\/{rel}","templated":true}]}}