{"id":5450,"date":"2025-10-12T12:27:02","date_gmt":"2025-10-12T10:27:02","guid":{"rendered":"https:\/\/vitamin.coredesign.hu\/?product=bioco-hialuronsav-forte-tabletta-30db"},"modified":"2026-01-08T23:25:30","modified_gmt":"2026-01-08T22:25:30","slug":"bioco-hialuronsav-forte-tabletta-30db","status":"publish","type":"product","link":"https:\/\/vitamin.coredesign.hu\/?product=bioco-hialuronsav-forte-tabletta-30db","title":{"rendered":"BioCo hialuronsav forte tabletta \u2013 30db"},"content":{"rendered":"<p>&nbsp;<\/p>\n<div id=\"lt-accessibility-devtools\" aria-hidden=\"true\"><\/div>\n<p>Nagy d\u00f3zis\u00fa, tablett\u00e1nk\u00e9nt 100 mg hialuronsavat tartalmaz\u00f3 k\u00e9sz\u00edtm\u00e9ny. Extra v\u00edzmegk\u00f6t\u0151, hidrat\u00e1l\u00f3 tulajdons\u00e1g\u00e1val a b\u0151r, az \u00edz\u00fcletek \u00e9s a porcok rugalmass\u00e1g\u00e1nak helyre\u00e1ll\u00edt\u00e1s\u00e1ra \u00e9s megtart\u00e1s\u00e1ra aj\u00e1nlott.<\/p>\n<h2>BioCo hialuronsav forte tabletta<\/h2>\n<p>A hialuronsav az emberi szervezetben is megtal\u00e1lhat\u00f3 term\u00e9szetes sz\u00e9nhidr\u00e1tmolekula, amely kiv\u00e9teles v\u00edzmegk\u00f6t\u0151 k\u00e9pess\u00e9ggel rendelkezik. Saj\u00e1t t\u00f6meg\u00e9nek ak\u00e1r t\u00f6bb ezerszeres\u00e9nek megfelel\u0151 vizet k\u00e9pes megk\u00f6tni; nem hagyja kisz\u00e1radni a b\u0151rt, a porcokat, az \u00edz\u00fcleteket, de t\u00f6bbek k\u00f6z\u00f6tt a sz\u00edvnek \u00e9s a szemnek is sz\u00fcks\u00e9ge van r\u00e1.<\/p>\n<p>A hialuronsav mennyis\u00e9ge egyre cs\u00f6kken az \u00e9letkorral: megereszkedik a b\u0151r, kop\u00e1snak indulnak a porcok, gyeng\u00fclnek az \u00edz\u00fcletek. P\u00f3tl\u00e1s\u00e1val lass\u00edthat\u00f3k az \u00f6reged\u00e9si folyamatok, mert rugalmasan, hidrat\u00e1ltan tartja a b\u0151rt, er\u0151s\u00edti a porcokat, az \u00edz\u00fcleteket, s\u0151t m\u00e9g az izmok, a csontok, az erek \u00e9s a fog\u00edny \u00e1llapot\u00e1ra is j\u00f3t\u00e9kony hat\u00e1s\u00fa.<\/p>\n<p>A BioCo k\u00e9sz\u00edtm\u00e9nye emelt d\u00f3zi\u00fa, tablett\u00e1nk\u00e9nt 100 mg hialuronsavat tartalmaz, hozz\u00e1j\u00e1rul a szervezetben l\u00e9v\u0151 hialuronsav mennyis\u00e9g\u00e9nek p\u00f3tl\u00e1s\u00e1hoz.<\/p>\n<h3>Mikor aj\u00e1nlott a BioCo Hialuronsav Forte tabletta?<\/h3>\n<ul>\n<li>megereszkedett, rugalmass\u00e1g\u00e1t vesz\u00edtett b\u0151rre<\/li>\n<li>megl\u00e9v\u0151 r\u00e1ncok halv\u00e1ny\u00edt\u00e1s\u00e1ra<\/li>\n<li>\u00edz\u00fcleti f\u00e1jdalomra, merevs\u00e9gre<\/li>\n<li>porckop\u00e1sra<\/li>\n<li>izomle\u00e9p\u00fcl\u00e9s ellen<\/li>\n<li>laza k\u00f6t\u0151sz\u00f6vetekre, narancsb\u0151rre, stri\u00e1kra<\/li>\n<li>l\u00e1t\u00e1sroml\u00e1sra, szemm\u0171t\u00e9t ut\u00e1ni regener\u00e1ci\u00f3ra<\/li>\n<li>t\u00f6redez\u0151 k\u00f6rm\u00f6kre<\/li>\n<li>hajhull\u00e1sra, s\u00e9r\u00fclt hajra<\/li>\n<li>megterhel\u0151 fizikai munkav\u00e9gz\u00e9sn\u00e9l<\/li>\n<li>t\u00fals\u00faly miatt terhelt \u00edz\u00fcletekre<\/li>\n<\/ul>\n<h3>Hat\u00f3anyagok 1 tablett\u00e1ban:<\/h3>\n<ul>\n<li>Hialuronsav 100 mg<\/li>\n<\/ul>\n<h3>\u00d6sszetev\u0151k:<\/h3>\n<p>T\u00f6megn\u00f6vel\u0151 szer (mikrokrist\u00e1lyos cellul\u00f3z); maltodextrin; n\u00e1trium-hialuron\u00e1t; f\u00e9nyez\u0151anyag (sztearinsav); csom\u00f3sod\u00e1st g\u00e1tl\u00f3k (talkum, szil\u00edcium-dioxid).<\/p>\n<h3>Felhaszn\u00e1l\u00e1si javaslat:<\/h3>\n<p>A BioCo Hialuronsav Forte k\u00e9sz\u00edtm\u00e9ny napi aj\u00e1nlott adagja 1 tabletta, b\u0151 folyad\u00e9kkel kell lenyelni.<\/p>\n","protected":false},"excerpt":{"rendered":"<p>Nagy d\u00f3zis\u00fa, tablett\u00e1nk\u00e9nt 100 mg hialuronsavat tartalmaz\u00f3 k\u00e9sz\u00edtm\u00e9ny. Extra v\u00edzmegk\u00f6t\u0151, hidrat\u00e1l\u00f3 tulajdons\u00e1g\u00e1val a b\u0151r, az \u00edz\u00fcletek \u00e9s a porcok rugalmass\u00e1g\u00e1nak helyre\u00e1ll\u00edt\u00e1s\u00e1ra \u00e9s megtart\u00e1s\u00e1ra aj\u00e1nlott.<\/p>\n","protected":false},"featured_media":5451,"comment_status":"closed","ping_status":"open","template":"","meta":[],"product_cat":[80],"product_tag":[],"class_list":{"0":"post-5450","1":"product","2":"type-product","3":"status-publish","4":"has-post-thumbnail","6":"product_brand-bioco","7":"product_cat-kozmetikumok","9":"first","10":"instock","11":"purchasable","12":"product-type-simple"},"_links":{"self":[{"href":"https:\/\/vitamin.coredesign.hu\/index.php?rest_route=\/wp\/v2\/product\/5450","targetHints":{"allow":["GET"]}}],"collection":[{"href":"https:\/\/vitamin.coredesign.hu\/index.php?rest_route=\/wp\/v2\/product"}],"about":[{"href":"https:\/\/vitamin.coredesign.hu\/index.php?rest_route=\/wp\/v2\/types\/product"}],"replies":[{"embeddable":true,"href":"https:\/\/vitamin.coredesign.hu\/index.php?rest_route=%2Fwp%2Fv2%2Fcomments&post=5450"}],"wp:featuredmedia":[{"embeddable":true,"href":"https:\/\/vitamin.coredesign.hu\/index.php?rest_route=\/wp\/v2\/media\/5451"}],"wp:attachment":[{"href":"https:\/\/vitamin.coredesign.hu\/index.php?rest_route=%2Fwp%2Fv2%2Fmedia&parent=5450"}],"wp:term":[{"taxonomy":"product_cat","embeddable":true,"href":"https:\/\/vitamin.coredesign.hu\/index.php?rest_route=%2Fwp%2Fv2%2Fproduct_cat&post=5450"},{"taxonomy":"product_tag","embeddable":true,"href":"https:\/\/vitamin.coredesign.hu\/index.php?rest_route=%2Fwp%2Fv2%2Fproduct_tag&post=5450"}],"curies":[{"name":"wp","href":"https:\/\/api.w.org\/{rel}","templated":true}]}}