{"id":5448,"date":"2025-10-12T12:27:02","date_gmt":"2025-10-12T10:27:02","guid":{"rendered":"https:\/\/vitamin.coredesign.hu\/?product=bioco-gomba-komplex-tabletta-80db"},"modified":"2026-01-08T23:25:29","modified_gmt":"2026-01-08T22:25:29","slug":"bioco-gomba-komplex-tabletta-80db","status":"publish","type":"product","link":"https:\/\/vitamin.coredesign.hu\/?product=bioco-gomba-komplex-tabletta-80db","title":{"rendered":"BioCo gomba komplex tabletta \u2013 80db"},"content":{"rendered":"<p>&nbsp;<\/p>\n<div id=\"lt-accessibility-devtools\" aria-hidden=\"true\"><\/div>\n<p>N\u00e9gyf\u00e9le gy\u00f3gygomba (pecs\u00e9tviaszgomba, herny\u00f3gomba, bokrosgomba, shiitake) kivonat\u00e1t tartalmaz\u00f3 k\u00e9sz\u00edtm\u00e9ny C-vitaminnal, B12-vitaminnal \u00e9s folsavval. Immuner\u0151s\u00edt\u00e9sre, a szellemi \u00e9s fizikai er\u0151nl\u00e9t n\u00f6vel\u00e9s\u00e9re aj\u00e1nlott.<\/p>\n<h2>BioCo gomba komplex tabletta<\/h2>\n<p>A pecs\u00e9tviaszgomba kiv\u00e1l\u00f3 m\u00e9regtelen\u00edt\u0151, immunstimul\u00e1l\u00f3 hat\u00e1s\u00fa, antioxid\u00e1nsai megk\u00f6tik a sejteket k\u00e1ros\u00edt\u00f3 szabadgy\u00f6k\u00f6ket a szervezetben. A herny\u00f3gomba igen magas t\u00e1panyagtartalm\u00fa, tele van \u00e9rt\u00e9kes vitaminokkal, \u00e1sv\u00e1nyi anyagokkal, nyomelemekkel \u00e9s rostokkal. Nagyon hasznos az energiaszint n\u00f6vel\u00e9s\u00e9re, a mem\u00f3ria \u00e9s a koncentr\u00e1ci\u00f3 jav\u00edt\u00e1s\u00e1ra. B\u00e9ta-gl\u00fck\u00e1nt is tartalmaz, amelynek kiemelked\u0151 az immuner\u0151s\u00edt\u0151 hat\u00e1sa.<\/p>\n<p>A bokrosgomba szint\u00e9n nagy mennyis\u00e9gben tartalmaz\u00a0b\u00e9ta-gl\u00fck\u00e1nt, tov\u00e1bb\u00e1 olyan speci\u00e1lis vegy\u00fcleteket, amelyek normaliz\u00e1lj\u00e1k a v\u00e9rnyom\u00e1st, a v\u00e9rcukorszintet, a koleszterint, hozz\u00e1j\u00e1rulnak a csontritkul\u00e1s megel\u0151z\u00e9s\u00e9hez, v\u00e9dik a m\u00e1jat is. A shiitake vegy\u00fcletei g\u00e1tolj\u00e1k a k\u00e1ros bakt\u00e9riumok \u00e9s v\u00edrusok szaporod\u00e1s\u00e1t, cs\u00f6kkentik a gyullad\u00e1sokat, n\u00f6velik a szervezet ellen\u00e1ll\u00f3 k\u00e9pess\u00e9g\u00e9t a fert\u0151z\u00e9sekkel szemben.<\/p>\n<p>A BioCo k\u00e9sz\u00edtm\u00e9nye a n\u00e9gyf\u00e9le, magas poliszacharid-koncentr\u00e1ci\u00f3j\u00fa gomba kivonata mellett immuner\u0151s\u00edt\u0151 C-vitamint, energiz\u00e1l\u00f3 B12-vitamint \u00e9s v\u00e9rk\u00e9pz\u0151, idegv\u00e9d\u0151 folsavat is tartalmaz. Mentes a mesters\u00e9ges sz\u00ednez\u00e9kekt\u0151l, \u00e1llati eredet\u0171 \u00f6sszetev\u0151kt\u0151l.<\/p>\n<h3>Mikor aj\u00e1nlott a BioCo Gomba Komplex?<\/h3>\n<ul>\n<li>cs\u00f6kkent immunit\u00e1sra, legyeng\u00fclt szervezet feler\u0151s\u00edt\u00e9s\u00e9re<\/li>\n<li>j\u00e1rv\u00e1nyos id\u0151szakban a v\u00e9dekez\u0151k\u00e9pess\u00e9g n\u00f6vel\u00e9s\u00e9re<\/li>\n<li>f\u00e1rad\u00e9konys\u00e1g, gyenges\u00e9g eset\u00e9n<\/li>\n<li>koncentr\u00e1ci\u00f3s \u00e9s mem\u00f3riazavarokra<\/li>\n<li>sz\u00edv- \u00e9s \u00e9rrendszeri probl\u00e9m\u00e1kn\u00e1l<\/li>\n<li>magas v\u00e9rnyom\u00e1sra, kering\u00e9si zavarokra<\/li>\n<li>m\u00e1jk\u00e1rosod\u00e1sra, hepatitis kieg\u00e9sz\u00edt\u0151 kezel\u00e9s\u00e9re<\/li>\n<li>m\u00e9regtelen\u00edt\u00e9sre, a neh\u00e9zf\u00e9mek kivezet\u00e9s\u00e9re<\/li>\n<li>sug\u00e1r- \u00e9s mell\u00e9khat\u00e1sainak cs\u00f6kkent\u00e9s\u00e9re<\/li>\n<li>autoimmun betegs\u00e9gek eset\u00e9n<\/li>\n<li>t\u00fcd\u0151bajokra, asztm\u00e1soknak<\/li>\n<li>sportol\u00f3knak, neh\u00e9z fizikai munk\u00e1t v\u00e9gz\u0151knek<\/li>\n<li>az id\u0151sebb koroszt\u00e1ly sz\u00e1m\u00e1ra<\/li>\n<\/ul>\n<h3>Hat\u00f3anyagok 2 tablett\u00e1ban:<\/h3>\n<ul>\n<li>Ganoderma lucidum (pecs\u00e9tviaszgomba) kivonata 200 mg<br \/>\nebb\u0151l poliszacharidok 60 mg<\/li>\n<li>Grifola frondosa (bokrosgomba) kivonata 100 mg<br \/>\nebb\u0151l poliszacharidok 30 mg<\/li>\n<li>Cordyceps sinensis (herny\u00f3gomba) kivonata 100 mg<br \/>\nebb\u0151l poliszacharidok 40 mg<\/li>\n<li>Lentinus edodes (shiitake) gomba kivonata 100 mg<br \/>\nebb\u0151l poliszacharidok 10 mg<\/li>\n<li>C-vitamin 100 mg (125 NRV%*)<\/li>\n<li>Folsav 200 \u03bc g (100 NRV%*)<\/li>\n<li>B12-vitamin 2 \u03bc g (80 NRV%*)<\/li>\n<\/ul>\n<p>*NRV%: Vitaminok \u00e9s \u00e1sv\u00e1nyi anyagok napi beviteli referencia\u00e9rt\u00e9ke %-ban (feln\u0151ttek eset\u00e9ben)<\/p>\n<h3>\u00d6sszetev\u0151k:<\/h3>\n<p>T\u00f6megn\u00f6vel\u0151 szer (mikrokrist\u00e1lyos cellul\u00f3z); maltodextrin; Ganoderma lucidum (pecs\u00e9tviaszgomba) kivonata (100 mg\/tabletta); L-aszkorbinsav; f\u00e9nyez\u0151anyag (zs\u00edrsavak);\u00a0 Grifola frondosa (bokrosgomba\/maitake) gomba kivonata (50 mg\/tabletta); Cordyceps sinensis (herny\u00f3gomba) kivonata (50 mg\/tabletta); Lentinus edodes (shiitake) gomba kivonata (50 mg\/tabletta); csom\u00f3sod\u00e1st g\u00e1tl\u00f3 (szil\u00edcium-dioxid); pterolimonoglutaminsav (folsav); cianokobalamin (B12-vitamin).<\/p>\n<h3>Felhaszn\u00e1l\u00e1si javaslat:<\/h3>\n<p>A BioCo Gomba Komplex k\u00e9sz\u00edtm\u00e9ny napi aj\u00e1nlott adagja 2 tabletta, b\u0151 folyad\u00e9kkal kell lenyelni.<\/p>\n","protected":false},"excerpt":{"rendered":"<p>N\u00e9gyf\u00e9le gy\u00f3gygomba (pecs\u00e9tviaszgomba, herny\u00f3gomba, bokrosgomba, shiitake) kivonat\u00e1t tartalmaz\u00f3 k\u00e9sz\u00edtm\u00e9ny C-vitaminnal, B12-vitaminnal \u00e9s folsavval. Immuner\u0151s\u00edt\u00e9sre, a szellemi \u00e9s fizikai er\u0151nl\u00e9t n\u00f6vel\u00e9s\u00e9re aj\u00e1nlott.<\/p>\n","protected":false},"featured_media":5449,"comment_status":"closed","ping_status":"open","template":"","meta":[],"product_cat":[63],"product_tag":[],"class_list":{"0":"post-5448","1":"product","2":"type-product","3":"status-publish","4":"has-post-thumbnail","6":"product_brand-bioco","7":"product_cat-gyogygombak","9":"first","10":"instock","11":"purchasable","12":"product-type-simple"},"_links":{"self":[{"href":"https:\/\/vitamin.coredesign.hu\/index.php?rest_route=\/wp\/v2\/product\/5448","targetHints":{"allow":["GET"]}}],"collection":[{"href":"https:\/\/vitamin.coredesign.hu\/index.php?rest_route=\/wp\/v2\/product"}],"about":[{"href":"https:\/\/vitamin.coredesign.hu\/index.php?rest_route=\/wp\/v2\/types\/product"}],"replies":[{"embeddable":true,"href":"https:\/\/vitamin.coredesign.hu\/index.php?rest_route=%2Fwp%2Fv2%2Fcomments&post=5448"}],"wp:featuredmedia":[{"embeddable":true,"href":"https:\/\/vitamin.coredesign.hu\/index.php?rest_route=\/wp\/v2\/media\/5449"}],"wp:attachment":[{"href":"https:\/\/vitamin.coredesign.hu\/index.php?rest_route=%2Fwp%2Fv2%2Fmedia&parent=5448"}],"wp:term":[{"taxonomy":"product_cat","embeddable":true,"href":"https:\/\/vitamin.coredesign.hu\/index.php?rest_route=%2Fwp%2Fv2%2Fproduct_cat&post=5448"},{"taxonomy":"product_tag","embeddable":true,"href":"https:\/\/vitamin.coredesign.hu\/index.php?rest_route=%2Fwp%2Fv2%2Fproduct_tag&post=5448"}],"curies":[{"name":"wp","href":"https:\/\/api.w.org\/{rel}","templated":true}]}}