{"id":5446,"date":"2025-10-12T12:27:02","date_gmt":"2025-10-12T10:27:02","guid":{"rendered":"https:\/\/vitamin.coredesign.hu\/?product=bioco-multi-immun-tabletta-60db"},"modified":"2026-01-08T23:25:28","modified_gmt":"2026-01-08T22:25:28","slug":"bioco-multi-immun-tabletta-60db","status":"publish","type":"product","link":"https:\/\/vitamin.coredesign.hu\/?product=bioco-multi-immun-tabletta-60db","title":{"rendered":"BioCo Multi Immun tabletta \u2013 60db"},"content":{"rendered":"<p>&nbsp;<\/p>\n<div id=\"lt-accessibility-devtools\" aria-hidden=\"true\"><\/div>\n<p>Komplex multivitamin-k\u00e9sz\u00edtm\u00e9ny 12-f\u00e9le vitaminnal, echinace\u00e1val, ginzenggel \u00e9s csipkebogy\u00f3val. Az immunrendszer norm\u00e1l m\u0171k\u00f6d\u00e9s\u00e9nek t\u00e1mogat\u00e1s\u00e1ra, a fert\u0151z\u00e9sekkel szembeni ellen\u00e1ll\u00f3 k\u00e9pess\u00e9g n\u00f6vel\u00e9s\u00e9re aj\u00e1nlott.<\/p>\n<h2>BioCo Multi Immun tabletta \u2013 60db<\/h2>\n<p>A k\u00e9sz\u00edtm\u00e9ny tartalmazza mindazokat a fontos vitaminokat, amelyek sz\u00fcks\u00e9gesek az immunrendszer \u00e9s az idegrendszer megfelel\u0151 m\u0171k\u00f6d\u00e9s\u00e9hez, a hi\u00e1nybetegs\u00e9gek megel\u0151z\u00e9s\u00e9hez, a kiegyens\u00falyozott k\u00f6z\u00e9rzethez, a csontok, az \u00edzletek \u00e9s a porcok er\u0151ss\u00e9g\u00e9hez, a fert\u0151z\u00e9sekkel szembeni ellen\u00e1ll\u00f3 k\u00e9pess\u00e9g n\u00f6vel\u00e9s\u00e9hez, valamint az er\u0151nl\u00e9t \u00e9s a teljes\u00edt\u0151k\u00e9pess\u00e9g megtart\u00e1s\u00e1hoz.<\/p>\n<p>A vitaminok mellett a tablett\u00e1ban h\u00e1romf\u00e9le n\u00f6v\u00e9nyi kivonat is tal\u00e1lhat\u00f3: echinacea, ginzeng \u00e9s csipkebogy\u00f3. Az echinacea (b\u00edbor kasvir\u00e1g) a v\u00e9dekez\u0151k\u00e9pess\u00e9g meger\u0151s\u00edt\u00e9se mellett kiirtja a k\u00f3rokoz\u00f3kat, a k\u00e1ros bakt\u00e9riumokat, v\u00edrusokat, gomb\u00e1kat. A ginzeng cs\u00f6kkenti a stresszt, a f\u00e1rad\u00e9konys\u00e1got, \u00e9l\u00e9nk\u00edti a mem\u00f3ri\u00e1t, a koncentr\u00e1ci\u00f3t. A csipkebogy\u00f3 term\u00e9szetes C-vitamin-forr\u00e1s, el\u0151seg\u00edti a vitaminok min\u00e9l jobb felsz\u00edv\u00f3d\u00e1s\u00e1t \u00e9s hasznosul\u00e1s\u00e1t is.<\/p>\n<p>A BioCo k\u00e9sz\u00edtm\u00e9nye minden vitaminb\u00f3l a feln\u0151ttek sz\u00e1m\u00e1ra napi sz\u00fcks\u00e9ges mennyis\u00e9g 100%-\u00e1t tartalmazza. A tablett\u00e1k mentesek a mesters\u00e9ges sz\u00ednez\u00e9kekt\u0151l.<\/p>\n<h3>Mikor aj\u00e1nlott a BioCo Multi Immun tabletta?<\/h3>\n<ul>\n<li>\u00e1ltal\u00e1nos vitaminhi\u00e1ny megel\u0151z\u00e9s\u00e9re \u00e9s kezel\u00e9s\u00e9re<\/li>\n<li>az immunrendszer megfelel\u0151 m\u0171k\u00f6d\u00e9s\u00e9nek t\u00e1mogat\u00e1sra<\/li>\n<li>a fert\u0151z\u00e9sekkel, betegs\u00e9gekkel szembeni v\u00e9dekez\u0151k\u00e9pess\u00e9g n\u00f6vel\u00e9s\u00e9re<\/li>\n<li>j\u00e1rv\u00e1nyos id\u0151szakban megel\u0151z\u00e9s\u00e9re<\/li>\n<li>gyakori betegesked\u00e9sn\u00e9l, visszat\u00e9r\u0151 fert\u0151z\u00e9sekn\u00e9l<\/li>\n<li>betegs\u00e9g, m\u0171t\u00e9t ut\u00e1ni l\u00e1badoz\u00e1s id\u0151szak\u00e1ban<\/li>\n<li>kimer\u00fclts\u00e9g, f\u00e1rad\u00e9konys\u00e1g ellen<\/li>\n<li>felsz\u00edv\u00f3d\u00e1si zavarokn\u00e1l<\/li>\n<\/ul>\n<h3>Hat\u00f3anyagok 1 tablett\u00e1ban:<\/h3>\n<ul>\n<li>A-vitamin 800 \u00b5g 100 NRV%*<\/li>\n<li>B1-vitamin (tiamin) 1,1 mg 100 NRV%*<\/li>\n<li>B2-vitamin (riboflavin) 1,4 mg 100 NRV%*<\/li>\n<li>B3-vitamin (niacin) 16 mg 100 NRV%*<\/li>\n<li>B5-vitamin (pantot\u00e9nsav) 6 mg 100 NRV%*<\/li>\n<li>B6-vitamin (piridoxin) 1,4 mg 100 NRV%*<\/li>\n<li>B12-vitamin 2,5 \u00b5g 100 NRV%*<\/li>\n<li>Folsav (B9-vitamin) 200 \u00b5g 100 NRV%*<\/li>\n<li>Biotin (B7-vitamin) 50 \u00b5g 100 NRV%*<\/li>\n<li>C-vitamin 80 mg 100 NRV%*<\/li>\n<li>D3-vitamin 5 \u00b5g 100 NRV%*<\/li>\n<li>E-vitamin 12 mg 100 NRV%*<\/li>\n<li>Echinacea-kivonat 200 mg<\/li>\n<li>Panax ginseng kivonata 100 mg<br \/>\namelyb\u0151l ginsenosidok 3 mg<\/li>\n<li>Csipkebogy\u00f3-kivonat 50 mg<\/li>\n<\/ul>\n<p>*NRV%: Vitaminok \u00e9s \u00e1sv\u00e1nyi anyagok napi beviteli referencia\u00e9rt\u00e9ke %-ban (feln\u0151ttek eset\u00e9ben)<\/p>\n<p>**NE: Nemzetk\u00f6zi Egys\u00e9g<\/p>\n<h3>\u00d6sszetev\u0151k:<\/h3>\n<p>T\u00f6megn\u00f6vel\u0151 szer (mikrokrist\u00e1lyos cellul\u00f3z); maltodextrin; echinacea angustifolia kivonata (200 mg\/tabletta); panax ginseng kivonata; L-aszkorbinsav; f\u00e9nyez\u0151anyag (zs\u00edrsavak); csipkebogy\u00f3-kivonat; csom\u00f3sod\u00e1st g\u00e1tl\u00f3k (talkum, szil\u00edcium-dioxid); m\u00f3dos\u00edtott \u00e9tkez\u00e9si kem\u00e9ny\u00edt\u0151; DL-alfa-tokoferil-acet\u00e1t; nikotinsavamid; kalcium-D-pantoten\u00e1t; szachar\u00f3z; zselatin; piridoxin-hidroklorid; riboflavin; tiamin-mononitr\u00e1t; retinil-acet\u00e1t; kukoricakem\u00e9ny\u00edt\u0151; folsav (pteroilmonoglutaminsav); r\u00e9szben hidrog\u00e9nezett sz\u00f3jababolaj; D-biotin; kolekalciferol; cianokobalamin.<\/p>\n<h3>Felhaszn\u00e1l\u00e1si javaslat:<\/h3>\n<p>A BioCo Multi Immun k\u00e9sz\u00edtm\u00e9ny napi aj\u00e1nlott adagja 1 tabletta, b\u0151 folyad\u00e9kkal kell lenyelni.<\/p>\n<p><strong>Figyelmeztet\u00e9s:<\/strong>\u00a0Fogyaszt\u00e1sa gyermekeknek, terhes n\u0151knek, szoptat\u00f3s any\u00e1knak, magas v\u00e9rnyom\u00e1sban szenved\u0151knek, sz\u00edvbetegeknek nem javasolt. Ne szedje a k\u00e9sz\u00edtm\u00e9nyt, ha az \u00f6sszetev\u0151k b\u00e1rmelyik\u00e9re \u00e9rz\u00e9keny vagy allergi\u00e1s!<\/p>\n","protected":false},"excerpt":{"rendered":"<p>Komplex multivitamin-k\u00e9sz\u00edtm\u00e9ny 12-f\u00e9le vitaminnal, echinace\u00e1val, ginzenggel \u00e9s csipkebogy\u00f3val. Az immunrendszer norm\u00e1l m\u0171k\u00f6d\u00e9s\u00e9nek t\u00e1mogat\u00e1s\u00e1ra, a fert\u0151z\u00e9sekkel szembeni ellen\u00e1ll\u00f3 k\u00e9pess\u00e9g n\u00f6vel\u00e9s\u00e9re aj\u00e1nlott.<\/p>\n","protected":false},"featured_media":5447,"comment_status":"closed","ping_status":"open","template":"","meta":[],"product_cat":[60],"product_tag":[],"class_list":{"0":"post-5446","1":"product","2":"type-product","3":"status-publish","4":"has-post-thumbnail","6":"product_brand-bioco","7":"product_cat-vitaminok","9":"first","10":"instock","11":"purchasable","12":"product-type-simple"},"_links":{"self":[{"href":"https:\/\/vitamin.coredesign.hu\/index.php?rest_route=\/wp\/v2\/product\/5446","targetHints":{"allow":["GET"]}}],"collection":[{"href":"https:\/\/vitamin.coredesign.hu\/index.php?rest_route=\/wp\/v2\/product"}],"about":[{"href":"https:\/\/vitamin.coredesign.hu\/index.php?rest_route=\/wp\/v2\/types\/product"}],"replies":[{"embeddable":true,"href":"https:\/\/vitamin.coredesign.hu\/index.php?rest_route=%2Fwp%2Fv2%2Fcomments&post=5446"}],"wp:featuredmedia":[{"embeddable":true,"href":"https:\/\/vitamin.coredesign.hu\/index.php?rest_route=\/wp\/v2\/media\/5447"}],"wp:attachment":[{"href":"https:\/\/vitamin.coredesign.hu\/index.php?rest_route=%2Fwp%2Fv2%2Fmedia&parent=5446"}],"wp:term":[{"taxonomy":"product_cat","embeddable":true,"href":"https:\/\/vitamin.coredesign.hu\/index.php?rest_route=%2Fwp%2Fv2%2Fproduct_cat&post=5446"},{"taxonomy":"product_tag","embeddable":true,"href":"https:\/\/vitamin.coredesign.hu\/index.php?rest_route=%2Fwp%2Fv2%2Fproduct_tag&post=5446"}],"curies":[{"name":"wp","href":"https:\/\/api.w.org\/{rel}","templated":true}]}}