{"id":5444,"date":"2025-10-12T12:27:02","date_gmt":"2025-10-12T10:27:02","guid":{"rendered":"https:\/\/vitamin.coredesign.hu\/?product=bioco-k2-forte-vitamin-tabletta-60db"},"modified":"2026-01-08T23:25:27","modified_gmt":"2026-01-08T22:25:27","slug":"bioco-k2-forte-vitamin-tabletta-60db","status":"publish","type":"product","link":"https:\/\/vitamin.coredesign.hu\/?product=bioco-k2-forte-vitamin-tabletta-60db","title":{"rendered":"BioCo K2 forte vitamin tabletta \u2013 60db"},"content":{"rendered":"<p>&nbsp;<\/p>\n<div id=\"lt-accessibility-devtools\" aria-hidden=\"true\"><\/div>\n<p>Emelt mennyis\u00e9g\u0171, term\u00e9szetes eredet\u0171 K2-vitamint tartalmaz\u00f3 k\u00e9sz\u00edtm\u00e9ny. K\u00fcl\u00f6n\u00f6sen aj\u00e1nlott t\u00f6r\u00e9keny csontokn\u00e1l, csontritkul\u00e1si hajlam, sz\u00edv- \u00e9s \u00e9rrendszeri probl\u00e9m\u00e1k eset\u00e9n, tov\u00e1bb\u00e1 v\u00e1ltoz\u00f3korban.<\/p>\n<h2>BioCo K2 forte vitamin tabletta<\/h2>\n<p>A K2-vitaminnak kiemelt szerepe van a csontok er\u0151ss\u00e9g\u00e9nek megtart\u00e1s\u00e1ban, a csontritkul\u00e1s megel\u0151z\u00e9s\u00e9ben. El\u0151seg\u00edti az \u00e1sv\u00e1nyi anyagok be\u00e9p\u00fcl\u00e9s\u00e9t a csontokba, de a megfelel\u0151 v\u00e9ralvad\u00e1shoz, a sz\u00edv \u00e9s az \u00e9rrendszer eg\u00e9szs\u00e9g\u00e9nek meg\u0151rz\u00e9s\u00e9hez is n\u00e9lk\u00fcl\u00f6zhetetlen vitamin.<\/p>\n<p>Ha kev\u00e9s K2-vitaminhoz jut a szervezet, a csontok f\u0151 \u00e9p\u00edt\u0151anyaga, a kalcium nem tud eljutni a csontokhoz, lerak\u00f3dik az erek fal\u00e1n, ami jelent\u0151sen megn\u00f6veli az \u00e9relmeszesed\u00e9s kock\u00e1zat\u00e1t. Antibiotikum szed\u00e9sekor, s\u00e9r\u00fclt b\u00e9lfl\u00f3ra, felsz\u00edv\u00f3d\u00e1si zavarok, b\u00e9lgyullad\u00e1s eset\u00e9n k\u00fcl\u00f6n\u00f6sen fontos a p\u00f3tl\u00e1sa.<\/p>\n<p>A BioCo k\u00e9sz\u00edtm\u00e9nye emelt hat\u00f3anyag-mennyis\u00e9g\u0171, tablett\u00e1nk\u00e9nt 120 \u00b5g K2-vitamint tartalmaz, kiz\u00e1r\u00f3lag term\u00e9szetes eredet\u0171, Bacillus subtilis Natto ferment\u00e1ci\u00f3j\u00e1val nyert kivonatb\u00f3l sz\u00e1rmaz\u00f3 K2-vitaminnal. M\u00c9KISZ \u201eTan\u00fas\u00edtott min\u0151s\u00e9g\u201d v\u00e9djeggyel ell\u00e1tott term\u00e9k, amely garant\u00e1lja a min\u0151s\u00e9get \u00e9s a megb\u00edzhat\u00f3s\u00e1got.<\/p>\n<h3>Mikor aj\u00e1nlott a BioCo K2 Forte tabletta?<\/h3>\n<ul>\n<li>napi sz\u00fcks\u00e9ges K-vitamin-p\u00f3tl\u00e1s\u00e1ra<\/li>\n<li>v\u00e1ltoz\u00f3korban<\/li>\n<li>t\u00f6r\u00e9keny csontokn\u00e1l, gyorsan szuvasod\u00f3 fogakn\u00e1l<\/li>\n<li>csontritkul\u00e1sn\u00e1l, csontritkul\u00e1si hajlamn\u00e1l<\/li>\n<li>felsz\u00edv\u00f3d\u00e1si zavarokn\u00e1l, b\u00e9lgyullad\u00e1sn\u00e1l<\/li>\n<li>antibiotikum-k\u00far\u00e1n\u00e1l, a b\u00e9lfl\u00f3ra s\u00e9r\u00fcl\u00e9s\u00e9n\u00e9l<\/li>\n<li>gyakori izomg\u00f6rcs\u00f6k, v\u00e9gtagzsibbad\u00e1sok eset\u00e9n<\/li>\n<li>lass\u00fa v\u00e9ralvad\u00e1sn\u00e1l, hosszantart\u00f3 v\u00e9rz\u00e9sekn\u00e9l<\/li>\n<li>nehezen gy\u00f3gyul\u00f3 sebekn\u00e9l<\/li>\n<li>gyakori orrv\u00e9rz\u00e9sn\u00e9l<\/li>\n<li>egyoldal\u00fa t\u00e1pl\u00e1lkoz\u00e1sn\u00e1l<\/li>\n<li>Crohn-betegs\u00e9g eset\u00e9n<\/li>\n<\/ul>\n<h3>Hat\u00f3anyagok 1 tablett\u00e1ban:<\/h3>\n<ul>\n<li>K2-vitamin (menaquinone-7) 120 \u00b5g (160 NRV%*)<\/li>\n<\/ul>\n<p>*NRV%: Vitaminok \u00e9s \u00e1sv\u00e1nyi anyagok napi beviteli referencia\u00e9rt\u00e9ke %-ban (feln\u0151ttek eset\u00e9ben)<\/p>\n<h3>\u00d6sszetev\u0151k:<\/h3>\n<p>T\u00f6megn\u00f6vel\u0151 szer (mikrokrist\u00e1lyos cellul\u00f3z); maltodextrin; term\u00e9szetes K2-vitamin (menakinon-7, Bacillus subtilis Natto eredet\u0171); f\u00e9nyez\u0151anyag (sztearinsav); csom\u00f3sod\u00e1st g\u00e1tl\u00f3 (szil\u00edcium-dioxid, talkum).<\/p>\n<h3>Felhaszn\u00e1l\u00e1si javaslat:<\/h3>\n<p>A BioCo K2 Forte k\u00e9sz\u00edtm\u00e9ny napi aj\u00e1nlott adagja 1 tabletta, b\u0151 folyad\u00e9kkel kell lenyelni.<\/p>\n<p><strong>Figyelmeztet\u00e9s:<\/strong>\u00a0A term\u00e9k fogyaszt\u00e1sa kumarin t\u00edpus\u00fa v\u00e9ralvad\u00e1sg\u00e1tl\u00f3t szed\u0151knek nem javasolt.<\/p>\n","protected":false},"excerpt":{"rendered":"<p>Emelt mennyis\u00e9g\u0171, term\u00e9szetes eredet\u0171 K2-vitamint tartalmaz\u00f3 k\u00e9sz\u00edtm\u00e9ny. K\u00fcl\u00f6n\u00f6sen aj\u00e1nlott t\u00f6r\u00e9keny csontokn\u00e1l, csontritkul\u00e1si hajlam, sz\u00edv- \u00e9s \u00e9rrendszeri probl\u00e9m\u00e1k eset\u00e9n, tov\u00e1bb\u00e1 v\u00e1ltoz\u00f3korban.<\/p>\n","protected":false},"featured_media":5445,"comment_status":"closed","ping_status":"open","template":"","meta":[],"product_cat":[60],"product_tag":[],"class_list":{"0":"post-5444","1":"product","2":"type-product","3":"status-publish","4":"has-post-thumbnail","6":"product_brand-bioco","7":"product_cat-vitaminok","9":"first","10":"instock","11":"purchasable","12":"product-type-simple"},"_links":{"self":[{"href":"https:\/\/vitamin.coredesign.hu\/index.php?rest_route=\/wp\/v2\/product\/5444","targetHints":{"allow":["GET"]}}],"collection":[{"href":"https:\/\/vitamin.coredesign.hu\/index.php?rest_route=\/wp\/v2\/product"}],"about":[{"href":"https:\/\/vitamin.coredesign.hu\/index.php?rest_route=\/wp\/v2\/types\/product"}],"replies":[{"embeddable":true,"href":"https:\/\/vitamin.coredesign.hu\/index.php?rest_route=%2Fwp%2Fv2%2Fcomments&post=5444"}],"wp:featuredmedia":[{"embeddable":true,"href":"https:\/\/vitamin.coredesign.hu\/index.php?rest_route=\/wp\/v2\/media\/5445"}],"wp:attachment":[{"href":"https:\/\/vitamin.coredesign.hu\/index.php?rest_route=%2Fwp%2Fv2%2Fmedia&parent=5444"}],"wp:term":[{"taxonomy":"product_cat","embeddable":true,"href":"https:\/\/vitamin.coredesign.hu\/index.php?rest_route=%2Fwp%2Fv2%2Fproduct_cat&post=5444"},{"taxonomy":"product_tag","embeddable":true,"href":"https:\/\/vitamin.coredesign.hu\/index.php?rest_route=%2Fwp%2Fv2%2Fproduct_tag&post=5444"}],"curies":[{"name":"wp","href":"https:\/\/api.w.org\/{rel}","templated":true}]}}