{"id":5440,"date":"2025-10-12T12:27:02","date_gmt":"2025-10-12T10:27:02","guid":{"rendered":"https:\/\/vitamin.coredesign.hu\/?product=bioco-szerves-krom-60db"},"modified":"2026-01-08T23:25:25","modified_gmt":"2026-01-08T22:25:25","slug":"bioco-szerves-krom-60db","status":"publish","type":"product","link":"https:\/\/vitamin.coredesign.hu\/?product=bioco-szerves-krom-60db","title":{"rendered":"BioCo szerves kr\u00f3m \u2013 60db"},"content":{"rendered":"<p>&nbsp;<\/p>\n<div id=\"lt-accessibility-devtools\" aria-hidden=\"true\"><\/div>\n<p>Magas hat\u00f3anyag-tartalm\u00fa, szerves k\u00f6t\u00e9s\u0171 kr\u00f3mot tartalmaz\u00f3 k\u00e9sz\u00edtm\u00e9ny. K\u00fcl\u00f6n\u00f6sen aj\u00e1nlott cukorbetegs\u00e9g, inzulinrezisztencia, gyomor- vagy nyomb\u00e9lfek\u00e9ly eset\u00e9n, tov\u00e1bb\u00e1 fogy\u00f3k\u00fara kieg\u00e9sz\u00edt\u00e9s\u00e9re.<\/p>\n<h2>BioCo szerves kr\u00f3m<\/h2>\n<p>A\u00a0kr\u00f3mot a szervezet nem tudja el\u0151\u00e1ll\u00edtani, ez\u00e9rt fontos a rendszeres p\u00f3tl\u00e1sa. Kiemelt szerepe van az optim\u00e1lis v\u00e9rcukorszint fenntart\u00e1s\u00e1ban, \u00edgy cukorbetegeknek, inzulinrezisztenseknek k\u00fcl\u00f6n\u00f6sen oda kell figyelni\u00fck a megfelel\u0151 kr\u00f3mbevitelre.<\/p>\n<p>Fogy\u00f3k\u00fara kieg\u00e9sz\u00edt\u00e9s\u00e9re is aj\u00e1nlott, mert a v\u00e9rcukorszint szab\u00e1lyoz\u00e1sa mellett a kr\u00f3m serkenti az anyagcser\u00e9t, a zs\u00edr\u00e9get\u00e9st, cs\u00f6kkenti az \u00e9tv\u00e1gyat, az \u00e9dess\u00e9g ut\u00e1ni v\u00e1gyat, n\u00f6veli a teljes\u00edt\u0151k\u00e9pess\u00e9get, \u00e9s megel\u0151zheti a fogy\u00e1ssal egy\u00fctt j\u00e1r\u00f3 izomveszt\u00e9st is.<\/p>\n<p>A BioCo k\u00e9sz\u00edtm\u00e9nye kiz\u00e1r\u00f3lag szerves k\u00f6t\u00e9s\u0171, j\u00f3l hasznosul\u00f3 kr\u00f3m(III)-pikolin\u00e1t form\u00e1ban tartalmazza a norm\u00e1l v\u00e9rcukorszint fenntart\u00e1s\u00e1hoz sz\u00fcks\u00e9ges kr\u00f3mot, magas, tablett\u00e1nk\u00e9nt 250 \u00b5g-os hat\u00f3anyag-mennyis\u00e9gben.<\/p>\n<h3>Mikor aj\u00e1nlott a BioCo szerves KR\u00d3M tabletta?<\/h3>\n<ul>\n<li>magas vagy ingadoz\u00f3 v\u00e9rcukorszintn\u00e9l<\/li>\n<li>cukorbetegs\u00e9g, inzulinrezisztencia eset\u00e9n<\/li>\n<li>metabolikus szindr\u00f3m\u00e1n\u00e1l<\/li>\n<li>t\u00fals\u00falyn\u00e1l, neh\u00e9zkes fogy\u00e1sn\u00e1l<\/li>\n<li>gyakori \u00e9hs\u00e9g\u00e9rzetn\u00e9l<\/li>\n<li>lass\u00fa anyagcser\u00e9n\u00e9l<\/li>\n<li>gyomor- vagy nyomb\u00e9lfek\u00e9ly eset\u00e9n<\/li>\n<\/ul>\n<h3>Hat\u00f3anyagok 1 tablett\u00e1ban:<\/h3>\n<ul>\n<li>Kr\u00f3m (szerves k\u00f6t\u00e9s\u0171 kr\u00f3m-pikolin\u00e1tb\u00f3l) 250 \u03bcg (625 NRV%*)<\/li>\n<\/ul>\n<p>*NRV%: Vitaminok \u00e9s \u00e1sv\u00e1nyi anyagok napi beviteli referencia\u00e9rt\u00e9ke %-ban (feln\u0151ttek eset\u00e9ben)<\/p>\n<h3>\u00d6sszetev\u0151k:<\/h3>\n<p>T\u00f6megn\u00f6vel\u0151 szer (mikrokrist\u00e1lyos cellul\u00f3z); maltodextrin; f\u00e9nyez\u0151anyag (zs\u00edrsavak); csom\u00f3sod\u00e1st g\u00e1tl\u00f3 (szil\u00edcium-dioxid); kr\u00f3m(III)-pikolin\u00e1t.<\/p>\n<h3>Felhaszn\u00e1l\u00e1si javaslat:<\/h3>\n<p>A BioCo szerves KR\u00d3M k\u00e9sz\u00edtm\u00e9ny napi aj\u00e1nlott adagja 1 tabletta, b\u0151 folyad\u00e9kkal kell lenyelni.<\/p>\n","protected":false},"excerpt":{"rendered":"<p>Magas hat\u00f3anyag-tartalm\u00fa, szerves k\u00f6t\u00e9s\u0171 kr\u00f3mot tartalmaz\u00f3 k\u00e9sz\u00edtm\u00e9ny. K\u00fcl\u00f6n\u00f6sen aj\u00e1nlott cukorbetegs\u00e9g, inzulinrezisztencia, gyomor- vagy nyomb\u00e9lfek\u00e9ly eset\u00e9n, tov\u00e1bb\u00e1 fogy\u00f3k\u00fara kieg\u00e9sz\u00edt\u00e9s\u00e9re.<\/p>\n","protected":false},"featured_media":5441,"comment_status":"closed","ping_status":"open","template":"","meta":[],"product_cat":[73],"product_tag":[],"class_list":{"0":"post-5440","1":"product","2":"type-product","3":"status-publish","4":"has-post-thumbnail","6":"product_brand-bioco","7":"product_cat-arvanyi-anyagok","9":"first","10":"instock","11":"purchasable","12":"product-type-simple"},"_links":{"self":[{"href":"https:\/\/vitamin.coredesign.hu\/index.php?rest_route=\/wp\/v2\/product\/5440","targetHints":{"allow":["GET"]}}],"collection":[{"href":"https:\/\/vitamin.coredesign.hu\/index.php?rest_route=\/wp\/v2\/product"}],"about":[{"href":"https:\/\/vitamin.coredesign.hu\/index.php?rest_route=\/wp\/v2\/types\/product"}],"replies":[{"embeddable":true,"href":"https:\/\/vitamin.coredesign.hu\/index.php?rest_route=%2Fwp%2Fv2%2Fcomments&post=5440"}],"wp:featuredmedia":[{"embeddable":true,"href":"https:\/\/vitamin.coredesign.hu\/index.php?rest_route=\/wp\/v2\/media\/5441"}],"wp:attachment":[{"href":"https:\/\/vitamin.coredesign.hu\/index.php?rest_route=%2Fwp%2Fv2%2Fmedia&parent=5440"}],"wp:term":[{"taxonomy":"product_cat","embeddable":true,"href":"https:\/\/vitamin.coredesign.hu\/index.php?rest_route=%2Fwp%2Fv2%2Fproduct_cat&post=5440"},{"taxonomy":"product_tag","embeddable":true,"href":"https:\/\/vitamin.coredesign.hu\/index.php?rest_route=%2Fwp%2Fv2%2Fproduct_tag&post=5440"}],"curies":[{"name":"wp","href":"https:\/\/api.w.org\/{rel}","templated":true}]}}