{"id":5438,"date":"2025-10-12T12:27:02","date_gmt":"2025-10-12T10:27:02","guid":{"rendered":"https:\/\/vitamin.coredesign.hu\/?product=bioco-zoldkagylo-pure-kapszula-90db"},"modified":"2026-01-08T23:25:24","modified_gmt":"2026-01-08T22:25:24","slug":"bioco-zoldkagylo-pure-kapszula-90db","status":"publish","type":"product","link":"https:\/\/vitamin.coredesign.hu\/?product=bioco-zoldkagylo-pure-kapszula-90db","title":{"rendered":"BioCo Z\u00f6ldkagyl\u00f3 Pure kapszula \u2013 90db"},"content":{"rendered":"<p>&nbsp;<\/p>\n<div id=\"lt-accessibility-devtools\" aria-hidden=\"true\"><\/div>\n<p>Gl\u00fck\u00f3zaminoglik\u00e1nban gazdag z\u00f6ldkagyl\u00f3t tartalmaz\u00f3 k\u00e9sz\u00edtm\u00e9ny. \u00cdz\u00fcleti gyullad\u00e1sra, porckop\u00e1sra, reumatikus panaszokra aj\u00e1nlott. A kapszula PURE, azaz tiszta, nem tartalmaz semmilyen adal\u00e9kanyagot, tart\u00f3s\u00edt\u00f3szert vagy sz\u00ednez\u00e9ket.<\/p>\n<h2>BioCo Z\u00f6ldkagyl\u00f3 Pure kapszula<\/h2>\n<p>A z\u00f6ldkagyl\u00f3ban rengeteg gl\u00fck\u00f3zaminoglik\u00e1n (GAG) tal\u00e1lhat\u00f3, amely az \u00edz\u00fcletek ken\u0151anyag\u00e1nak legfontosabb \u00f6sszetev\u0151je. V\u00e9di a s\u00farl\u00f3d\u00e1snak kitett \u00edz\u00fcleteket, rugalmasan, hidrat\u00e1ltan tartja az \u00edz\u00fcleteket \u00e9s a porcokat, lass\u00edtja, illetve megg\u00e1tolja a k\u00e1rosod\u00e1sukat. El\u0151seg\u00edti az \u00faj porcsz\u00f6vetek termel\u0151d\u00e9s\u00e9t is, tov\u00e1bb\u00e1 cs\u00f6kkenti a merevs\u00e9get, a f\u00e1jdalmat, jav\u00edtja a mozgathat\u00f3s\u00e1got.<\/p>\n<p>A gl\u00fck\u00f3zaminoglik\u00e1nban gazdag z\u00f6ldkagyl\u00f3 k\u00fcl\u00f6n\u00f6sen aj\u00e1nlott az id\u0151sebb koroszt\u00e1ly sz\u00e1m\u00e1ra, valamint az \u00fcl\u0151- vagy \u00e1ll\u00f3munk\u00e1t v\u00e9gz\u0151knek, akt\u00edv sportol\u00f3knak, neh\u00e9z fizikai munk\u00e1t v\u00e9gz\u0151knek, t\u00fals\u00falyosaknak.<\/p>\n<p>A BioCo k\u00e9sz\u00edtm\u00e9nye \u00faj-z\u00e9landi tar\u00e9jos z\u00f6ldkagyl\u00f3t tartalmaz, amelynek kiemelked\u0151en magas a term\u00e9szetes gl\u00fck\u00f3zaminoglik\u00e1n-tartalma. A term\u00e9k PURE, azaz tiszta k\u00e9sz\u00edtm\u00e9ny, kiz\u00e1r\u00f3lag csak a sz\u00ednez\u00e9kmentes kapszul\u00e1ba t\u00f6lt\u00f6tt hat\u00f3anyagot tartalmazza.<\/p>\n<h3>Mikor aj\u00e1nlott a BioCo Z\u00f6ldkagyl\u00f3 PURE kapszula?<\/h3>\n<ul>\n<li>\u00edz\u00fcleti f\u00e1jdalomra, gyullad\u00e1sra<\/li>\n<li>porckop\u00e1s megel\u0151z\u00e9s\u00e9re \u00e9s kezel\u00e9s\u00e9re<\/li>\n<li>nagyobb megterhel\u00e9s ut\u00e1n jelentkez\u0151 \u00edz\u00fcleti f\u00e1jdalomra<\/li>\n<li>fokozott terhel\u00e9s k\u00f6vetkezt\u00e9ben kialakult \u00edz\u00fcleti \u00e9s porck\u00e1rosod\u00e1sra<\/li>\n<li>akt\u00edv sportol\u00e1skor<\/li>\n<li>neh\u00e9z fizikai munkav\u00e9gz\u00e9skor<\/li>\n<li>jelent\u0151s t\u00fals\u00faly eset\u00e9n<\/li>\n<li>id\u0151sebb korral j\u00e1r\u00f3 \u00edz\u00fcleti b\u00e1ntalmakra<\/li>\n<\/ul>\n<h3>Hat\u00f3anyagok 3 kapszul\u00e1ban:<\/h3>\n<ul>\n<li>Z\u00f6ldkagyl\u00f3 1500 mg<br \/>\namelyb\u0151l gl\u00fck\u00f3zaminoglik\u00e1n (GAG) min. 30 mg<\/li>\n<\/ul>\n<h3>\u00d6sszetev\u0151k:<\/h3>\n<p>Tar\u00e9jos\u00a0z\u00f6ldkagyl\u00f3\u00a0(Perna canaliculus) 500 mg\/kapszula; zselatin kapszulah\u00e9j.<\/p>\n<h3>Felhaszn\u00e1l\u00e1si javaslat:<\/h3>\n<p>A BioCo Z\u00f6ldkagyl\u00f3 PURE k\u00e9sz\u00edtm\u00e9ny napi aj\u00e1nlott adagja 3 kapszula, b\u0151 folyad\u00e9kkal kell lenyelni.<\/p>\n","protected":false},"excerpt":{"rendered":"<p>Gl\u00fck\u00f3zaminoglik\u00e1nban gazdag z\u00f6ldkagyl\u00f3t tartalmaz\u00f3 k\u00e9sz\u00edtm\u00e9ny. \u00cdz\u00fcleti gyullad\u00e1sra, porckop\u00e1sra, reumatikus panaszokra aj\u00e1nlott. A kapszula PURE, azaz tiszta, nem tartalmaz semmilyen adal\u00e9kanyagot, tart\u00f3s\u00edt\u00f3szert vagy sz\u00ednez\u00e9ket.<\/p>\n","protected":false},"featured_media":5439,"comment_status":"closed","ping_status":"open","template":"","meta":[],"product_cat":[61],"product_tag":[],"class_list":{"0":"post-5438","1":"product","2":"type-product","3":"status-publish","4":"has-post-thumbnail","6":"product_brand-bioco","7":"product_cat-etrend-kiegeszitok","9":"first","10":"instock","11":"purchasable","12":"product-type-simple"},"_links":{"self":[{"href":"https:\/\/vitamin.coredesign.hu\/index.php?rest_route=\/wp\/v2\/product\/5438","targetHints":{"allow":["GET"]}}],"collection":[{"href":"https:\/\/vitamin.coredesign.hu\/index.php?rest_route=\/wp\/v2\/product"}],"about":[{"href":"https:\/\/vitamin.coredesign.hu\/index.php?rest_route=\/wp\/v2\/types\/product"}],"replies":[{"embeddable":true,"href":"https:\/\/vitamin.coredesign.hu\/index.php?rest_route=%2Fwp%2Fv2%2Fcomments&post=5438"}],"wp:featuredmedia":[{"embeddable":true,"href":"https:\/\/vitamin.coredesign.hu\/index.php?rest_route=\/wp\/v2\/media\/5439"}],"wp:attachment":[{"href":"https:\/\/vitamin.coredesign.hu\/index.php?rest_route=%2Fwp%2Fv2%2Fmedia&parent=5438"}],"wp:term":[{"taxonomy":"product_cat","embeddable":true,"href":"https:\/\/vitamin.coredesign.hu\/index.php?rest_route=%2Fwp%2Fv2%2Fproduct_cat&post=5438"},{"taxonomy":"product_tag","embeddable":true,"href":"https:\/\/vitamin.coredesign.hu\/index.php?rest_route=%2Fwp%2Fv2%2Fproduct_tag&post=5438"}],"curies":[{"name":"wp","href":"https:\/\/api.w.org\/{rel}","templated":true}]}}