{"id":5436,"date":"2025-10-12T12:27:02","date_gmt":"2025-10-12T10:27:02","guid":{"rendered":"https:\/\/vitamin.coredesign.hu\/?product=bioco-magne-citrat-b6-vitamin-tabletta-megapack-90db"},"modified":"2026-01-08T23:25:23","modified_gmt":"2026-01-08T22:25:23","slug":"bioco-magne-citrat-b6-vitamin-tabletta-megapack-90db","status":"publish","type":"product","link":"https:\/\/vitamin.coredesign.hu\/?product=bioco-magne-citrat-b6-vitamin-tabletta-megapack-90db","title":{"rendered":"BioCo MAGNE-citr\u00e1t + B6-vitamin tabletta Megapack \u2013 90db"},"content":{"rendered":"<p>&nbsp;<\/p>\n<div id=\"lt-accessibility-devtools\" aria-hidden=\"true\"><\/div>\n<p>Szerves magn\u00e9ziumot \u00e9s magas d\u00f3zis\u00fa B6-vitamint tartalmaz\u00f3 k\u00e9sz\u00edtm\u00e9ny nagy kiszerel\u00e9s\u0171, MEGAPACK tablettacsomagban. A tablett\u00e1k \u00faj, sz\u00ednez\u00e9kmentes nyel\u00e9sk\u00f6nny\u00edt\u0151 bevonattal vannak ell\u00e1tva.<\/p>\n<h2>BioCo MAGNE-citr\u00e1t + B6-vitamin tabletta Megapack<\/h2>\n<p>A magn\u00e9zium rendszeres p\u00f3tl\u00e1sa n\u00e9lk\u00fcl\u00f6zhetetlen az idegrendszer \u00e9s az izmok megfelel\u0151 m\u0171k\u00f6d\u00e9s\u00e9hez, k\u00f6zt\u00fck a sz\u00edvizom eg\u00e9szs\u00e9ges m\u0171k\u00f6d\u00e9s\u00e9hez is. Ha hossz\u00fat\u00e1von kev\u00e9s magn\u00e9ziumhoz jut a szervezet, az k\u00f6nnyen sz\u00edvprobl\u00e9m\u00e1khoz, gyakori izomg\u00f6rcs\u00f6kh\u00f6z, viselked\u00e9szavarokhoz, szorong\u00e1shoz, depresszi\u00f3hoz vagy alv\u00e1szavarokhoz vezethet.<\/p>\n<p>A magn\u00e9ziumbevitelre k\u00fcl\u00f6n\u00f6sen oda kell figyelnie azoknak, akik fokozott stresszben \u00e9lnek, akt\u00edvan sportolnak, neh\u00e9z fizikai munk\u00e1t v\u00e9geznek, valamint cukorbetegek, de terhess\u00e9g, szoptat\u00e1s alatt, illetve id\u0151sebb korban is megn\u00f6vekedhet a szervezet magn\u00e9ziumig\u00e9nye.<\/p>\n<p>A BioCo k\u00e9sz\u00edtm\u00e9nye szerves k\u00f6t\u00e9s\u0171 magn\u00e9zium-citr\u00e1tot tartalmaz, valamint nagy d\u00f3zis\u00fa ideg- \u00e9s izomv\u00e9d\u0151 B6-vitamin. \u00c9rt\u00e9k &amp; Min\u0151s\u00e9g Nagyd\u00edjas term\u00e9k. Glut\u00e9nmentes, lakt\u00f3zmentes, sz\u00ednez\u00e9kmentes, nem tartalmaz \u00e1llati eredet\u0171 \u00f6sszetev\u0151ket, veg\u00e1nok is szedhetik.<\/p>\n<h3>Mikor aj\u00e1nlott a BioCo MAGNE-citr\u00e1t + B6-vitamin MEGAPACK?<\/h3>\n<ul>\n<li>a napi sz\u00fcks\u00e9ges magn\u00e9ziump\u00f3tl\u00e1shoz<\/li>\n<li>stresszes \u00e9letvitel eset\u00e9n<\/li>\n<li>megterhel\u0151 szellemi \u00e9s fizikai munkav\u00e9gz\u00e9sn\u00e9l<\/li>\n<li>gyakori izomg\u00f6rcs\u00f6kre, izomf\u00e1jdalmakra<\/li>\n<li>szapora sz\u00edvver\u00e9s, sz\u00edvritmuszavar jelentkez\u00e9s\u00e9n\u00e9l<\/li>\n<li>f\u00e1rad\u00e9konys\u00e1g, kimer\u00fclts\u00e9g eset\u00e9n<\/li>\n<li>roml\u00f3 koncentr\u00e1ci\u00f3n\u00e1l<\/li>\n<li>alv\u00e1sprobl\u00e9m\u00e1kn\u00e1l<\/li>\n<li>gyakori fejf\u00e1j\u00e1s, sz\u00e9d\u00fcl\u00e9s eset\u00e9n<\/li>\n<li>viselked\u00e9szavarokn\u00e1l<\/li>\n<li>lehangolts\u00e1gn\u00e1l, depresszi\u00f3n\u00e1l<\/li>\n<li>fogy\u00f3k\u00far\u00e1z\u00f3knak, speci\u00e1lis di\u00e9t\u00e1t tart\u00f3knak<\/li>\n<li>a v\u00e1rand\u00f3ss\u00e1g \u00e9s a szoptat\u00e1s id\u0151szak\u00e1ban<\/li>\n<\/ul>\n<h3>Hat\u00f3anyagok 1 tablett\u00e1ban:<\/h3>\n<ul>\n<li>Magn\u00e9zium (szerves k\u00f6t\u00e9s\u0171 magn\u00e9zium-citr\u00e1tb\u00f3l) 150 mg (40 NRV%*)<\/li>\n<li>B6-vitamin 2 mg (142,86 NRV%*)<\/li>\n<\/ul>\n<p>*NRV%: Vitaminok \u00e9s \u00e1sv\u00e1nyi anyagok napi beviteli referencia\u00e9rt\u00e9ke %-ban (feln\u0151ttek eset\u00e9ben)<\/p>\n<h3>\u00d6sszetev\u0151k:<\/h3>\n<p>Magn\u00e9zium-citr\u00e1t; f\u00e9nyez\u0151anyagok (zs\u00edrsavak, polivinil-alkohol, polietil\u00e9nglikol); t\u00f6megn\u00f6vel\u0151 szer (mikrokrist\u00e1lyos cellul\u00f3z); csom\u00f3sod\u00e1st g\u00e1tl\u00f3 (szil\u00edcium-dioxid); piridoxin-hidroklorid.<\/p>\n<ul>\n<li>\u00daj, sz\u00ednez\u00e9kmentes NYEL\u00c9SK\u00d6NNY\u00cdT\u0150 bevonattal!<\/li>\n<li>tit\u00e1n-dioxid mentes<\/li>\n<\/ul>\n<h3>Felhaszn\u00e1l\u00e1si javaslat:<\/h3>\n<p>A BioCo MAGNE-citr\u00e1t + B6-vitamin MEGAPACK k\u00e9sz\u00edtm\u00e9ny napi aj\u00e1nlott adagja 1-2 tabletta, b\u0151 folyad\u00e9kkal kell lenyelni.<\/p>\n","protected":false},"excerpt":{"rendered":"<p>Szerves magn\u00e9ziumot \u00e9s magas d\u00f3zis\u00fa B6-vitamint tartalmaz\u00f3 k\u00e9sz\u00edtm\u00e9ny nagy kiszerel\u00e9s\u0171, MEGAPACK tablettacsomagban. A tablett\u00e1k \u00faj, sz\u00ednez\u00e9kmentes nyel\u00e9sk\u00f6nny\u00edt\u0151 bevonattal vannak ell\u00e1tva.<\/p>\n","protected":false},"featured_media":5437,"comment_status":"closed","ping_status":"open","template":"","meta":[],"product_cat":[60],"product_tag":[],"class_list":{"0":"post-5436","1":"product","2":"type-product","3":"status-publish","4":"has-post-thumbnail","6":"product_brand-bioco","7":"product_cat-vitaminok","9":"first","10":"instock","11":"purchasable","12":"product-type-simple"},"_links":{"self":[{"href":"https:\/\/vitamin.coredesign.hu\/index.php?rest_route=\/wp\/v2\/product\/5436","targetHints":{"allow":["GET"]}}],"collection":[{"href":"https:\/\/vitamin.coredesign.hu\/index.php?rest_route=\/wp\/v2\/product"}],"about":[{"href":"https:\/\/vitamin.coredesign.hu\/index.php?rest_route=\/wp\/v2\/types\/product"}],"replies":[{"embeddable":true,"href":"https:\/\/vitamin.coredesign.hu\/index.php?rest_route=%2Fwp%2Fv2%2Fcomments&post=5436"}],"wp:featuredmedia":[{"embeddable":true,"href":"https:\/\/vitamin.coredesign.hu\/index.php?rest_route=\/wp\/v2\/media\/5437"}],"wp:attachment":[{"href":"https:\/\/vitamin.coredesign.hu\/index.php?rest_route=%2Fwp%2Fv2%2Fmedia&parent=5436"}],"wp:term":[{"taxonomy":"product_cat","embeddable":true,"href":"https:\/\/vitamin.coredesign.hu\/index.php?rest_route=%2Fwp%2Fv2%2Fproduct_cat&post=5436"},{"taxonomy":"product_tag","embeddable":true,"href":"https:\/\/vitamin.coredesign.hu\/index.php?rest_route=%2Fwp%2Fv2%2Fproduct_tag&post=5436"}],"curies":[{"name":"wp","href":"https:\/\/api.w.org\/{rel}","templated":true}]}}