{"id":5434,"date":"2025-10-12T12:27:02","date_gmt":"2025-10-12T10:27:02","guid":{"rendered":"https:\/\/vitamin.coredesign.hu\/?product=bioco-szerves-vas-tabletta-90db"},"modified":"2026-01-08T23:25:22","modified_gmt":"2026-01-08T22:25:22","slug":"bioco-szerves-vas-tabletta-90db","status":"publish","type":"product","link":"https:\/\/vitamin.coredesign.hu\/?product=bioco-szerves-vas-tabletta-90db","title":{"rendered":"BioCo szerves vas tabletta \u2013 90db"},"content":{"rendered":"<p>&nbsp;<\/p>\n<div id=\"lt-accessibility-devtools\" aria-hidden=\"true\"><\/div>\n<p>Tablett\u00e1nk\u00e9nt 14 mg szerves vasat tartalmaz\u00f3 k\u00e9sz\u00edtm\u00e9ny. Els\u0151sorban v\u00e9rszeg\u00e9nys\u00e9g, fokozott vassz\u00fcks\u00e9glet, f\u00e1rad\u00e9konys\u00e1g, visszat\u00e9r\u0151 fert\u0151z\u00e9sek, gyomor- \u00e9s b\u00e9lrendszeri probl\u00e9m\u00e1k eset\u00e9n aj\u00e1nlott a fogyaszt\u00e1sa.<\/p>\n<h2>BioCo szerves vas tabletta<\/h2>\n<p>A vas p\u00f3tl\u00e1sa nagyon fontos, mert hi\u00e1ny\u00e1ban zavart szenved a szervezet oxig\u00e9nell\u00e1t\u00e1sa, romlik a szellemi \u00e9s fizikai teljes\u00edt\u0151k\u00e9pess\u00e9g, f\u00e1rad\u00e9konys\u00e1g, gyakori sz\u00e9d\u00fcl\u00e9s, izomgyenges\u00e9g jelentkezhet. A fert\u0151z\u00e9sekkel szembeni v\u00e9dekez\u0151k\u00e9pess\u00e9g is jelent\u0151sen cs\u00f6kkenhet.<\/p>\n<p>A megfelel\u0151 vasbevitelre k\u00fcl\u00f6n\u00f6sen oda kell figyelni\u00fck a n\u0151knek, mert a menstru\u00e1ci\u00f3 alatt sok v\u00e9rt vesz\u00edtenek; a v\u00e1rand\u00f3ss\u00e1g \u00e9s a szoptat\u00e1s id\u0151szak\u00e1ban pedig megn\u0151 a vassz\u00fcks\u00e9glet\u00fck. A kisgyerekeknek, a serd\u00fcl\u0151knek, az akt\u00edv sportol\u00f3knak, valamint a felsz\u00edv\u00f3d\u00e1si zavarokkal k\u00fcszk\u00f6d\u0151knek is t\u00f6bb vasat kell p\u00f3tolniuk.<\/p>\n<p>A BioCo k\u00e9sz\u00edtm\u00e9nye kiz\u00e1r\u00f3lag szerves k\u00f6t\u00e9s\u0171, j\u00f3l hasznosul\u00f3 vas-gl\u00fckon\u00e1t form\u00e1ban tartalmazza\u00a0a norm\u00e1l v\u00f6r\u00f6sv\u00e9rsejt- \u00e9s hemoglobin-k\u00e9pz\u0151d\u00e9shez sz\u00fcks\u00e9ges vasat, jelent\u0151s mennyis\u00e9g\u0171, tablett\u00e1nk\u00e9nt 14 mg-os hat\u00f3anyag-mennyis\u00e9gben. A term\u00e9k nem tartalmaz szervetlen vas vegy\u00fcleteket (pl. vas-szulf\u00e1t).<\/p>\n<h3>Mikor aj\u00e1nlott a BioCo szerves VAS tabletta?<\/h3>\n<ul>\n<li>v\u00e9rszeg\u00e9nys\u00e9g, vashi\u00e1ny eset\u00e9n<\/li>\n<li>s\u00e1padts\u00e1gn\u00e1l, sz\u00e1raz, berepedezett b\u0151rn\u00e9l<\/li>\n<li>bereped\u00e9sek megjelen\u00e9sekor a sz\u00e1jzugban<\/li>\n<li>gyomor- \u00e9s b\u00e9lrendszeri zavarokn\u00e1l<\/li>\n<li>f\u00e1rad\u00e9konys\u00e1gn\u00e1l, kimer\u00fclts\u00e9gn\u00e9l<\/li>\n<li>gyakori sz\u00e9d\u00fcl\u00e9s, f\u00fclz\u00fag\u00e1s eset\u00e9n<\/li>\n<li>a koordin\u00e1ci\u00f3 \u00e9s a koncentr\u00e1l\u00f3k\u00e9pess\u00e9g cs\u00f6kken\u00e9sekor<\/li>\n<li>gyakori, visszat\u00e9r\u0151 fert\u0151z\u00e9sekn\u00e9l<\/li>\n<li>t\u00f6redezett hajra \u00e9s k\u00f6rm\u00f6kre<\/li>\n<\/ul>\n<h3>Hat\u00f3anyagok 1 tablett\u00e1ban:<\/h3>\n<ul>\n<li>Vas (szerves k\u00f6t\u00e9s\u0171 vas-gl\u00fckon\u00e1tb\u00f3l) 14 mg (100 NRV%*)<\/li>\n<\/ul>\n<p>*NRV%: Vitaminok \u00e9s \u00e1sv\u00e1nyi anyagok napi beviteli referencia\u00e9rt\u00e9ke %-ban (feln\u0151ttek eset\u00e9ben)<\/p>\n<h3>\u00d6sszetev\u0151k:<\/h3>\n<p>Vas-gl\u00fckon\u00e1t; t\u00f6megn\u00f6vel\u0151 szer (mikrokrist\u00e1lyos cellul\u00f3z); maltodextrin; f\u00e9nyez\u0151anyag (zs\u00edrsavak); csom\u00f3sod\u00e1st g\u00e1tl\u00f3 (zs\u00edrsavak magn\u00e9ziums\u00f3i).<\/p>\n<h3>Felhaszn\u00e1l\u00e1si javaslat:<\/h3>\n<p>A BioCo szerves VAS k\u00e9sz\u00edtm\u00e9ny napi aj\u00e1nlott adagja 1-3 tabletta, id\u0151ben elosztva, b\u0151 folyad\u00e9kkal kell lenyelni.<\/p>\n","protected":false},"excerpt":{"rendered":"<p>Tablett\u00e1nk\u00e9nt 14 mg szerves vasat tartalmaz\u00f3 k\u00e9sz\u00edtm\u00e9ny. Els\u0151sorban v\u00e9rszeg\u00e9nys\u00e9g, fokozott vassz\u00fcks\u00e9glet, f\u00e1rad\u00e9konys\u00e1g, visszat\u00e9r\u0151 fert\u0151z\u00e9sek, gyomor- \u00e9s b\u00e9lrendszeri probl\u00e9m\u00e1k eset\u00e9n aj\u00e1nlott a fogyaszt\u00e1sa.<\/p>\n","protected":false},"featured_media":5435,"comment_status":"closed","ping_status":"open","template":"","meta":[],"product_cat":[73],"product_tag":[],"class_list":{"0":"post-5434","1":"product","2":"type-product","3":"status-publish","4":"has-post-thumbnail","6":"product_brand-bioco","7":"product_cat-arvanyi-anyagok","9":"first","10":"instock","11":"purchasable","12":"product-type-simple"},"_links":{"self":[{"href":"https:\/\/vitamin.coredesign.hu\/index.php?rest_route=\/wp\/v2\/product\/5434","targetHints":{"allow":["GET"]}}],"collection":[{"href":"https:\/\/vitamin.coredesign.hu\/index.php?rest_route=\/wp\/v2\/product"}],"about":[{"href":"https:\/\/vitamin.coredesign.hu\/index.php?rest_route=\/wp\/v2\/types\/product"}],"replies":[{"embeddable":true,"href":"https:\/\/vitamin.coredesign.hu\/index.php?rest_route=%2Fwp%2Fv2%2Fcomments&post=5434"}],"wp:featuredmedia":[{"embeddable":true,"href":"https:\/\/vitamin.coredesign.hu\/index.php?rest_route=\/wp\/v2\/media\/5435"}],"wp:attachment":[{"href":"https:\/\/vitamin.coredesign.hu\/index.php?rest_route=%2Fwp%2Fv2%2Fmedia&parent=5434"}],"wp:term":[{"taxonomy":"product_cat","embeddable":true,"href":"https:\/\/vitamin.coredesign.hu\/index.php?rest_route=%2Fwp%2Fv2%2Fproduct_cat&post=5434"},{"taxonomy":"product_tag","embeddable":true,"href":"https:\/\/vitamin.coredesign.hu\/index.php?rest_route=%2Fwp%2Fv2%2Fproduct_tag&post=5434"}],"curies":[{"name":"wp","href":"https:\/\/api.w.org\/{rel}","templated":true}]}}