{"id":5433,"date":"2025-10-12T12:27:02","date_gmt":"2025-10-12T10:27:02","guid":{"rendered":"https:\/\/vitamin.coredesign.hu\/?product=bioco-ginkgo-biloba-kivonat-120mg-tabletta-90db"},"modified":"2026-01-08T23:25:22","modified_gmt":"2026-01-08T22:25:22","slug":"bioco-ginkgo-biloba-kivonat-120mg-tabletta-90db","status":"publish","type":"product","link":"https:\/\/vitamin.coredesign.hu\/?product=bioco-ginkgo-biloba-kivonat-120mg-tabletta-90db","title":{"rendered":"BioCo Ginkgo Biloba kivonat 120mg tabletta \u2013 90db"},"content":{"rendered":"<p>&nbsp;<\/p>\n<div id=\"lt-accessibility-devtools\" aria-hidden=\"true\"><\/div>\n<p>Magas hat\u00f3anyag-tartalm\u00fa, tablett\u00e1nk\u00e9nt 120 mg ginkgo bilob\u00e1t tartalmaz\u00f3 k\u00e9sz\u00edtm\u00e9ny, nagy kiszerel\u00e9s\u0171 MEGAPACK tablettacsomagban. Kering\u00e9si probl\u00e9m\u00e1kra, mem\u00f3riazavarokra, gyakori sz\u00e9d\u00fcl\u00e9sre, f\u00fclz\u00fag\u00e1sra aj\u00e1nlott.<\/p>\n<h2>BioCo Ginkgo Biloba kivonat 120mg tabletta<\/h2>\n<p>A ginkgo biloba kering\u00e9sjav\u00edt\u00f3 gy\u00f3gyn\u00f6v\u00e9ny, el\u0151seg\u00edti az agy \u00e9s a v\u00e9gtagok megfelel\u0151 v\u00e9rell\u00e1t\u00e1s\u00e1t, az idegsejtek t\u00e1panyag- \u00e9s oxig\u00e9nell\u00e1t\u00e1s\u00e1t. Nagyon hasznos lehet roml\u00f3 koncentr\u00e1ci\u00f3, feled\u00e9kenys\u00e9g eset\u00e9n, gyakori fejf\u00e1j\u00e1s, sz\u00e9d\u00fcl\u00e9s vagy f\u00fclz\u00fag\u00e1s ellen. Id\u0151skori hall\u00e1sgyeng\u00fcl\u00e9s eset\u00e9n is javasolt a fogyaszt\u00e1sa.<\/p>\n<p>A ginkgo biloba a fiatal \u00e9s az id\u0151sebb koroszt\u00e1ly sz\u00e1m\u00e1ra egyar\u00e1nt aj\u00e1nlott, mert \u00e9l\u00e9nk\u00edti a koncentr\u00e1ci\u00f3t, cs\u00f6kkenti az idegess\u00e9get, a szorong\u00e1st, oldja az izomg\u00f6rcs\u00f6ket. Lass\u00edthatja a korral j\u00e1r\u00f3 agyi \u00e9relmeszesed\u00e9st, jav\u00edtja a v\u00e9rell\u00e1t\u00e1st, ezzel nagym\u00e9rt\u00e9kben cs\u00f6kkentheti az egyens\u00falyzavarokat, a sz\u00e9d\u00fcl\u00e9st, a f\u00fclz\u00fag\u00e1st, a gyakori fejf\u00e1j\u00e1st.<\/p>\n<p>A BioCo k\u00e9sz\u00edtm\u00e9nye a por\u00edtott \u0151rlem\u00e9nyekkel szemben a ginkgo biloba \u00e9rt\u00e9kes, hat\u00f3anyagokra standardiz\u00e1lt kivonat\u00e1t tartalmazza, magas d\u00f3zisban. A tabletta mentes a mesters\u00e9ges sz\u00ednez\u00e9kekt\u0151l, \u00e1llati eredet\u0171 \u00f6sszetev\u0151kt\u0151l.<\/p>\n<h3>Mikor aj\u00e1nlott a BioCo Ginkgo biloba kivonat 120 mg MEGAPACK?<\/h3>\n<ul>\n<li>koncentr\u00e1ci\u00f3s probl\u00e9m\u00e1kra<\/li>\n<li>roml\u00f3 mem\u00f3ri\u00e1ra<\/li>\n<li>figyelmetlens\u00e9g, sz\u00e9tsz\u00f3rts\u00e1g eset\u00e9n<\/li>\n<li>kering\u00e9si zavarokra<\/li>\n<li>hideg, nyirkos kezekre, l\u00e1bakra<\/li>\n<li>gyakori sz\u00e9d\u00fcl\u00e9sre<\/li>\n<li>f\u00fclz\u00fag\u00e1sra, f\u00fclcseng\u00e9sre, hall\u00e1scs\u00f6kken\u00e9sre<\/li>\n<li>szorong\u00e1sra, hangulatingadoz\u00e1sra<\/li>\n<li>depresszi\u00f3s t\u00fcnetekre<\/li>\n<li>mereved\u00e9si zavarokra<\/li>\n<li>aranyeres panaszokra<\/li>\n<li>id\u0151szakos s\u00e1nt\u00edt\u00e1sra<\/li>\n<li>Raynaud-szindr\u00f3ma eset\u00e9n<\/li>\n<\/ul>\n<h3>Hat\u00f3anyagok 1 tablett\u00e1ban:<\/h3>\n<ul>\n<li>Ginkgo biloba kivonata 120 mg<br \/>\nebb\u0151l flavon-glikozidok 28,8 mg<br \/>\nebb\u0151l terp\u00e9n-lakton 7,2 mg<\/li>\n<\/ul>\n<h3>\u00d6sszetev\u0151k:<\/h3>\n<p>T\u00f6megn\u00f6vel\u0151 szer (mikrokrist\u00e1lyos cellul\u00f3z); ginkgobiloba-kivonat (120 mg\/tabletta); f\u00e9nyez\u0151anyag (zs\u00edrsavak); csom\u00f3sod\u00e1st g\u00e1tl\u00f3k (szil\u00edcium-dioxid, zs\u00edrsavak magn\u00e9ziums\u00f3i).<\/p>\n<h3>Felhaszn\u00e1l\u00e1si javaslat:<\/h3>\n<p>A BioCo Ginkgo biloba kivonat 120 mg MEGAPACK k\u00e9sz\u00edtm\u00e9ny napi aj\u00e1nlott adagja 1 tabletta, b\u0151 folyad\u00e9kkal kell lenyelni.<\/p>\n<p><strong>Figyelmeztet\u00e9s:<\/strong>\u00a0A k\u00e9sz\u00edtm\u00e9ny fogyaszt\u00e1sa v\u00e1rand\u00f3s \u00e9s szoptat\u00f3 n\u0151knek, gyermekeknek nem aj\u00e1nlott. V\u00e9ralvad\u00e1st g\u00e1tl\u00f3 gy\u00f3gyszert szed\u0151k, m\u0171t\u00e9t el\u0151tt \u00e1ll\u00f3k a fogyaszt\u00e1st megel\u0151z\u0151en konzult\u00e1ljanak kezel\u0151orvosukkal, mert a ginkgo biloba n\u00f6velheti a v\u00e9ralvad\u00e1si id\u0151t. Hat\u00e1ssal lehet a v\u00e9rcukorszintre, ez\u00e9rt cukorbetegek csak orvosi j\u00f3v\u00e1hagy\u00e1ssal alkalmazz\u00e1k a k\u00e9sz\u00edtm\u00e9nyt.<\/p>\n","protected":false},"excerpt":{"rendered":"<p>Magas hat\u00f3anyag-tartalm\u00fa, tablett\u00e1nk\u00e9nt 120 mg ginkgo bilob\u00e1t tartalmaz\u00f3 k\u00e9sz\u00edtm\u00e9ny, nagy kiszerel\u00e9s\u0171 MEGAPACK tablettacsomagban. Kering\u00e9si probl\u00e9m\u00e1kra, mem\u00f3riazavarokra, gyakori sz\u00e9d\u00fcl\u00e9sre, f\u00fclz\u00fag\u00e1sra aj\u00e1nlott.<\/p>\n","protected":false},"featured_media":0,"comment_status":"closed","ping_status":"open","template":"","meta":[],"product_cat":[61],"product_tag":[],"class_list":{"0":"post-5433","1":"product","2":"type-product","3":"status-publish","5":"product_brand-bioco","6":"product_cat-etrend-kiegeszitok","8":"first","9":"instock","10":"purchasable","11":"product-type-simple"},"_links":{"self":[{"href":"https:\/\/vitamin.coredesign.hu\/index.php?rest_route=\/wp\/v2\/product\/5433","targetHints":{"allow":["GET"]}}],"collection":[{"href":"https:\/\/vitamin.coredesign.hu\/index.php?rest_route=\/wp\/v2\/product"}],"about":[{"href":"https:\/\/vitamin.coredesign.hu\/index.php?rest_route=\/wp\/v2\/types\/product"}],"replies":[{"embeddable":true,"href":"https:\/\/vitamin.coredesign.hu\/index.php?rest_route=%2Fwp%2Fv2%2Fcomments&post=5433"}],"wp:attachment":[{"href":"https:\/\/vitamin.coredesign.hu\/index.php?rest_route=%2Fwp%2Fv2%2Fmedia&parent=5433"}],"wp:term":[{"taxonomy":"product_cat","embeddable":true,"href":"https:\/\/vitamin.coredesign.hu\/index.php?rest_route=%2Fwp%2Fv2%2Fproduct_cat&post=5433"},{"taxonomy":"product_tag","embeddable":true,"href":"https:\/\/vitamin.coredesign.hu\/index.php?rest_route=%2Fwp%2Fv2%2Fproduct_tag&post=5433"}],"curies":[{"name":"wp","href":"https:\/\/api.w.org\/{rel}","templated":true}]}}