{"id":5431,"date":"2025-10-12T12:27:02","date_gmt":"2025-10-12T10:27:02","guid":{"rendered":"https:\/\/vitamin.coredesign.hu\/?product=bioco-kollagen-tripla-szerves-cinkkel-60db"},"modified":"2026-01-08T23:25:21","modified_gmt":"2026-01-08T22:25:21","slug":"bioco-kollagen-tripla-szerves-cinkkel-60db","status":"publish","type":"product","link":"https:\/\/vitamin.coredesign.hu\/?product=bioco-kollagen-tripla-szerves-cinkkel-60db","title":{"rendered":"BioCo kollag\u00e9n tripla szerves cinkkel \u2013 60db"},"content":{"rendered":"<p>&nbsp;<\/p>\n<div id=\"lt-accessibility-devtools\" aria-hidden=\"true\"><\/div>\n<p>Kollag\u00e9npeptideket \u00e9s nagyd\u00f3zis\u00fa szerves k\u00f6t\u00e9s\u0171 cinket tartalmaz\u00f3 k\u00e9sz\u00edtm\u00e9ny. Els\u0151sorban a b\u0151r rugalmass\u00e1g\u00e1nak fenntart\u00e1s\u00e1hoz, a r\u00e1ncok, b\u0151rhib\u00e1k cs\u00f6kkent\u00e9s\u00e9hez, a haj \u00e9s a k\u00f6rm\u00f6k er\u0151ss\u00e9g\u00e9nek, eg\u00e9szs\u00e9g\u00e9nek el\u0151seg\u00edt\u00e9s\u00e9hez aj\u00e1nlott.<\/p>\n<h2>BioCo kollag\u00e9n tripla szerves cinkkel<\/h2>\n<p>A kollag\u00e9n egy term\u00e9szetes feh\u00e9rje, a k\u00f6t\u0151sz\u00f6vetek egyik f\u0151 \u00f6sszetev\u0151je. Rugalmasan tartja a sz\u00f6veteket \u00e9s a szerveket, lass\u00edtja az \u00f6reged\u00e9si folyamatokat. M\u00e1r a h\u00faszas \u00e9let\u00e9vt\u0151l kezdve cs\u00f6kkenni kezd a mennyis\u00e9ge a szervezetben, ez\u00e9rt \u00e9rdemes m\u00e1r fiatal korban elkezdeni a p\u00f3tl\u00e1s\u00e1t. A kollag\u00e9n bevitel\u00e9vel lass\u00edthat\u00f3 a b\u0151r megereszked\u00e9se, r\u00e1ncosod\u00e1sa, a haj ritkul\u00e1sa, elv\u00e9konyod\u00e1sa, a k\u00f6rm\u00f6k t\u00f6redez\u00e9se.<\/p>\n<p>A cink antibakteri\u00e1lis hat\u00e1s\u00e1val tiszt\u00edtja a b\u0151rt, el\u0151seg\u00edti a s\u00e9r\u00fcl\u00e9sek gyors gy\u00f3gyul\u00e1s\u00e1t, semleges\u00edti a szervezetbe ker\u00fcl\u0151 m\u00e9rgez\u0151, \u00e1rtalmas f\u00e9meket. Term\u00e9szetes \u00faton kezeli a hajhull\u00e1st, a k\u00f6rm\u00f6k elv\u00e9konyod\u00e1s\u00e1t, t\u00f6redez\u00e9s\u00e9t, a kisz\u00e1radt b\u0151r regener\u00e1l\u00f3d\u00e1s\u00e1t. Ekc\u00e9ma eset\u00e9n k\u00fcl\u00f6n\u00f6sen fontos lehet a megfelel\u0151 mennyis\u00e9g\u0171 cinkbevitel.<\/p>\n<p>A BioCo k\u00e9sz\u00edtm\u00e9nye haleredet\u0171 kollag\u00e9nt tartalmaz kiz\u00e1r\u00f3lag szerves k\u00f6t\u00e9s\u0171, j\u00f3l hasznosul\u00f3 cink-citr\u00e1ttal, emelt hat\u00f3anyag-mennyis\u00e9gben. A tabletta mentes a mesters\u00e9ges sz\u00ednez\u00e9kekt\u0151l.<\/p>\n<h3>Mikor aj\u00e1nlott a BioCo Kollag\u00e9n Tripla szerves cinkkel?<\/h3>\n<ul>\n<li>a b\u0151r \u00f6reged\u00e9si folyamatainak lass\u00edt\u00e1s\u00e1ra<\/li>\n<li>a b\u0151r tisztul\u00e1s\u00e1nak, meg\u00fajul\u00e1s\u00e1nak el\u0151seg\u00edt\u00e9s\u00e9re<\/li>\n<li>r\u00e1ncosod\u00e1sra hajlamos b\u0151rre<\/li>\n<li>m\u00e1r megl\u00e9v\u0151 r\u00e1ncok halv\u00e1ny\u00edt\u00e1s\u00e1ra<\/li>\n<li>megereszkedett b\u0151r feszes\u00edt\u00e9s\u00e9re<\/li>\n<li>narancsb\u0151r, stria jav\u00edt\u00e1s\u00e1ra<\/li>\n<li>hegek, b\u0151rfoltok halv\u00e1ny\u00edt\u00e1s\u00e1ra<\/li>\n<li>fak\u00f3, s\u00e9r\u00fclt vagy intenz\u00edven hull\u00f3 hajra<\/li>\n<li>t\u00f6redez\u0151, elv\u00e9konyod\u00f3 k\u00f6rm\u00f6kre<\/li>\n<li>az \u00edz\u00fcletek \u00e9s a porcok rugalmass\u00e1g\u00e1nak t\u00e1mogat\u00e1s\u00e1ra<\/li>\n<\/ul>\n<h3>Hat\u00f3anyagok 1 tablett\u00e1ban:<\/h3>\n<ul>\n<li>Kollag\u00e9n 300 mg<\/li>\n<li>Szerves k\u00f6t\u00e9s\u0171 cink 10 mg (100 NRV%*)<\/li>\n<\/ul>\n<p>*NRV%: Vitaminok \u00e9s \u00e1sv\u00e1nyi anyagok napi beviteli referencia\u00e9rt\u00e9ke %-ban (feln\u0151ttek eset\u00e9ben)<\/p>\n<h3>\u00d6sszetev\u0151k:<\/h3>\n<p>Kollag\u00e9npeptidek; t\u00f6megn\u00f6vel\u0151 szer (mikrokrist\u00e1lyos cellul\u00f3z); f\u00e9nyez\u0151anyag (zs\u00edrsavak); cink-citr\u00e1t; csom\u00f3sod\u00e1st g\u00e1tl\u00f3 (szil\u00edcium-dioxid).<\/p>\n<h3>Felhaszn\u00e1l\u00e1si javaslat:<\/h3>\n<p>A BioCo Kollag\u00e9n Tripla szerves cinkkel k\u00e9sz\u00edtm\u00e9ny napi aj\u00e1nlott adagja 1-2 tabletta, b\u0151 folyad\u00e9kkel kell lenyelni.<\/p>\n<p><strong>Figyelmeztet\u00e9s:<\/strong>\u00a0A k\u00e9sz\u00edtm\u00e9ny haleredet\u0171 kollag\u00e9nt tartalmaz, ez\u00e9rt ne fogyassza a term\u00e9ket, ha allergi\u00e1s a haleredet\u0171 \u00e9lelmiszerekre.<\/p>\n","protected":false},"excerpt":{"rendered":"<p>Kollag\u00e9npeptideket \u00e9s nagyd\u00f3zis\u00fa szerves k\u00f6t\u00e9s\u0171 cinket tartalmaz\u00f3 k\u00e9sz\u00edtm\u00e9ny. Els\u0151sorban a b\u0151r rugalmass\u00e1g\u00e1nak fenntart\u00e1s\u00e1hoz, a r\u00e1ncok, b\u0151rhib\u00e1k cs\u00f6kkent\u00e9s\u00e9hez, a haj \u00e9s a k\u00f6rm\u00f6k er\u0151ss\u00e9g\u00e9nek, eg\u00e9szs\u00e9g\u00e9nek el\u0151seg\u00edt\u00e9s\u00e9hez aj\u00e1nlott.<\/p>\n","protected":false},"featured_media":5432,"comment_status":"closed","ping_status":"open","template":"","meta":[],"product_cat":[61],"product_tag":[],"class_list":{"0":"post-5431","1":"product","2":"type-product","3":"status-publish","4":"has-post-thumbnail","6":"product_brand-bioco","7":"product_cat-etrend-kiegeszitok","9":"first","10":"instock","11":"purchasable","12":"product-type-simple"},"_links":{"self":[{"href":"https:\/\/vitamin.coredesign.hu\/index.php?rest_route=\/wp\/v2\/product\/5431","targetHints":{"allow":["GET"]}}],"collection":[{"href":"https:\/\/vitamin.coredesign.hu\/index.php?rest_route=\/wp\/v2\/product"}],"about":[{"href":"https:\/\/vitamin.coredesign.hu\/index.php?rest_route=\/wp\/v2\/types\/product"}],"replies":[{"embeddable":true,"href":"https:\/\/vitamin.coredesign.hu\/index.php?rest_route=%2Fwp%2Fv2%2Fcomments&post=5431"}],"wp:featuredmedia":[{"embeddable":true,"href":"https:\/\/vitamin.coredesign.hu\/index.php?rest_route=\/wp\/v2\/media\/5432"}],"wp:attachment":[{"href":"https:\/\/vitamin.coredesign.hu\/index.php?rest_route=%2Fwp%2Fv2%2Fmedia&parent=5431"}],"wp:term":[{"taxonomy":"product_cat","embeddable":true,"href":"https:\/\/vitamin.coredesign.hu\/index.php?rest_route=%2Fwp%2Fv2%2Fproduct_cat&post=5431"},{"taxonomy":"product_tag","embeddable":true,"href":"https:\/\/vitamin.coredesign.hu\/index.php?rest_route=%2Fwp%2Fv2%2Fproduct_tag&post=5431"}],"curies":[{"name":"wp","href":"https:\/\/api.w.org\/{rel}","templated":true}]}}