{"id":5429,"date":"2025-10-12T12:27:02","date_gmt":"2025-10-12T10:27:02","guid":{"rendered":"https:\/\/vitamin.coredesign.hu\/?product=bioco-e-vitamin-400-iu-lagyzselatin-kapszula-60db"},"modified":"2026-01-08T23:25:20","modified_gmt":"2026-01-08T22:25:20","slug":"bioco-e-vitamin-400-iu-lagyzselatin-kapszula-60db","status":"publish","type":"product","link":"https:\/\/vitamin.coredesign.hu\/?product=bioco-e-vitamin-400-iu-lagyzselatin-kapszula-60db","title":{"rendered":"BioCo E-vitamin 400 IU l\u00e1gyzselatin kapszula \u2013 60db"},"content":{"rendered":"<p>&nbsp;<\/p>\n<div id=\"lt-accessibility-devtools\" aria-hidden=\"true\"><\/div>\n<p>Magas d\u00f3zis\u00fa, kapszul\u00e1nk\u00e9nt 400 NE E-vitamint tartalmaz\u00f3 k\u00e9sz\u00edtm\u00e9ny. Er\u0151s antioxid\u00e1nsk\u00e9nt kiemelt szerepe lehet t\u00f6bbek k\u00f6z\u00f6tt a sz\u00edv- \u00e9s \u00e9rrendszeri betegs\u00e9gek kock\u00e1zat\u00e1nak cs\u00f6kkent\u00e9s\u00e9ben.<\/p>\n<h2>BioCo E-vitamin 400 IU l\u00e1gyzselatin kapszula \u2013 60db<\/h2>\n<p>Az E-vitamin az egyik leger\u0151sebb antioxid\u00e1ns vitamin. Megk\u00f6ti \u00e9s semleges\u00edti a szervezetben a sejtek k\u00e1rosod\u00e1s\u00e1t okoz\u00f3 szabadgy\u00f6k\u00f6ket, lass\u00edtja az \u00f6reged\u00e9si folyamatokat, er\u0151s\u00edti a fert\u0151z\u00e9sekkel, betegs\u00e9gekkel szembeni ellen\u00e1ll\u00f3 k\u00e9pess\u00e9get. V\u00e9di a sz\u00edvet, az agyat, tiszt\u00e1n, rugalmasan az ereket, cs\u00f6kkenti a b\u0151r s\u00e9r\u00fcl\u00e9kenys\u00e9g\u00e9t, felgyors\u00edtja a sebgy\u00f3gyul\u00e1st.<\/p>\n<p>Azok sz\u00e1m\u00e1ra, akik l\u00e9gszennyezetts\u00e9gnek vannak kit\u00e9ve, k\u00fcl\u00f6n\u00f6sen aj\u00e1nlott a p\u00f3tl\u00e1sa, valamint neh\u00e9z fizikai munk\u00e1t v\u00e9gz\u0151knek, rendszeresen doh\u00e1nyz\u00f3knak \u00e9s az id\u0151sebb koroszt\u00e1lynak. Az E-vitamin t\u00faladagol\u00e1s\u00e1t\u00f3l nem kell tartani, mert nem tartozik a nagyobb d\u00f3zisban m\u00e9rgez\u0151 vegy\u00fcletek k\u00f6z\u00e9, \u00e9s nem j\u00e1r k\u00e1ros mell\u00e9khat\u00e1sokkal.<\/p>\n<p>A BioCo k\u00e9sz\u00edtm\u00e9nye emelt mennyis\u00e9g\u0171, tablett\u00e1nk\u00e9nt 400 IU (Nemzetk\u00f6zi Egys\u00e9g) E-vitamint tartalmaz, amely feln\u0151ttek sz\u00e1m\u00e1ra a napi beviteli referencia\u00e9rt\u00e9k 2237%-a.<\/p>\n<h3>Mikor aj\u00e1nlott a E-vitamin 400 IU l\u00e1gyzselatin kapszula?<\/h3>\n<ul>\n<li>napi sz\u00fcks\u00e9ges E-vitamin-p\u00f3tl\u00e1sra<\/li>\n<li>sz\u00edv- \u00e9s \u00e9rrendszeri betegs\u00e9gekre val\u00f3 hajlam eset\u00e9n<\/li>\n<li>megl\u00e9v\u0151 sz\u00edv- \u00e9s \u00e9rrendszeri probl\u00e9m\u00e1kn\u00e1l<\/li>\n<li>az immunrendszer megfelel\u0151 m\u0171k\u00f6d\u00e9s\u00e9nek t\u00e1mogat\u00e1s\u00e1ra<\/li>\n<li>gyakori betegesked\u00e9s, visszat\u00e9r\u0151 fert\u0151z\u00e9sek eset\u00e9n<\/li>\n<li>idegrendszeri \u00e9s mem\u00f3riazavarokn\u00e1l<\/li>\n<li>izomgyenges\u00e9gn\u00e9l, izomsorvad\u00e1sn\u00e1l<\/li>\n<li>lassul\u00f3 reflexekn\u00e9l, egyens\u00falyzavarokn\u00e1l<\/li>\n<li>term\u00e9kenys\u00e9gi probl\u00e9m\u00e1kn\u00e1l<\/li>\n<li>anyagcsere-zavarokn\u00e1l<\/li>\n<li>s\u00e9r\u00fcl\u00e9keny, probl\u00e9m\u00e1s b\u0151rre<\/li>\n<li>lass\u00fa sebgy\u00f3gyul\u00e1skor<\/li>\n<\/ul>\n<h3>Hat\u00f3anyagok 1 kapszul\u00e1ban:<\/h3>\n<ul>\n<li>E-vitamin 268,45 mg (400 IU**) 2237 NRV%*<\/li>\n<\/ul>\n<p>*NRV%: Vitaminok \u00e9s \u00e1sv\u00e1nyi anyagok napi beviteli referencia\u00e9rt\u00e9ke %-ban (feln\u0151ttek eset\u00e9ben)<\/p>\n<p>**IU: International Unit (Nemzetk\u00f6zi Egys\u00e9g)<\/p>\n<h3>\u00d6sszetev\u0151k:<\/h3>\n<p>DL-alfa-tokoferil-acet\u00e1t; zselatin kapszulah\u00e9j; nedves\u00edt\u0151szer (glicerin); sz\u00f3jababolaj.<\/p>\n<h3>Felhaszn\u00e1l\u00e1si javaslat:<\/h3>\n<p>A BioCo E-vitamin 400 IU l\u00e1gyzselatin k\u00e9sz\u00edtm\u00e9ny napi aj\u00e1nlott adagja 1 kapszula, b\u0151 folyad\u00e9kkel kell lenyelni.<\/p>\n","protected":false},"excerpt":{"rendered":"<p>Magas d\u00f3zis\u00fa, kapszul\u00e1nk\u00e9nt 400 NE E-vitamint tartalmaz\u00f3 k\u00e9sz\u00edtm\u00e9ny. Er\u0151s antioxid\u00e1nsk\u00e9nt kiemelt szerepe lehet t\u00f6bbek k\u00f6z\u00f6tt a sz\u00edv- \u00e9s \u00e9rrendszeri betegs\u00e9gek kock\u00e1zat\u00e1nak cs\u00f6kkent\u00e9s\u00e9ben.<\/p>\n","protected":false},"featured_media":5430,"comment_status":"closed","ping_status":"open","template":"","meta":[],"product_cat":[60],"product_tag":[],"class_list":{"0":"post-5429","1":"product","2":"type-product","3":"status-publish","4":"has-post-thumbnail","6":"product_brand-bioco","7":"product_cat-vitaminok","9":"first","10":"instock","11":"purchasable","12":"product-type-simple"},"_links":{"self":[{"href":"https:\/\/vitamin.coredesign.hu\/index.php?rest_route=\/wp\/v2\/product\/5429","targetHints":{"allow":["GET"]}}],"collection":[{"href":"https:\/\/vitamin.coredesign.hu\/index.php?rest_route=\/wp\/v2\/product"}],"about":[{"href":"https:\/\/vitamin.coredesign.hu\/index.php?rest_route=\/wp\/v2\/types\/product"}],"replies":[{"embeddable":true,"href":"https:\/\/vitamin.coredesign.hu\/index.php?rest_route=%2Fwp%2Fv2%2Fcomments&post=5429"}],"wp:featuredmedia":[{"embeddable":true,"href":"https:\/\/vitamin.coredesign.hu\/index.php?rest_route=\/wp\/v2\/media\/5430"}],"wp:attachment":[{"href":"https:\/\/vitamin.coredesign.hu\/index.php?rest_route=%2Fwp%2Fv2%2Fmedia&parent=5429"}],"wp:term":[{"taxonomy":"product_cat","embeddable":true,"href":"https:\/\/vitamin.coredesign.hu\/index.php?rest_route=%2Fwp%2Fv2%2Fproduct_cat&post=5429"},{"taxonomy":"product_tag","embeddable":true,"href":"https:\/\/vitamin.coredesign.hu\/index.php?rest_route=%2Fwp%2Fv2%2Fproduct_tag&post=5429"}],"curies":[{"name":"wp","href":"https:\/\/api.w.org\/{rel}","templated":true}]}}