{"id":5423,"date":"2025-10-12T12:27:02","date_gmt":"2025-10-12T10:27:02","guid":{"rendered":"https:\/\/vitamin.coredesign.hu\/?product=bioco-ginkgo-biloba-lecitin-kapszula-90db"},"modified":"2026-01-08T23:25:17","modified_gmt":"2026-01-08T22:25:17","slug":"bioco-ginkgo-biloba-lecitin-kapszula-90db","status":"publish","type":"product","link":"https:\/\/vitamin.coredesign.hu\/?product=bioco-ginkgo-biloba-lecitin-kapszula-90db","title":{"rendered":"BioCo Ginkgo Biloba + Lecitin kapszula \u2013 90db"},"content":{"rendered":"<p>&nbsp;<\/p>\n<div id=\"lt-accessibility-devtools\" aria-hidden=\"true\"><\/div>\n<p>Ginkgo bilob\u00e1t \u00e9s lecitint tartalmaz\u00f3 k\u00e9sz\u00edtm\u00e9ny, nagy kiszerel\u00e9s\u0171 MEGAPACK tablettacsomagban. Kering\u00e9si probl\u00e9m\u00e1kra, mem\u00f3riazavarokra, gyakori sz\u00e9d\u00fcl\u00e9sre, f\u00fclz\u00fag\u00e1sra vagy front\u00e9rz\u00e9kenys\u00e9g eset\u00e9n k\u00fcl\u00f6n\u00f6sen aj\u00e1nlott.<\/p>\n<h2>BioCo Ginkgo Biloba + Lecitin kapszula<\/h2>\n<p>A ginkgo biloba kering\u00e9sjav\u00edt\u00f3 gy\u00f3gyn\u00f6v\u00e9ny, el\u0151seg\u00edti az agy \u00e9s a v\u00e9gtagok megfelel\u0151 v\u00e9rell\u00e1t\u00e1s\u00e1t, az idegsejtek t\u00e1panyag- \u00e9s oxig\u00e9nell\u00e1t\u00e1s\u00e1t. Nagyon hasznos lehet roml\u00f3 koncentr\u00e1ci\u00f3, feled\u00e9kenys\u00e9g eset\u00e9n, gyakori fejf\u00e1j\u00e1s, sz\u00e9d\u00fcl\u00e9s vagy f\u00fclz\u00fag\u00e1s ellen. Id\u0151skori hall\u00e1sgyeng\u00fcl\u00e9sn\u00e9l, egyens\u00falyzavarokn\u00e1l is javasolt a fogyaszt\u00e1sa.<\/p>\n<p>A lecitin a sejtek\u00a0n\u00e9lk\u00fcl\u00f6zhetetlen \u00e9p\u00edt\u0151eleme, r\u00e9szt vesz az agysejtek n\u00f6veked\u00e9s\u00e9ben \u00e9s megfelel\u0151 m\u0171k\u00f6d\u00e9s\u00e9ben. P\u00f3tl\u00e1sa seg\u00edthet megel\u0151zni \u00e9s kezelni az \u00e9letkorral \u00f6sszef\u00fcgg\u0151 mem\u00f3riazavarokat, jav\u00edtja a tanul\u00e1si k\u00e9szs\u00e9get, a koncentr\u00e1l\u00e1st. Az id\u0151j\u00e1r\u00e1si frontokra \u00e9rz\u00e9kenyekn\u00e9l is nagyon eredm\u00e9nyes az alkalmaz\u00e1sa.<\/p>\n<p>A BioCo k\u00e9sz\u00edtm\u00e9nye a por\u00edtott \u0151rlem\u00e9nyekkel szemben a ginkgo biloba \u00e9rt\u00e9kes, hat\u00f3anyagokra standardiz\u00e1lt kivonat\u00e1t tartalmazza. A tabletta mentes a mesters\u00e9ges sz\u00ednez\u00e9kekt\u0151l, \u00e1llati eredet\u0171 \u00f6sszetev\u0151kt\u0151l.<\/p>\n<h3>Mikor aj\u00e1nlott a BioCo Ginkgo biloba + 1000 mg lecitin MEGAPACK?<\/h3>\n<ul>\n<li>koncentr\u00e1ci\u00f3s probl\u00e9m\u00e1kra<\/li>\n<li>roml\u00f3 mem\u00f3ri\u00e1ra<\/li>\n<li>figyelmetlens\u00e9g, sz\u00e9tsz\u00f3rts\u00e1g eset\u00e9n<\/li>\n<li>kering\u00e9si zavarokra<\/li>\n<li>hideg, nyirkos kezekre, l\u00e1bakra<\/li>\n<li>gyakori sz\u00e9d\u00fcl\u00e9sre<\/li>\n<li>f\u00fclz\u00fag\u00e1sra, f\u00fclcseng\u00e9sre, hall\u00e1scs\u00f6kken\u00e9sre<\/li>\n<li>szorong\u00e1sra, hangulatingadoz\u00e1sra<\/li>\n<li>depresszi\u00f3s t\u00fcnetekre<\/li>\n<li>asztma, allergia eset\u00e9n<\/li>\n<li>m\u00e1j- \u00e9s veseprobl\u00e9m\u00e1kra<\/li>\n<li>bipol\u00e1ris rendelleness\u00e9gekn\u00e9l<\/li>\n<li>front\u00e9rz\u00e9kenys\u00e9gn\u00e9l<\/li>\n<\/ul>\n<h3>Hat\u00f3anyagok 1 tablett\u00e1ban:<\/h3>\n<ul>\n<li>Ginkgo biloba kivonata 60 mg<br \/>\nebb\u0151l flavon-glikozidok 14,4 mg<br \/>\nebb\u0151l terp\u00e9n-lakton 3,6 mg<\/li>\n<li>Lecitin 1000 mg<\/li>\n<\/ul>\n<h3>\u00d6sszetev\u0151k:<\/h3>\n<p>Sz\u00f3jalecitin-olaj;\u00a0zselatin kapszulah\u00e9j; nedves\u00edt\u0151szerek (glicerin, szorbit);\u00a0sz\u00f3jaolaj;\u00a0ginkgobiloba-kivonat; f\u00e9nyez\u0151anyag (s\u00e1rga m\u00e9hviasz); sz\u00ednez\u00e9k (vas-oxidok); antioxid\u00e1ns (tokoferolban gazdag kivonat).<\/p>\n<h3>Felhaszn\u00e1l\u00e1si javaslat:<\/h3>\n<p>A BioCo Ginkgo biloba + 1000 mg lecitin MEGAPACK k\u00e9sz\u00edtm\u00e9ny napi aj\u00e1nlott adagja 1 tabletta, b\u0151 folyad\u00e9kkal kell lenyelni.<\/p>\n<p><strong>Figyelmeztet\u00e9s:<\/strong>\u00a0A k\u00e9sz\u00edtm\u00e9ny fogyaszt\u00e1sa v\u00e1rand\u00f3s \u00e9s szoptat\u00f3 n\u0151knek, gyermekeknek nem aj\u00e1nlott. V\u00e9ralvad\u00e1st g\u00e1tl\u00f3 gy\u00f3gyszert szed\u0151k, m\u0171t\u00e9t el\u0151tt \u00e1ll\u00f3k a fogyaszt\u00e1st megel\u0151z\u0151en konzult\u00e1ljanak kezel\u0151orvosukkal, mert a ginkgo biloba n\u00f6velheti a v\u00e9ralvad\u00e1si id\u0151t.<\/p>\n","protected":false},"excerpt":{"rendered":"<p>Ginkgo bilob\u00e1t \u00e9s lecitint tartalmaz\u00f3 k\u00e9sz\u00edtm\u00e9ny, nagy kiszerel\u00e9s\u0171 MEGAPACK tablettacsomagban. Kering\u00e9si probl\u00e9m\u00e1kra, mem\u00f3riazavarokra, gyakori sz\u00e9d\u00fcl\u00e9sre, f\u00fclz\u00fag\u00e1sra vagy front\u00e9rz\u00e9kenys\u00e9g eset\u00e9n k\u00fcl\u00f6n\u00f6sen aj\u00e1nlott.<\/p>\n","protected":false},"featured_media":5424,"comment_status":"closed","ping_status":"open","template":"","meta":[],"product_cat":[61],"product_tag":[],"class_list":{"0":"post-5423","1":"product","2":"type-product","3":"status-publish","4":"has-post-thumbnail","6":"product_brand-bioco","7":"product_cat-etrend-kiegeszitok","9":"first","10":"instock","11":"purchasable","12":"product-type-simple"},"_links":{"self":[{"href":"https:\/\/vitamin.coredesign.hu\/index.php?rest_route=\/wp\/v2\/product\/5423","targetHints":{"allow":["GET"]}}],"collection":[{"href":"https:\/\/vitamin.coredesign.hu\/index.php?rest_route=\/wp\/v2\/product"}],"about":[{"href":"https:\/\/vitamin.coredesign.hu\/index.php?rest_route=\/wp\/v2\/types\/product"}],"replies":[{"embeddable":true,"href":"https:\/\/vitamin.coredesign.hu\/index.php?rest_route=%2Fwp%2Fv2%2Fcomments&post=5423"}],"wp:featuredmedia":[{"embeddable":true,"href":"https:\/\/vitamin.coredesign.hu\/index.php?rest_route=\/wp\/v2\/media\/5424"}],"wp:attachment":[{"href":"https:\/\/vitamin.coredesign.hu\/index.php?rest_route=%2Fwp%2Fv2%2Fmedia&parent=5423"}],"wp:term":[{"taxonomy":"product_cat","embeddable":true,"href":"https:\/\/vitamin.coredesign.hu\/index.php?rest_route=%2Fwp%2Fv2%2Fproduct_cat&post=5423"},{"taxonomy":"product_tag","embeddable":true,"href":"https:\/\/vitamin.coredesign.hu\/index.php?rest_route=%2Fwp%2Fv2%2Fproduct_tag&post=5423"}],"curies":[{"name":"wp","href":"https:\/\/api.w.org\/{rel}","templated":true}]}}