{"id":5419,"date":"2025-10-12T12:27:02","date_gmt":"2025-10-12T10:27:02","guid":{"rendered":"https:\/\/vitamin.coredesign.hu\/?product=bioco-mariatovis-extra-kivonat-tabletta-80db"},"modified":"2026-01-08T23:25:15","modified_gmt":"2026-01-08T22:25:15","slug":"bioco-mariatovis-extra-kivonat-tabletta-80db","status":"publish","type":"product","link":"https:\/\/vitamin.coredesign.hu\/?product=bioco-mariatovis-extra-kivonat-tabletta-80db","title":{"rendered":"BioCo m\u00e1riat\u00f6vis extra kivonat tabletta \u2013 80db"},"content":{"rendered":"<p>&nbsp;<\/p>\n<div id=\"lt-accessibility-devtools\" aria-hidden=\"true\"><\/div>\n<p>M\u00e1riat\u00f6vis-kivonatot \u00e9s kolint tartalmaz\u00f3 k\u00e9sz\u00edtm\u00e9ny. Els\u0151sorban a m\u00e1j \u00e9s az epe m\u0171k\u00f6d\u00e9s\u00e9nek t\u00e1mogat\u00e1s\u00e1ra, az em\u00e9szt\u00e9s jav\u00edt\u00e1s\u00e1ra, valamint m\u00e9regtelen\u00edt\u00e9sre, fogy\u00f3k\u00fara kieg\u00e9sz\u00edt\u00e9s\u00e9re aj\u00e1nlott.<\/p>\n<h2>BioCo m\u00e1riat\u00f6vis extra kivonat tabletta<\/h2>\n<p>A m\u00e1riat\u00f6vis a leghat\u00e9konyabb m\u00e1jv\u00e9d\u0151, m\u00e9regtelen\u00edt\u0151 hat\u00e1s\u00fa gy\u00f3gyn\u00f6v\u00e9nyek k\u00f6z\u00e9 tartozik. El\u0151seg\u00edti az eg\u00e9szs\u00e9ges m\u00e1jsejtek termel\u0151d\u00e9s\u00e9t, felgyors\u00edtja a k\u00e1rosodott m\u00e1jsejtek regener\u00e1l\u00f3d\u00e1s\u00e1t. Megk\u00f6ti a gyullad\u00e1st, sejtk\u00e1rosod\u00e1st okoz\u00f3 szabadgy\u00f6k\u00f6ket a szervezetben, meger\u0151s\u00edti a m\u00e9reganyagokkal szembeni ellen\u00e1ll\u00f3 k\u00e9pess\u00e9get. Az eg\u00e9szs\u00e9ges epem\u0171k\u00f6d\u00e9st is t\u00e1mogatja, jav\u00edtja az em\u00e9szt\u00e9st, megk\u00f6nny\u00edti a t\u00fals\u00faly lead\u00e1s\u00e1t.<\/p>\n<p>A m\u00e1riat\u00f6vis leg\u00e9rt\u00e9kesebb hat\u00f3anyaga a magj\u00e1ban tal\u00e1lhat\u00f3 szilimarin, amelyet a k\u00e9sz\u00edtm\u00e9ny magas koncentr\u00e1ci\u00f3ban, 80%-ban tartalmaz. A tablett\u00e1ban kolin is tal\u00e1lhat\u00f3, amely jelent\u0151sen cs\u00f6kkentheti a m\u00e1jat \u00e9rt k\u00e1rosod\u00e1sokat, tiszt\u00e1n tartja az epevezet\u00e9ket, az \u00e9rfalakat, serkenti a zs\u00edr\u00e9get\u00e9st.<\/p>\n<p>A BioCo k\u00e9sz\u00edtm\u00e9nye glut\u00e9nmentes, lakt\u00f3zmentes, nem tartalmaz \u00e1llati eredet\u0171 \u00f6sszetev\u0151ket, veg\u00e1nok is szedhetik. A tablett\u00e1k \u00faj, sz\u00ednez\u00e9kmentes nyel\u00e9sk\u00f6nny\u00edt\u0151 bevonattal vannak ell\u00e1tva.<\/p>\n<h3>Mikor aj\u00e1nlott a BioCo M\u00e1riat\u00f6vis kivonat EXTRA tabletta?<\/h3>\n<ul>\n<li>zs\u00edrm\u00e1j eset\u00e9n<\/li>\n<li>m\u00e1jgyullad\u00e1sra, m\u00e1jzsugorod\u00e1sra<\/li>\n<li>hepatitiszre<\/li>\n<li>m\u00e9regtelen\u00edt\u0151 k\u00far\u00e1k kieg\u00e9sz\u00edt\u00e9s\u00e9re<\/li>\n<li>fogy\u00f3k\u00far\u00e1hoz, a t\u00fals\u00faly k\u00f6nnyebb lead\u00e1s\u00e1hoz<\/li>\n<li>gyakori puffad\u00e1sra, g\u00e1zk\u00e9pz\u0151d\u00e9sre<\/li>\n<li>anyagcsere-zavarokra, IBS-re<\/li>\n<li>rendszeres gy\u00f3gyszerfogyaszt\u00e1skor a m\u00e9reganyagok cs\u00f6kkent\u00e9s\u00e9re<\/li>\n<li>rendszeres alkoholfogyaszt\u00e1sn\u00e1l<\/li>\n<li>vegyi anyagokkal val\u00f3 gyakori \u00e9rintkez\u00e9sn\u00e9l<\/li>\n<li>szennyezett leveg\u0151j\u0171 lak\u00f3k\u00f6rnyezetben \u00e9l\u0151knek<\/li>\n<\/ul>\n<h3>Hat\u00f3anyagok 1 tablett\u00e1ban:<\/h3>\n<ul>\n<li>M\u00e1riat\u00f6vis-kivonat 200 mg<br \/>\nebb\u0151l szilimarintartalom 160 mg<\/li>\n<li>Kolin 85 mg<\/li>\n<\/ul>\n<h3>\u00d6sszetev\u0151k:<\/h3>\n<p>T\u00f6megn\u00f6vel\u0151 szer (mikrokrist\u00e1lyos cellul\u00f3z); maltodextrin; kolin-bitartar\u00e1t; m\u00e1riat\u00f6vis-kivonat (200 mg\/tabletta); f\u00e9nyez\u0151anyag (sztearinsav); csom\u00f3sod\u00e1st g\u00e1tl\u00f3 (szil\u00edcium-dioxid).<\/p>\n<h3>Felhaszn\u00e1l\u00e1si javaslat:<\/h3>\n<p>A BioCo M\u00e1riat\u00f6vis kivonat EXTRA k\u00e9sz\u00edtm\u00e9ny napi aj\u00e1nlott adagja 1 tabletta, b\u0151 folyad\u00e9kkal kell lenyelni.<\/p>\n","protected":false},"excerpt":{"rendered":"<p>M\u00e1riat\u00f6vis-kivonatot \u00e9s kolint tartalmaz\u00f3 k\u00e9sz\u00edtm\u00e9ny. Els\u0151sorban a m\u00e1j \u00e9s az epe m\u0171k\u00f6d\u00e9s\u00e9nek t\u00e1mogat\u00e1s\u00e1ra, az em\u00e9szt\u00e9s jav\u00edt\u00e1s\u00e1ra, valamint m\u00e9regtelen\u00edt\u00e9sre, fogy\u00f3k\u00fara kieg\u00e9sz\u00edt\u00e9s\u00e9re aj\u00e1nlott.<\/p>\n","protected":false},"featured_media":5420,"comment_status":"closed","ping_status":"open","template":"","meta":[],"product_cat":[61],"product_tag":[],"class_list":{"0":"post-5419","1":"product","2":"type-product","3":"status-publish","4":"has-post-thumbnail","6":"product_brand-bioco","7":"product_cat-etrend-kiegeszitok","9":"first","10":"instock","11":"purchasable","12":"product-type-simple"},"_links":{"self":[{"href":"https:\/\/vitamin.coredesign.hu\/index.php?rest_route=\/wp\/v2\/product\/5419","targetHints":{"allow":["GET"]}}],"collection":[{"href":"https:\/\/vitamin.coredesign.hu\/index.php?rest_route=\/wp\/v2\/product"}],"about":[{"href":"https:\/\/vitamin.coredesign.hu\/index.php?rest_route=\/wp\/v2\/types\/product"}],"replies":[{"embeddable":true,"href":"https:\/\/vitamin.coredesign.hu\/index.php?rest_route=%2Fwp%2Fv2%2Fcomments&post=5419"}],"wp:featuredmedia":[{"embeddable":true,"href":"https:\/\/vitamin.coredesign.hu\/index.php?rest_route=\/wp\/v2\/media\/5420"}],"wp:attachment":[{"href":"https:\/\/vitamin.coredesign.hu\/index.php?rest_route=%2Fwp%2Fv2%2Fmedia&parent=5419"}],"wp:term":[{"taxonomy":"product_cat","embeddable":true,"href":"https:\/\/vitamin.coredesign.hu\/index.php?rest_route=%2Fwp%2Fv2%2Fproduct_cat&post=5419"},{"taxonomy":"product_tag","embeddable":true,"href":"https:\/\/vitamin.coredesign.hu\/index.php?rest_route=%2Fwp%2Fv2%2Fproduct_tag&post=5419"}],"curies":[{"name":"wp","href":"https:\/\/api.w.org\/{rel}","templated":true}]}}