{"id":5416,"date":"2025-10-12T12:26:05","date_gmt":"2025-10-12T10:26:05","guid":{"rendered":"https:\/\/vitamin.coredesign.hu\/?product=bioco-omega-3-6-9-kapszula-60db"},"modified":"2026-01-08T23:25:09","modified_gmt":"2026-01-08T22:25:09","slug":"bioco-omega-3-6-9-kapszula-60db","status":"publish","type":"product","link":"https:\/\/vitamin.coredesign.hu\/?product=bioco-omega-3-6-9-kapszula-60db","title":{"rendered":"BioCo Omega 3-6-9 kapszula \u2013 60db"},"content":{"rendered":"<p>&nbsp;<\/p>\n<div id=\"lt-accessibility-devtools\" aria-hidden=\"true\"><\/div>\n<p>Halolajat, lenmagolajat \u00e9s ligetsz\u00e9peolajat tartalmaz\u00f3 k\u00e9sz\u00edtm\u00e9ny, rendk\u00edv\u00fcl gazdag omega-3, omega-6 \u00e9s omega-9 zs\u00edrsavakban. K\u00fcl\u00f6n\u00f6sen aj\u00e1nlott sz\u00edv- \u00e9s \u00e9rrendszeri betegs\u00e9gekre val\u00f3 hajlamn\u00e1l, \u00edz\u00fcleti gyullad\u00e1sra, l\u00e1t\u00e1sroml\u00e1sra.<\/p>\n<h2>BioCo Omega 3-6-9 kapszula<\/h2>\n<p>A k\u00e9sz\u00edtm\u00e9nyben l\u00e9v\u0151 halolaj, lenmagolaj \u00e9s ligetsz\u00e9peolaj term\u00e9szetes forr\u00e1sai az \u00e9rt\u00e9kes omega zs\u00edrsavaknak. Ezek a zs\u00edrsavak hozz\u00e1j\u00e1rulnak a sz\u00edv \u00e9s az \u00e9rrendszer eg\u00e9szs\u00e9g\u00e9hez, az idegrendszer megfelel\u0151 m\u0171k\u00f6d\u00e9s\u00e9hez, a gyullad\u00e1sok cs\u00f6kkent\u00e9s\u00e9hez, a hormonh\u00e1ztart\u00e1s szab\u00e1lyoz\u00e1s\u00e1hoz, az optim\u00e1lis l\u00e1t\u00e1s fenntart\u00e1s\u00e1hoz, valamint a b\u0151r rugalmass\u00e1g\u00e1nak, hidrat\u00e1lts\u00e1g\u00e1nak meg\u0151rz\u00e9s\u00e9hez.<\/p>\n<p>Az omega zs\u00edrsavak p\u00f3tl\u00e1sa fontos, mert a szervezetben nem termel\u0151dnek, ez\u00e9rt k\u00fcls\u0151 forr\u00e1sb\u00f3l kell bevinni azokat. Az omega zs\u00edrsavak k\u00f6z\u00fcl igen j\u00f3t\u00e9kony hat\u00e1s\u00fa az EPA \u00e9s a DHA, amelyek hozz\u00e1j\u00e1rulnak a sz\u00edv \u00e9s az agy megfelel\u0151 m\u0171k\u00f6d\u00e9s\u00e9hez, valamint a norm\u00e1l l\u00e1t\u00e1s fenntart\u00e1s\u00e1hoz. (A kedvez\u0151 hat\u00e1s napi 250 mg EPA- \u00e9s DHA-bevitellel \u00e9rhet\u0151 el.) Az ALA \u00e9s a linolsav hozz\u00e1j\u00e1rul az optim\u00e1lis koleszterinszint fenntart\u00e1s\u00e1hoz. (A kedvez\u0151 hat\u00e1s 2 g ALA vagy 10 g linolsav napi bevitel\u00e9vel \u00e9rhet\u0151 el.)<\/p>\n<p>A BioCo k\u00e9sz\u00edtm\u00e9nye kiv\u00e1l\u00f3 min\u0151s\u00e9g\u0171 olajokb\u00f3l k\u00e9sz\u00fclt, omega-3, omega-6 \u00e9s omega-9 zs\u00edrsavakat is tartalmaz.<\/p>\n<h3>Mikor aj\u00e1nlott a BioCo Omega 3-6-9 kapszula?<\/h3>\n<ul>\n<li>sz\u00edv- \u00e9s \u00e9rrendszeri betegs\u00e9gekre val\u00f3 hajlamn\u00e1l<\/li>\n<li>megl\u00e9v\u0151 sz\u00edv- \u00e9s \u00e9rrendszeri panaszokra<\/li>\n<li>magas koleszterinszintre, magas v\u00e9rnyom\u00e1sra<\/li>\n<li>\u00e9relmeszesed\u00e9sre, \u00e9rsz\u0171k\u00fcletre<\/li>\n<li>\u00edz\u00fcleti gyullad\u00e1sra<\/li>\n<li>kering\u00e9si zavarokra<\/li>\n<li>hormon\u00e1lis probl\u00e9m\u00e1kra<\/li>\n<li>l\u00e1t\u00e1sroml\u00e1sra, illetve l\u00e1t\u00e1sroml\u00e1s megel\u0151z\u00e9s\u00e9re<\/li>\n<li>szorong\u00e1sra, depresszi\u00f3ra<\/li>\n<li>roml\u00f3 mem\u00f3ri\u00e1ra, koncentr\u00e1l\u00f3k\u00e9pess\u00e9gre<\/li>\n<\/ul>\n<h3>Hat\u00f3anyagok 1 kapszul\u00e1ban:<\/h3>\n<ul>\n<li>Halolaj 498 mg<\/li>\n<li>\u2013 melyb\u0151l EPA (omega-3) 80 mg<\/li>\n<li>\u2013 melyb\u0151l DHA (omega-3) 50 mg<\/li>\n<li>\u2013 melyb\u0151l olajsav (omega-9) 31 mg<\/li>\n<li>Ligetsz\u00e9peolaj 200 mg<\/li>\n<li>\u2013 melyb\u0151l LA (linolsav, omega-6) 108 mg<\/li>\n<li>\u2013 melyb\u0151l GLA (gamma-linol\u00e9nsav, omega-6) 18 mg<\/li>\n<li>\u2013 melyb\u0151l olajsav (omega-9) 9 mg<\/li>\n<li>Lenmagolaj 300 mg<\/li>\n<li>\u2013 melyb\u0151l ALA (alfa-linol\u00e9nsav, omega-3) 135 mg<\/li>\n<li>\u2013 melyb\u0151l olajsav (omega-9) 40 mg<\/li>\n<li>\u2013 melyb\u0151l LA (linolsav, omega-6) 32 mg<\/li>\n<\/ul>\n<h3>\u00d6sszetev\u0151k:<\/h3>\n<p>Halolaj; lenmagolaj; zselatin kapszulah\u00e9j; ligetsz\u00e9peolaj; nedves\u00edt\u0151szer (glicerin), antioxid\u00e1ns (D-alfa-tokoferol).<\/p>\n<h3>Felhaszn\u00e1l\u00e1si javaslat:<\/h3>\n<p>A BioCo Omega 3-6-9 k\u00e9sz\u00edtm\u00e9ny napi aj\u00e1nlott adagja 1-2 kapszula, b\u0151 folyad\u00e9kkal kell lenyelni.<\/p>\n","protected":false},"excerpt":{"rendered":"<p>Halolajat, lenmagolajat \u00e9s ligetsz\u00e9peolajat tartalmaz\u00f3 k\u00e9sz\u00edtm\u00e9ny, rendk\u00edv\u00fcl gazdag omega-3, omega-6 \u00e9s omega-9 zs\u00edrsavakban. K\u00fcl\u00f6n\u00f6sen aj\u00e1nlott sz\u00edv- \u00e9s \u00e9rrendszeri betegs\u00e9gekre val\u00f3 hajlamn\u00e1l, \u00edz\u00fcleti gyullad\u00e1sra, l\u00e1t\u00e1sroml\u00e1sra.<\/p>\n","protected":false},"featured_media":5417,"comment_status":"closed","ping_status":"open","template":"","meta":[],"product_cat":[61],"product_tag":[],"class_list":{"0":"post-5416","1":"product","2":"type-product","3":"status-publish","4":"has-post-thumbnail","6":"product_brand-bioco","7":"product_cat-etrend-kiegeszitok","9":"first","10":"instock","11":"purchasable","12":"product-type-simple"},"_links":{"self":[{"href":"https:\/\/vitamin.coredesign.hu\/index.php?rest_route=\/wp\/v2\/product\/5416","targetHints":{"allow":["GET"]}}],"collection":[{"href":"https:\/\/vitamin.coredesign.hu\/index.php?rest_route=\/wp\/v2\/product"}],"about":[{"href":"https:\/\/vitamin.coredesign.hu\/index.php?rest_route=\/wp\/v2\/types\/product"}],"replies":[{"embeddable":true,"href":"https:\/\/vitamin.coredesign.hu\/index.php?rest_route=%2Fwp%2Fv2%2Fcomments&post=5416"}],"wp:featuredmedia":[{"embeddable":true,"href":"https:\/\/vitamin.coredesign.hu\/index.php?rest_route=\/wp\/v2\/media\/5417"}],"wp:attachment":[{"href":"https:\/\/vitamin.coredesign.hu\/index.php?rest_route=%2Fwp%2Fv2%2Fmedia&parent=5416"}],"wp:term":[{"taxonomy":"product_cat","embeddable":true,"href":"https:\/\/vitamin.coredesign.hu\/index.php?rest_route=%2Fwp%2Fv2%2Fproduct_cat&post=5416"},{"taxonomy":"product_tag","embeddable":true,"href":"https:\/\/vitamin.coredesign.hu\/index.php?rest_route=%2Fwp%2Fv2%2Fproduct_tag&post=5416"}],"curies":[{"name":"wp","href":"https:\/\/api.w.org\/{rel}","templated":true}]}}