{"id":5414,"date":"2025-10-12T12:26:05","date_gmt":"2025-10-12T10:26:05","guid":{"rendered":"https:\/\/vitamin.coredesign.hu\/?product=bioco-fokhagyma-galagonya-ginkgo-biloba-tabletta-60db"},"modified":"2026-01-08T23:25:08","modified_gmt":"2026-01-08T22:25:08","slug":"bioco-fokhagyma-galagonya-ginkgo-biloba-tabletta-60db","status":"publish","type":"product","link":"https:\/\/vitamin.coredesign.hu\/?product=bioco-fokhagyma-galagonya-ginkgo-biloba-tabletta-60db","title":{"rendered":"BioCo Fokhagyma-Galagonya-Ginkgo Biloba tabletta \u2013 60db"},"content":{"rendered":"<p>&nbsp;<\/p>\n<div id=\"lt-accessibility-devtools\" aria-hidden=\"true\"><\/div>\n<p>Fokhagym\u00e1t, galagony\u00e1t, ginkgo bilob\u00e1t \u00e9s C-vitamint tartalmaz\u00f3 k\u00e9sz\u00edtm\u00e9ny. Magas v\u00e9rnyom\u00e1s, magas koleszterinszint, kering\u00e9si probl\u00e9m\u00e1k, illetve mem\u00f3riazavarok eset\u00e9n nagyon hasznos lehet a fogyaszt\u00e1sa.<\/p>\n<h2>BioCo Fokhagyma-Galagonya-Ginkgo Biloba tabletta<\/h2>\n<p>A k\u00e9sz\u00edtm\u00e9nyben l\u00e9v\u0151 \u00e9rt\u00e9kes n\u00f6v\u00e9nyi vegy\u00fcletek kiemelten t\u00e1mogatj\u00e1k a sz\u00edv \u00e9s az \u00e9rrendszer eg\u00e9szs\u00e9ges m\u0171k\u00f6d\u00e9s\u00e9t, a megfelel\u0151 kering\u00e9st, az optim\u00e1lis v\u00e9rnyom\u00e1s \u00e9s koleszterinszint el\u00e9r\u00e9s\u00e9t, illetve megtart\u00e1s\u00e1t. Megel\u0151z\u00e9sre \u00e9s m\u00e1r megl\u00e9v\u0151 panaszok eset\u00e9n is aj\u00e1nlott a fogyaszt\u00e1sa.<\/p>\n<p>A fokhagyma nagyon hat\u00e9kony a k\u00e1ros koleszterin szintj\u00e9nek cs\u00f6kkent\u00e9s\u00e9ben, az erek fal\u00e1ban l\u00e9v\u0151 lerak\u00f3d\u00e1sok felold\u00e1s\u00e1ban, az \u00e9relmeszesed\u00e9s megel\u0151z\u00e9s\u00e9ben. A galagonya az egyik leghat\u00e9konyabb sz\u00edvv\u00e9d\u0151 gy\u00f3gyn\u00f6v\u00e9ny, jav\u00edtja a v\u00e9rell\u00e1t\u00e1st, optimaliz\u00e1lja a v\u00e9rnyom\u00e1st, az idegi eredet\u0171 sz\u00edvpanaszokat is cs\u00f6kkenti. A ginkgo biloba a kering\u00e9si probl\u00e9m\u00e1k ellen hat: a v\u00e9gtagokban jelentkez\u0151 zsibbad\u00e1sokat, g\u00f6rcs\u00f6ket, kering\u00e9si zavarokat ugyan\u00fagy orvosolhatja, mint ahogyan a sz\u00e9d\u00fcl\u00e9st, a f\u00fclz\u00fag\u00e1st, az eml\u00e9kezetkies\u00e9seket.<\/p>\n<p>A BioCo k\u00e9sz\u00edtm\u00e9nye a fokhagyma, galagonya \u00e9s ginkgo biloba mellett C-vitamint is tartalmaz, amely hozz\u00e1j\u00e1rul az erek rugalmass\u00e1g\u00e1t \u00e9s er\u0151ss\u00e9g\u00e9t biztos\u00edt\u00f3 kollag\u00e9n \u00e9s elasztin termel\u0151d\u00e9s\u00e9hez. A term\u00e9k mentes a mesters\u00e9ges sz\u00ednez\u00e9kekt\u0151l \u00e9s az \u00e1llati eredet\u0171 \u00f6sszetev\u0151kt\u0151l!<\/p>\n<h3>Mikor aj\u00e1nlott a BioCo Fokhagyma + Galagonya + Ginkgo Biloba tabletta?<\/h3>\n<ul>\n<li>sz\u00edv- \u00e9s \u00e9rrendszeri betegs\u00e9gekre val\u00f3 hajlam eset\u00e9n<\/li>\n<li>magas koleszterinszintre<\/li>\n<li>magas vagy ingadoz\u00f3 v\u00e9rnyom\u00e1sra<\/li>\n<li>\u00e9rsz\u0171k\u00fcletre, \u00e9relmeszesed\u00e9sre<\/li>\n<li>kering\u00e9si probl\u00e9m\u00e1kra<\/li>\n<li>nyirkos, hideg kezekre, l\u00e1bakra<\/li>\n<li>gyakran zsibbad\u00f3 v\u00e9gtagokra<\/li>\n<li>id\u0151szakos s\u00e1nt\u00edt\u00e1sra<\/li>\n<li>roml\u00f3 koncentr\u00e1ci\u00f3ra<\/li>\n<li>mem\u00f3riazavarokra<\/li>\n<li>gyakori fejf\u00e1j\u00e1s, sz\u00e9d\u00fcl\u00e9s vagy f\u00fclz\u00fag\u00e1s eset\u00e9n<\/li>\n<\/ul>\n<h3>Hat\u00f3anyagok 2 tablett\u00e1ban:<\/h3>\n<ul>\n<li>Fokhagymakivonat 300 mg<\/li>\n<li>\u2013 ebb\u0151l allicin 3 mg<\/li>\n<li>Galagonyakivonat 200 mg<\/li>\n<li>Ginkgobiloba-kivonat 64 mg<\/li>\n<li>\u2013 ebb\u0151l flavon-glikozidok 15,36 mg<\/li>\n<li>\u2013 ebb\u0151l terp\u00e9n-lakton 3,84 mg<\/li>\n<li>C-vitamin 80 mg 100 NRV%*<\/li>\n<\/ul>\n<p>*NRV%: Vitaminok \u00e9s \u00e1sv\u00e1nyi anyagok napi beviteli referencia\u00e9rt\u00e9ke %-ban (feln\u0151ttek eset\u00e9ben)<\/p>\n<h3>\u00d6sszetev\u0151k:<\/h3>\n<p>T\u00f6megn\u00f6vel\u0151 szer (mikrokrist\u00e1lyos cellul\u00f3z); maltodextrin; fokhagymakivonat (150 mg\/tabletta); galagonyakivonat (100 mg\/tabletta); L-aszkorbinsav; f\u00e9nyez\u0151anyag (sztearinsav); csom\u00f3sod\u00e1st g\u00e1tl\u00f3k (talkum, szil\u00edcium-dioxid); ginkgobiloba-kivonat (32 mg\/tabletta).<\/p>\n<h3>Felhaszn\u00e1l\u00e1si javaslat:<\/h3>\n<p>A BioCo Fokhagyma + Galagonya + Ginkgo Biloba k\u00e9sz\u00edtm\u00e9ny napi aj\u00e1nlott adagja 2 tabletta, b\u0151 folyad\u00e9kkal kell lenyelni.<\/p>\n<p><strong>Figyelmeztet\u00e9s:<\/strong>\u00a0A k\u00e9sz\u00edtm\u00e9ny fogyaszt\u00e1sa v\u00e1rand\u00f3s \u00e9s szoptat\u00f3 n\u0151knek nem aj\u00e1nlott. V\u00e9ralvad\u00e1st g\u00e1tl\u00f3 gy\u00f3gyszert szed\u0151k a fogyaszt\u00e1st megel\u0151z\u0151en konzult\u00e1ljanak kezel\u0151orvosukkal. Ne szedje a k\u00e9sz\u00edtm\u00e9nyt, ha az \u00f6sszetev\u0151k b\u00e1rmelyik\u00e9re \u00e9rz\u00e9keny vagy allergi\u00e1s!<\/p>\n","protected":false},"excerpt":{"rendered":"<p>Fokhagym\u00e1t, galagony\u00e1t, ginkgo bilob\u00e1t \u00e9s C-vitamint tartalmaz\u00f3 k\u00e9sz\u00edtm\u00e9ny. Magas v\u00e9rnyom\u00e1s, magas koleszterinszint, kering\u00e9si probl\u00e9m\u00e1k, illetve mem\u00f3riazavarok eset\u00e9n nagyon hasznos lehet a fogyaszt\u00e1sa.<\/p>\n","protected":false},"featured_media":5415,"comment_status":"closed","ping_status":"open","template":"","meta":[],"product_cat":[61],"product_tag":[],"class_list":{"0":"post-5414","1":"product","2":"type-product","3":"status-publish","4":"has-post-thumbnail","6":"product_brand-bioco","7":"product_cat-etrend-kiegeszitok","9":"first","10":"instock","11":"purchasable","12":"product-type-simple"},"_links":{"self":[{"href":"https:\/\/vitamin.coredesign.hu\/index.php?rest_route=\/wp\/v2\/product\/5414","targetHints":{"allow":["GET"]}}],"collection":[{"href":"https:\/\/vitamin.coredesign.hu\/index.php?rest_route=\/wp\/v2\/product"}],"about":[{"href":"https:\/\/vitamin.coredesign.hu\/index.php?rest_route=\/wp\/v2\/types\/product"}],"replies":[{"embeddable":true,"href":"https:\/\/vitamin.coredesign.hu\/index.php?rest_route=%2Fwp%2Fv2%2Fcomments&post=5414"}],"wp:featuredmedia":[{"embeddable":true,"href":"https:\/\/vitamin.coredesign.hu\/index.php?rest_route=\/wp\/v2\/media\/5415"}],"wp:attachment":[{"href":"https:\/\/vitamin.coredesign.hu\/index.php?rest_route=%2Fwp%2Fv2%2Fmedia&parent=5414"}],"wp:term":[{"taxonomy":"product_cat","embeddable":true,"href":"https:\/\/vitamin.coredesign.hu\/index.php?rest_route=%2Fwp%2Fv2%2Fproduct_cat&post=5414"},{"taxonomy":"product_tag","embeddable":true,"href":"https:\/\/vitamin.coredesign.hu\/index.php?rest_route=%2Fwp%2Fv2%2Fproduct_tag&post=5414"}],"curies":[{"name":"wp","href":"https:\/\/api.w.org\/{rel}","templated":true}]}}