{"id":5410,"date":"2025-10-12T12:26:05","date_gmt":"2025-10-12T10:26:05","guid":{"rendered":"https:\/\/vitamin.coredesign.hu\/?product=bioco-szolomag-kivonat-forte-megapack-100db"},"modified":"2026-01-08T23:25:06","modified_gmt":"2026-01-08T22:25:06","slug":"bioco-szolomag-kivonat-forte-megapack-100db","status":"publish","type":"product","link":"https:\/\/vitamin.coredesign.hu\/?product=bioco-szolomag-kivonat-forte-megapack-100db","title":{"rendered":"BioCo sz\u0151l\u0151mag kivonat forte megapack \u2013 100db"},"content":{"rendered":"<p>&nbsp;<\/p>\n<div id=\"lt-accessibility-devtools\" aria-hidden=\"true\"><\/div>\n<p>Nagy d\u00f3zis\u00fa, tablett\u00e1nk\u00e9nt 200 mg sz\u0151l\u0151magkivonatot tartalmaz\u00f3 k\u00e9sz\u00edtm\u00e9ny. Magas antioxid\u00e1ns-tartalm\u00e1val k\u00fcl\u00f6n\u00f6sen aj\u00e1nlott \u00e9rsz\u0171k\u00fclet, \u00e9relmeszesed\u00e9s eset\u00e9n, magas koleszterinszintre, magas v\u00e9rnyom\u00e1sra, valamint l\u00e1t\u00e1sroml\u00e1sn\u00e1l.<\/p>\n<h2>BioCo sz\u0151l\u0151mag kivonat forte megapack<\/h2>\n<p>A sz\u0151l\u0151mag rendk\u00edv\u00fcl gazdag OPC-ben (oligomer proanto-cianidinben), amely egy er\u0151s antioxid\u00e1ns hat\u00e1s\u00fa n\u00f6v\u00e9nyi vegy\u00fclet. Kiemelked\u0151 az \u00e9rv\u00e9d\u0151, kering\u00e9sjav\u00edt\u00f3 hat\u00e1sa, semleges\u00edti a gyullad\u00e1st, sejtk\u00e1rosod\u00e1st okoz\u00f3 szabadgy\u00f6k\u00f6ket a szervezetben, lass\u00edtja az \u00f6reged\u00e9si folyamatokat.<\/p>\n<p>A sz\u0151l\u0151mag rendszeres fogyaszt\u00e1sa hozz\u00e1j\u00e1rulhat a sz\u00edvbetegs\u00e9gek, az infarktus, a tromb\u00f3zis kock\u00e1zat\u00e1nak cs\u00f6kkent\u00e9s\u00e9hez. Az \u00e9rfalak er\u0151s\u00edt\u00e9s\u00e9vel, az \u00e1tereszt\u0151k\u00e9pess\u00e9gre gyakorolt j\u00f3t\u00e9kony hat\u00e1s\u00e1val jav\u00edtja a l\u00e1t\u00e1st, t\u00e1mogatja a szem hossz\u00fat\u00e1v\u00fa eg\u00e9szs\u00e9g\u00e9t. Az \u00f6reged\u00e9si folyamatok lass\u00edt\u00e1s\u00e1val a b\u0151r \u00e1llapot\u00e1ra is kihat, rugalmasan, hidrat\u00e1ltan tartja, k\u00e9slelteti a r\u00e1ncok megjelen\u00e9s\u00e9t, elm\u00e9ly\u00fcl\u00e9s\u00e9t.<\/p>\n<p>A BioCo k\u00e9sz\u00edtm\u00e9nye nem a sz\u0151l\u0151mag por\u00edtott \u0151rlem\u00e9ny\u00e9t, hanem annak kivonat\u00e1t tartalmazza, koncentr\u00e1lt, nagy mennyis\u00e9gben (95%). A tabletta mentes a mesters\u00e9ges sz\u00ednez\u00e9kekt\u0151l \u00e9s az \u00e1llati eredet\u0171 \u00f6sszetev\u0151kt\u0151l.<\/p>\n<h3>Mikor aj\u00e1nlott a BioCo Sz\u0151l\u0151mag kivonat Forte MEGAPACK?<\/h3>\n<ul>\n<li>\u00e9rsz\u0171k\u00fcletre, \u00e9relmeszesed\u00e9sre<\/li>\n<li>magas koleszterinszintre<\/li>\n<li>magas v\u00e9rnyom\u00e1sra<\/li>\n<li>sz\u00edv- \u00e9s \u00e9rrendszeri betegs\u00e9gekre val\u00f3 hajlamn\u00e1l<\/li>\n<li>kering\u00e9si probl\u00e9m\u00e1kra<\/li>\n<li>l\u00e1t\u00e1sroml\u00e1sra, l\u00e1t\u00e1szavarokra<\/li>\n<li>feszess\u00e9g\u00e9t vesztett b\u0151rre<\/li>\n<\/ul>\n<h3>Hat\u00f3anyagok 1 tablett\u00e1ban:<\/h3>\n<ul>\n<li>Sz\u0151l\u0151magkivonat 200 mg<br \/>\nebb\u0151l proantocianidok 190 mg<\/li>\n<\/ul>\n<p>*NRV%: Vitaminok \u00e9s \u00e1sv\u00e1nyi anyagok napi beviteli referencia\u00e9rt\u00e9ke %-ban (feln\u0151ttek eset\u00e9ben)<\/p>\n<h3>\u00d6sszetev\u0151k:<\/h3>\n<p>Sz\u0151l\u0151magkivonat (200 mg\/tabletta); t\u00f6megn\u00f6vel\u0151 szer (mikrokrist\u00e1lyos cellul\u00f3z); f\u00e9nyez\u0151anyag (zs\u00edrsavak); csom\u00f3sod\u00e1st g\u00e1tl\u00f3k (szil\u00edcium-dioxid, zs\u00edrsavak magn\u00e9ziums\u00f3i).<\/p>\n<h3>Felhaszn\u00e1l\u00e1si javaslat:<\/h3>\n<p>A BioCo Sz\u0151l\u0151mag kivonat Forte MEGAPACK k\u00e9sz\u00edtm\u00e9ny napi aj\u00e1nlott adagja 1-2 tabletta, b\u0151 folyad\u00e9kkal kell lenyelni.<\/p>\n","protected":false},"excerpt":{"rendered":"<p>Nagy d\u00f3zis\u00fa, tablett\u00e1nk\u00e9nt 200 mg sz\u0151l\u0151magkivonatot tartalmaz\u00f3 k\u00e9sz\u00edtm\u00e9ny. Magas antioxid\u00e1ns-tartalm\u00e1val k\u00fcl\u00f6n\u00f6sen aj\u00e1nlott \u00e9rsz\u0171k\u00fclet, \u00e9relmeszesed\u00e9s eset\u00e9n, magas koleszterinszintre, magas v\u00e9rnyom\u00e1sra, valamint l\u00e1t\u00e1sroml\u00e1sn\u00e1l.<\/p>\n","protected":false},"featured_media":5411,"comment_status":"closed","ping_status":"open","template":"","meta":[],"product_cat":[61],"product_tag":[],"class_list":{"0":"post-5410","1":"product","2":"type-product","3":"status-publish","4":"has-post-thumbnail","6":"product_brand-bioco","7":"product_cat-etrend-kiegeszitok","9":"first","10":"instock","11":"purchasable","12":"product-type-simple"},"_links":{"self":[{"href":"https:\/\/vitamin.coredesign.hu\/index.php?rest_route=\/wp\/v2\/product\/5410","targetHints":{"allow":["GET"]}}],"collection":[{"href":"https:\/\/vitamin.coredesign.hu\/index.php?rest_route=\/wp\/v2\/product"}],"about":[{"href":"https:\/\/vitamin.coredesign.hu\/index.php?rest_route=\/wp\/v2\/types\/product"}],"replies":[{"embeddable":true,"href":"https:\/\/vitamin.coredesign.hu\/index.php?rest_route=%2Fwp%2Fv2%2Fcomments&post=5410"}],"wp:featuredmedia":[{"embeddable":true,"href":"https:\/\/vitamin.coredesign.hu\/index.php?rest_route=\/wp\/v2\/media\/5411"}],"wp:attachment":[{"href":"https:\/\/vitamin.coredesign.hu\/index.php?rest_route=%2Fwp%2Fv2%2Fmedia&parent=5410"}],"wp:term":[{"taxonomy":"product_cat","embeddable":true,"href":"https:\/\/vitamin.coredesign.hu\/index.php?rest_route=%2Fwp%2Fv2%2Fproduct_cat&post=5410"},{"taxonomy":"product_tag","embeddable":true,"href":"https:\/\/vitamin.coredesign.hu\/index.php?rest_route=%2Fwp%2Fv2%2Fproduct_tag&post=5410"}],"curies":[{"name":"wp","href":"https:\/\/api.w.org\/{rel}","templated":true}]}}