{"id":5408,"date":"2025-10-12T12:26:05","date_gmt":"2025-10-12T10:26:05","guid":{"rendered":"https:\/\/vitamin.coredesign.hu\/?product=bioco-prostamen-tabletta-80db"},"modified":"2026-01-08T23:25:05","modified_gmt":"2026-01-08T22:25:05","slug":"bioco-prostamen-tabletta-80db","status":"publish","type":"product","link":"https:\/\/vitamin.coredesign.hu\/?product=bioco-prostamen-tabletta-80db","title":{"rendered":"BioCo ProstaMen tabletta \u2013 80db"},"content":{"rendered":"<p>&nbsp;<\/p>\n<div id=\"lt-accessibility-devtools\" aria-hidden=\"true\"><\/div>\n<p>Prosztatav\u00e9d\u0151 gy\u00f3gyn\u00f6v\u00e9nyeket \u00e9s a f\u00e9rfiak sz\u00e1m\u00e1ra kiemelten fontos nyomelemeket tartalmaz\u00f3 k\u00e9sz\u00edtm\u00e9ny. Els\u0151sorban 45 \u00e9v felett javasolt a prosztata \u00e9s a h\u00fagy\u00fati rendszer megfelel\u0151 m\u0171k\u00f6d\u00e9s\u00e9nek t\u00e1mogat\u00e1s\u00e1ra.<\/p>\n<h2>BioCo ProstaMen tabletta<\/h2>\n<p>A k\u00e9sz\u00edtm\u00e9ny 5 term\u00e9szetes hat\u00f3anyaggal seg\u00edti a prosztata \u00e9s a h\u00fagy\u00fati rendszer eg\u00e9szs\u00e9ges m\u0171k\u00f6d\u00e9s\u00e9t. Prosztatamegnagyobbod\u00e1s megel\u0151z\u00e9s\u00e9re, illetve kezel\u00e9s\u00e9re k\u00fcl\u00f6n\u00f6sen aj\u00e1nlott a fogyaszt\u00e1sa. Jelent\u0151sen cs\u00f6kkentheti a prosztataprobl\u00e9m\u00e1kkal j\u00e1r\u00f3 kellemetlen t\u00fcneteket.<\/p>\n<p>A szabalp\u00e1lma term\u00e9szetes \u00faton kezeli a vizel\u00e9si probl\u00e9m\u00e1kat, a nehezen indul\u00f3 vizeletet, a gyakori vizel\u00e9si ingert, a gyullad\u00e1sokat, a f\u00e1jdalmat. A kisvir\u00e1g\u00fa f\u00fczike tiszt\u00edtja a h\u00fagyh\u00f3lyagot, a ves\u00e9ket, a nemi szerveket, a csal\u00e1n pedig n\u00f6veli a vizelet mennyis\u00e9g\u00e9t, cs\u00f6kkenti a megnagyobbodott prosztata t\u00e9rfogat\u00e1t. A k\u00e9sz\u00edtm\u00e9ny cinket \u00e9s szel\u00e9nt is tartalmaz, amelyek a f\u00e9rfiak sz\u00e1m\u00e1ra n\u00e9lk\u00fcl\u00f6zhetetlen nyomelemek a prosztatabetegs\u00e9gek megel\u0151z\u00e9s\u00e9hez.<\/p>\n<p>A BioCo k\u00e9sz\u00edtm\u00e9nye magas hat\u00f3anyag-tartalm\u00fa, 1 tabletta kivonattartalma megfelel 3200 mg szabalp\u00e1lma, 1500 mg kisvir\u00e1g\u00fa f\u00fczike \u00e9s legal\u00e1bb 2100 mg csal\u00e1ngy\u00f6k\u00e9r sz\u00e1r\u00edtott kivonat\u00e1nak. A term\u00e9k mentes a mesters\u00e9ges sz\u00ednez\u00e9kekt\u0151l \u00e9s \u00e1llati eredet\u0171 \u00f6sszetev\u0151kt\u0151l.<\/p>\n<h3>Mikor aj\u00e1nlott a BioCo ProstaMen tabletta?<\/h3>\n<ul>\n<li>j\u00f3indulat\u00fa prosztata-megnagyobbod\u00e1sra<\/li>\n<li>gyakori vizel\u00e9si ingern\u00e9l<\/li>\n<li>nehezen indul\u00f3 vizeletn\u00e9l<\/li>\n<li>f\u00e1jdalmas vizelet\u00fcr\u00edt\u00e9skor<\/li>\n<li>gyenge vagy megszakad\u00f3 vizeletsug\u00e1rn\u00e1l<\/li>\n<li>v\u00e9res vizelet jelentkez\u00e9sekor<\/li>\n<li>\u00e9les, sz\u00far\u00f3 f\u00e1jdalom vagy g\u00f6rcs eset\u00e9n<\/li>\n<li>a h\u00fagyh\u00f3lyag nem megfelel\u0151 \u00fcr\u00fcl\u00e9sekor<\/li>\n<li>vizelet-visszatart\u00e1si neh\u00e9zs\u00e9gekre<\/li>\n<li>mereved\u00e9si probl\u00e9m\u00e1kn\u00e1l<\/li>\n<li>45 \u00e9v felett megel\u0151z\u00e9sre<\/li>\n<\/ul>\n<h3>Hat\u00f3anyagok 1 tablett\u00e1ban:<\/h3>\n<ul>\n<li>Szabalp\u00e1lma-kivonat 320 mg<\/li>\n<li>Kisvir\u00e1g\u00faf\u00fczike-kivonat 150 mg<\/li>\n<li>Csal\u00e1ngy\u00f6k\u00e9r-kivonat 175 mg<\/li>\n<li>Szerves k\u00f6t\u00e9s\u0171 cink 10 mg 100 NRV%*<\/li>\n<li>Szel\u00e9n 55 \u00b5g 100 NRV%*<\/li>\n<\/ul>\n<p>*NRV%: Vitaminok \u00e9s \u00e1sv\u00e1nyi anyagok napi beviteli referencia\u00e9rt\u00e9ke %-ban (feln\u0151ttek eset\u00e9ben)<\/p>\n<h3>\u00d6sszetev\u0151k:<\/h3>\n<p>Szabalp\u00e1lma-term\u00e9s (Serenoa repens) 10:1 kivonata (320 mg\/tabletta); t\u00f6megn\u00f6vel\u0151 szer (mikrokrist\u00e1lyos cellul\u00f3z); csal\u00e1ngy\u00f6k\u00e9r (Urtica doica) 12-16:1 kivonata (175 mg\/tabletta); kisvir\u00e1g\u00fa f\u00fczike (Epilobium parviflorum) 10:1 kivonata (150 mg\/tabletta); maltodextrin; f\u00e9nyez\u0151anyag (zs\u00edrsavak); cink-citr\u00e1t; csom\u00f3sod\u00e1st g\u00e1tl\u00f3 (szil\u00edcium-dioxid); n\u00e1trium-szelenit.<\/p>\n<h3>Felhaszn\u00e1l\u00e1si javaslat:<\/h3>\n<p>A BioCo ProstaMen k\u00e9sz\u00edtm\u00e9ny napi aj\u00e1nlott adagja 1 tabletta, b\u0151 folyad\u00e9kkal kell lenyelni.<\/p>\n<p><strong>Figyelmeztet\u00e9s:<\/strong>\u00a0\u200bA k\u00e9sz\u00edtm\u00e9ny szabalp\u00e1lmakivonat-tartalma miatt k\u00f6lcs\u00f6nhat\u00e1sba l\u00e9phet \u00f6sztrog\u00e9np\u00f3tl\u00f3 szerekkel, or\u00e1lis fogamz\u00e1sg\u00e1tl\u00f3kkal, antiepileptikumokkal. Ne szedje a k\u00e9sz\u00edtm\u00e9nyt, ha az \u00f6sszetev\u0151k b\u00e1rmelyik\u00e9re \u00e9rz\u00e9keny vagy allergi\u00e1s!<\/p>\n","protected":false},"excerpt":{"rendered":"<p>Prosztatav\u00e9d\u0151 gy\u00f3gyn\u00f6v\u00e9nyeket \u00e9s a f\u00e9rfiak sz\u00e1m\u00e1ra kiemelten fontos nyomelemeket tartalmaz\u00f3 k\u00e9sz\u00edtm\u00e9ny. Els\u0151sorban 45 \u00e9v felett javasolt a prosztata \u00e9s a h\u00fagy\u00fati rendszer megfelel\u0151 m\u0171k\u00f6d\u00e9s\u00e9nek t\u00e1mogat\u00e1s\u00e1ra.<\/p>\n","protected":false},"featured_media":5409,"comment_status":"closed","ping_status":"open","template":"","meta":[],"product_cat":[61],"product_tag":[],"class_list":{"0":"post-5408","1":"product","2":"type-product","3":"status-publish","4":"has-post-thumbnail","6":"product_brand-bioco","7":"product_cat-etrend-kiegeszitok","9":"first","10":"instock","11":"purchasable","12":"product-type-simple"},"_links":{"self":[{"href":"https:\/\/vitamin.coredesign.hu\/index.php?rest_route=\/wp\/v2\/product\/5408","targetHints":{"allow":["GET"]}}],"collection":[{"href":"https:\/\/vitamin.coredesign.hu\/index.php?rest_route=\/wp\/v2\/product"}],"about":[{"href":"https:\/\/vitamin.coredesign.hu\/index.php?rest_route=\/wp\/v2\/types\/product"}],"replies":[{"embeddable":true,"href":"https:\/\/vitamin.coredesign.hu\/index.php?rest_route=%2Fwp%2Fv2%2Fcomments&post=5408"}],"wp:featuredmedia":[{"embeddable":true,"href":"https:\/\/vitamin.coredesign.hu\/index.php?rest_route=\/wp\/v2\/media\/5409"}],"wp:attachment":[{"href":"https:\/\/vitamin.coredesign.hu\/index.php?rest_route=%2Fwp%2Fv2%2Fmedia&parent=5408"}],"wp:term":[{"taxonomy":"product_cat","embeddable":true,"href":"https:\/\/vitamin.coredesign.hu\/index.php?rest_route=%2Fwp%2Fv2%2Fproduct_cat&post=5408"},{"taxonomy":"product_tag","embeddable":true,"href":"https:\/\/vitamin.coredesign.hu\/index.php?rest_route=%2Fwp%2Fv2%2Fproduct_tag&post=5408"}],"curies":[{"name":"wp","href":"https:\/\/api.w.org\/{rel}","templated":true}]}}