{"id":5406,"date":"2025-10-12T12:26:05","date_gmt":"2025-10-12T10:26:05","guid":{"rendered":"https:\/\/vitamin.coredesign.hu\/?product=bioco-porc-izom-csont-komplex-megapack-tabletta-120db"},"modified":"2026-01-08T23:25:04","modified_gmt":"2026-01-08T22:25:04","slug":"bioco-porc-izom-csont-komplex-megapack-tabletta-120db","status":"publish","type":"product","link":"https:\/\/vitamin.coredesign.hu\/?product=bioco-porc-izom-csont-komplex-megapack-tabletta-120db","title":{"rendered":"BioCo Porc &#038; Izom Csont Komplex MegaPack tabletta \u2013 120db"},"content":{"rendered":"<p>&nbsp;<\/p>\n<div id=\"lt-accessibility-devtools\" aria-hidden=\"true\"><\/div>\n<p>Speci\u00e1lis \u00edz\u00fcletv\u00e9d\u0151, porc- \u00e9s csonter\u0151s\u00edt\u0151 hat\u00f3anyagokat tartalmaz\u00f3 k\u00e9sz\u00edtm\u00e9ny. Komplex hat\u00e1s\u00e1val els\u0151sorban \u00edz\u00fcleti probl\u00e9m\u00e1kra, porckop\u00e1sra aj\u00e1nlott. A tablett\u00e1k \u00faj, sz\u00ednez\u00e9kmentes nyel\u00e9sk\u00f6nny\u00edt\u0151 bevonattal vannak ell\u00e1tva.<\/p>\n<h2>BioCo Porc &amp; Izom Csont Komplex MegaPack tabletta<\/h2>\n<p>A k\u00e9sz\u00edtm\u00e9ny els\u0151sorban azok sz\u00e1m\u00e1ra aj\u00e1nlott, akiknek t\u00falterhel\u00e9s miatti \u00edz\u00fcleti probl\u00e9m\u00e1juk, porckop\u00e1suk van, \u00e9s oda kell figyelni\u00fck az \u00edz\u00fcletv\u00e9delemre, a porcok, az izmok, a csontok meger\u0151s\u00edt\u00e9s\u00e9re. Ez a komplex term\u00e9szetes \u00edz\u00fcletv\u00e9d\u0151, porc- \u00e9s csonter\u0151s\u00edt\u00f3 hat\u00f3anyagokat tartalmaz.<\/p>\n<p>A kondroitin gyullad\u00e1scs\u00f6kkent\u0151, v\u00edzmegk\u00f6t\u0151 tulajdons\u00e1g\u00e1val jav\u00edtja az \u00edz\u00fcletek mozgathat\u00f3s\u00e1g\u00e1t, seg\u00edti a s\u00e9r\u00fclt porcok rugalmass\u00e1g\u00e1nak helyre\u00e1ll\u00edt\u00e1s\u00e1t. A gl\u00fck\u00f3zamin megakad\u00e1lyozza az \u00edz\u00fcletek k\u00e1rosod\u00e1s\u00e1t, jelent\u0151sen cs\u00f6kkenti a f\u00e1jdalmat. A tablett\u00e1ban az \u00edz\u00fcletek \u00e9s porcok rugalmass\u00e1g\u00e1t, terhelhet\u0151s\u00e9g\u00e9t n\u00f6vel\u0151 MSM \u00e9s kollag\u00e9n is tal\u00e1lhat\u00f3, tov\u00e1bb\u00e1 porcv\u00e9d\u0151 C-vitamin \u00e9s csonter\u0151s\u00edt\u0151 D-vitamin.<\/p>\n<p>A BioCo k\u00e9sz\u00edtm\u00e9nye glut\u00e9nmentes, lakt\u00f3zmentes, tit\u00e1n-dioxid-mentes. M\u00c9KISZ \u201eTan\u00fas\u00edtott Min\u0151s\u00e9g\u201d v\u00e9djeggyel ell\u00e1tott term\u00e9k, amely garant\u00e1lja a kiv\u00e1l\u00f3 min\u0151s\u00e9get \u00e9s megb\u00edzhat\u00f3s\u00e1got.<\/p>\n<h3>Mikor aj\u00e1nlott a BioCo Porc &amp; Izom Csont Komplex MEGAPACK?<\/h3>\n<ul>\n<li>\u00edz\u00fcleti f\u00e1jdalom, \u00edz\u00fcleti merevs\u00e9g eset\u00e9n<\/li>\n<li>kialakult porckop\u00e1sra, porckop\u00e1s megel\u0151z\u00e9s\u00e9re<\/li>\n<li>\u00fcl\u0151- vagy \u00e1ll\u00f3munk\u00e1t v\u00e9gz\u0151knek<\/li>\n<li>intenz\u00edven sportol\u00f3knak<\/li>\n<li>jelent\u0151s s\u00falyfelesleggel rendelkez\u0151knek<\/li>\n<li>az id\u0151sebb koroszt\u00e1lynak \u00edz\u00fcletv\u00e9delemre, csonter\u0151s\u00edt\u00e9sre<\/li>\n<\/ul>\n<h3>Hat\u00f3anyagok 3 tablett\u00e1ban:<\/h3>\n<ul>\n<li>C-vitamin 80 mg (100 NRV%*)<\/li>\n<li>D3-vitamin 10 \u00b5g (200 NRV%*)<\/li>\n<li>Cink 10 mg (100 NRV%*)<\/li>\n<li>Kalcium 400 mg (50 NRV%*)<\/li>\n<li>Mang\u00e1n 2 mg (100 NRV%*)<\/li>\n<li>R\u00e9z 1000 \u00b5g (100 NRV%*)<\/li>\n<li>Gl\u00fck\u00f3zamin-szulf\u00e1t 1500 mg<\/li>\n<li>Kondroitin-szulf\u00e1t-n\u00e1trium 200 mg<\/li>\n<li>Metil-szulfonil-met\u00e1n (MSM) 600 mg<br \/>\namelyb\u0151l k\u00e9n 204 mg<\/li>\n<li>Kollag\u00e9npeptidek 120 mg<\/li>\n<\/ul>\n<p>*NRV%: Vitaminok \u00e9s \u00e1sv\u00e1nyi anyagok napi beviteli referencia\u00e9rt\u00e9ke %-ban (feln\u0151ttek eset\u00e9ben)<\/p>\n<h3>\u00d6sszetev\u0151k:<\/h3>\n<p>Gl\u00fck\u00f3zamin-szulf\u00e1t-k\u00e1lium-klorid (r\u00e1k-, ill. h\u00e9jas \u00e1llat eredet\u0171), kalcium-karbon\u00e1t, metil-szulfonil-met\u00e1n (MSM), t\u00f6megn\u00f6vel\u0151 szer (mikrokrist\u00e1lyos cellul\u00f3z), f\u00e9nyez\u0151anyag (zs\u00edrsavak, polivinil-alkohol, polietil\u00e9nglikol), kondroitin-szulf\u00e1t-n\u00e1trium, kollag\u00e9npeptidek, L-aszkorbinsav, sz\u00ednez\u00e9kek (kalcium-karbon\u00e1t, vas-oxidok), cink-citr\u00e1t, csom\u00f3sod\u00e1st g\u00e1tl\u00f3 anyag (szil\u00edcium-dioxid), r\u00e9z-gl\u00fckon\u00e1t, mang\u00e1n-szulf\u00e1t, kolekalciferol.<\/p>\n<ul>\n<li>\u00daj, sz\u00ednez\u00e9kmentes NYEL\u00c9SK\u00d6NNY\u00cdT\u0150 bevonattal!<\/li>\n<li>tit\u00e1n-dioxid mentes<\/li>\n<\/ul>\n<h3>Felhaszn\u00e1l\u00e1si javaslat:<\/h3>\n<p>A BioCo Porc &amp; Izom Csont Komplex MEGAPACK k\u00e9sz\u00edtm\u00e9ny napi aj\u00e1nlott adagja 3 filmtabletta, lehet\u0151leg \u00e9tkez\u00e9s k\u00f6zben vagy ut\u00e1n, b\u0151 folyad\u00e9kkal kell bevenni. Nyel\u00e9si neh\u00e9zs\u00e9g eset\u00e9n a tabletta kett\u00e9t\u00f6rhet\u0151 vagy por\u00edthat\u00f3.<\/p>\n<p><strong>Figyelmeztet\u00e9s:<\/strong>\u00a0Fogyaszt\u00e1sa terhes \u00e9s szoptat\u00f3 any\u00e1knak, gyermekeknek \u00e9s v\u00e9ralvad\u00e1st g\u00e1tl\u00f3 gy\u00f3gyszert szed\u0151k sz\u00e1m\u00e1ra nem aj\u00e1nlott. A term\u00e9k r\u00e1k-, illetve h\u00e9jas \u00e1llat eredet\u0171 gl\u00fck\u00f3zamin-szulf\u00e1tot tartalmaz, ez\u00e9rt a k\u00e9sz\u00edtm\u00e9ny fogyaszt\u00e1sa szigor\u00faan tilos, ha \u00e9rz\u00e9keny vagy allergi\u00e1s a r\u00e1kf\u00e9l\u00e9kre, kagyl\u00f3kra, puhatest\u0171ekre.<\/p>\n","protected":false},"excerpt":{"rendered":"<p>Speci\u00e1lis \u00edz\u00fcletv\u00e9d\u0151, porc- \u00e9s csonter\u0151s\u00edt\u0151 hat\u00f3anyagokat tartalmaz\u00f3 k\u00e9sz\u00edtm\u00e9ny. Komplex hat\u00e1s\u00e1val els\u0151sorban \u00edz\u00fcleti probl\u00e9m\u00e1kra, porckop\u00e1sra aj\u00e1nlott. A tablett\u00e1k \u00faj, sz\u00ednez\u00e9kmentes nyel\u00e9sk\u00f6nny\u00edt\u0151 bevonattal vannak ell\u00e1tva.<\/p>\n","protected":false},"featured_media":5407,"comment_status":"closed","ping_status":"open","template":"","meta":[],"product_cat":[73],"product_tag":[],"class_list":{"0":"post-5406","1":"product","2":"type-product","3":"status-publish","4":"has-post-thumbnail","6":"product_brand-bioco","7":"product_cat-arvanyi-anyagok","9":"first","10":"instock","11":"purchasable","12":"product-type-simple"},"_links":{"self":[{"href":"https:\/\/vitamin.coredesign.hu\/index.php?rest_route=\/wp\/v2\/product\/5406","targetHints":{"allow":["GET"]}}],"collection":[{"href":"https:\/\/vitamin.coredesign.hu\/index.php?rest_route=\/wp\/v2\/product"}],"about":[{"href":"https:\/\/vitamin.coredesign.hu\/index.php?rest_route=\/wp\/v2\/types\/product"}],"replies":[{"embeddable":true,"href":"https:\/\/vitamin.coredesign.hu\/index.php?rest_route=%2Fwp%2Fv2%2Fcomments&post=5406"}],"wp:featuredmedia":[{"embeddable":true,"href":"https:\/\/vitamin.coredesign.hu\/index.php?rest_route=\/wp\/v2\/media\/5407"}],"wp:attachment":[{"href":"https:\/\/vitamin.coredesign.hu\/index.php?rest_route=%2Fwp%2Fv2%2Fmedia&parent=5406"}],"wp:term":[{"taxonomy":"product_cat","embeddable":true,"href":"https:\/\/vitamin.coredesign.hu\/index.php?rest_route=%2Fwp%2Fv2%2Fproduct_cat&post=5406"},{"taxonomy":"product_tag","embeddable":true,"href":"https:\/\/vitamin.coredesign.hu\/index.php?rest_route=%2Fwp%2Fv2%2Fproduct_tag&post=5406"}],"curies":[{"name":"wp","href":"https:\/\/api.w.org\/{rel}","templated":true}]}}