{"id":5401,"date":"2025-10-12T12:26:05","date_gmt":"2025-10-12T10:26:05","guid":{"rendered":"https:\/\/vitamin.coredesign.hu\/?product=bioco-szerves-cink-60db"},"modified":"2026-01-08T23:25:02","modified_gmt":"2026-01-08T22:25:02","slug":"bioco-szerves-cink-60db","status":"publish","type":"product","link":"https:\/\/vitamin.coredesign.hu\/?product=bioco-szerves-cink-60db","title":{"rendered":"BioCo szerves cink \u2013 60db"},"content":{"rendered":"<p>&nbsp;<\/p>\n<div id=\"lt-accessibility-devtools\" aria-hidden=\"true\"><\/div>\n<p>Magas hat\u00f3anyag-tartalm\u00fa, tablett\u00e1nk\u00e9nt 20 mg szerves cinket tartalmaz\u00f3 k\u00e9sz\u00edtm\u00e9ny. Els\u0151sorban a haj, a b\u0151r \u00e9s a k\u00f6rm\u00f6k eg\u00e9szs\u00e9g\u00e9nek t\u00e1mogat\u00e1s\u00e1ra aj\u00e1nlott a fogyaszt\u00e1sa. Cink-oxid-mentes term\u00e9k!<\/p>\n<h2>BioCo szerves cink<\/h2>\n<p>A cink n\u00e9lk\u00fcl\u00f6zhetetlen mikroelem, kiemelten v\u00e9di a sejteket a k\u00e1ros hat\u00e1sokkal szemben. Az immunrendszer megfelel\u0151 m\u0171k\u00f6d\u00e9s\u00e9nek t\u00e1mogat\u00e1sa mellett hat\u00e1ssal van az idegrendszerre, a hormonokra, a l\u00e1t\u00e1sra, a szagl\u00e1sra, az \u00edzlel\u00e9sre. Fontos szerepe van a haj, a b\u0151r \u00e9s a k\u00f6rm\u00f6k eg\u00e9szs\u00e9ges \u00e1llapot\u00e1nak fenntart\u00e1s\u00e1ban.<\/p>\n<p>Ha kev\u00e9s cinkhez jut a szervezet, fokozott hajhull\u00e1s, k\u00f6r\u00f6mt\u00f6redez\u00e9s jelentkezhet, gyullad\u00e1sok l\u00e9phetnek fel a b\u0151rben, v\u00e9dtelenebb\u00e9 v\u00e1lik a fert\u0151z\u00e9sekkel, s\u00e9r\u00fcl\u00e9sekkel szemben. P\u00f3tl\u00e1sa jav\u00edtja a pattan\u00e1sos, akn\u00e9s, ekc\u00e9m\u00e1s b\u0151r \u00e1llapot\u00e1t, el\u0151seg\u00edti a sebgy\u00f3gyul\u00e1st, a h\u00e1mosod\u00e1st.<\/p>\n<p>A BioCo k\u00e9sz\u00edtm\u00e9nye kiz\u00e1r\u00f3lag szerves k\u00f6t\u00e9s\u0171, j\u00f3l hasznosul\u00f3 citr\u00e1t form\u00e1ban tartalmazza a cinket, emelt hat\u00f3anyag-mennyis\u00e9gben, tablett\u00e1nk\u00e9nt 20 mg-ban. Nem tartalmaz szervetlen formul\u00e1kat, p\u00e9ld\u00e1ul cink-oxidot.<\/p>\n<h3>Mikor aj\u00e1nlott a BioCo szerves CINK tabletta?<\/h3>\n<ul>\n<li>fokozott hajhull\u00e1sra<\/li>\n<li>gyulladt, pattan\u00e1sos b\u0151rre<\/li>\n<li>ekc\u00e9m\u00e1ra, akn\u00e9kra<\/li>\n<li>t\u00f6redez\u0151, feh\u00e9r foltos k\u00f6rm\u00f6kre<\/li>\n<li>gyakori betegesked\u00e9sn\u00e9l, visszat\u00e9r\u0151 fert\u0151z\u00e9sekn\u00e9l<\/li>\n<li>roml\u00f3 l\u00e1t\u00e1s, szag- \u00e9s \u00edz\u00e9rz\u00e9kel\u00e9s eset\u00e9n<\/li>\n<li>term\u00e9kenys\u00e9gi probl\u00e9m\u00e1kn\u00e1l<\/li>\n<\/ul>\n<h3>Hat\u00f3anyagok 1 tablett\u00e1ban:<\/h3>\n<ul>\n<li>Cink (szerves k\u00f6t\u00e9s\u0171 cink-citr\u00e1tb\u00f3l) 20 mg 200 NRV%*<\/li>\n<\/ul>\n<p>*NRV%: Vitaminok \u00e9s \u00e1sv\u00e1nyi anyagok napi beviteli referencia\u00e9rt\u00e9ke %-ban (feln\u0151ttek eset\u00e9ben)<\/p>\n<h3>\u00d6sszetev\u0151k:<\/h3>\n<p>T\u00f6megn\u00f6vel\u0151 szer (mikrokrist\u00e1lyos cellul\u00f3z); maltodextrin; cink-citr\u00e1t; f\u00e9nyez\u0151anyag (zs\u00edrsavak); csom\u00f3sod\u00e1st g\u00e1tl\u00f3 (szil\u00edcium-dioxid).<\/p>\n<h3>Felhaszn\u00e1l\u00e1si javaslat:<\/h3>\n<p>A BioCo szerves CINK k\u00e9sz\u00edtm\u00e9ny napi aj\u00e1nlott adagja 1 tabletta, b\u0151 folyad\u00e9kkal kell lenyelni.<\/p>\n","protected":false},"excerpt":{"rendered":"<p>Magas hat\u00f3anyag-tartalm\u00fa, tablett\u00e1nk\u00e9nt 20 mg szerves cinket tartalmaz\u00f3 k\u00e9sz\u00edtm\u00e9ny. Els\u0151sorban a haj, a b\u0151r \u00e9s a k\u00f6rm\u00f6k eg\u00e9szs\u00e9g\u00e9nek t\u00e1mogat\u00e1s\u00e1ra aj\u00e1nlott a fogyaszt\u00e1sa. Cink-oxid-mentes term\u00e9k!<\/p>\n","protected":false},"featured_media":5402,"comment_status":"closed","ping_status":"open","template":"","meta":[],"product_cat":[73],"product_tag":[],"class_list":{"0":"post-5401","1":"product","2":"type-product","3":"status-publish","4":"has-post-thumbnail","6":"product_brand-bioco","7":"product_cat-arvanyi-anyagok","9":"first","10":"instock","11":"purchasable","12":"product-type-simple"},"_links":{"self":[{"href":"https:\/\/vitamin.coredesign.hu\/index.php?rest_route=\/wp\/v2\/product\/5401","targetHints":{"allow":["GET"]}}],"collection":[{"href":"https:\/\/vitamin.coredesign.hu\/index.php?rest_route=\/wp\/v2\/product"}],"about":[{"href":"https:\/\/vitamin.coredesign.hu\/index.php?rest_route=\/wp\/v2\/types\/product"}],"replies":[{"embeddable":true,"href":"https:\/\/vitamin.coredesign.hu\/index.php?rest_route=%2Fwp%2Fv2%2Fcomments&post=5401"}],"wp:featuredmedia":[{"embeddable":true,"href":"https:\/\/vitamin.coredesign.hu\/index.php?rest_route=\/wp\/v2\/media\/5402"}],"wp:attachment":[{"href":"https:\/\/vitamin.coredesign.hu\/index.php?rest_route=%2Fwp%2Fv2%2Fmedia&parent=5401"}],"wp:term":[{"taxonomy":"product_cat","embeddable":true,"href":"https:\/\/vitamin.coredesign.hu\/index.php?rest_route=%2Fwp%2Fv2%2Fproduct_cat&post=5401"},{"taxonomy":"product_tag","embeddable":true,"href":"https:\/\/vitamin.coredesign.hu\/index.php?rest_route=%2Fwp%2Fv2%2Fproduct_tag&post=5401"}],"curies":[{"name":"wp","href":"https:\/\/api.w.org\/{rel}","templated":true}]}}