{"id":5399,"date":"2025-10-12T12:26:05","date_gmt":"2025-10-12T10:26:05","guid":{"rendered":"https:\/\/vitamin.coredesign.hu\/?product=bioco-omega-3-forte-kapszula-100db"},"modified":"2026-01-08T23:25:00","modified_gmt":"2026-01-08T22:25:00","slug":"bioco-omega-3-forte-kapszula-100db","status":"publish","type":"product","link":"https:\/\/vitamin.coredesign.hu\/?product=bioco-omega-3-forte-kapszula-100db","title":{"rendered":"BioCo Omega-3 forte kapszula \u2013 100db"},"content":{"rendered":"<p>&nbsp;<\/p>\n<div id=\"lt-accessibility-devtools\" aria-hidden=\"true\"><\/div>\n<p>Vadon \u00e9l\u0151 tengeri halb\u00f3l nyert, magas EPA- \u00e9s DHA-tartalm\u00fa omega zs\u00edrsavakat tartalmaz\u00f3 k\u00e9sz\u00edtm\u00e9ny. K\u00fcl\u00f6n\u00f6sen aj\u00e1nlott sz\u00edv- \u00e9s \u00e9rrendszeri betegs\u00e9gekre val\u00f3 hajlamn\u00e1l, \u00edz\u00fcleti gyullad\u00e1sra, l\u00e1t\u00e1sroml\u00e1sra.<\/p>\n<h2>BioCo Omega-3 forte kapszula \u2013 100db<\/h2>\n<p>Az omega zs\u00edrsavak p\u00f3tl\u00e1sa az\u00e9rt olyan fontos, mert a szervezetben nem termel\u0151dnek, ez\u00e9rt k\u00fcls\u0151 forr\u00e1sb\u00f3l kell bevinni azokat. A halolaj rengeteg \u00e9rt\u00e9kes omega-3 zs\u00edrsavat tartalmaz, amelyek t\u00f6bbek k\u00f6z\u00f6tt tiszt\u00edtj\u00e1k az ereket, cs\u00f6kkentik a koleszterinszintet, ezzel a sz\u00edv- \u00e9s \u00e9rrendszeri betegs\u00e9gek kock\u00e1zat\u00e1t. Cs\u00f6kkentik a gyullad\u00e1sokat is, el\u0151seg\u00edtik az agy megfelel\u0151 m\u0171k\u00f6d\u00e9s\u00e9t, az eg\u00e9szs\u00e9ges l\u00e1t\u00e1s hossz\u00fat\u00e1v\u00fa fenntart\u00e1s\u00e1t.<\/p>\n<p>Az omega-3 zs\u00edrsavak k\u00f6z\u00fcl igen j\u00f3t\u00e9kony hat\u00e1s\u00fa az EPA (eikozapenta\u00e9nsav) \u00e9s a DHA (dokozahexa\u00e9nsav), amelyek jelent\u0151sen hozz\u00e1j\u00e1rulnak a sz\u00edv megfelel\u0151 m\u0171k\u00f6d\u00e9s\u00e9hez, valamint a norm\u00e1l agym\u0171k\u00f6d\u00e9s \u00e9s l\u00e1t\u00e1s fenntart\u00e1s\u00e1hoz. A kedvez\u0151 hat\u00e1s napi 250 mg EPA- \u00e9s DHA-bevitellel \u00e9rhet\u0151 el.<\/p>\n<p>A BioCo k\u00e9sz\u00edtm\u00e9nye magas hat\u00f3anyag-tartalm\u00fa, kapszul\u00e1nk\u00e9nt 360 mg EPA-t \u00e9s 170 mg DHA-t tartalmaz. Szigor\u00faan ellen\u0151rz\u00f6tt tisztas\u00e1g\u00fa, sz\u00ednez\u00e9kmentes formula.<\/p>\n<h3>Mikor aj\u00e1nlott a BioCo Omega-3 Forte kapszula?<\/h3>\n<ul>\n<li>sz\u00edv- \u00e9s \u00e9rrendszeri betegs\u00e9gekre val\u00f3 hajlamn\u00e1l<\/li>\n<li>megl\u00e9v\u0151 sz\u00edv- \u00e9s \u00e9rrendszeri panaszokra<\/li>\n<li>magas koleszterinszintre, magas v\u00e9rnyom\u00e1sra<\/li>\n<li>\u00e9relmeszesed\u00e9sre, \u00e9rsz\u0171k\u00fcletre<\/li>\n<li>\u00edz\u00fcleti gyullad\u00e1sra<\/li>\n<li>kering\u00e9si zavarokra<\/li>\n<li>l\u00e1t\u00e1sroml\u00e1sra, illetve l\u00e1t\u00e1sroml\u00e1s megel\u0151z\u00e9s\u00e9re<\/li>\n<li>szorong\u00e1sra, depresszi\u00f3ra<\/li>\n<li>roml\u00f3 mem\u00f3ri\u00e1ra, koncentr\u00e1l\u00f3k\u00e9pess\u00e9gre<\/li>\n<\/ul>\n<h3>Hat\u00f3anyagok 1 kapszul\u00e1ban:<\/h3>\n<ul>\n<li>EPA 360 mg<\/li>\n<li>DHA 170 mg<\/li>\n<\/ul>\n<h3>\u00d6sszetev\u0151k:<\/h3>\n<p>Halolaj; zselatin; nedves\u00edt\u0151szer (glicerin); antioxid\u00e1ns (tokoferolban gazdag kivonat).<\/p>\n<h3>Felhaszn\u00e1l\u00e1si javaslat:<\/h3>\n<p>A BioCo Omega-3 Forte k\u00e9sz\u00edtm\u00e9ny napi aj\u00e1nlott adagja 1-2 kapszula, b\u0151 folyad\u00e9kkal kell lenyelni.<\/p>\n","protected":false},"excerpt":{"rendered":"<p>Vadon \u00e9l\u0151 tengeri halb\u00f3l nyert, magas EPA- \u00e9s DHA-tartalm\u00fa omega zs\u00edrsavakat tartalmaz\u00f3 k\u00e9sz\u00edtm\u00e9ny. K\u00fcl\u00f6n\u00f6sen aj\u00e1nlott sz\u00edv- \u00e9s \u00e9rrendszeri betegs\u00e9gekre val\u00f3 hajlamn\u00e1l, \u00edz\u00fcleti gyullad\u00e1sra, l\u00e1t\u00e1sroml\u00e1sra.<\/p>\n","protected":false},"featured_media":5400,"comment_status":"closed","ping_status":"open","template":"","meta":[],"product_cat":[61],"product_tag":[],"class_list":{"0":"post-5399","1":"product","2":"type-product","3":"status-publish","4":"has-post-thumbnail","6":"product_brand-bioco","7":"product_cat-etrend-kiegeszitok","9":"first","10":"instock","11":"purchasable","12":"product-type-simple"},"_links":{"self":[{"href":"https:\/\/vitamin.coredesign.hu\/index.php?rest_route=\/wp\/v2\/product\/5399","targetHints":{"allow":["GET"]}}],"collection":[{"href":"https:\/\/vitamin.coredesign.hu\/index.php?rest_route=\/wp\/v2\/product"}],"about":[{"href":"https:\/\/vitamin.coredesign.hu\/index.php?rest_route=\/wp\/v2\/types\/product"}],"replies":[{"embeddable":true,"href":"https:\/\/vitamin.coredesign.hu\/index.php?rest_route=%2Fwp%2Fv2%2Fcomments&post=5399"}],"wp:featuredmedia":[{"embeddable":true,"href":"https:\/\/vitamin.coredesign.hu\/index.php?rest_route=\/wp\/v2\/media\/5400"}],"wp:attachment":[{"href":"https:\/\/vitamin.coredesign.hu\/index.php?rest_route=%2Fwp%2Fv2%2Fmedia&parent=5399"}],"wp:term":[{"taxonomy":"product_cat","embeddable":true,"href":"https:\/\/vitamin.coredesign.hu\/index.php?rest_route=%2Fwp%2Fv2%2Fproduct_cat&post=5399"},{"taxonomy":"product_tag","embeddable":true,"href":"https:\/\/vitamin.coredesign.hu\/index.php?rest_route=%2Fwp%2Fv2%2Fproduct_tag&post=5399"}],"curies":[{"name":"wp","href":"https:\/\/api.w.org\/{rel}","templated":true}]}}