{"id":5397,"date":"2025-10-12T12:26:05","date_gmt":"2025-10-12T10:26:05","guid":{"rendered":"https:\/\/vitamin.coredesign.hu\/?product=bioco-cordyceps-kinai-hernyogomba-tabletta-90db"},"modified":"2026-01-08T23:24:59","modified_gmt":"2026-01-08T22:24:59","slug":"bioco-cordyceps-kinai-hernyogomba-tabletta-90db","status":"publish","type":"product","link":"https:\/\/vitamin.coredesign.hu\/?product=bioco-cordyceps-kinai-hernyogomba-tabletta-90db","title":{"rendered":"BioCo Cordyceps \u2013 k\u00ednai herny\u00f3gomba tabletta \u2013 90db"},"content":{"rendered":"<p>&nbsp;<\/p>\n<div id=\"lt-accessibility-devtools\" aria-hidden=\"true\"><\/div>\n<p>K\u00ednai herny\u00f3gomba (Cordyceps sinensis) mic\u00e9liumkivonat\u00e1t tartalmaz\u00f3 k\u00e9sz\u00edtm\u00e9ny. K\u00fcl\u00f6n\u00f6sen aj\u00e1nlott legyeng\u00fclt szervezet feler\u0151s\u00edt\u00e9s\u00e9re, sportol\u00f3knak, neh\u00e9z fizikai munk\u00e1t v\u00e9gz\u0151knek, illetve autoimmun betegeknek.<\/p>\n<h2>BioCo Cordyceps \u2013 k\u00ednai herny\u00f3gomba tabletta<\/h2>\n<p>A k\u00ednai herny\u00f3gomba (Cordyceps sinensis) az egyik leghat\u00e9konyabb gy\u00f3gygomba az immunrendszer stimul\u00e1l\u00e1s\u00e1ra, a fizikai \u00e1ll\u00f3k\u00e9pess\u00e9g \u00e9s teljes\u00edtm\u00e9ny n\u00f6vel\u00e9s\u00e9re. Magas t\u00e1panyagtartalm\u00fa gomba, tele van \u00e9rt\u00e9kes vitaminokkal, \u00e1sv\u00e1nyi anyagokkal, nyomelemekkel, rostokkal. B\u00e9ta-gl\u00fck\u00e1nt is tartalmaz, amelynek kiemelked\u0151 az immuner\u0151s\u00edt\u0151 hat\u00e1sa!<\/p>\n<p>J\u00e1rv\u00e1nyos id\u0151szakban a fert\u0151z\u00e9sekkel szembeni v\u00e9dekez\u0151k\u00e9pess\u00e9g n\u00f6vel\u00e9s\u00e9re is nagyon hasznos lehet a fogyaszt\u00e1sa, valamint l\u00e9g\u00fati megbeteged\u00e9sekn\u00e9l, mert jav\u00edtja a t\u00fcd\u0151 v\u00e9rell\u00e1t\u00e1s\u00e1t \u00e9s oxig\u00e9nfelhaszn\u00e1l\u00e1s\u00e1t. Sportol\u00f3kn\u00e1l, neh\u00e9z fizikai munk\u00e1t v\u00e9gz\u0151kn\u00e9l seg\u00edts\u00e9get ny\u00fajthat az energiatermel\u00e9sben, id\u0151sekn\u00e9l jav\u00edthatja a mem\u00f3ri\u00e1t, a koncentr\u00e1ci\u00f3t. Autoimmun betegs\u00e9gekn\u00e9l a hagyom\u00e1nyos ter\u00e1pi\u00e1k kieg\u00e9sz\u00edt\u00e9s\u00e9re aj\u00e1nlott; kemo- \u00e9s sug\u00e1rter\u00e1pia eset\u00e9n pedig a mell\u00e9khat\u00e1sok cs\u00f6kkent\u00e9s\u00e9re.<\/p>\n<p>A BioCo k\u00e9sz\u00edtm\u00e9ny\u00e9nek napi adagja 400 mg magas poliszacharid-koncentr\u00e1ci\u00f3j\u00fa (40%) herny\u00f3gomba mic\u00e9liumkivonatot tartalmaz. Mentes a mesters\u00e9ges sz\u00ednez\u00e9kt\u0151l \u00e9s az \u00e1llati eredet\u0171 \u00f6sszetev\u0151kt\u0151l!<\/p>\n<h3>Mikor aj\u00e1nlott a BioCo Cordyceps 400 Herny\u00f3gomba kivonat?<\/h3>\n<ul>\n<li>cs\u00f6kkent immunit\u00e1sra, legyeng\u00fclt szervezet feler\u0151s\u00edt\u00e9s\u00e9re<\/li>\n<li>j\u00e1rv\u00e1nyos id\u0151szakban a v\u00e9dekez\u0151k\u00e9pess\u00e9g n\u00f6vel\u00e9s\u00e9re<\/li>\n<li>sz\u00edv- \u00e9s koszor\u00fa\u00e9r-probl\u00e9m\u00e1kn\u00e1l<\/li>\n<li>t\u00fcd\u0151bajokra, asztm\u00e1soknak<\/li>\n<li>magas v\u00e9rnyom\u00e1sra, kering\u00e9si zavarokra<\/li>\n<li>m\u00e1jk\u00e1rosod\u00e1sra, hepatitis kieg\u00e9sz\u00edt\u0151 kezel\u00e9s\u00e9re<\/li>\n<li>sug\u00e1r- \u00e9s mell\u00e9khat\u00e1sainak cs\u00f6kkent\u00e9s\u00e9re<\/li>\n<li>autoimmun betegs\u00e9gek eset\u00e9n (pl. lupus, szkleroderma, reumatoid arthrozis)<\/li>\n<li>sportol\u00f3knak, neh\u00e9z fizikai munk\u00e1t v\u00e9gz\u0151knek<\/li>\n<li>az id\u0151sebb koroszt\u00e1ly sz\u00e1m\u00e1ra<\/li>\n<li>cs\u00f6kkent libid\u00f3ra, a term\u00e9kenys\u00e9g el\u0151seg\u00edt\u00e9s\u00e9re<\/li>\n<\/ul>\n<h3>Hat\u00f3anyagok 2 tablett\u00e1ban:<\/h3>\n<ul>\n<li>Cordyceps sinensis (herny\u00f3gomba) mic\u00e9liumkivonat 400 mg<br \/>\nebb\u0151l poliszacharidok 160 mg<\/li>\n<\/ul>\n<h3>\u00d6sszetev\u0151k:<\/h3>\n<p>Cordyceps sinensis (herny\u00f3gomba) mic\u00e9liumkivonat (200 mg\/tabletta); t\u00f6megn\u00f6vel\u0151 szer (mikrokrist\u00e1lyos cellul\u00f3z); maltodextrin; f\u00e9nyez\u0151 anyag (sztearinsav); csom\u00f3sod\u00e1st g\u00e1tl\u00f3 (szil\u00edcium-dioxid).<\/p>\n<h3>Felhaszn\u00e1l\u00e1si javaslat:<\/h3>\n<p>A BioCo Cordyceps 400 Herny\u00f3gomba kivonat napi aj\u00e1nlott adagja 2 tabletta, b\u0151 folyad\u00e9kkal kell lenyelni.<\/p>\n","protected":false},"excerpt":{"rendered":"<p>K\u00ednai herny\u00f3gomba (Cordyceps sinensis) mic\u00e9liumkivonat\u00e1t tartalmaz\u00f3 k\u00e9sz\u00edtm\u00e9ny. K\u00fcl\u00f6n\u00f6sen aj\u00e1nlott legyeng\u00fclt szervezet feler\u0151s\u00edt\u00e9s\u00e9re, sportol\u00f3knak, neh\u00e9z fizikai munk\u00e1t v\u00e9gz\u0151knek, illetve autoimmun betegeknek.<\/p>\n","protected":false},"featured_media":5398,"comment_status":"closed","ping_status":"open","template":"","meta":[],"product_cat":[63],"product_tag":[],"class_list":{"0":"post-5397","1":"product","2":"type-product","3":"status-publish","4":"has-post-thumbnail","6":"product_brand-bioco","7":"product_cat-gyogygombak","9":"first","10":"instock","11":"purchasable","12":"product-type-simple"},"_links":{"self":[{"href":"https:\/\/vitamin.coredesign.hu\/index.php?rest_route=\/wp\/v2\/product\/5397","targetHints":{"allow":["GET"]}}],"collection":[{"href":"https:\/\/vitamin.coredesign.hu\/index.php?rest_route=\/wp\/v2\/product"}],"about":[{"href":"https:\/\/vitamin.coredesign.hu\/index.php?rest_route=\/wp\/v2\/types\/product"}],"replies":[{"embeddable":true,"href":"https:\/\/vitamin.coredesign.hu\/index.php?rest_route=%2Fwp%2Fv2%2Fcomments&post=5397"}],"wp:featuredmedia":[{"embeddable":true,"href":"https:\/\/vitamin.coredesign.hu\/index.php?rest_route=\/wp\/v2\/media\/5398"}],"wp:attachment":[{"href":"https:\/\/vitamin.coredesign.hu\/index.php?rest_route=%2Fwp%2Fv2%2Fmedia&parent=5397"}],"wp:term":[{"taxonomy":"product_cat","embeddable":true,"href":"https:\/\/vitamin.coredesign.hu\/index.php?rest_route=%2Fwp%2Fv2%2Fproduct_cat&post=5397"},{"taxonomy":"product_tag","embeddable":true,"href":"https:\/\/vitamin.coredesign.hu\/index.php?rest_route=%2Fwp%2Fv2%2Fproduct_tag&post=5397"}],"curies":[{"name":"wp","href":"https:\/\/api.w.org\/{rel}","templated":true}]}}