{"id":5395,"date":"2025-10-12T12:26:05","date_gmt":"2025-10-12T10:26:05","guid":{"rendered":"https:\/\/vitamin.coredesign.hu\/?product=bioco-szerves-szelen-megapack-120db"},"modified":"2026-01-08T23:24:58","modified_gmt":"2026-01-08T22:24:58","slug":"bioco-szerves-szelen-megapack-120db","status":"publish","type":"product","link":"https:\/\/vitamin.coredesign.hu\/?product=bioco-szerves-szelen-megapack-120db","title":{"rendered":"BioCo szerves szel\u00e9n megapack \u2013 120db"},"content":{"rendered":"<p>&nbsp;<\/p>\n<div id=\"lt-accessibility-devtools\" aria-hidden=\"true\"><\/div>\n<p>Nagy d\u00f3zis\u00fa szerves szel\u00e9nt tartalmaz\u00f3 k\u00e9sz\u00edtm\u00e9ny, nagy kiszerel\u00e9s\u0171 MEGAPACK tablettacsomagban. K\u00fcl\u00f6n\u00f6sen aj\u00e1nlott pajzsmirigy-alulm\u0171k\u00f6d\u00e9s, f\u00e1rad\u00e9konys\u00e1g, fokozott hajhull\u00e1s, valamint term\u00e9kenys\u00e9gi probl\u00e9m\u00e1k eset\u00e9n.<\/p>\n<h2>BioCo szerves szel\u00e9n megapack<\/h2>\n<p>A szel\u00e9n antioxid\u00e1ns hat\u00e1s\u00fa mikroelem, nagym\u00e9rt\u00e9kben seg\u00edti a sejtek oxidat\u00edv stresszel szembeni v\u00e9delm\u00e9t, azaz semleges\u00edti a sejteket k\u00e1ros\u00edt\u00f3, gyullad\u00e1sokat \u00e9s betegs\u00e9geket okoz\u00f3 szabadgy\u00f6k\u00f6ket a szervezetben. Kiemelt szerepe van a pajzsmirigy eg\u00e9szs\u00e9ges m\u0171k\u00f6d\u00e9s\u00e9ben, hi\u00e1nya pajzsmirigy-alulm\u0171k\u00f6d\u00e9st okozhat.<\/p>\n<p>A szel\u00e9n az immunrendszer m\u0171k\u00f6d\u00e9s\u00e9t is t\u00e1mogatja, n\u00f6veli a fert\u0151z\u00e9sekkel szembeni ellen\u00e1ll\u00f3 k\u00e9pess\u00e9get. Hat\u00e1ssal van a hasny\u00e1lmirigy, az ivarmirigyek, a sz\u00edv \u00e9s a m\u00e1j munk\u00e1j\u00e1ra, fenntartja a b\u0151r, a haj \u00e9s a k\u00f6rm\u00f6k eg\u00e9szs\u00e9g\u00e9t, kezeli a b\u0151rprobl\u00e9m\u00e1kat, a hajhull\u00e1st, a k\u00f6r\u00f6mt\u00f6redez\u00e9st. M\u00e9regtelen\u00edt, lass\u00edtja az \u00e1ltal\u00e1nos \u00f6reged\u00e9si folyamatokat.<\/p>\n<p>A BioCo k\u00e9sz\u00edtm\u00e9nye kiz\u00e1r\u00f3lag szerves k\u00f6t\u00e9s\u0171, j\u00f3l hasznosul\u00f3 L-szeleno-metionin form\u00e1ban tartalmazza a szel\u00e9nt, magas, tablett\u00e1nk\u00e9nt 100 \u00b5g-os hat\u00f3anyag-mennyis\u00e9gben.<\/p>\n<h3>Mikor aj\u00e1nlott a BioCo szerves SZEL\u00c9N MEGAPACK?<\/h3>\n<ul>\n<li>a pajzsmirigy norm\u00e1l m\u0171k\u00f6d\u00e9s\u00e9nek t\u00e1mogat\u00e1s\u00e1hoz<\/li>\n<li>pajzsmirigy-alulm\u0171k\u00f6d\u00e9s eset\u00e9n<\/li>\n<li>\u00e1ltal\u00e1nos f\u00e1radts\u00e1g\u00e9rzetre, gyenges\u00e9gre<\/li>\n<li>a b\u0151r, a haj \u00e9s a k\u00f6rm\u00f6k eg\u00e9szs\u00e9g\u00e9nek fenntart\u00e1s\u00e1ra<\/li>\n<li>fokozott hajhull\u00e1sra, k\u00f6r\u00f6mt\u00f6redez\u00e9sre<\/li>\n<li>b\u0151rgyullad\u00e1sokra, elszaporod\u00f3 b\u0151rfoltokra<\/li>\n<li>term\u00e9kenys\u00e9gi probl\u00e9m\u00e1kra<\/li>\n<li>prosztataprobl\u00e9m\u00e1k megel\u0151z\u00e9s\u00e9re, kezel\u00e9s\u00e9re<\/li>\n<li>az immunrendszer megfelel\u0151 m\u0171k\u00f6d\u00e9s\u00e9hez<\/li>\n<li>visszat\u00e9r\u0151, gyakori fert\u0151z\u00e9sek eset\u00e9n<\/li>\n<li>a sejtek antioxid\u00e1ns v\u00e9delm\u00e9nek n\u00f6vel\u00e9s\u00e9hez<\/li>\n<li>az \u00f6reged\u00e9si folyamatok lass\u00edt\u00e1s\u00e1hoz<\/li>\n<\/ul>\n<h3>Hat\u00f3anyagok 1 tablett\u00e1ban:<\/h3>\n<ul>\n<li>Szel\u00e9n (szerves k\u00f6t\u00e9s\u0171 L-szeleno-metioninb\u0151l) 100 \u00b5g 181,8 NRV%*<\/li>\n<\/ul>\n<p>*NRV%: Vitaminok \u00e9s \u00e1sv\u00e1nyi anyagok napi beviteli referencia\u00e9rt\u00e9ke %-ban (feln\u0151ttek eset\u00e9ben)<\/p>\n<h3>\u00d6sszetev\u0151k:<\/h3>\n<p>T\u00f6megn\u00f6vel\u0151 szer (mikrokrist\u00e1lyos cellul\u00f3z); maltodextrin; csom\u00f3sod\u00e1st g\u00e1tl\u00f3k (talkum, szil\u00edcium-dioxid); f\u00e9nyez\u0151anyag (zs\u00edrsavak); L-szeleno-metionin.<\/p>\n<h3>Felhaszn\u00e1l\u00e1si javaslat:<\/h3>\n<p>A BioCo szerves SZEL\u00c9N MEGAPACK k\u00e9sz\u00edtm\u00e9ny napi aj\u00e1nlott adagja 1 tabletta, b\u0151 folyad\u00e9kkal kell lenyelni.<\/p>\n","protected":false},"excerpt":{"rendered":"<p>Nagy d\u00f3zis\u00fa szerves szel\u00e9nt tartalmaz\u00f3 k\u00e9sz\u00edtm\u00e9ny, nagy kiszerel\u00e9s\u0171 MEGAPACK tablettacsomagban. K\u00fcl\u00f6n\u00f6sen aj\u00e1nlott pajzsmirigy-alulm\u0171k\u00f6d\u00e9s, f\u00e1rad\u00e9konys\u00e1g, fokozott hajhull\u00e1s, valamint term\u00e9kenys\u00e9gi probl\u00e9m\u00e1k eset\u00e9n.<\/p>\n","protected":false},"featured_media":5396,"comment_status":"closed","ping_status":"open","template":"","meta":[],"product_cat":[73],"product_tag":[],"class_list":{"0":"post-5395","1":"product","2":"type-product","3":"status-publish","4":"has-post-thumbnail","6":"product_brand-bioco","7":"product_cat-arvanyi-anyagok","9":"first","10":"instock","11":"purchasable","12":"product-type-simple"},"_links":{"self":[{"href":"https:\/\/vitamin.coredesign.hu\/index.php?rest_route=\/wp\/v2\/product\/5395","targetHints":{"allow":["GET"]}}],"collection":[{"href":"https:\/\/vitamin.coredesign.hu\/index.php?rest_route=\/wp\/v2\/product"}],"about":[{"href":"https:\/\/vitamin.coredesign.hu\/index.php?rest_route=\/wp\/v2\/types\/product"}],"replies":[{"embeddable":true,"href":"https:\/\/vitamin.coredesign.hu\/index.php?rest_route=%2Fwp%2Fv2%2Fcomments&post=5395"}],"wp:featuredmedia":[{"embeddable":true,"href":"https:\/\/vitamin.coredesign.hu\/index.php?rest_route=\/wp\/v2\/media\/5396"}],"wp:attachment":[{"href":"https:\/\/vitamin.coredesign.hu\/index.php?rest_route=%2Fwp%2Fv2%2Fmedia&parent=5395"}],"wp:term":[{"taxonomy":"product_cat","embeddable":true,"href":"https:\/\/vitamin.coredesign.hu\/index.php?rest_route=%2Fwp%2Fv2%2Fproduct_cat&post=5395"},{"taxonomy":"product_tag","embeddable":true,"href":"https:\/\/vitamin.coredesign.hu\/index.php?rest_route=%2Fwp%2Fv2%2Fproduct_tag&post=5395"}],"curies":[{"name":"wp","href":"https:\/\/api.w.org\/{rel}","templated":true}]}}