{"id":5393,"date":"2025-10-12T12:26:05","date_gmt":"2025-10-12T10:26:05","guid":{"rendered":"https:\/\/vitamin.coredesign.hu\/?product=bioco-d3-vitamin-forte-4000-iu-tabletta-100db"},"modified":"2026-01-08T23:24:57","modified_gmt":"2026-01-08T22:24:57","slug":"bioco-d3-vitamin-forte-4000-iu-tabletta-100db","status":"publish","type":"product","link":"https:\/\/vitamin.coredesign.hu\/?product=bioco-d3-vitamin-forte-4000-iu-tabletta-100db","title":{"rendered":"BioCo D3-vitamin Forte 4000 IU tabletta \u2013 100db"},"content":{"rendered":"<p>&nbsp;<\/p>\n<div id=\"lt-accessibility-devtools\" aria-hidden=\"true\"><\/div>\n<p>Nagy d\u00f3zis\u00fa, tablett\u00e1nk\u00e9nt 4000 NE D3-vitamint tartalmaz\u00f3 k\u00e9sz\u00edtm\u00e9ny. Fogyaszt\u00e1sa k\u00fcl\u00f6n\u00f6sen aj\u00e1nlott a t\u00e9li h\u00f3napokban a D-vitamin p\u00f3tl\u00e1s\u00e1ra. Glut\u00e9nmentes, lakt\u00f3zmentes, veget\u00e1ri\u00e1nus term\u00e9k.<\/p>\n<h2>BioCo D3-vitamin Forte 4000 IU tabletta \u2013 100db<\/h2>\n<p>A k\u00e9sz\u00edtm\u00e9ny emelt mennyis\u00e9gben tartalmazza a csonter\u0151s\u00edt\u0151, immuner\u0151s\u00edt\u0151 D-vitamint, tablett\u00e1nk\u00e9nt 4000 NE-ben (nemzetk\u00f6zi egys\u00e9gben). Fogyaszt\u00e1sa k\u00fcl\u00f6n\u00f6sen javasolt a t\u00e9li h\u00f3napokban, amikor a szervezet kevesebb D-vitamint tud el\u0151\u00e1ll\u00edtani a napf\u00e9nyb\u0151l, \u00e9s fenn\u00e1ll a D-vitamin-hi\u00e1ny kialakul\u00e1s\u00e1nak kock\u00e1zata.<\/p>\n<p>A D-vitaminnak a csontok \u00e9s a fogak megfelel\u0151 fejl\u0151d\u00e9s\u00e9nek el\u0151seg\u00edt\u00e9se, valamint er\u0151ss\u00e9g\u00e9nek megtart\u00e1sa mellett kiemelt szerepe van az immunrendszer norm\u00e1l m\u0171k\u00f6d\u00e9s\u00e9ben. Cs\u00f6kkenti az oxidat\u00edv stressz hat\u00e1sait, a sejtek k\u00e1rosod\u00e1s\u00e1t, \u00e9s nagym\u00e9rt\u00e9kben megn\u00f6veli a fert\u0151z\u00e9sekkel, betegs\u00e9gekkel szembeni ellen\u00e1ll\u00f3 k\u00e9pess\u00e9get. Betegs\u00e9g eset\u00e9n felgyors\u00edthatja a gy\u00f3gyul\u00e1st, megel\u0151zheti a s\u00falyosabb sz\u00f6v\u0151dm\u00e9nyek kialakul\u00e1s\u00e1t.<\/p>\n<p>A BioCo D3-vitamin Forte 4000 IU filmtablett\u00e1t cukorbetegek \u00e9s veget\u00e1ri\u00e1nusok is szedhetik. Nagy kiszerel\u00e9s\u0171 MEGAPACK csomag, amely 100 db filmtablett\u00e1t tartalmaz.<\/p>\n<h3>Mikor aj\u00e1nlott a BioCo D3-vitamin Forte 4000 IU filmtabletta?<\/h3>\n<ul>\n<li>a napi sz\u00fcks\u00e9ges D-vitamin p\u00f3tl\u00e1s\u00e1ra<\/li>\n<li>az immunrendszer megfelel\u0151 m\u0171k\u00f6d\u00e9s\u00e9nek t\u00e1mogat\u00e1s\u00e1ra<\/li>\n<li>a fert\u0151z\u00e9sekkel, betegs\u00e9gekkel szembeni ellen\u00e1ll\u00f3 k\u00e9pess\u00e9g n\u00f6vel\u00e9s\u00e9re<\/li>\n<li>betegs\u00e9g eset\u00e9n a gy\u00f3gyul\u00e1si folyamatok felgyors\u00edt\u00e1s\u00e1ra<\/li>\n<li>autoimmun betegs\u00e9g \u00e9s diab\u00e9tesz eset\u00e9n<\/li>\n<li>a csontok \u00e9s a fogak er\u0151ss\u00e9g\u00e9nek, eg\u00e9szs\u00e9g\u00e9nek fenntart\u00e1s\u00e1ra<\/li>\n<li>a sejtek oxidat\u00edv stresszel szembeni v\u00e9delm\u00e9re<\/li>\n<li>az idegrendszer kiegyens\u00falyozott m\u0171k\u00f6d\u00e9s\u00e9nek el\u0151seg\u00edt\u00e9s\u00e9re<\/li>\n<li>a sz\u00edv \u00e9s az \u00e9rrendszer eg\u00e9szs\u00e9g\u00e9nek t\u00e1mogat\u00e1s\u00e1ra<\/li>\n<\/ul>\n<h3>Hat\u00f3anyagok 1 tablett\u00e1ban:<\/h3>\n<ul>\n<li>D3-vitamin 100 \u00b5g (4000 IU)** 2000 NRV%*<\/li>\n<\/ul>\n<p>*NRV%: Vitaminok \u00e9s \u00e1sv\u00e1nyi anyagok napi beviteli referencia\u00e9rt\u00e9ke %-ban (feln\u0151ttek eset\u00e9ben)<\/p>\n<p>**IU (International Unit = Nemzetk\u00f6zi Egys\u00e9g)<\/p>\n<h3>\u00d6sszetev\u0151k:<\/h3>\n<p>T\u00f6megn\u00f6vel\u0151 szer (mikrokrist\u00e1lyos cellul\u00f3z); maltodextrin; f\u00e9nyez\u0151anyag (sztearinsav); csom\u00f3sod\u00e1st g\u00e1tl\u00f3 (talkum, szil\u00edcium-dioxid); r\u00e9szben hidrog\u00e9nezett sz\u00f3jababolaj; kolekalciferol.<\/p>\n<h3>Felhaszn\u00e1l\u00e1si javaslat:<\/h3>\n<p>A BioCo D3-vitamin Forte 4000 IU k\u00e9sz\u00edtm\u00e9ny napi aj\u00e1nlott adagja 1 filmtabletta, b\u0151 folyad\u00e9kkal kell lenyelni.<\/p>\n","protected":false},"excerpt":{"rendered":"<p>Nagy d\u00f3zis\u00fa, tablett\u00e1nk\u00e9nt 4000 NE D3-vitamint tartalmaz\u00f3 k\u00e9sz\u00edtm\u00e9ny. Fogyaszt\u00e1sa k\u00fcl\u00f6n\u00f6sen aj\u00e1nlott a t\u00e9li h\u00f3napokban a D-vitamin p\u00f3tl\u00e1s\u00e1ra. Glut\u00e9nmentes, lakt\u00f3zmentes, veget\u00e1ri\u00e1nus term\u00e9k.<\/p>\n","protected":false},"featured_media":5394,"comment_status":"closed","ping_status":"open","template":"","meta":[],"product_cat":[60],"product_tag":[],"class_list":{"0":"post-5393","1":"product","2":"type-product","3":"status-publish","4":"has-post-thumbnail","6":"product_brand-bioco","7":"product_cat-vitaminok","9":"first","10":"instock","11":"purchasable","12":"product-type-simple"},"_links":{"self":[{"href":"https:\/\/vitamin.coredesign.hu\/index.php?rest_route=\/wp\/v2\/product\/5393","targetHints":{"allow":["GET"]}}],"collection":[{"href":"https:\/\/vitamin.coredesign.hu\/index.php?rest_route=\/wp\/v2\/product"}],"about":[{"href":"https:\/\/vitamin.coredesign.hu\/index.php?rest_route=\/wp\/v2\/types\/product"}],"replies":[{"embeddable":true,"href":"https:\/\/vitamin.coredesign.hu\/index.php?rest_route=%2Fwp%2Fv2%2Fcomments&post=5393"}],"wp:featuredmedia":[{"embeddable":true,"href":"https:\/\/vitamin.coredesign.hu\/index.php?rest_route=\/wp\/v2\/media\/5394"}],"wp:attachment":[{"href":"https:\/\/vitamin.coredesign.hu\/index.php?rest_route=%2Fwp%2Fv2%2Fmedia&parent=5393"}],"wp:term":[{"taxonomy":"product_cat","embeddable":true,"href":"https:\/\/vitamin.coredesign.hu\/index.php?rest_route=%2Fwp%2Fv2%2Fproduct_cat&post=5393"},{"taxonomy":"product_tag","embeddable":true,"href":"https:\/\/vitamin.coredesign.hu\/index.php?rest_route=%2Fwp%2Fv2%2Fproduct_tag&post=5393"}],"curies":[{"name":"wp","href":"https:\/\/api.w.org\/{rel}","templated":true}]}}