{"id":5389,"date":"2025-10-12T12:26:05","date_gmt":"2025-10-12T10:26:05","guid":{"rendered":"https:\/\/vitamin.coredesign.hu\/?product=bioco-csipkebogyos-retard-c-vitamin-1000mg-tabletta-csaladi-csomag-100db"},"modified":"2026-01-08T23:24:56","modified_gmt":"2026-01-08T22:24:56","slug":"bioco-csipkebogyos-retard-c-vitamin-1000mg-tabletta-csaladi-csomag-100db","status":"publish","type":"product","link":"https:\/\/vitamin.coredesign.hu\/?product=bioco-csipkebogyos-retard-c-vitamin-1000mg-tabletta-csaladi-csomag-100db","title":{"rendered":"BioCo Csipkebogy\u00f3s Retard C-vitamin 1000mg tabletta Csal\u00e1di csomag \u2013 100db"},"content":{"rendered":"<p>&nbsp;<\/p>\n<div id=\"lt-accessibility-devtools\" aria-hidden=\"true\"><\/div>\n<p>Tablett\u00e1nk\u00e9nt 1000 mg C-vitamint tartalmaz\u00f3 k\u00e9sz\u00edtm\u00e9ny csipkebogy\u00f3-kivonattal. A C-vitamin retard, azaz fokozatos felszabadul\u00e1s\u00fa, elny\u00fajtott hat\u00e1s\u00fa. A tablett\u00e1k sz\u00ednez\u00e9kmentes nyel\u00e9sk\u00f6nny\u00edt\u0151 bevonattal vannak ell\u00e1tva. Glut\u00e9nmentes, lakt\u00f3zmentes, veg\u00e1n term\u00e9k.<\/p>\n<h2>BioCo Csipkebogy\u00f3s Retard C-vitamin 1000mg csal\u00e1di csomag<\/h2>\n<p>A k\u00e9sz\u00edtm\u00e9nyben tal\u00e1lhat\u00f3 C-vitamin fokozatosan szabadul fel, \u00e9s hosszan tart\u00f3 vitaminp\u00f3tl\u00e1st biztos\u00edt a szervezetnek. J\u00f3t\u00e9kony hat\u00e1s\u00e1t csipkebogy\u00f3-kivonat gazdag\u00edtja, amely kiv\u00e1l\u00f3 term\u00e9szetes C-vitamin-forr\u00e1s, r\u00e1ad\u00e1sul \u00e9rt\u00e9kes n\u00f6v\u00e9nyi vegy\u00fcleteivel el\u0151seg\u00edti a vitaminok min\u00e9l jobb felsz\u00edv\u00f3d\u00e1s\u00e1t \u00e9s hasznosul\u00e1s\u00e1t.<\/p>\n<p>A C-vitamint rendszeresen p\u00f3tolni kell, mert az emberi szervezet nem k\u00e9pes el\u0151\u00e1ll\u00edtani. N\u00e9lk\u00fcl\u00f6zhetetlen t\u00f6bbek k\u00f6z\u00f6tt az immunrendszer \u00e9s az idegrendszer megfelel\u0151 m\u0171k\u00f6d\u00e9s\u00e9hez, a stressz, a kif\u00e1rad\u00e1s cs\u00f6kkent\u00e9s\u00e9hez, az erek v\u00e9delm\u00e9hez, valamint a vas felsz\u00edv\u00f3d\u00e1s\u00e1hoz. Bizonyos betegs\u00e9gek alatt, valamint a terhess\u00e9g \u00e9s szoptat\u00e1s id\u0151szak\u00e1ban, illetve fogamz\u00e1sg\u00e1tl\u00f3 szed\u00e9se eset\u00e9n megn\u00f6vekszik a C-vitamin-sz\u00fcks\u00e9glet!<\/p>\n<p>A BioCo Csipkebogy\u00f3s RETARD C-vitamin filmtabletta \u00c9rt\u00e9k &amp; Min\u0151s\u00e9g Nagyd\u00edjas. Glut\u00e9nmentes, lakt\u00f3zmentes, veg\u00e1n term\u00e9k. \u00daj, sz\u00ednez\u00e9kmentes nyel\u00e9sk\u00f6nny\u00edt\u0151 bevonat biztos\u00edtja a k\u00f6nny\u0171 fogyaszt\u00e1st. Nagy kiszerel\u00e9s\u0171 csal\u00e1di csomag, amely 100 db tablett\u00e1t tartalmaz.<\/p>\n<h3>Mikor aj\u00e1nlott a BioCo Csipkebogy\u00f3s RETARD C-vitamin filmtabletta?<\/h3>\n<ul>\n<li>a napi sz\u00fcks\u00e9ges C-vitamin p\u00f3tl\u00e1s\u00e1ra, fokozott vitaminsz\u00fcks\u00e9glet eset\u00e9n is<\/li>\n<li>az immunrendszer megfelel\u0151 m\u0171k\u00f6d\u00e9s\u00e9nek t\u00e1mogat\u00e1s\u00e1ra<\/li>\n<li>a fert\u0151z\u00e9sekkel, betegs\u00e9gekkel szembeni ellen\u00e1ll\u00f3 k\u00e9pess\u00e9g n\u00f6vel\u00e9s\u00e9re<\/li>\n<li>betegs\u00e9g eset\u00e9n a gy\u00f3gyul\u00e1si folyamatok felgyors\u00edt\u00e1s\u00e1ra<\/li>\n<li>a f\u00e1radts\u00e1g \u00e9s a kif\u00e1rad\u00e1s cs\u00f6kkent\u00e9s\u00e9re<\/li>\n<li>a sejtek oxidat\u00edv stresszel szembeni v\u00e9delm\u00e9re<\/li>\n<li>az idegrendszer kiegyens\u00falyozott m\u0171k\u00f6d\u00e9s\u00e9nek el\u0151seg\u00edt\u00e9s\u00e9re<\/li>\n<li>a sz\u00edv \u00e9s az \u00e9rrendszer eg\u00e9szs\u00e9g\u00e9nek t\u00e1mogat\u00e1s\u00e1ra<\/li>\n<li>a porcok, az \u00edz\u00fcletek az \u00ednszalagok, valamint a fog\u00edny eg\u00e9szs\u00e9g\u00e9nek meg\u0151rz\u00e9s\u00e9re<\/li>\n<li>a b\u0151r, a haj \u00e9s a k\u00f6rm\u00f6k sz\u00e9ps\u00e9g\u00e9nek, er\u0151ss\u00e9g\u00e9nek fenntart\u00e1s\u00e1ra<\/li>\n<li>rendszeres doh\u00e1nyz\u00e1s eset\u00e9n<\/li>\n<\/ul>\n<h3>Hat\u00f3anyagok 1 tablett\u00e1ban:<\/h3>\n<ul>\n<li>C-vitamin 1000 mg (1250 NRV%*)<\/li>\n<li>Csipkebogy\u00f3-kivonat 20 mg<\/li>\n<\/ul>\n<p>*NRV%: Vitaminok \u00e9s \u00e1sv\u00e1nyi anyagok napi beviteli referencia\u00e9rt\u00e9ke %-ban (feln\u0151ttek eset\u00e9ben)<\/p>\n<h3>\u00d6sszetev\u0151k:<\/h3>\n<p>L-aszkorbinsav; t\u00f6megn\u00f6vel\u0151 szerek (mikrokrist\u00e1lyos cellul\u00f3z, hidroxipropil-metil-cellul\u00f3z); f\u00e9nyez\u0151anyagok (zs\u00edrsavak, polivinil-alkohol, polietil\u00e9nglikol); csipkebogy\u00f3-kivonat (20 mg\/filmtabletta); csom\u00f3sod\u00e1st g\u00e1tl\u00f3k (zs\u00edrsavak magn\u00e9ziums\u00f3i).<\/p>\n<ul>\n<li>\u00daj, sz\u00ednez\u00e9kmentes NYEL\u00c9SK\u00d6NNY\u00cdT\u0150 bevonattal!<\/li>\n<li>tit\u00e1n-dioxid mentes<\/li>\n<\/ul>\n<h3>Felhaszn\u00e1l\u00e1si javaslat:<\/h3>\n<p>A BioCo Csipkebogy\u00f3s RETARD C-vitamin k\u00e9sz\u00edtm\u00e9ny napi aj\u00e1nlott adagja 1 filmtabletta, b\u0151 folyad\u00e9kkal kell lenyelni. Nyel\u00e9si neh\u00e9zs\u00e9g eset\u00e9n a tabletta a felez\u0151nyomat ment\u00e9n sz\u00e9tt\u00f6rhet\u0151.<\/p>\n","protected":false},"excerpt":{"rendered":"<p>Tablett\u00e1nk\u00e9nt 1000 mg C-vitamint tartalmaz\u00f3 k\u00e9sz\u00edtm\u00e9ny csipkebogy\u00f3-kivonattal. A C-vitamin retard, azaz fokozatos felszabadul\u00e1s\u00fa, elny\u00fajtott hat\u00e1s\u00fa. A tablett\u00e1k sz\u00ednez\u00e9kmentes nyel\u00e9sk\u00f6nny\u00edt\u0151 bevonattal vannak ell\u00e1tva. Glut\u00e9nmentes, lakt\u00f3zmentes, veg\u00e1n term\u00e9k.<\/p>\n","protected":false},"featured_media":5390,"comment_status":"closed","ping_status":"open","template":"","meta":[],"product_cat":[60],"product_tag":[],"class_list":{"0":"post-5389","1":"product","2":"type-product","3":"status-publish","4":"has-post-thumbnail","6":"product_brand-bioco","7":"product_cat-vitaminok","9":"first","10":"instock","11":"purchasable","12":"product-type-simple"},"_links":{"self":[{"href":"https:\/\/vitamin.coredesign.hu\/index.php?rest_route=\/wp\/v2\/product\/5389","targetHints":{"allow":["GET"]}}],"collection":[{"href":"https:\/\/vitamin.coredesign.hu\/index.php?rest_route=\/wp\/v2\/product"}],"about":[{"href":"https:\/\/vitamin.coredesign.hu\/index.php?rest_route=\/wp\/v2\/types\/product"}],"replies":[{"embeddable":true,"href":"https:\/\/vitamin.coredesign.hu\/index.php?rest_route=%2Fwp%2Fv2%2Fcomments&post=5389"}],"wp:featuredmedia":[{"embeddable":true,"href":"https:\/\/vitamin.coredesign.hu\/index.php?rest_route=\/wp\/v2\/media\/5390"}],"wp:attachment":[{"href":"https:\/\/vitamin.coredesign.hu\/index.php?rest_route=%2Fwp%2Fv2%2Fmedia&parent=5389"}],"wp:term":[{"taxonomy":"product_cat","embeddable":true,"href":"https:\/\/vitamin.coredesign.hu\/index.php?rest_route=%2Fwp%2Fv2%2Fproduct_cat&post=5389"},{"taxonomy":"product_tag","embeddable":true,"href":"https:\/\/vitamin.coredesign.hu\/index.php?rest_route=%2Fwp%2Fv2%2Fproduct_tag&post=5389"}],"curies":[{"name":"wp","href":"https:\/\/api.w.org\/{rel}","templated":true}]}}