{"id":5386,"date":"2025-10-12T12:26:05","date_gmt":"2025-10-12T10:26:05","guid":{"rendered":"https:\/\/vitamin.coredesign.hu\/?product=gal-flora-rost-komplex-progastro-825-por-150g31db"},"modified":"2026-01-08T23:24:54","modified_gmt":"2026-01-08T22:24:54","slug":"gal-flora-rost-komplex-progastro-825-por-150g31db","status":"publish","type":"product","link":"https:\/\/vitamin.coredesign.hu\/?product=gal-flora-rost-komplex-progastro-825-por-150g31db","title":{"rendered":"GAL Fl\u00f3ra Rost-komplex + Progastro 825 por \u2013 150g+31db"},"content":{"rendered":"<p>&nbsp;<\/p>\n<div id=\"lt-accessibility-devtools\" aria-hidden=\"true\"><\/div>\n<p>A k\u00e9t term\u00e9k egy\u00fcttesen l\u00e9p fel a norm\u00e1l em\u00e9szt\u00e9s \u00e9s az eg\u00e9szs\u00e9ges b\u00e9lfl\u00f3ra kialakul\u00e1s\u00e1\u00e9rt. A Bimuno kiv\u00e9teles hat\u00e1s\u00fa prebiotikum. Az eg\u00e9szs\u00e9ges b\u00e9lfl\u00f3ra \u00f6sszetev\u0151j\u00e9t alkot\u00f3 speci\u00e1lis v\u00edzold\u00e9kony rostok kever\u00e9k\u00e9t tartalmazza. A ProGastro 825 speci\u00e1lis \u00f6sszet\u00e9tel\u00e9vel hat\u00e9kony seg\u00edthets\u00e9g a b\u00e9lfl\u00f3ra egyens\u00faly\u00e1nak fenntart\u00e1s\u00e1hoz.<\/p>\n<h2>GAL Fl\u00f3ra Rost-komplex + Progastro 825 por<\/h2>\n<p>A k\u00e9t term\u00e9k egy\u00fcttesen l\u00e9p fel a norm\u00e1l em\u00e9szt\u00e9s \u00e9s az eg\u00e9szs\u00e9ges b\u00e9lfl\u00f3ra kialakul\u00e1s\u00e1\u00e9rt. A Bimuno kiv\u00e9teles hat\u00e1s\u00fa prebiotikum. Az eg\u00e9szs\u00e9ges b\u00e9lfl\u00f3ra \u00f6sszetev\u0151j\u00e9t alkot\u00f3 speci\u00e1lis v\u00edzold\u00e9kony rostok kever\u00e9k\u00e9t tartalmazza. A ProGastro 825 speci\u00e1lis \u00f6sszet\u00e9tel\u00e9vel hat\u00e9kony seg\u00edthets\u00e9g a b\u00e9lfl\u00f3ra egyens\u00faly\u00e1nak fenntart\u00e1s\u00e1hoz.<\/p>\n<h3>GAL Bimuno\u00ae fl\u00f3ra rost-komplex<\/h3>\n<p><strong>M\u00e1r 1 h\u00e9t ut\u00e1n m\u00e9rhet\u0151 b\u00e9lfl\u00f3ra-javul\u00e1s!<\/strong><\/p>\n<p>A Bimuno kiv\u00e9teles hat\u00e1s\u00fa prebiotikum. Az anyatejben is jelenl\u00e9v\u0151, az eg\u00e9szs\u00e9ges b\u00e9lfl\u00f3ra \u00f6sszetev\u0151j\u00e9t alkot\u00f3 speci\u00e1lis v\u00edzold\u00e9kony rostok kever\u00e9k\u00e9t tartalmazza, az \u00fagynevezett galakto-oligoszacharidokat (GOS). Azok is fogyaszthatj\u00e1k, akik a hagyom\u00e1nyos prebiotikumokt\u00f3l puffadnak, vagy m\u00e1s kellemetlen mell\u00e9khat\u00e1st tapasztalnak. SIBO eset\u00e9n is szedhet\u0151.<\/p>\n<p><strong>A GAL Bimuno\u00ae fl\u00f3ra rost-komplex hat\u00e1sa:<\/strong><\/p>\n<ul>\n<li>M\u00e1r 1 h\u00e9t ut\u00e1n m\u00e9rhet\u0151 a b\u00e9lfl\u00f3ra javul\u00e1sa (a Bifidobacteriumok sz\u00e1ma jelent\u0151sen n\u0151).<\/li>\n<li>Nemcsak n\u00f6veli a hasznos bakt\u00e9riumok sz\u00e1m\u00e1t, hanem cs\u00f6kkenti a k\u00e1ros bakt\u00e9riumok\u00e9t.<\/li>\n<li>A legkev\u00e9sb\u00e9 g\u00e1zk\u00e9pz\u0151 hat\u00e1s\u00fa prebiotikus hat\u00e1s\u00fa anyag. Nem sz\u00e1m\u00edt FODMAP-nak, m\u00e1s prebiotikumokkal ellent\u00e9tben SIBO eset\u00e9n is alkalmazhat\u00f3.<\/li>\n<li>Seg\u00edt megel\u0151zni az utaz\u00e1sok sor\u00e1n jelentkez\u0151 rosszull\u00e9teket, a k\u00fclf\u00f6ldi tart\u00f3zkod\u00e1s alatti b\u00e9lfert\u0151z\u00e9seket.<\/li>\n<li>Hossz\u00fat\u00e1von alkalmazva megsz\u00fcnteti a gyakori sz\u00e9kreked\u00e9sre vagy hasmen\u00e9sre val\u00f3 hajlamot.<\/li>\n<li>Jav\u00edtja az IBS-es betegek b\u00e9lfl\u00f3r\u00e1j\u00e1t, cs\u00f6kkenti a kellemetlen t\u00fcneteket.<\/li>\n<\/ul>\n<h3>T\u00e1p\u00e9rt\u00e9k 100g term\u00e9kben:<\/h3>\n<ul>\n<li>Energia: 221kcal (897kJ);<\/li>\n<li>Zs\u00edr: 0g \u2013 ebb\u0151l tel\u00edtett zs\u00edr: 0g;<\/li>\n<li>Sz\u00e9nhidr\u00e1t: 12g \u2013 ebb\u0151l cukrok: 12g;<\/li>\n<li>Feh\u00e9rje: 0,2g;<\/li>\n<li>N\u00e1trium: 0,8g;<\/li>\n<li>Rost: 87g, ebb\u0151l<\/li>\n<li>Bimuno b-GOS: 56g<\/li>\n<\/ul>\n<h3>\u00d6sszetev\u0151k:<\/h3>\n<p>Bimuno\u00ae b\u00e9ta-galactooligoszacharidok kever\u00e9ke (tejsav\u00f3b\u00f3l el\u0151\u00e1ll\u00edtva), mikroniz\u00e1lt bambuszrost.<\/p>\n<h3>Alkalmaz\u00e1si javaslat:<\/h3>\n<p>Feln\u0151tteknek napi 1-2 te\u00e1skan\u00e1lnyi (2,5-5g), folyad\u00e9kban oldva. Gyermekeknek tests\u00falyar\u00e1nyosan.<\/p>\n<p>\u2014<\/p>\n<h3>Progastro 825 por<\/h3>\n<p>A<em><strong>\u00a0ProGastro 825\u00a0<\/strong><\/em>\u2013 9 fe\u0301le a be\u0301lcsatorna mikroflo\u0301ra\u0301ja\u0301ban is megtala\u0301lhato\u0301 \u00e9l\u0151fl\u00f3r\u00e1t tartalmaz. Term\u00e9k\u00fcnk a vil\u00e1gon egyed\u00fcl\u00e1ll\u00f3 ProbioActR technol\u00f3gi\u00e1val k\u00e9sz\u00fclt, mely biztos\u00edtja a bakt\u00e9riumok \u00e9lettartam\u00e1t, stabilit\u00e1s\u00e1t \u00e9s min\u0151s\u00e9g\u00e9t.<\/p>\n<p><strong>Cs\u00edrasz\u00e1m:<\/strong>\u00a0&gt;= 7,5 x 109\u00a0CFU\/ 3 g. Egy tasak 3g port tartalmaz.<\/p>\n<h3>Alkalmaz\u00e1sa:<\/h3>\n<p>Naponta egy tasak (3g) port kb. 1-1,5 dl szobaho\u030bme\u0301rse\u0301kletu\u030b folyade\u0301kban (vi\u0301z, tea, gyu\u0308mo\u0308lcsle\u0301, tej, joghurt) kell elkeverni. Fogyaszta\u0301sa reggel e\u0301hgyomorra vagy este lefekve\u0301s elo\u030btt javasolt.<\/p>\n<p>Haszn\u00e1lata minimum 2-3 h\u00f3napig javasolt. Szedhet\u0151 k\u00faraszer\u0171en illetve folyamatosan is. 1 doboz 31 napra elegend\u0151.<\/p>\n","protected":false},"excerpt":{"rendered":"<p>A k\u00e9t term\u00e9k egy\u00fcttesen l\u00e9p fel a norm\u00e1l em\u00e9szt\u00e9s \u00e9s az eg\u00e9szs\u00e9ges b\u00e9lfl\u00f3ra kialakul\u00e1s\u00e1\u00e9rt. A Bimuno kiv\u00e9teles hat\u00e1s\u00fa prebiotikum. Az eg\u00e9szs\u00e9ges b\u00e9lfl\u00f3ra \u00f6sszetev\u0151j\u00e9t alkot\u00f3 speci\u00e1lis v\u00edzold\u00e9kony rostok kever\u00e9k\u00e9t tartalmazza. A ProGastro 825 speci\u00e1lis \u00f6sszet\u00e9tel\u00e9vel hat\u00e9kony seg\u00edthets\u00e9g a b\u00e9lfl\u00f3ra egyens\u00faly\u00e1nak fenntart\u00e1s\u00e1hoz.<\/p>\n","protected":false},"featured_media":5387,"comment_status":"closed","ping_status":"open","template":"","meta":[],"product_cat":[76],"product_tag":[],"class_list":{"0":"post-5386","1":"product","2":"type-product","3":"status-publish","4":"has-post-thumbnail","6":"product_brand-gal","7":"product_cat-eloflora","9":"first","10":"instock","11":"purchasable","12":"product-type-simple"},"_links":{"self":[{"href":"https:\/\/vitamin.coredesign.hu\/index.php?rest_route=\/wp\/v2\/product\/5386","targetHints":{"allow":["GET"]}}],"collection":[{"href":"https:\/\/vitamin.coredesign.hu\/index.php?rest_route=\/wp\/v2\/product"}],"about":[{"href":"https:\/\/vitamin.coredesign.hu\/index.php?rest_route=\/wp\/v2\/types\/product"}],"replies":[{"embeddable":true,"href":"https:\/\/vitamin.coredesign.hu\/index.php?rest_route=%2Fwp%2Fv2%2Fcomments&post=5386"}],"wp:featuredmedia":[{"embeddable":true,"href":"https:\/\/vitamin.coredesign.hu\/index.php?rest_route=\/wp\/v2\/media\/5387"}],"wp:attachment":[{"href":"https:\/\/vitamin.coredesign.hu\/index.php?rest_route=%2Fwp%2Fv2%2Fmedia&parent=5386"}],"wp:term":[{"taxonomy":"product_cat","embeddable":true,"href":"https:\/\/vitamin.coredesign.hu\/index.php?rest_route=%2Fwp%2Fv2%2Fproduct_cat&post=5386"},{"taxonomy":"product_tag","embeddable":true,"href":"https:\/\/vitamin.coredesign.hu\/index.php?rest_route=%2Fwp%2Fv2%2Fproduct_tag&post=5386"}],"curies":[{"name":"wp","href":"https:\/\/api.w.org\/{rel}","templated":true}]}}