{"id":5384,"date":"2025-10-12T12:26:05","date_gmt":"2025-10-12T10:26:05","guid":{"rendered":"https:\/\/vitamin.coredesign.hu\/?product=gal-fenu-c-kapszula-90db"},"modified":"2026-01-08T23:24:53","modified_gmt":"2026-01-08T22:24:53","slug":"gal-fenu-c-kapszula-90db","status":"publish","type":"product","link":"https:\/\/vitamin.coredesign.hu\/?product=gal-fenu-c-kapszula-90db","title":{"rendered":"GAL Fenu-C+ kapszula \u2013 90db"},"content":{"rendered":"<p>&nbsp;<\/p>\n<div id=\"lt-accessibility-devtools\" aria-hidden=\"true\"><\/div>\n<p>A C- vitamin hozz\u00e1j\u00e1rul az immunrendszer norm\u00e1l m\u0171k\u00f6d\u00e9s\u00e9hez, a sejtek oxidat\u00edv sresszel szembeni v\u00e9delm\u00e9hez a f\u00e1rads\u00e1g \u00e9s a kif\u00e1rad\u00e1s cs\u00f6kkent\u00e9s\u00e9hez, az idegrendszer norm\u00e1l m\u0171k\u00f6d\u00e9s\u00e9hez \u00e9s a norm\u00e1l pszichol\u00f3giai funkci\u00f3 fenntart\u00e1s\u00e1hoz.<\/p>\n<h2>GAL Fenu-C+ kapszula<\/h2>\n<p>A C- vitamin hozz\u00e1j\u00e1rul az immunrendszer norm\u00e1l m\u0171k\u00f6d\u00e9s\u00e9hez, a sejtek oxidat\u00edv sresszel szembeni v\u00e9delm\u00e9hez a f\u00e1rads\u00e1g \u00e9s a kif\u00e1rad\u00e1s cs\u00f6kkent\u00e9s\u00e9hez, az idegrendszer norm\u00e1l m\u0171k\u00f6d\u00e9s\u00e9hez \u00e9s a norm\u00e1l pszichol\u00f3giai funkci\u00f3 fenntart\u00e1s\u00e1hoz.<\/p>\n<p>A harmadik gener\u00e1ci\u00f3s FenuMAT\u2122 \u00e9s liposz\u00f3m\u00e1s technol\u00f3gi\u00e1k \u00f6tv\u00f6zete \u00faj t\u00e1vlatot nyitott a C-vitamin szint n\u00f6vel\u00e9s\u00e9ben, m\u00e9ghozz\u00e1 kiz\u00e1r\u00f3lag term\u00e9szetes \u00f6sszetev\u0151k felhaszn\u00e1l\u00e1s\u00e1val.<\/p>\n<p>A C-vitamint term\u00e9szetes foszfolipidek \u00e1ltal k\u00e9pzett liposz\u00f3m\u00e1kba z\u00e1rj\u00e1k, majd azokat g\u00f6r\u00f6gsz\u00e9namagrostb\u00f3l el\u0151\u00e1ll\u00edtott hidrog\u00e9l-rendszerbe \u00e1gyazz\u00e1k. Ennek r\u00e9v\u00e9n m\u00e1r alig 360 mg \u00edgy feldolgozott C-vitamin egyszeri bev\u00e9tele is \u00fagy megemeli a C-vitamin szintet, amennyire hagyom\u00e1nyos C-vitamin semmilyen d\u00f3zisa sem k\u00e9pes, de hozz\u00e1 m\u00e9g liposz\u00f3m\u00e1san feldolgozott C-vitaminb\u00f3l is grammos mennyis\u00e9g sz\u00fcks\u00e9ges, ak\u00e1r 10 g is. Term\u00e9k\u00fcnket azoknak aj\u00e1nljuk, akiknek kifejezett c\u00e9lja a C-vitamin szint maximaliz\u00e1l\u00e1sa, szuprafiziol\u00f3gi\u00e1s szint el\u00e9r\u00e9se, ill. azoknak, akiknek a hagyom\u00e1nyos C-vitamin em\u00e9szt\u00e9si probl\u00e9m\u00e1t okoz, vagy csak k\u00e9nyelmetlennek tartj\u00e1k annak napon bel\u00fcli, egyenletes eloszt\u00e1s\u00e1t.<\/p>\n<h3>Hat\u00f3anyag 1 kapszul\u00e1ban:<\/h3>\n<ul>\n<li>Fenu-C+ (FenuMAT technol\u00f3gi\u00e1val t\u00e1rs\u00edtott liposz\u00f3m\u00e1s C-vitamin) 700 mg<br \/>\n\u2013 ebb\u0151l C-vitamin (kalcium aszkorb\u00e1tb\u00f3l) 210 mg<\/li>\n<\/ul>\n<h3>\u00d6sszetev\u0151k:<\/h3>\n<p>Fenu-C+ (kalcium aszkorb\u00e1t, g\u00f6r\u00f6gsz\u00e9namagb\u00f3l nyert galaktomann\u00e1n-rost, napraforg\u00f3 lecitin, cellul\u00f3z), kapszulah\u00e9j (zselatin).<\/p>\n<h3>Aj\u00e1nlott adagol\u00e1s:<\/h3>\n<p>napi 1\u2009db kapszula \u00e1ltal\u00e1nos haszn\u00e1lat eset\u00e9n, m\u00edg folyamatos C-vitamin szint maximaliz\u00e1l\u00e1s c\u00e9lj\u00e1b\u00f3l ak\u00e1r napi 9\u2009db (pl. 3\u2009db 8\u2009\u00f3r\u00e1nk\u00e9nt).<\/p>\n","protected":false},"excerpt":{"rendered":"<p>A C- vitamin hozz\u00e1j\u00e1rul az immunrendszer norm\u00e1l m\u0171k\u00f6d\u00e9s\u00e9hez, a sejtek oxidat\u00edv sresszel szembeni v\u00e9delm\u00e9hez a f\u00e1rads\u00e1g \u00e9s a kif\u00e1rad\u00e1s cs\u00f6kkent\u00e9s\u00e9hez, az idegrendszer norm\u00e1l m\u0171k\u00f6d\u00e9s\u00e9hez \u00e9s a norm\u00e1l pszichol\u00f3giai funkci\u00f3 fenntart\u00e1s\u00e1hoz.<\/p>\n","protected":false},"featured_media":5385,"comment_status":"closed","ping_status":"open","template":"","meta":[],"product_cat":[60],"product_tag":[],"class_list":{"0":"post-5384","1":"product","2":"type-product","3":"status-publish","4":"has-post-thumbnail","6":"product_brand-gal","7":"product_cat-vitaminok","9":"first","10":"instock","11":"purchasable","12":"product-type-simple"},"_links":{"self":[{"href":"https:\/\/vitamin.coredesign.hu\/index.php?rest_route=\/wp\/v2\/product\/5384","targetHints":{"allow":["GET"]}}],"collection":[{"href":"https:\/\/vitamin.coredesign.hu\/index.php?rest_route=\/wp\/v2\/product"}],"about":[{"href":"https:\/\/vitamin.coredesign.hu\/index.php?rest_route=\/wp\/v2\/types\/product"}],"replies":[{"embeddable":true,"href":"https:\/\/vitamin.coredesign.hu\/index.php?rest_route=%2Fwp%2Fv2%2Fcomments&post=5384"}],"wp:featuredmedia":[{"embeddable":true,"href":"https:\/\/vitamin.coredesign.hu\/index.php?rest_route=\/wp\/v2\/media\/5385"}],"wp:attachment":[{"href":"https:\/\/vitamin.coredesign.hu\/index.php?rest_route=%2Fwp%2Fv2%2Fmedia&parent=5384"}],"wp:term":[{"taxonomy":"product_cat","embeddable":true,"href":"https:\/\/vitamin.coredesign.hu\/index.php?rest_route=%2Fwp%2Fv2%2Fproduct_cat&post=5384"},{"taxonomy":"product_tag","embeddable":true,"href":"https:\/\/vitamin.coredesign.hu\/index.php?rest_route=%2Fwp%2Fv2%2Fproduct_tag&post=5384"}],"curies":[{"name":"wp","href":"https:\/\/api.w.org\/{rel}","templated":true}]}}